{"id":773,"date":"2024-09-27T15:48:04","date_gmt":"2024-09-27T15:48:04","guid":{"rendered":"https:\/\/www.gdwanjiada.net\/?post_type=product&#038;p=773"},"modified":"2026-04-17T03:20:01","modified_gmt":"2026-04-17T03:20:01","slug":"plastic-storage-boxes-wholesale","status":"publish","type":"product","link":"https:\/\/www.gdwanjiada.net\/de\/produkt\/plastic-storage-boxes-wholesale\/","title":{"rendered":"Kunststoff-Lagerboxen Gro\u00dfhandel, 4 Gr\u00f6\u00dfen Bulk-Container"},"content":{"rendered":"<h3 class=\"wp-block-heading has-text-align-center\">Spezifikationen von Kunststoff-Lagerboxen Gro\u00dfhandel<\/h3><figure class=\"wp-block-table\"><table class=\"has-fixed-layout\"><tbody><tr><td>Modell<\/td><td>Material<\/td><td>Produktgr\u00f6\u00dfe\uff08cm\uff09<\/td><td>Packung Menge<br>\uff08pcs\uff09<\/td><td>Kartongr\u00f6\u00dfe\uff08cm\uff09<\/td><td>Packung Menge\uff08St\u00fcck\uff09<\/td><td>G.W.\uff08kg\uff09<\/td><td>N.W.\uff08kg\uff09<\/td><\/tr><tr><td>9905<\/td><td>PP<\/td><td>49*32*26<\/td><td>15<\/td><td>0.96<\/td><td>0.96<\/td><td>14.9<\/td><td>14.4<\/td><\/tr><tr><td>9906<\/td><td>PP<\/td><td>57*38*31<\/td><td>15<\/td><td>1.37<\/td><td>1.37<\/td><td>21.1<\/td><td>20.6<\/td><\/tr><tr><td>9908<\/td><td>PP<\/td><td>73*50*41<\/td><td>10<\/td><td>2.6<\/td><td>2.6<\/td><td>26.5<\/td><td>26<\/td><\/tr><tr><td>9909<\/td><td>PP<\/td><td>80*56*46<\/td><td>10<\/td><td>3.37<\/td><td>3.37<\/td><td>34.2<\/td><td>33.7<\/td><\/tr><\/tbody><\/table><\/figure><div class=\"wp-block-columns is-layout-flex wp-container-core-columns-is-layout-9d6595d7 wp-block-columns-is-layout-flex\"><div class=\"wp-block-column is-layout-flow wp-block-column-is-layout-flow\" style=\"flex-basis:50%\"><h3 class=\"wp-block-heading has-text-align-left\">Vorteile von Kunststoff-Lagerboxen im Gro\u00dfhandel<\/h3>\n\n<ul class=\"wp-block-list\"><li><strong>Hochwertiges PP-Material: <\/strong>Unsere Kunststoff-Lagerboxen Gro\u00dfhandel sind aus hochwertigem Polypropylen Material, das umweltfreundlich und ungiftig ist, mit ausgezeichneter Haltbarkeit und Z\u00e4higkeit, Anti-Fall und langlebig, so dass langfristige Nutzung ohne leicht besch\u00e4digt werden.<\/li>\n\n<li><strong>Auswahl mehrerer Gr\u00f6\u00dfen, flexible Lagerung:<\/strong> Unsere Sch\u00fcttgutbeh\u00e4lter mit Deckel sind in vier verschiedenen Gr\u00f6\u00dfen erh\u00e4ltlich und eignen sich f\u00fcr die unterschiedlichsten Lagerungsbed\u00fcrfnisse, von kleinen bis hin zu gro\u00dfen Gegenst\u00e4nden. Sie sind weit verbreitet in Wohnungen, B\u00fcros, Lagern und anderen Orten, flexibel und praktisch.<\/li>\n\n<li><strong>Anpassbare Farben, personalisiertes Design: <\/strong>Die Farben dieser Kunststoff-Lagerboxen im Gro\u00dfhandel k\u00f6nnen je nach Kundenwunsch individuell gestaltet werden, so dass die Produkte perfekt zum Dekorationsstil und zum Markenimage der verschiedenen R\u00e4ume passen.<\/li>\n\n<li><strong>Leicht und einfach zu bewegen, platzsparend: <\/strong>Diese Gro\u00dflagerbeh\u00e4lter mit Deckel sind leicht und einfach zu bewegen. Es ist sehr einfach, sie zu platzieren oder neu zu positionieren. Gleichzeitig maximiert das stapelbare Design die Platzersparnis bei der Lagerung und optimiert die Nutzungserfahrung.<\/li><\/ul><\/div>\n\n<div class=\"wp-block-column is-layout-flow wp-block-column-is-layout-flow\"><figure class=\"wp-block-image size-full\"><img decoding=\"async\" width=\"800\" height=\"800\" src=\"https:\/\/www.gdwanjiada.net\/wp-content\/uploads\/2024\/09\/Plastic-Storage-Boxes-Wholesale-4-Size-Bulk-Storage-Containers.webp\" alt=\"Kunststoff-Lagerboxen Gro\u00dfhandel, 4 Gr\u00f6\u00dfe Bulk Storage Containers\" class=\"wp-image-774\" srcset=\"https:\/\/www.gdwanjiada.net\/wp-content\/uploads\/2024\/09\/Plastic-Storage-Boxes-Wholesale-4-Size-Bulk-Storage-Containers.webp 800w, https:\/\/www.gdwanjiada.net\/wp-content\/uploads\/2024\/09\/Plastic-Storage-Boxes-Wholesale-4-Size-Bulk-Storage-Containers-300x300.webp 300w, https:\/\/www.gdwanjiada.net\/wp-content\/uploads\/2024\/09\/Plastic-Storage-Boxes-Wholesale-4-Size-Bulk-Storage-Containers-150x150.webp 150w, https:\/\/www.gdwanjiada.net\/wp-content\/uploads\/2024\/09\/Plastic-Storage-Boxes-Wholesale-4-Size-Bulk-Storage-Containers-768x768.webp 768w, https:\/\/www.gdwanjiada.net\/wp-content\/uploads\/2024\/09\/Plastic-Storage-Boxes-Wholesale-4-Size-Bulk-Storage-Containers-600x600.webp 600w, https:\/\/www.gdwanjiada.net\/wp-content\/uploads\/2024\/09\/Plastic-Storage-Boxes-Wholesale-4-Size-Bulk-Storage-Containers-100x100.webp 100w\" sizes=\"(max-width: 800px) 100vw, 800px\" \/><\/figure><\/div><\/div>","protected":false},"excerpt":{"rendered":"<p>Willkommen zum Kauf von gro\u00dfen Lagerbeh\u00e4ltern. Unsere Kunststoff-Lagerboxen im Gro\u00dfhandel sind aus hochwertigem PP-Material hergestellt, das robust, langlebig, umweltfreundlich und ungiftig ist. Sie sind in vier verschiedenen Gr\u00f6\u00dfen erh\u00e4ltlich und sind f\u00fcr eine Vielzahl von Anwendungen geeignet. Unterst\u00fctzung Farbanpassung, leicht und einfach zu bewegen Design, ist es eine ideale Wahl f\u00fcr Haus, B\u00fcro und Lagerhaltung.<\/p>\n<h2>Produktmerkmale\uff1a<\/h2>\n<ul>\n<li>Hergestellt aus hochwertigem PP-Material (Polypropylen), umweltfreundlich und langlebig.<\/li>\n<li>Erh\u00e4ltlich in vier verschiedenen Gr\u00f6\u00dfen, geeignet f\u00fcr eine Vielzahl von Anwendungen.<\/li>\n<li>Unterst\u00fctzt individuelle Farben f\u00fcr unterschiedliche Anforderungen.<\/li>\n<li>Leichtes Design, einfach zu transportieren und zu lagern.<\/li>\n<\/ul>","protected":false},"featured_media":774,"comment_status":"closed","ping_status":"closed","template":"","meta":{"_acf_changed":false},"product_brand":[],"product_cat":[19],"product_tag":[],"class_list":{"0":"post-773","1":"product","2":"type-product","3":"status-publish","4":"has-post-thumbnail","6":"product_cat-storage-bins-in-bulk","8":"first","9":"instock","10":"shipping-taxable","11":"product-type-simple"},"acf":[],"_links":{"self":[{"href":"https:\/\/www.gdwanjiada.net\/de\/wp-json\/wp\/v2\/product\/773","targetHints":{"allow":["GET"]}}],"collection":[{"href":"https:\/\/www.gdwanjiada.net\/de\/wp-json\/wp\/v2\/product"}],"about":[{"href":"https:\/\/www.gdwanjiada.net\/de\/wp-json\/wp\/v2\/types\/product"}],"replies":[{"embeddable":true,"href":"https:\/\/www.gdwanjiada.net\/de\/wp-json\/wp\/v2\/comments?post=773"}],"wp:featuredmedia":[{"embeddable":true,"href":"https:\/\/www.gdwanjiada.net\/de\/wp-json\/wp\/v2\/media\/774"}],"wp:attachment":[{"href":"https:\/\/www.gdwanjiada.net\/de\/wp-json\/wp\/v2\/media?parent=773"}],"wp:term":[{"taxonomy":"product_brand","embeddable":true,"href":"https:\/\/www.gdwanjiada.net\/de\/wp-json\/wp\/v2\/product_brand?post=773"},{"taxonomy":"product_cat","embeddable":true,"href":"https:\/\/www.gdwanjiada.net\/de\/wp-json\/wp\/v2\/product_cat?post=773"},{"taxonomy":"product_tag","embeddable":true,"href":"https:\/\/www.gdwanjiada.net\/de\/wp-json\/wp\/v2\/product_tag?post=773"}],"curies":[{"name":"wp","href":"https:\/\/api.w.org\/{rel}","templated":true}]}}