{"id":768,"date":"2024-09-27T15:30:20","date_gmt":"2024-09-27T15:30:20","guid":{"rendered":"https:\/\/www.gdwanjiada.net\/?post_type=product&#038;p=768"},"modified":"2026-01-06T08:00:57","modified_gmt":"2026-01-06T08:00:57","slug":"custom-plastic-cabinets-bulk","status":"publish","type":"product","link":"https:\/\/www.gdwanjiada.net\/de\/produkt\/custom-plastic-cabinets-bulk\/","title":{"rendered":"Benutzerdefinierte Kunststoff-Schr\u00e4nke Bulk, Gro\u00dfhandel Schr\u00e4nke 3 Schichten"},"content":{"rendered":"<h3 class=\"wp-block-heading has-text-align-center\">Spezifikationen f\u00fcr kundenspezifische Kunststoffschr\u00e4nke Bulk<\/h3><figure class=\"wp-block-table\"><table class=\"has-fixed-layout\"><tbody><tr><td>Modell<\/td><td>Material<\/td><td>Produktgr\u00f6\u00dfe\uff08cm\uff09<\/td><td>Kartongr\u00f6\u00dfe\uff08cm\uff09<\/td><td>Packung Menge\uff08St\u00fcck\uff09<\/td><td>G.W.\uff08kg\uff09<\/td><td>N.W.\uff08kg\uff09<\/td><\/tr><tr><td>703\uff083 Schichten\uff09<\/td><td>ABS+PP<\/td><td>69*38*108.5<\/td><td>72*42.5*26.5<\/td><td>1<\/td><td>9.4<\/td><td>8.11<\/td><\/tr><\/tbody><\/table><\/figure><div class=\"wp-block-columns is-layout-flex wp-container-core-columns-is-layout-9d6595d7 wp-block-columns-is-layout-flex\"><div class=\"wp-block-column is-layout-flow wp-block-column-is-layout-flow\" style=\"flex-basis:50%\"><h3 class=\"wp-block-heading has-text-align-left\">Vorteile von kundenspezifischen Kunststoffschr\u00e4nken Bulk<\/h3>\n\n<ul class=\"wp-block-list\"><li><strong>Langlebigkeit: <\/strong>Unsere ma\u00dfgefertigten Kunststoffschr\u00e4nke werden aus hochwertigen umweltfreundlichen Kunststoffen hergestellt, die wasserdicht, schimmelresistent und korrosionsbest\u00e4ndig sind. Sie halten der t\u00e4glichen Abnutzung stand, bleiben auch in feuchten Umgebungen in gutem Zustand und sind f\u00fcr den langfristigen Einsatz geeignet.<\/li>\n\n<li><strong>Raumoptimierung: <\/strong>Diese Gro\u00dfhandelsschr\u00e4nke haben eine dreilagige Struktur, die den Stauraum rationell aufteilt. Jede Schicht kann flexibel verschiedene Artikel speichern, die in Kleidung und Haushaltsgegenst\u00e4nde klassifiziert und gespeichert werden k\u00f6nnen, und kann leicht unterbringen B\u00fcro Dokumente, so dass die Raumnutzung effizienter.<\/li>\n\n<li><strong>Ma\u00dfgeschneiderter Service:<\/strong> Unsere Gro\u00dfhandelsschr\u00e4nke unterst\u00fctzen die individuelle Anpassung von Farbe, Gr\u00f6\u00dfe und Anzahl der Schichten und k\u00f6nnen je nach den unterschiedlichen Lagerungsbed\u00fcrfnissen und Umgebungen der Kunden angepasst werden, um einzigartige kundenspezifische Kunststoffschr\u00e4nke zu schaffen.<\/li>\n\n<li><strong>Leicht zu reinigen und zu pflegen: <\/strong>Die glatte Kunststoffoberfl\u00e4che unserer ma\u00dfgefertigten Kunststoffschr\u00e4nke ist nicht nur staub- und schmutzabweisend, sondern kann auch leicht abgewischt werden, um sie sauber zu halten, ohne komplizierte Reinigungs- und Wartungsarbeiten, was f\u00fcr Benutzer, die den Raum effizient verwalten m\u00fcssen, sehr geeignet ist.<\/li><\/ul><\/div>\n\n<div class=\"wp-block-column is-layout-flow wp-block-column-is-layout-flow\"><figure class=\"wp-block-image size-full\"><img decoding=\"async\" width=\"800\" height=\"800\" src=\"https:\/\/www.gdwanjiada.net\/wp-content\/uploads\/2024\/09\/3-Layers-Custom-Plastic-Cabinets-Bulk-Wholesale-Cabinets-For-Clothes-3.webp\" alt=\"3 Schichten benutzerdefinierte Kunststoff-Schr\u00e4nke Bulk, Gro\u00dfhandel Schr\u00e4nke f\u00fcr Kleidung-3\" class=\"wp-image-771\" srcset=\"https:\/\/www.gdwanjiada.net\/wp-content\/uploads\/2024\/09\/3-Layers-Custom-Plastic-Cabinets-Bulk-Wholesale-Cabinets-For-Clothes-3.webp 800w, https:\/\/www.gdwanjiada.net\/wp-content\/uploads\/2024\/09\/3-Layers-Custom-Plastic-Cabinets-Bulk-Wholesale-Cabinets-For-Clothes-3-300x300.webp 300w, https:\/\/www.gdwanjiada.net\/wp-content\/uploads\/2024\/09\/3-Layers-Custom-Plastic-Cabinets-Bulk-Wholesale-Cabinets-For-Clothes-3-150x150.webp 150w, https:\/\/www.gdwanjiada.net\/wp-content\/uploads\/2024\/09\/3-Layers-Custom-Plastic-Cabinets-Bulk-Wholesale-Cabinets-For-Clothes-3-768x768.webp 768w, https:\/\/www.gdwanjiada.net\/wp-content\/uploads\/2024\/09\/3-Layers-Custom-Plastic-Cabinets-Bulk-Wholesale-Cabinets-For-Clothes-3-600x600.webp 600w, https:\/\/www.gdwanjiada.net\/wp-content\/uploads\/2024\/09\/3-Layers-Custom-Plastic-Cabinets-Bulk-Wholesale-Cabinets-For-Clothes-3-100x100.webp 100w\" sizes=\"(max-width: 800px) 100vw, 800px\" \/><\/figure><\/div><\/div>","protected":false},"excerpt":{"rendered":"<p>Willkommen im Gro\u00dfhandel Schr\u00e4nke zu kaufen. Unsere benutzerdefinierte Kunststoff-Schr\u00e4nke bulk sind aus hochwertigem Kunststoff, wasserdicht und schimmelresistent, mit einem leichten Design und einfache Montage, bietet reichlich klassifiziert Stauraum. Das Produkt kann in Farbe und Gr\u00f6\u00dfe nach den Bed\u00fcrfnissen des Kunden angepasst werden, so dass es eine ideale Wahl f\u00fcr Haus und B\u00fcro Lagerung.<\/p>\n<h2>Produktmerkmale\uff1a<\/h2>\n<ul>\n<li>Hergestellt aus haltbarem Kunststoff, umweltfreundlich und leicht zu reinigen.<\/li>\n<li>Das dreilagige Design bietet reichlich Stauraum.<\/li>\n<li>Anpassbare Farben und Gr\u00f6\u00dfen.<\/li>\n<li>Leichte Struktur, einfach zu montieren und zu bewegen.<\/li>\n<\/ul>","protected":false},"featured_media":770,"comment_status":"closed","ping_status":"closed","template":"","meta":{"_acf_changed":false},"product_brand":[],"product_cat":[20],"product_tag":[],"class_list":{"0":"post-768","1":"product","2":"type-product","3":"status-publish","4":"has-post-thumbnail","6":"product_cat-plastic-cabinets-wholesale","8":"first","9":"instock","10":"shipping-taxable","11":"product-type-simple"},"acf":[],"_links":{"self":[{"href":"https:\/\/www.gdwanjiada.net\/de\/wp-json\/wp\/v2\/product\/768","targetHints":{"allow":["GET"]}}],"collection":[{"href":"https:\/\/www.gdwanjiada.net\/de\/wp-json\/wp\/v2\/product"}],"about":[{"href":"https:\/\/www.gdwanjiada.net\/de\/wp-json\/wp\/v2\/types\/product"}],"replies":[{"embeddable":true,"href":"https:\/\/www.gdwanjiada.net\/de\/wp-json\/wp\/v2\/comments?post=768"}],"wp:featuredmedia":[{"embeddable":true,"href":"https:\/\/www.gdwanjiada.net\/de\/wp-json\/wp\/v2\/media\/770"}],"wp:attachment":[{"href":"https:\/\/www.gdwanjiada.net\/de\/wp-json\/wp\/v2\/media?parent=768"}],"wp:term":[{"taxonomy":"product_brand","embeddable":true,"href":"https:\/\/www.gdwanjiada.net\/de\/wp-json\/wp\/v2\/product_brand?post=768"},{"taxonomy":"product_cat","embeddable":true,"href":"https:\/\/www.gdwanjiada.net\/de\/wp-json\/wp\/v2\/product_cat?post=768"},{"taxonomy":"product_tag","embeddable":true,"href":"https:\/\/www.gdwanjiada.net\/de\/wp-json\/wp\/v2\/product_tag?post=768"}],"curies":[{"name":"wp","href":"https:\/\/api.w.org\/{rel}","templated":true}]}}