{"id":757,"date":"2024-09-27T10:14:29","date_gmt":"2024-09-27T10:14:29","guid":{"rendered":"https:\/\/www.gdwanjiada.net\/?post_type=product&#038;p=757"},"modified":"2026-01-06T07:52:21","modified_gmt":"2026-01-06T07:52:21","slug":"bulk-portable-fans","status":"publish","type":"product","link":"https:\/\/www.gdwanjiada.net\/de\/produkt\/bulk-portable-fans\/","title":{"rendered":"Fabrik Bulk Portable Fans, benutzerdefinierte Schreibtisch-Ventilator mit Dual Light"},"content":{"rendered":"<h3 class=\"wp-block-heading has-text-align-center\">Spezifikationen f\u00fcr tragbare Ventilatoren in gro\u00dfen Mengen<\/h3><figure class=\"wp-block-table\"><table class=\"has-fixed-layout\"><tbody><tr><td rowspan=\"2\">Modell<\/td><td rowspan=\"2\">Leistung\uff08W\uff09<\/td><td rowspan=\"2\">Spannung\uff08V\uff09<\/td><td rowspan=\"2\">Geschwindigkeit<\/td><td rowspan=\"2\">G.W.\uff08g\uff09<\/td><td rowspan=\"2\">Produktgr\u00f6\u00dfe\uff08mm\uff09<\/td><td rowspan=\"2\">Packungsgr\u00f6\u00dfe\uff08mm\uff09<\/td><td rowspan=\"2\">Kartongr\u00f6\u00dfe\uff08mm\uff09<\/td><td rowspan=\"2\">Verpackung Q'ty\uff08pc\uff09<\/td><td rowspan=\"2\">Karton G.W.\uff08kg\uff09<\/td><td rowspan=\"2\">Stromversorgung<\/td><td rowspan=\"2\">Kapazit\u00e4t der Batterie<\/td><td colspan=\"2\">Beladung Q'ty<\/td><\/tr><tr><td>20GP<\/td><td>40HQ<\/td><\/tr><tr><td>F03<\/td><td>5<\/td><td>5<\/td><td>5<\/td><td>440<\/td><td>210*220*230<\/td><td>216*58*216<\/td><td>600*447*462<\/td><td>40<\/td><td>19.6<\/td><td>Typ-C\/Akku<\/td><td>1800mh<\/td><td>9040<\/td><td>21960<\/td><\/tr><\/tbody><\/table><\/figure><div class=\"wp-block-columns is-layout-flex wp-container-core-columns-is-layout-9d6595d7 wp-block-columns-is-layout-flex\"><div class=\"wp-block-column is-layout-flow wp-block-column-is-layout-flow\" style=\"flex-basis:50%\"><h3 class=\"wp-block-heading has-text-align-left\">Vorteile von tragbaren Gro\u00dfventilatoren<\/h3>\n\n<ul class=\"wp-block-list\"><li><strong>Mehrere Nutzungsszenarien: <\/strong>Unsere tragbaren Gro\u00dfventilatoren eignen sich f\u00fcr die Aufstellung auf dem Tisch, an der Wand oder h\u00e4ngend und k\u00f6nnen flexibel f\u00fcr verschiedene Einsatzzwecke verwendet werden. Sie sind ideal f\u00fcr Heim- und B\u00fcror\u00e4ume.<\/li>\n\n<li><strong>5 Windgeschwindigkeiten, doppelte Beleuchtung: <\/strong>Diese Gro\u00dfhandels-Schreibtischventilatoren verf\u00fcgen \u00fcber 5 Windgeschwindigkeitsstufen, wei\u00dfes Licht auf der Vorderseite und warmes Licht auf der Unterseite, was eine vielseitige Nutzung erm\u00f6glicht.<\/li>\n\n<li><strong>Eine Aromatherapie kann hinzugef\u00fcgt werden: <\/strong>Die Benutzer k\u00f6nnen Aromatherapie, M\u00fcckenschutzmittel oder Desinfektionsmittel in die Mitte der tragbaren Gro\u00dfventilatoren geben, um eine multifunktionale Erweiterung des Ventilators zu erreichen.<\/li>\n\n<li><strong>Leicht zu falten und zu verstauen:<\/strong> Diese Gro\u00dfhandels-Schreibtischventilatoren sind leicht, einfach zu transportieren und zusammenzulegen und platzsparend zu verstauen und k\u00f6nnen jederzeit und \u00fcberall eingesetzt werden.<\/li><\/ul><\/div>\n\n<div class=\"wp-block-column is-layout-flow wp-block-column-is-layout-flow\"><figure class=\"wp-block-image size-full\"><img decoding=\"async\" width=\"800\" height=\"800\" src=\"https:\/\/www.gdwanjiada.net\/wp-content\/uploads\/2024\/09\/Bulk-Portable-Fans-Wholesale-Desk-Fans-With-Dual-Light-7.webp\" alt=\"Bulk Portable Fans, Gro\u00dfhandel Schreibtisch Fans mit Dual Light-7\" class=\"wp-image-764\" srcset=\"https:\/\/www.gdwanjiada.net\/wp-content\/uploads\/2024\/09\/Bulk-Portable-Fans-Wholesale-Desk-Fans-With-Dual-Light-7.webp 800w, https:\/\/www.gdwanjiada.net\/wp-content\/uploads\/2024\/09\/Bulk-Portable-Fans-Wholesale-Desk-Fans-With-Dual-Light-7-300x300.webp 300w, https:\/\/www.gdwanjiada.net\/wp-content\/uploads\/2024\/09\/Bulk-Portable-Fans-Wholesale-Desk-Fans-With-Dual-Light-7-150x150.webp 150w, https:\/\/www.gdwanjiada.net\/wp-content\/uploads\/2024\/09\/Bulk-Portable-Fans-Wholesale-Desk-Fans-With-Dual-Light-7-768x768.webp 768w, https:\/\/www.gdwanjiada.net\/wp-content\/uploads\/2024\/09\/Bulk-Portable-Fans-Wholesale-Desk-Fans-With-Dual-Light-7-600x600.webp 600w, https:\/\/www.gdwanjiada.net\/wp-content\/uploads\/2024\/09\/Bulk-Portable-Fans-Wholesale-Desk-Fans-With-Dual-Light-7-100x100.webp 100w\" sizes=\"(max-width: 800px) 100vw, 800px\" \/><\/figure><\/div><\/div>","protected":false},"excerpt":{"rendered":"<p>Willkommen zum Kauf Gro\u00dfhandel Schreibtisch Fans. Unsere gro\u00dfvolumigen tragbaren Ventilatoren unterst\u00fctzen eine Vielzahl von Szenarien, wie z.B. Schreibtisch, Wandmontage und h\u00e4ngend, mit 5 Windgeschwindigkeitseinstellungen und dualen Beleuchtungsfunktionen. Das kompakte Design ist leicht zu tragen, nimmt keinen Platz nach dem Falten, und das Display bietet Windgeschwindigkeit Einstellungen, stufenlose Dimmung und Leistungsanzeige.<\/p>\n<h2>Produktmerkmale\uff1a<\/h2>\n<ul>\n<li>Mehrere Szenarien, wie z. B. Desktop, Wand h\u00e4ngen, h\u00e4ngen und so weiter<\/li>\n<li>5 Windgeschwindigkeiten einstellbar, duale Lichteinstellung, vorne wei\u00dfes Licht und unten warmes Licht<\/li>\n<li>Das Zentrum kann Aromatherapie, Repellentien und Desinfektionsmittel hinzuf\u00fcgen.<\/li>\n<li>Kompaktes Design f\u00fcr einfaches Tragen und platzsparende Aufbewahrung<\/li>\n<li>Bildschirm= Fluggeschwindigkeitseinstellung + stufenlose Dimmung + elektrische Menge.<\/li>\n<\/ul>","protected":false},"featured_media":765,"comment_status":"closed","ping_status":"closed","template":"","meta":{"_acf_changed":false},"product_brand":[],"product_cat":[23],"product_tag":[],"class_list":{"0":"post-757","1":"product","2":"type-product","3":"status-publish","4":"has-post-thumbnail","6":"product_cat-wholesale-portable-fans","8":"first","9":"instock","10":"shipping-taxable","11":"product-type-simple"},"acf":[],"_links":{"self":[{"href":"https:\/\/www.gdwanjiada.net\/de\/wp-json\/wp\/v2\/product\/757","targetHints":{"allow":["GET"]}}],"collection":[{"href":"https:\/\/www.gdwanjiada.net\/de\/wp-json\/wp\/v2\/product"}],"about":[{"href":"https:\/\/www.gdwanjiada.net\/de\/wp-json\/wp\/v2\/types\/product"}],"replies":[{"embeddable":true,"href":"https:\/\/www.gdwanjiada.net\/de\/wp-json\/wp\/v2\/comments?post=757"}],"wp:featuredmedia":[{"embeddable":true,"href":"https:\/\/www.gdwanjiada.net\/de\/wp-json\/wp\/v2\/media\/765"}],"wp:attachment":[{"href":"https:\/\/www.gdwanjiada.net\/de\/wp-json\/wp\/v2\/media?parent=757"}],"wp:term":[{"taxonomy":"product_brand","embeddable":true,"href":"https:\/\/www.gdwanjiada.net\/de\/wp-json\/wp\/v2\/product_brand?post=757"},{"taxonomy":"product_cat","embeddable":true,"href":"https:\/\/www.gdwanjiada.net\/de\/wp-json\/wp\/v2\/product_cat?post=757"},{"taxonomy":"product_tag","embeddable":true,"href":"https:\/\/www.gdwanjiada.net\/de\/wp-json\/wp\/v2\/product_tag?post=757"}],"curies":[{"name":"wp","href":"https:\/\/api.w.org\/{rel}","templated":true}]}}