{"id":747,"date":"2024-09-27T09:52:22","date_gmt":"2024-09-27T09:52:22","guid":{"rendered":"https:\/\/www.gdwanjiada.net\/?post_type=product&#038;p=747"},"modified":"2026-01-06T07:48:45","modified_gmt":"2026-01-06T07:48:45","slug":"wholesale-clothes-dryers","status":"publish","type":"product","link":"https:\/\/www.gdwanjiada.net\/de\/produkt\/wholesale-clothes-dryers\/","title":{"rendered":"450L, 1300W Gro\u00dfhandel W\u00e4schetrockner, elektrische Trockner Versorgung"},"content":{"rendered":"<h3 class=\"wp-block-heading has-text-align-center\">Spezifikationen des Gro\u00dfhandels W\u00e4schetrockner<\/h3><figure class=\"wp-block-table\"><table class=\"has-fixed-layout\"><tbody><tr><td rowspan=\"2\">Modell<\/td><td rowspan=\"2\">Spannung\/Frequenz<\/td><td rowspan=\"2\">Leistung(W)&nbsp;<\/td><td rowspan=\"2\">Trocknungszeit<\/td><td rowspan=\"2\">Band<\/td><td rowspan=\"2\">Kapazit\u00e4t<\/td><td rowspan=\"2\">Gr\u00f6\u00dfe des Produkts<\/td><td rowspan=\"2\">N.W.<\/td><td rowspan=\"2\">G.W.<\/td><td>Menge laden<\/td><td><\/td><\/tr><tr><td>20'GP<\/td><td>40'HQ<\/td><\/tr><tr><td>WJD12G-1R<\/td><td>220V\uff5e50Hz<\/td><td>1300W<\/td><td>20-240MIN<\/td><td>450L<\/td><td>8-15KG<\/td><td>70*48*148cm<\/td><td>4kg<\/td><td>4,5 kg<\/td><td>838St\u00fcck<\/td><td>1826St\u00fcck<\/td><\/tr><\/tbody><\/table><\/figure><div class=\"wp-block-columns is-layout-flex wp-container-core-columns-is-layout-9d6595d7 wp-block-columns-is-layout-flex\"><div class=\"wp-block-column is-layout-flow wp-block-column-is-layout-flow\" style=\"flex-basis:50%\"><h3 class=\"wp-block-heading has-text-align-left\">Vorteile des Gro\u00dfhandels f\u00fcr W\u00e4schetrockner<\/h3>\n\n<ul class=\"wp-block-list\"><li><strong>Faltbares Design: <\/strong>Diese Gro\u00dfhandel W\u00e4schetrockner nehmen eine faltbare Struktur, die leicht gespeichert werden kann, wenn nicht in Gebrauch, platzsparend, und sind geeignet f\u00fcr verschiedene Umgebungen wie Haus und Schlafsaal.<\/li>\n\n<li><strong>Intelligente Fernsteuerungsfunktion: <\/strong>Unser tragbarer Trockner im Gro\u00dfhandel ist mit einer intelligenten Fernsteuerungsfunktion ausgestattet, die es dem Benutzer erm\u00f6glicht, den Trockner aus der Ferne zu steuern, was die Bedienung bequemer und flexibler macht.<\/li>\n\n<li><strong>Gro\u00dfe Kapazit\u00e4t: <\/strong>Die optimale Beladung dieser W\u00e4schetrockner liegt bei 8 kg, die maximale Beladung kann 15 kg erreichen, was f\u00fcr die schnelle Trocknung einer Vielzahl von Kleidungsst\u00fccken und gro\u00dfen Stoffen geeignet ist.<\/li>\n\n<li><strong>Tropffreies Design des Hosts: <\/strong>Der Aufnahmeteil unseres tragbaren Trockners im Gro\u00dfhandel verf\u00fcgt \u00fcber ein Anti-Tropf-Design, das das Eindringen von Wasserflecken in den Innenraum wirksam verhindert und die Sicherheit und Lebensdauer des Ger\u00e4ts verbessert.<\/li><\/ul><\/div>\n\n<div class=\"wp-block-column is-layout-flow wp-block-column-is-layout-flow\"><figure class=\"wp-block-image size-full\"><img decoding=\"async\" width=\"800\" height=\"800\" src=\"https:\/\/www.gdwanjiada.net\/wp-content\/uploads\/2024\/09\/450L-1300W-Wholesale-Clothes-Dryers-With-Remote-Control-5.webp\" alt=\"450L, 1300W Gro\u00dfhandel W\u00e4schetrockner mit Fernbedienung-5\" class=\"wp-image-752\" srcset=\"https:\/\/www.gdwanjiada.net\/wp-content\/uploads\/2024\/09\/450L-1300W-Wholesale-Clothes-Dryers-With-Remote-Control-5.webp 800w, https:\/\/www.gdwanjiada.net\/wp-content\/uploads\/2024\/09\/450L-1300W-Wholesale-Clothes-Dryers-With-Remote-Control-5-300x300.webp 300w, https:\/\/www.gdwanjiada.net\/wp-content\/uploads\/2024\/09\/450L-1300W-Wholesale-Clothes-Dryers-With-Remote-Control-5-150x150.webp 150w, https:\/\/www.gdwanjiada.net\/wp-content\/uploads\/2024\/09\/450L-1300W-Wholesale-Clothes-Dryers-With-Remote-Control-5-768x768.webp 768w, https:\/\/www.gdwanjiada.net\/wp-content\/uploads\/2024\/09\/450L-1300W-Wholesale-Clothes-Dryers-With-Remote-Control-5-600x600.webp 600w, https:\/\/www.gdwanjiada.net\/wp-content\/uploads\/2024\/09\/450L-1300W-Wholesale-Clothes-Dryers-With-Remote-Control-5-100x100.webp 100w\" sizes=\"(max-width: 800px) 100vw, 800px\" \/><\/figure><\/div><\/div><p><\/p>","protected":false},"excerpt":{"rendered":"<p>Willkommen zum Kauf tragbare Trockner Gro\u00dfhandel. Unsere Gro\u00dfhandel W\u00e4schetrockner haben ein faltbares Design, einfache Lagerung, und sind mit einer intelligenten Fernbedienung Funktion f\u00fcr einfache Bedienung ausgestattet. Die Anti-Tropf-Design des Hosts sorgt f\u00fcr die Sicherheit der Ausr\u00fcstung und ist eine wesentliche und effiziente Trocknung Ausr\u00fcstung f\u00fcr die Familie.<\/p>\n<h2>Produktmerkmale\uff1a<\/h2>\n<ul>\n<li>Intelligente Fernsteuerungsfunktion.<\/li>\n<li>Verwendung bei einer Raumtemperatur von 10-35 Grad.<\/li>\n<li>Einstellung der Trocknungszeit von 20-240 Minuten.<\/li>\n<li>Beste Trockenkapazit\u00e4t von 8KG, maximale Kapazit\u00e4t von 15KG.<\/li>\n<li>Das Ger\u00e4t schaltet sich automatisch ab, wenn die<\/li>\n<li>Temperaturerw\u00e4rmung \u00fcber 70 Grad steigen.<\/li>\n<li>Die interne Sicherung schaltet sich aus, wenn die Temperatur<\/li>\n<li>Erw\u00e4rmung \u00fcber 105 Grad oder die Leistung \u00fcbersteigt 10A.<\/li>\n<li>Zusammenklappbar, leicht zu verstauen.<\/li>\n<li>Die Hauptmaschine mit tropfsicherem Design, sicherer zu bedienen.<\/li>\n<\/ul>","protected":false},"featured_media":754,"comment_status":"closed","ping_status":"closed","template":"","meta":{"_acf_changed":false},"product_brand":[],"product_cat":[21],"product_tag":[],"class_list":{"0":"post-747","1":"product","2":"type-product","3":"status-publish","4":"has-post-thumbnail","6":"product_cat-wholesale-clothes-dryers","8":"first","9":"instock","10":"shipping-taxable","11":"product-type-simple"},"acf":[],"_links":{"self":[{"href":"https:\/\/www.gdwanjiada.net\/de\/wp-json\/wp\/v2\/product\/747","targetHints":{"allow":["GET"]}}],"collection":[{"href":"https:\/\/www.gdwanjiada.net\/de\/wp-json\/wp\/v2\/product"}],"about":[{"href":"https:\/\/www.gdwanjiada.net\/de\/wp-json\/wp\/v2\/types\/product"}],"replies":[{"embeddable":true,"href":"https:\/\/www.gdwanjiada.net\/de\/wp-json\/wp\/v2\/comments?post=747"}],"wp:featuredmedia":[{"embeddable":true,"href":"https:\/\/www.gdwanjiada.net\/de\/wp-json\/wp\/v2\/media\/754"}],"wp:attachment":[{"href":"https:\/\/www.gdwanjiada.net\/de\/wp-json\/wp\/v2\/media?parent=747"}],"wp:term":[{"taxonomy":"product_brand","embeddable":true,"href":"https:\/\/www.gdwanjiada.net\/de\/wp-json\/wp\/v2\/product_brand?post=747"},{"taxonomy":"product_cat","embeddable":true,"href":"https:\/\/www.gdwanjiada.net\/de\/wp-json\/wp\/v2\/product_cat?post=747"},{"taxonomy":"product_tag","embeddable":true,"href":"https:\/\/www.gdwanjiada.net\/de\/wp-json\/wp\/v2\/product_tag?post=747"}],"curies":[{"name":"wp","href":"https:\/\/api.w.org\/{rel}","templated":true}]}}