{"id":659,"date":"2024-09-27T08:13:38","date_gmt":"2024-09-27T08:13:38","guid":{"rendered":"https:\/\/www.gdwanjiada.net\/?post_type=product&#038;p=659"},"modified":"2025-12-17T07:01:13","modified_gmt":"2025-12-17T07:01:13","slug":"wholesale-air-purifiers-humidifier-fans","status":"publish","type":"product","link":"https:\/\/www.gdwanjiada.net\/de\/produkt\/wholesale-air-purifiers-humidifier-fans\/","title":{"rendered":"Gro\u00dfhandel Luftreiniger und Luftbefeuchter Fans, 3.6L Wassertank"},"content":{"rendered":"<h3 class=\"wp-block-heading has-text-align-center\">Spezifikationen von Gro\u00dfhandel Luftreiniger + Luftbefeuchter Fans<\/h3><figure class=\"wp-block-table\"><table class=\"has-fixed-layout\"><tbody><tr><td rowspan=\"2\">Modell<\/td><td rowspan=\"2\">Leistung(w)<\/td><td rowspan=\"2\">Spannung\/Frequenz<\/td><td rowspan=\"2\">Anwendbare Fl\u00e4che(\u33a1)<\/td><td rowspan=\"2\">Wassertank (L)<\/td><td rowspan=\"2\">Verdampfungsleistung (ml\/h)<\/td><td rowspan=\"2\">Gr\u00f6\u00dfe des Produkts<br>(mm)<\/td><td rowspan=\"2\">Packungsgr\u00f6\u00dfe<br>(mm)<\/td><td rowspan=\"2\">N.W. (kg)<\/td><td rowspan=\"2\">Gewicht (kg)<\/td><td colspan=\"2\">Beladung Menge (St\u00fcck)<\/td><\/tr><tr><td>20'GP<\/td><td>40'HQ<\/td><\/tr><tr><td>WJD8050A<\/td><td>55<\/td><td>220V\/50Hz<\/td><td>30<\/td><td>3.6<\/td><td>300<\/td><td>250*250*460<\/td><td>295*295*520<\/td><td>3.8<\/td><td>4.8<\/td><td>680<\/td><td>1600<\/td><\/tr><\/tbody><\/table><\/figure><div class=\"wp-block-columns is-layout-flex wp-container-core-columns-is-layout-9d6595d7 wp-block-columns-is-layout-flex\"><div class=\"wp-block-column is-layout-flow wp-block-column-is-layout-flow\" style=\"flex-basis:50%\"><h3 class=\"wp-block-heading has-text-align-left\">Vorteile von Gro\u00dfhandels-Luftreinigern + Luftbefeuchtern<\/h3>\n\n<ul class=\"wp-block-list\"><li><strong>Fernbedienung:<\/strong> Unsere Gro\u00dfhandel Luftreiniger Luftbefeuchter Fans sind mit einer Fernbedienung ausgestattet, k\u00f6nnen die Nutzer leicht aus der Ferne zu bedienen, stellen Sie verschiedene Funktionen und Windgeschwindigkeit Einstellungen, ist der Betrieb bequemer und intelligenter, und bieten eine bessere Benutzererfahrung.<\/li>\n\n<li><strong>Funktion des Negativ-Ionen-Sauerstoffstabs: <\/strong>Unsere intelligenten Gro\u00dfhandels-Luftreiniger-Ventilatoren verf\u00fcgen \u00fcber eingebaute Negativ-Ionen-Generatoren, die die Luft effektiv reinigen, Schadstoffe und Ger\u00fcche aus der Luft entfernen, Formaldehyd, Rauch und andere Schadstoffe beseitigen, die Luftqualit\u00e4t in Innenr\u00e4umen verbessern und ein ges\u00fcnderes Lebensumfeld schaffen.<\/li>\n\n<li><strong>Handliches Design, leicht zu transportieren: <\/strong>Diese Gro\u00dfhandel Luftreiniger Luftbefeuchter Fans nehmen eine versteckte Nut Handheld-Design, k\u00f6nnen die Nutzer leicht bewegen das Ger\u00e4t zu jeder Zeit, geeignet f\u00fcr verschiedene R\u00e4ume in der Wohnung oder im B\u00fcro Orte, und verbessern die Praktikabilit\u00e4t und Flexibilit\u00e4t des Produkts.<\/li>\n\n<li><strong>Nebelfreie Befeuchtung, kein nasser Boden: <\/strong>Unsere intelligenten Luftreiniger-Ventilatoren f\u00fcr den Gro\u00dfhandel sind mit einem 3,6-Liter-Wassertank mit gro\u00dfer Kapazit\u00e4t ausgestattet und unterst\u00fctzen die nebelfreie Befeuchtungstechnologie. W\u00e4hrend die Luft effektiv befeuchtet wird, wird der Boden nicht nass, so dass ein sauberes und ordentliches Raumklima gew\u00e4hrleistet ist, besonders geeignet f\u00fcr R\u00e4ume, die sauber gehalten werden m\u00fcssen.<\/li><\/ul><\/div>\n\n<div class=\"wp-block-column is-layout-flow wp-block-column-is-layout-flow\"><figure class=\"wp-block-image size-full\"><img decoding=\"async\" width=\"800\" height=\"800\" src=\"https:\/\/www.gdwanjiada.net\/wp-content\/uploads\/2024\/09\/Wholesale-Air-Purifiers-Humidifier-Fans-With-3.6L-Water-Tank-7.webp\" alt=\"Gro\u00dfhandel Luftreiniger + Luftbefeuchter Fans mit 3,6 L Wassertank-7\" class=\"wp-image-669\" srcset=\"https:\/\/www.gdwanjiada.net\/wp-content\/uploads\/2024\/09\/Wholesale-Air-Purifiers-Humidifier-Fans-With-3.6L-Water-Tank-7.webp 800w, https:\/\/www.gdwanjiada.net\/wp-content\/uploads\/2024\/09\/Wholesale-Air-Purifiers-Humidifier-Fans-With-3.6L-Water-Tank-7-300x300.webp 300w, https:\/\/www.gdwanjiada.net\/wp-content\/uploads\/2024\/09\/Wholesale-Air-Purifiers-Humidifier-Fans-With-3.6L-Water-Tank-7-150x150.webp 150w, https:\/\/www.gdwanjiada.net\/wp-content\/uploads\/2024\/09\/Wholesale-Air-Purifiers-Humidifier-Fans-With-3.6L-Water-Tank-7-768x768.webp 768w, https:\/\/www.gdwanjiada.net\/wp-content\/uploads\/2024\/09\/Wholesale-Air-Purifiers-Humidifier-Fans-With-3.6L-Water-Tank-7-600x600.webp 600w, https:\/\/www.gdwanjiada.net\/wp-content\/uploads\/2024\/09\/Wholesale-Air-Purifiers-Humidifier-Fans-With-3.6L-Water-Tank-7-100x100.webp 100w\" sizes=\"(max-width: 800px) 100vw, 800px\" \/><\/figure><\/div><\/div>","protected":false},"excerpt":{"rendered":"<p>Willkommen auf intelligente Luftreiniger Fans kaufen. Dieser Gro\u00dfhandel Luftreiniger Luftbefeuchter Fans mit Fernbedienung kombiniert negative Ionen-Reinigung, tragbares Design und nebelfreie Befeuchtung. Die 3.6L gro\u00dfe Kapazit\u00e4t Wassertank kann 12 Stunden der Befeuchtung Wirkung bieten. Es kann die Luft zu reinigen und zu entfernen sch\u00e4dliche Stoffe wie Formaldehyd, so dass es eine ideale Wahl f\u00fcr Haus und B\u00fcro Umgebungen.<\/p>\n<h2>Produktmerkmale\uff1a<\/h2>\n<ul>\n<li>Touchpanel-Steuerung, Infrarot-Fernbedienung.<\/li>\n<li>Intelligente Erkennung der Luftqualit\u00e4t, Temperatur- und Feuchtigkeitsanzeige.<\/li>\n<li>Anionenfunktion, reinigt die Luft.<\/li>\n<li>Versteckter Griff, leicht zu tragen.<\/li>\n<li>Abnehmbare R\u00fcckwand, einfache Reinigung des Filterelements.<\/li>\n<li>Reinigung\/Formaldehydentfernung + Befeuchtung.<\/li>\n<li>Nebellose Befeuchtung, gro\u00dfe Befeuchtungskapazit\u00e4t, keine Befeuchtung des Bodens.<\/li>\n<li>Gro\u00dfer Wassertank, verf\u00fcgbar f\u00fcr 12 Stunden mit vollem Wasser.<\/li>\n<\/ul>","protected":false},"featured_media":663,"comment_status":"closed","ping_status":"closed","template":"","meta":{"_acf_changed":false},"product_brand":[],"product_cat":[25],"product_tag":[],"class_list":{"0":"post-659","1":"product","2":"type-product","3":"status-publish","4":"has-post-thumbnail","6":"product_cat-wholesale-air-purifiers","8":"first","9":"instock","10":"shipping-taxable","11":"product-type-simple"},"acf":[],"_links":{"self":[{"href":"https:\/\/www.gdwanjiada.net\/de\/wp-json\/wp\/v2\/product\/659","targetHints":{"allow":["GET"]}}],"collection":[{"href":"https:\/\/www.gdwanjiada.net\/de\/wp-json\/wp\/v2\/product"}],"about":[{"href":"https:\/\/www.gdwanjiada.net\/de\/wp-json\/wp\/v2\/types\/product"}],"replies":[{"embeddable":true,"href":"https:\/\/www.gdwanjiada.net\/de\/wp-json\/wp\/v2\/comments?post=659"}],"wp:featuredmedia":[{"embeddable":true,"href":"https:\/\/www.gdwanjiada.net\/de\/wp-json\/wp\/v2\/media\/663"}],"wp:attachment":[{"href":"https:\/\/www.gdwanjiada.net\/de\/wp-json\/wp\/v2\/media?parent=659"}],"wp:term":[{"taxonomy":"product_brand","embeddable":true,"href":"https:\/\/www.gdwanjiada.net\/de\/wp-json\/wp\/v2\/product_brand?post=659"},{"taxonomy":"product_cat","embeddable":true,"href":"https:\/\/www.gdwanjiada.net\/de\/wp-json\/wp\/v2\/product_cat?post=659"},{"taxonomy":"product_tag","embeddable":true,"href":"https:\/\/www.gdwanjiada.net\/de\/wp-json\/wp\/v2\/product_tag?post=659"}],"curies":[{"name":"wp","href":"https:\/\/api.w.org\/{rel}","templated":true}]}}