{"id":600,"date":"2024-09-26T11:15:17","date_gmt":"2024-09-26T11:15:17","guid":{"rendered":"https:\/\/www.gdwanjiada.net\/?post_type=product&#038;p=600"},"modified":"2026-04-17T02:43:17","modified_gmt":"2026-04-17T02:43:17","slug":"wholesale-industrial-air-coolers","status":"publish","type":"product","link":"https:\/\/www.gdwanjiada.net\/de\/produkt\/wholesale-industrial-air-coolers\/","title":{"rendered":"Fabrik Gro\u00dfhandel industrielle Luftk\u00fchler mit 80L Wassertank"},"content":{"rendered":"<h3 class=\"wp-block-heading has-text-align-center\">Spezifikationen von industriellen Luftk\u00fchlern f\u00fcr den Gro\u00dfhandel<\/h3><figure class=\"wp-block-table\"><table class=\"has-fixed-layout\"><tbody><tr><td rowspan=\"2\">Modell<\/td><td rowspan=\"2\">Leistung(W)&nbsp;<\/td><td colspan=\"3\">Luftstrom (m\u00b3\/h)<\/td><td rowspan=\"2\">Fassungsverm\u00f6gen des Wassertanks (L)<\/td><td colspan=\"3\">Produktgr\u00f6\u00dfe (mm)&nbsp;<\/td><td rowspan=\"2\">Gr\u00f6\u00dfe des K\u00fchlkissens (mm)<\/td><td rowspan=\"2\">Verpacken<\/td><td rowspan=\"2\">N.W.\/Gew. (kg)&nbsp;&nbsp;<\/td><td rowspan=\"2\">Packungsgr\u00f6\u00dfe (mm)&nbsp;<\/td><td colspan=\"2\">Menge laden<\/td><\/tr><tr><td>H<\/td><td>M<\/td><td>L<\/td><td>L<\/td><td>W<\/td><td>H<\/td><td>20'GP<\/td><td>40'HQ<\/td><\/tr><tr><td>WJD8000F-1Z<\/td><td>200<\/td><td>8000<\/td><td>6000<\/td><td>3500<\/td><td>80.0<\/td><td>680<\/td><td>410<\/td><td>1250<\/td><td>75*520*690<\/td><td>1 St\u00fcck<\/td><td>18\/21<\/td><td>695*460*980<\/td><td>98<\/td><td>230<\/td><\/tr><\/tbody><\/table><\/figure><div class=\"wp-block-columns is-layout-flex wp-container-core-columns-is-layout-9d6595d7 wp-block-columns-is-layout-flex\"><div class=\"wp-block-column is-layout-flow wp-block-column-is-layout-flow\" style=\"flex-basis:50%\"><h3 class=\"wp-block-heading has-text-align-left\">Vorteile des Gro\u00dfhandels mit industriellen Luftk\u00fchlern<\/h3>\n\n<ul class=\"wp-block-list\"><li><strong>K\u00fchlung, Befeuchtung und Reinigung:<\/strong> Unsere Gro\u00dfhandel industriellen Luftk\u00fchler integrieren mehrere Funktionen, kann nicht nur schnell abk\u00fchlen, sondern auch befeuchten die Luft und reinigen die Umwelt, die verschiedenen Bed\u00fcrfnisse von Industrieanlagen zu erf\u00fcllen, und bieten eine breite Palette von komfortablen Erfahrung.<\/li>\n\n<li><strong>Dreiseitige Lufteinlasskonstruktion:<\/strong> Diese industriellen Gro\u00dfhandels-Luftk\u00fchler verf\u00fcgen \u00fcber einen dreiseitigen Lufteinlass mit hocheffizienten Verdunstungsk\u00fchlvorh\u00e4ngen, die die Luftzirkulation und die K\u00fchlwirkung erheblich verbessern und eine schnelle und effektive K\u00fchlung in gro\u00dfen industriellen Umgebungen gew\u00e4hrleisten.<\/li>\n\n<li><strong>Verbesserte K\u00fchlwirkung: <\/strong>Die Oberseite unserer industriellen Gro\u00dfhandels-Luftk\u00fchler kann umgedreht werden, und die Benutzer k\u00f6nnen leicht Wasser, Eisw\u00fcrfel oder Eiskristalle hinzuf\u00fcgen, um den K\u00fchleffekt weiter zu verbessern. Es ist besonders geeignet f\u00fcr den Einsatz in Industriestandorten in Umgebungen mit hohen Temperaturen und bringt ein dauerhaftes k\u00fchles Gef\u00fchl.<\/li>\n\n<li><strong>Kontinuierliche und effiziente K\u00fchlung: <\/strong>Dieser Gro\u00dfraum-Luftk\u00fchler ist mit einem 80-Liter-Wassertank ausgestattet, der \u00fcber einen langen Zeitraum betrieben werden kann, so dass weniger Wasser nachgef\u00fcllt werden muss, ein kontinuierlicher K\u00fchlbedarf in Industrieanlagen gew\u00e4hrleistet ist und die Effizienz des Anlagenbetriebs verbessert wird.<\/li><\/ul><\/div>\n\n<div class=\"wp-block-column is-layout-flow wp-block-column-is-layout-flow\"><figure class=\"wp-block-image size-full\"><img decoding=\"async\" width=\"800\" height=\"800\" src=\"https:\/\/www.gdwanjiada.net\/wp-content\/uploads\/2024\/09\/Factory-Wholesale-Industrial-Air-Coolers-With-80L-Water-Tank-4.webp\" alt=\"Fabrik Gro\u00dfhandel industrielle Luftk\u00fchler mit 80L Wassertank-4\" class=\"wp-image-604\" srcset=\"https:\/\/www.gdwanjiada.net\/wp-content\/uploads\/2024\/09\/Factory-Wholesale-Industrial-Air-Coolers-With-80L-Water-Tank-4.webp 800w, https:\/\/www.gdwanjiada.net\/wp-content\/uploads\/2024\/09\/Factory-Wholesale-Industrial-Air-Coolers-With-80L-Water-Tank-4-300x300.webp 300w, https:\/\/www.gdwanjiada.net\/wp-content\/uploads\/2024\/09\/Factory-Wholesale-Industrial-Air-Coolers-With-80L-Water-Tank-4-150x150.webp 150w, https:\/\/www.gdwanjiada.net\/wp-content\/uploads\/2024\/09\/Factory-Wholesale-Industrial-Air-Coolers-With-80L-Water-Tank-4-768x768.webp 768w, https:\/\/www.gdwanjiada.net\/wp-content\/uploads\/2024\/09\/Factory-Wholesale-Industrial-Air-Coolers-With-80L-Water-Tank-4-600x600.webp 600w, https:\/\/www.gdwanjiada.net\/wp-content\/uploads\/2024\/09\/Factory-Wholesale-Industrial-Air-Coolers-With-80L-Water-Tank-4-100x100.webp 100w\" sizes=\"(max-width: 800px) 100vw, 800px\" \/><\/figure><\/div><\/div><p><\/p>","protected":false},"excerpt":{"rendered":"<p>Willkommen zum Kauf Luftk\u00fchler Gro\u00dfhandel, unsere Gro\u00dfhandel industriellen Luftk\u00fchler sind mit hocheffizienten Verdunstungsk\u00fchlung nassen Vorh\u00e4nge, die erheblich verbessern die K\u00fchlwirkung ausgestattet. Die Flip-Top-Design auf dem K\u00f6rper macht es einfach, Wasser und Eis hinzuzuf\u00fcgen, und die 80L gro\u00dfe Kapazit\u00e4t Wassertank ist f\u00fcr alle Arten von Industrieanlagen geeignet.<\/p>\n<h2>Gro\u00dfhandel industrielle Luftk\u00fchler Merkmale\uff1a<\/h2>\n<ul>\n<li>Es integriert die Funktionen K\u00fchlen, Befeuchten und Reinigen und ist ein Mehrzweckger\u00e4t.<\/li>\n<li>Es verwendet einen dreiseitigen Lufteinlass und hocheffiziente Verdunstungsk\u00fchlvorh\u00e4nge, wodurch die K\u00fchlwirkung noch deutlicher wird.<\/li>\n<li>Manuelle Auf- und Abw\u00e4rtsbewegung, automatische Auf- und Abw\u00e4rtsbewegung nach links und rechts, drei verschiedene Windgeschwindigkeiten.<\/li>\n<li>Axiales Laufrad mit gro\u00dfem Durchmesser, gro\u00dfes Luftvolumen, geringer Ger\u00e4uschpegel.<\/li>\n<li>Geteilter Wassertank mit gro\u00dfem Fassungsverm\u00f6gen, leicht zu reinigen.<\/li>\n<li>Die Oberseite des Ger\u00e4ts kann umgedreht werden, um Wasser, Eis und Eiskristalle hinzuzuf\u00fcgen, damit es k\u00fchler wird.<\/li>\n<li>Abnehmbares, staubdichtes Netz f\u00fcr einfache Reinigung.<\/li>\n<li>Das Vorderrad verf\u00fcgt \u00fcber eine Feststellbremse, die das Bewegen und Platzieren erleichtert.<\/li>\n<li>Die Tauchpumpe verf\u00fcgt \u00fcber mehrere Schutzfunktionen, eine ausreichende Wassermenge und ist sicher und garantiert.<\/li>\n<li>Motor aus reinem Kupfer.<\/li>\n<li>Der Wassertank wird in einer umgedrehten Verpackung gestapelt, um beim Transport Platz und Kosten zu sparen.<\/li>\n<\/ul>","protected":false},"featured_media":2106,"comment_status":"closed","ping_status":"closed","template":"","meta":{"_acf_changed":false},"product_brand":[],"product_cat":[26],"product_tag":[29],"class_list":{"0":"post-600","1":"product","2":"type-product","3":"status-publish","4":"has-post-thumbnail","6":"product_cat-wholesale-air-coolers","7":"product_tag-wholesale-industrial-evaporative-air-coolers","9":"first","10":"instock","11":"shipping-taxable","12":"product-type-simple"},"acf":[],"_links":{"self":[{"href":"https:\/\/www.gdwanjiada.net\/de\/wp-json\/wp\/v2\/product\/600","targetHints":{"allow":["GET"]}}],"collection":[{"href":"https:\/\/www.gdwanjiada.net\/de\/wp-json\/wp\/v2\/product"}],"about":[{"href":"https:\/\/www.gdwanjiada.net\/de\/wp-json\/wp\/v2\/types\/product"}],"replies":[{"embeddable":true,"href":"https:\/\/www.gdwanjiada.net\/de\/wp-json\/wp\/v2\/comments?post=600"}],"wp:featuredmedia":[{"embeddable":true,"href":"https:\/\/www.gdwanjiada.net\/de\/wp-json\/wp\/v2\/media\/2106"}],"wp:attachment":[{"href":"https:\/\/www.gdwanjiada.net\/de\/wp-json\/wp\/v2\/media?parent=600"}],"wp:term":[{"taxonomy":"product_brand","embeddable":true,"href":"https:\/\/www.gdwanjiada.net\/de\/wp-json\/wp\/v2\/product_brand?post=600"},{"taxonomy":"product_cat","embeddable":true,"href":"https:\/\/www.gdwanjiada.net\/de\/wp-json\/wp\/v2\/product_cat?post=600"},{"taxonomy":"product_tag","embeddable":true,"href":"https:\/\/www.gdwanjiada.net\/de\/wp-json\/wp\/v2\/product_tag?post=600"}],"curies":[{"name":"wp","href":"https:\/\/api.w.org\/{rel}","templated":true}]}}