{"id":589,"date":"2024-09-26T10:58:36","date_gmt":"2024-09-26T10:58:36","guid":{"rendered":"https:\/\/www.gdwanjiada.net\/?post_type=product&#038;p=589"},"modified":"2026-04-17T02:37:49","modified_gmt":"2026-04-17T02:37:49","slug":"wholesale-evaporative-air-cooler","status":"publish","type":"product","link":"https:\/\/www.gdwanjiada.net\/de\/produkt\/wholesale-evaporative-air-cooler\/","title":{"rendered":"80L Fabrik Gro\u00dfhandel Verdunstungsluftk\u00fchler, industrielle Nutzung"},"content":{"rendered":"<h3 class=\"wp-block-heading has-text-align-center\">Spezifikationen des Gro\u00dfhandels Verdunstungsluftk\u00fchler<\/h3><figure class=\"wp-block-table\"><table class=\"has-fixed-layout\"><tbody><tr><td rowspan=\"2\">Modell<\/td><td rowspan=\"2\">Leistung(W)&nbsp;<\/td><td colspan=\"3\">Luftstrom (m\u00b3\/h)<\/td><td rowspan=\"2\">Fassungsverm\u00f6gen des Wassertanks (L)<\/td><td colspan=\"3\">Produktgr\u00f6\u00dfe (mm)&nbsp;<\/td><td rowspan=\"2\">Gr\u00f6\u00dfe des K\u00fchlkissens (mm)<\/td><td rowspan=\"2\">Verpacken<\/td><td rowspan=\"2\">N.W.\/Gew. (kg)&nbsp;&nbsp;<\/td><td rowspan=\"2\">Packungsgr\u00f6\u00dfe (mm)&nbsp;<\/td><td colspan=\"2\">Menge laden<\/td><\/tr><tr><td>H<\/td><td>M<\/td><td>L<\/td><td>L<\/td><td>W<\/td><td>H<\/td><td>20'GP<\/td><td>40'HQ<\/td><\/tr><tr><td>WJD8000F-1M<\/td><td>200<\/td><td>8000<\/td><td>6000<\/td><td>3500<\/td><td>80.0<\/td><td>680<\/td><td>410<\/td><td>1250<\/td><td>75*520*690<\/td><td>1 St\u00fcck<\/td><td>18\/21<\/td><td>695*460*980<\/td><td>98<\/td><td>230<\/td><\/tr><\/tbody><\/table><\/figure><div class=\"wp-block-columns is-layout-flex wp-container-core-columns-is-layout-9d6595d7 wp-block-columns-is-layout-flex\"><div class=\"wp-block-column is-layout-flow wp-block-column-is-layout-flow\" style=\"flex-basis:50%\"><h3 class=\"wp-block-heading has-text-align-left\">Vorteile des Gro\u00dfhandels mit Verdunstungsluftk\u00fchlern<\/h3>\n\n<ul class=\"wp-block-list\"><li><strong>Leicht zu reinigen und zu pflegen:<\/strong> Dieser Gro\u00dfhandel Verdunstungsluftk\u00fchler hat ein abnehmbares Staubgitter, das Ihnen hilft, regelm\u00e4\u00dfig zu reinigen und zu warten, um die Luft sauber zu halten, auch um das Ger\u00e4t effizient und effektiv arbeiten, die Verl\u00e4ngerung der Lebensdauer. Es kann f\u00fcr eine lange Zeit im Haus ohne Probleme verwendet werden, vor allem f\u00fcr die Industrie.<\/li>\n\n<li><strong>Flexibel und stabil: <\/strong>Unser Gro\u00dfhandels-Luftk\u00fchler-Ventilator ist mit einer Vorderrad-Bremsfunktion ausgestattet, die leicht zu bewegen und fest zu fixieren ist, so dass die Ausr\u00fcstung frei bewegt und stabil in gro\u00dfen industriellen Umgebungen platziert werden kann, um sich an die Bed\u00fcrfnisse der verschiedenen Szenarien anzupassen.<\/li>\n\n<li><strong>Umgekehrte Verpackung des Wassertanks: <\/strong>Dieser Verdunstungsluftk\u00fchler f\u00fcr den Gro\u00dfhandel verf\u00fcgt \u00fcber ein innovatives Verpackungsdesign mit umgedrehtem Wassertank, um die Platzersparnis beim Transport zu maximieren, die Logistik- und Lagerkosten zu senken und eignet sich sehr gut f\u00fcr Gro\u00dfeink\u00e4ufe und zur Verbesserung der allgemeinen betrieblichen Effizienz.<\/li>\n\n<li><strong>Anpassung an die Bed\u00fcrfnisse der Industrie:<\/strong> Our wholesale evaporative air cooler has a large-capacity 80L water tank design, which can provide strong cooling effect for a long time. It is suitable for various large industrial sites, ensuring that the equipment can still provide continuous and stable cooling services in high temperature environments.<\/li><\/ul><\/div>\n\n<div class=\"wp-block-column is-layout-flow wp-block-column-is-layout-flow\"><figure class=\"wp-block-image size-full\"><img decoding=\"async\" width=\"800\" height=\"800\" src=\"https:\/\/www.gdwanjiada.net\/wp-content\/uploads\/2024\/09\/80L-Wholesale-Evaporative-Air-Cooler-For-Industrial-Use-6.webp\" alt=\"80L Gro\u00dfhandel Verdunstungsluftk\u00fchler f\u00fcr industrielle Nutzung-6\" class=\"wp-image-595\" srcset=\"https:\/\/www.gdwanjiada.net\/wp-content\/uploads\/2024\/09\/80L-Wholesale-Evaporative-Air-Cooler-For-Industrial-Use-6.webp 800w, https:\/\/www.gdwanjiada.net\/wp-content\/uploads\/2024\/09\/80L-Wholesale-Evaporative-Air-Cooler-For-Industrial-Use-6-300x300.webp 300w, https:\/\/www.gdwanjiada.net\/wp-content\/uploads\/2024\/09\/80L-Wholesale-Evaporative-Air-Cooler-For-Industrial-Use-6-150x150.webp 150w, https:\/\/www.gdwanjiada.net\/wp-content\/uploads\/2024\/09\/80L-Wholesale-Evaporative-Air-Cooler-For-Industrial-Use-6-768x768.webp 768w, https:\/\/www.gdwanjiada.net\/wp-content\/uploads\/2024\/09\/80L-Wholesale-Evaporative-Air-Cooler-For-Industrial-Use-6-600x600.webp 600w, https:\/\/www.gdwanjiada.net\/wp-content\/uploads\/2024\/09\/80L-Wholesale-Evaporative-Air-Cooler-For-Industrial-Use-6-100x100.webp 100w\" sizes=\"(max-width: 800px) 100vw, 800px\" \/><\/figure><\/div><\/div><p><\/p>","protected":false},"excerpt":{"rendered":"<p>Willkommen bei unserem Gro\u00dfhandel Verdunstungsluftk\u00fchler, die f\u00fcr industrielle Umgebungen, leicht zu reinigen und zu warten, und flexibel und stabil konzipiert ist. Der 80L Wassertank sorgt f\u00fcr eine kontinuierliche und effiziente K\u00fchlung, geeignet f\u00fcr die K\u00fchlung Bed\u00fcrfnisse der gro\u00dfen Industrieanlagen.<\/p>\n<h2>Gro\u00dfhandel Verdunstungsluftk\u00fchler Merkmale\uff1a<\/h2>\n<ul>\n<li>Es integriert die Funktionen K\u00fchlen, Befeuchten und Reinigen und ist ein Mehrzweckger\u00e4t.<\/li>\n<li>Es verwendet einen dreiseitigen Lufteinlass und hocheffiziente Verdunstungsk\u00fchlvorh\u00e4nge, wodurch die K\u00fchlwirkung noch deutlicher wird.<\/li>\n<li>Manuelle Auf- und Abw\u00e4rtsbewegung, automatische Auf- und Abw\u00e4rtsbewegung nach links und rechts, drei verschiedene Windgeschwindigkeiten.<\/li>\n<li>Axiales Laufrad mit gro\u00dfem Durchmesser, gro\u00dfes Luftvolumen, geringer Ger\u00e4uschpegel.<\/li>\n<li>Geteilter Wassertank mit gro\u00dfem Fassungsverm\u00f6gen, leicht zu reinigen.<\/li>\n<li>Die Oberseite des Ger\u00e4ts kann umgedreht werden, um Wasser, Eis und Eiskristalle hinzuzuf\u00fcgen, damit es k\u00fchler wird.<\/li>\n<li>Abnehmbares, staubdichtes Netz f\u00fcr einfache Reinigung.<\/li>\n<li>Das Vorderrad verf\u00fcgt \u00fcber eine Feststellbremse, die das Bewegen und Platzieren erleichtert.<\/li>\n<li>Die Tauchpumpe verf\u00fcgt \u00fcber mehrere Schutzfunktionen, eine ausreichende Wassermenge und ist sicher und garantiert.<\/li>\n<li>Motor aus reinem Kupfer.<\/li>\n<li>Der Wassertank wird in einer umgedrehten Verpackung gestapelt, um beim Transport Platz und Kosten zu sparen.<\/li>\n<\/ul>","protected":false},"featured_media":590,"comment_status":"closed","ping_status":"closed","template":"","meta":{"_acf_changed":false},"product_brand":[],"product_cat":[26],"product_tag":[29],"class_list":{"0":"post-589","1":"product","2":"type-product","3":"status-publish","4":"has-post-thumbnail","6":"product_cat-wholesale-air-coolers","7":"product_tag-wholesale-industrial-evaporative-air-coolers","9":"first","10":"instock","11":"shipping-taxable","12":"product-type-simple"},"acf":[],"_links":{"self":[{"href":"https:\/\/www.gdwanjiada.net\/de\/wp-json\/wp\/v2\/product\/589","targetHints":{"allow":["GET"]}}],"collection":[{"href":"https:\/\/www.gdwanjiada.net\/de\/wp-json\/wp\/v2\/product"}],"about":[{"href":"https:\/\/www.gdwanjiada.net\/de\/wp-json\/wp\/v2\/types\/product"}],"replies":[{"embeddable":true,"href":"https:\/\/www.gdwanjiada.net\/de\/wp-json\/wp\/v2\/comments?post=589"}],"wp:featuredmedia":[{"embeddable":true,"href":"https:\/\/www.gdwanjiada.net\/de\/wp-json\/wp\/v2\/media\/590"}],"wp:attachment":[{"href":"https:\/\/www.gdwanjiada.net\/de\/wp-json\/wp\/v2\/media?parent=589"}],"wp:term":[{"taxonomy":"product_brand","embeddable":true,"href":"https:\/\/www.gdwanjiada.net\/de\/wp-json\/wp\/v2\/product_brand?post=589"},{"taxonomy":"product_cat","embeddable":true,"href":"https:\/\/www.gdwanjiada.net\/de\/wp-json\/wp\/v2\/product_cat?post=589"},{"taxonomy":"product_tag","embeddable":true,"href":"https:\/\/www.gdwanjiada.net\/de\/wp-json\/wp\/v2\/product_tag?post=589"}],"curies":[{"name":"wp","href":"https:\/\/api.w.org\/{rel}","templated":true}]}}