{"id":538,"date":"2024-09-26T09:08:07","date_gmt":"2024-09-26T09:08:07","guid":{"rendered":"https:\/\/www.gdwanjiada.net\/?post_type=product&#038;p=538"},"modified":"2026-04-17T02:19:55","modified_gmt":"2026-04-17T02:19:55","slug":"commercial-air-coolers-wholesale","status":"publish","type":"product","link":"https:\/\/www.gdwanjiada.net\/de\/produkt\/commercial-air-coolers-wholesale\/","title":{"rendered":"Reinigung kommerzielle Luftk\u00fchler Gro\u00dfhandel, Fabrik Preis"},"content":{"rendered":"<h3 class=\"wp-block-heading has-text-align-center\">Spezifikationen f\u00fcr kommerzielle Luftk\u00fchler im Gro\u00dfhandel<\/h3><figure class=\"wp-block-table\"><table class=\"has-fixed-layout\"><tbody><tr><td rowspan=\"2\">Modell<\/td><td rowspan=\"2\">Leistung(W)&nbsp;<\/td><td colspan=\"3\">Luftstrom (m\u00b3\/h)<\/td><td rowspan=\"2\">Fassungsverm\u00f6gen des Wassertanks (L)<\/td><td colspan=\"3\">Produktgr\u00f6\u00dfe (mm)&nbsp;<\/td><td rowspan=\"2\">Wasserverbrauch (L\/H)<\/td><td rowspan=\"2\">Gr\u00f6\u00dfe des K\u00fchlkissens (mm)<\/td><td rowspan=\"2\">Verpacken<\/td><td rowspan=\"2\">N.W.\/Gew. (kg)&nbsp;&nbsp;<\/td><td rowspan=\"2\">Packungsgr\u00f6\u00dfe (mm)&nbsp;<\/td><td colspan=\"2\">Menge laden<\/td><\/tr><tr><td>H<\/td><td>M<\/td><td>L<\/td><td>L<\/td><td>W<\/td><td>H<\/td><td>20'GP<\/td><td>40'HQ<\/td><\/tr><tr><td>WJD980F-1L<\/td><td>90<\/td><td>980<\/td><td>750<\/td><td>550<\/td><td>18.0<\/td><td>335<\/td><td>340<\/td><td>840<\/td><td>1.5<\/td><td>215*40*270<\/td><td>1 St\u00fcck<\/td><td>7.5\/9.5<\/td><td>392*385*870<\/td><td>240<\/td><td>536<\/td><\/tr><\/tbody><\/table><\/figure><div class=\"wp-block-columns is-layout-flex wp-container-core-columns-is-layout-9d6595d7 wp-block-columns-is-layout-flex\"><div class=\"wp-block-column is-layout-flow wp-block-column-is-layout-flow\" style=\"flex-basis:50%\"><h3 class=\"wp-block-heading has-text-align-left\">Vorteile von kommerziellen Luftk\u00fchlern im Gro\u00dfhandel<\/h3>\n\n<ul class=\"wp-block-list\"><li><strong>Vierseitiger Lufteinlass: <\/strong>Diese kommerziellen Luftk\u00fchler f\u00fcr den Gro\u00dfhandel sind mit einem vierseitigen Lufteinlass ausgestattet. Es erh\u00f6ht die Feuchtigkeit in der Luft durch die K\u00fchlung des nassen Vorhangs, verbessert effektiv die K\u00fchleffizienz und reduziert schnell die Innentemperatur. Es ist geeignet f\u00fcr den Einsatz in gro\u00dfen kommerziellen Orten.<\/li>\n\n<li><strong>Ger\u00e4uscharm und gro\u00dfe Luftleistung:<\/strong> Dieser tragbare Verdunstungsluftk\u00fchler f\u00fcr den Gro\u00dfhandel verf\u00fcgt \u00fcber ein zentrifugales Windraddesign mit starkem Luftvolumen, das die Raumluft schnell zirkulieren und einen gro\u00dfen Bereich abdecken kann. Gleichzeitig sorgt der ger\u00e4uscharme Betrieb daf\u00fcr, dass er die t\u00e4gliche Arbeit und das Kundenerlebnis nicht beeintr\u00e4chtigt, was ihn zu einer idealen Wahl f\u00fcr gewerbliche R\u00e4ume macht.<\/li>\n\n<li><strong>Hochwertiger K\u00f6rper aus reinem Kupfer: <\/strong>Der Maschinenk\u00f6rper unserer kommerziellen Luftk\u00fchler Gro\u00dfhandel ist aus hochwertigem reinem Kupfer Material hergestellt, um sicherzustellen, dass das Produkt hat extrem hohe Haltbarkeit und Korrosionsbest\u00e4ndigkeit, passt sich an langfristige Nutzung braucht, und f\u00fchrt gut in verschiedenen Umgebungen mit einer langen Lebensdauer.<\/li>\n\n<li><strong>Verbesserte K\u00fchlwirkung: <\/strong>Das obere Design dieser tragbaren Verdunstungsluftk\u00fchler Gro\u00dfhandel ist bequem, und Wasser, Eis oder Eiskristalle k\u00f6nnen leicht hinzugef\u00fcgt werden, die stark die K\u00fchlwirkung verbessert. Die Benutzer k\u00f6nnen es je nach den Bed\u00fcrfnissen der Umgebung einstellen, um eine k\u00fchlere Erfahrung in den Raum zu bringen.<\/li><\/ul><\/div>\n\n<div class=\"wp-block-column is-layout-flow wp-block-column-is-layout-flow\"><figure class=\"wp-block-image size-full\"><img decoding=\"async\" width=\"800\" height=\"800\" src=\"https:\/\/www.gdwanjiada.net\/wp-content\/uploads\/2024\/09\/Commercial-Air-Coolers-Wholesale-With-Purification-Function-5.webp\" alt=\"Kommerzielle Luftk\u00fchler Gro\u00dfhandel mit Reinigung Funktion-5\" class=\"wp-image-543\" srcset=\"https:\/\/www.gdwanjiada.net\/wp-content\/uploads\/2024\/09\/Commercial-Air-Coolers-Wholesale-With-Purification-Function-5.webp 800w, https:\/\/www.gdwanjiada.net\/wp-content\/uploads\/2024\/09\/Commercial-Air-Coolers-Wholesale-With-Purification-Function-5-300x300.webp 300w, https:\/\/www.gdwanjiada.net\/wp-content\/uploads\/2024\/09\/Commercial-Air-Coolers-Wholesale-With-Purification-Function-5-150x150.webp 150w, https:\/\/www.gdwanjiada.net\/wp-content\/uploads\/2024\/09\/Commercial-Air-Coolers-Wholesale-With-Purification-Function-5-768x768.webp 768w, https:\/\/www.gdwanjiada.net\/wp-content\/uploads\/2024\/09\/Commercial-Air-Coolers-Wholesale-With-Purification-Function-5-600x600.webp 600w, https:\/\/www.gdwanjiada.net\/wp-content\/uploads\/2024\/09\/Commercial-Air-Coolers-Wholesale-With-Purification-Function-5-100x100.webp 100w\" sizes=\"(max-width: 800px) 100vw, 800px\" \/><\/figure><\/div><\/div><p><\/p>","protected":false},"excerpt":{"rendered":"<p>Willkommen zum Kauf von Verdunstungsluftk\u00fchlern. Diese kommerziellen Luftk\u00fchler Gro\u00dfhandel haben eine vierseitige Lufteinlass und K\u00fchlung nassen Vorhang Design, das die K\u00fchlwirkung deutlich verbessert. Das Zentrifugal-L\u00fcfterrad sorgt f\u00fcr gro\u00dfe Luftvolumenleistung und geringes Rauschen. Die hochwertige reine Kupfer K\u00f6rper ist langlebig und geeignet f\u00fcr gro\u00dfe kommerzielle Orte.<\/p>\n<h2>Kommerzielle Luftk\u00fchler Gro\u00dfhandel Eigenschaften\uff1a<\/h2>\n<ul>\n<li>K\u00fchlen, Befeuchten und Reinigen, ein Mehrzweckger\u00e4t.<\/li>\n<li>Der Wind, der von 4 Seiten eindringt, macht den K\u00fchleffekt noch deutlicher.<\/li>\n<li>Multifunktions-Bedienfeld, LED-Anzeige, intelligente Fernbedienung.<\/li>\n<li>Anionenfunktion, reinigt die Luft.<\/li>\n<li>Zentrifugalwindrad, gro\u00dfer Wind, geringer L\u00e4rm.<\/li>\n<li>Nat\u00fcrlicher Wind, Schlafwind, Standardwind zur Auswahl.<\/li>\n<li>Timing-Einstellung von 1-7 Stunden.<\/li>\n<li>Der Wassertank kann von der Maschine getrennt werden und ist leicht zu reinigen.<\/li>\n<li>Manuell auf und ab, automatisch links und rechts durch die Fl\u00fcgel. 3 Windgeschwindigkeiten zur Auswahl.<\/li>\n<li>Sie k\u00f6nnen Wasser oder Eis in den oberen Bereich einf\u00fcllen, um die K\u00fchlung zu verst\u00e4rken.<\/li>\n<li>Motor aus reinem Kupfer.<\/li>\n<\/ul>","protected":false},"featured_media":539,"comment_status":"closed","ping_status":"closed","template":"","meta":{"_acf_changed":false},"product_brand":[],"product_cat":[26],"product_tag":[27],"class_list":{"0":"post-538","1":"product","2":"type-product","3":"status-publish","4":"has-post-thumbnail","6":"product_cat-wholesale-air-coolers","7":"product_tag-wholesale-home-air-coolers","9":"first","10":"instock","11":"shipping-taxable","12":"product-type-simple"},"acf":[],"_links":{"self":[{"href":"https:\/\/www.gdwanjiada.net\/de\/wp-json\/wp\/v2\/product\/538","targetHints":{"allow":["GET"]}}],"collection":[{"href":"https:\/\/www.gdwanjiada.net\/de\/wp-json\/wp\/v2\/product"}],"about":[{"href":"https:\/\/www.gdwanjiada.net\/de\/wp-json\/wp\/v2\/types\/product"}],"replies":[{"embeddable":true,"href":"https:\/\/www.gdwanjiada.net\/de\/wp-json\/wp\/v2\/comments?post=538"}],"wp:featuredmedia":[{"embeddable":true,"href":"https:\/\/www.gdwanjiada.net\/de\/wp-json\/wp\/v2\/media\/539"}],"wp:attachment":[{"href":"https:\/\/www.gdwanjiada.net\/de\/wp-json\/wp\/v2\/media?parent=538"}],"wp:term":[{"taxonomy":"product_brand","embeddable":true,"href":"https:\/\/www.gdwanjiada.net\/de\/wp-json\/wp\/v2\/product_brand?post=538"},{"taxonomy":"product_cat","embeddable":true,"href":"https:\/\/www.gdwanjiada.net\/de\/wp-json\/wp\/v2\/product_cat?post=538"},{"taxonomy":"product_tag","embeddable":true,"href":"https:\/\/www.gdwanjiada.net\/de\/wp-json\/wp\/v2\/product_tag?post=538"}],"curies":[{"name":"wp","href":"https:\/\/api.w.org\/{rel}","templated":true}]}}