{"id":429,"date":"2024-09-25T03:35:38","date_gmt":"2024-09-25T03:35:38","guid":{"rendered":"https:\/\/www.gdwanjiada.net\/?post_type=product&#038;p=429"},"modified":"2025-11-15T02:14:55","modified_gmt":"2025-11-15T02:14:55","slug":"evaporative-air-coolers-wholesale","status":"publish","type":"product","link":"https:\/\/www.gdwanjiada.net\/de\/produkt\/evaporative-air-coolers-wholesale\/","title":{"rendered":"Beste Verdunstungsluftk\u00fchler Gro\u00dfhandel mit Fernbedienung f\u00fcr Schlafzimmer"},"content":{"rendered":"<h3 class=\"wp-block-heading has-text-align-center\">Spezifikationen f\u00fcr Verdunstungsluftk\u00fchler im Gro\u00dfhandel<\/h3><figure class=\"wp-block-table\"><table class=\"has-fixed-layout\"><tbody><tr><td rowspan=\"2\">Modell<\/td><td rowspan=\"2\">Leistung(W)&nbsp;<\/td><td colspan=\"3\">Luftstrom (m\u00b3\/h)<\/td><td rowspan=\"2\">Fassungsverm\u00f6gen des Wassertanks (L)<\/td><td colspan=\"3\">Produktgr\u00f6\u00dfe (mm)&nbsp;<\/td><td rowspan=\"2\">Gr\u00f6\u00dfe des K\u00fchlkissens (mm)<\/td><td rowspan=\"2\">Verpacken<\/td><td rowspan=\"2\">N.W.\/Gew. (kg)&nbsp;&nbsp;<\/td><td rowspan=\"2\">Packungsgr\u00f6\u00dfe (mm)&nbsp;<\/td><td colspan=\"2\">Menge laden<\/td><\/tr><tr><td>H<\/td><td>M<\/td><td>L<\/td><td>L<\/td><td>W<\/td><td>H<\/td><td>20'GP<\/td><td>40'HQ<\/td><\/tr><tr><td>WJD880F-1L<\/td><td>90<\/td><td>900<\/td><td>600<\/td><td>300<\/td><td>5.5<\/td><td>280<\/td><td>280<\/td><td>635<\/td><td>30*210*265<\/td><td>1 St\u00fcck<\/td><td>4.5\/6<\/td><td>330*330*670<\/td><td>428<\/td><td>1008<\/td><\/tr><\/tbody><\/table><\/figure><div class=\"wp-block-columns is-layout-flex wp-container-core-columns-is-layout-9d6595d7 wp-block-columns-is-layout-flex\"><div class=\"wp-block-column is-layout-flow wp-block-column-is-layout-flow\" style=\"flex-basis:50%\"><h3 class=\"wp-block-heading has-text-align-left\">Vorteile von Verdunstungsluftk\u00fchlern im Gro\u00dfhandel<\/h3>\n\n<ul class=\"wp-block-list\"><li><strong>Effiziente K\u00fchlung: <\/strong>Unsere Verdunstungsluftk\u00fchler f\u00fcr den Gro\u00dfhandel nutzen die neueste Verdunstungsk\u00fchltechnologie, um Innenr\u00e4ume schnell zu k\u00fchlen.<\/li>\n\n<li><strong>Energieeinsparung und Umweltschutz:<\/strong> Unsere Luftk\u00fchler f\u00fcr den Gro\u00dfhandel sind energiesparend, verbrauchsarm, vermeiden den Einsatz von K\u00e4ltemitteln und k\u00fchlen durch den nat\u00fcrlichen Prozess der Wasserverdunstung, was die Umwelt schont und Energie spart.<\/li>\n\n<li><strong>Einfache Bedienung: <\/strong>Unsere Verdunstungsluftk\u00fchler Gro\u00dfhandel sind humanisiert im Design und ausgestattet mit einer Vielzahl von intelligenten Funktionsmodi, einschlie\u00dflich Windgeschwindigkeit Anpassung, zeitgesteuerte Abschaltung, etc. Die Bedienoberfl\u00e4che ist einfach und leicht zu verstehen.<\/li>\n\n<li><strong>Flexible Bewegung: <\/strong>Diese Gro\u00dfhandels-Luftk\u00fchler sind leicht und mit Universalrollen an der Unterseite ausgestattet, die sich m\u00fchelos zwischen den R\u00e4umen bewegen lassen.<\/li><\/ul><\/div>\n\n<div class=\"wp-block-column is-layout-flow wp-block-column-is-layout-flow\"><figure class=\"wp-block-image size-full\"><img decoding=\"async\" width=\"800\" height=\"800\" src=\"https:\/\/www.gdwanjiada.net\/wp-content\/uploads\/2024\/09\/Factory-Supply-Evaporative-Air-Coolers-Wholesale-For-Home-Use-6.webp\" alt=\"Fabrik Versorgung Verdunstungsluft K\u00fchler Gro\u00dfhandel f\u00fcr Home Use-6\" class=\"wp-image-440\" srcset=\"https:\/\/www.gdwanjiada.net\/wp-content\/uploads\/2024\/09\/Factory-Supply-Evaporative-Air-Coolers-Wholesale-For-Home-Use-6.webp 800w, https:\/\/www.gdwanjiada.net\/wp-content\/uploads\/2024\/09\/Factory-Supply-Evaporative-Air-Coolers-Wholesale-For-Home-Use-6-300x300.webp 300w, https:\/\/www.gdwanjiada.net\/wp-content\/uploads\/2024\/09\/Factory-Supply-Evaporative-Air-Coolers-Wholesale-For-Home-Use-6-150x150.webp 150w, https:\/\/www.gdwanjiada.net\/wp-content\/uploads\/2024\/09\/Factory-Supply-Evaporative-Air-Coolers-Wholesale-For-Home-Use-6-768x768.webp 768w, https:\/\/www.gdwanjiada.net\/wp-content\/uploads\/2024\/09\/Factory-Supply-Evaporative-Air-Coolers-Wholesale-For-Home-Use-6-600x600.webp 600w, https:\/\/www.gdwanjiada.net\/wp-content\/uploads\/2024\/09\/Factory-Supply-Evaporative-Air-Coolers-Wholesale-For-Home-Use-6-100x100.webp 100w\" sizes=\"(max-width: 800px) 100vw, 800px\" \/><\/figure><\/div><\/div>","protected":false},"excerpt":{"rendered":"<p>Unsere Verdunstungsluftk\u00fchler f\u00fcr den Gro\u00dfhandel nutzen fortschrittliche Technologie, um eine effiziente K\u00fchlung zu erreichen und eine komfortable und k\u00fchle Umgebung f\u00fcr die Familie zu schaffen. Es ist energiesparend und umweltfreundlich und hat eine einfache und leicht zu bedienende Betriebssystem, gepaart mit einem flexiblen und mobilen Design, um die Bed\u00fcrfnisse der Nutzung bei verschiedenen Gelegenheiten zu erf\u00fcllen.<\/p>\n<h2>Produktmerkmale\uff1a<\/h2>\n<ul>\n<li>K\u00fchlung, Befeuchtung und Reinigung, ein Mehrzweckger\u00e4t.<\/li>\n<li>Manuell nach oben und unten, automatisch nach links und rechts durch Fl\u00fcgel.<\/li>\n<li>Drei Windgeschwindigkeiten zur Auswahl.<\/li>\n<li>Weitwinkel liefern bequemen Wind.<\/li>\n<li>Der Wassertank kann aus der Maschine herausgenommen werden und ist leicht zu reinigen.<\/li>\n<li>Schlie\u00dfen Sie die Bel\u00fcftungs\u00f6ffnungen von Hand.<\/li>\n<\/ul>","protected":false},"featured_media":436,"comment_status":"closed","ping_status":"closed","template":"","meta":{"_acf_changed":false},"product_brand":[],"product_cat":[26],"product_tag":[27],"class_list":{"0":"post-429","1":"product","2":"type-product","3":"status-publish","4":"has-post-thumbnail","6":"product_cat-wholesale-air-coolers","7":"product_tag-wholesale-home-air-coolers","9":"first","10":"instock","11":"shipping-taxable","12":"product-type-simple"},"acf":[],"_links":{"self":[{"href":"https:\/\/www.gdwanjiada.net\/de\/wp-json\/wp\/v2\/product\/429","targetHints":{"allow":["GET"]}}],"collection":[{"href":"https:\/\/www.gdwanjiada.net\/de\/wp-json\/wp\/v2\/product"}],"about":[{"href":"https:\/\/www.gdwanjiada.net\/de\/wp-json\/wp\/v2\/types\/product"}],"replies":[{"embeddable":true,"href":"https:\/\/www.gdwanjiada.net\/de\/wp-json\/wp\/v2\/comments?post=429"}],"wp:featuredmedia":[{"embeddable":true,"href":"https:\/\/www.gdwanjiada.net\/de\/wp-json\/wp\/v2\/media\/436"}],"wp:attachment":[{"href":"https:\/\/www.gdwanjiada.net\/de\/wp-json\/wp\/v2\/media?parent=429"}],"wp:term":[{"taxonomy":"product_brand","embeddable":true,"href":"https:\/\/www.gdwanjiada.net\/de\/wp-json\/wp\/v2\/product_brand?post=429"},{"taxonomy":"product_cat","embeddable":true,"href":"https:\/\/www.gdwanjiada.net\/de\/wp-json\/wp\/v2\/product_cat?post=429"},{"taxonomy":"product_tag","embeddable":true,"href":"https:\/\/www.gdwanjiada.net\/de\/wp-json\/wp\/v2\/product_tag?post=429"}],"curies":[{"name":"wp","href":"https:\/\/api.w.org\/{rel}","templated":true}]}}