{"id":2139,"date":"2025-12-17T08:02:39","date_gmt":"2025-12-17T08:02:39","guid":{"rendered":"https:\/\/www.gdwanjiada.net\/?post_type=product&#038;p=2139"},"modified":"2025-12-17T08:03:30","modified_gmt":"2025-12-17T08:03:30","slug":"wholesale-air-cooler-fan","status":"publish","type":"product","link":"https:\/\/www.gdwanjiada.net\/de\/produkt\/wholesale-air-cooler-fan\/","title":{"rendered":"Gro\u00dfhandel Air Cooler Fan, tragbare Verdunstungsk\u00fchler Bulk"},"content":{"rendered":"<h3 class=\"wp-block-heading has-text-align-center\">Spezifikationen von Gro\u00dfhandel Luft K\u00fchler Fan<\/h3><figure class=\"wp-block-table\"><table class=\"has-fixed-layout\"><tbody><tr><td>Modell<\/td><td>Spannung<\/td><td>Strom<\/td><td>Windgeschwindigkeit<\/td><td>Kapazit\u00e4t der Batterie<\/td><td>Luftstrom<\/td><td>Wassertank<\/td><td>G.W.<\/td><td>N.W.<\/td><td>Gr\u00f6\u00dfe des Produkts<\/td><td>Packungsgr\u00f6\u00dfe<\/td><td colspan=\"2\">Menge laden<\/td><\/tr><tr><td rowspan=\"2\">WJD4500F-1D<\/td><td rowspan=\"2\">DC24V<\/td><td rowspan=\"2\">75W<\/td><td rowspan=\"2\">6<\/td><td rowspan=\"2\">4000mAh*12St\u00fcck<\/td><td rowspan=\"2\">4500m\u00b3\/h<\/td><td rowspan=\"2\">42L<\/td><td rowspan=\"2\">14,6 kg<\/td><td rowspan=\"2\">12,6 kg<\/td><td rowspan=\"2\">500*410*960mm<\/td><td rowspan=\"2\">550*460*1020mm<\/td><td>20 GP<\/td><td>40 HQ<\/td><\/tr><tr><td>122 St\u00fcck<\/td><td>278 St\u00fcck<\/td><\/tr><\/tbody><\/table><\/figure><div class=\"wp-block-columns is-layout-flex wp-container-core-columns-is-layout-9d6595d7 wp-block-columns-is-layout-flex\"><div class=\"wp-block-column is-layout-flow wp-block-column-is-layout-flow\" style=\"flex-basis:50%\"><h3 class=\"wp-block-heading has-text-align-left\">Vorteile des Gro\u00dfhandels Luftk\u00fchler Ventilator<\/h3>\n\n<ul class=\"wp-block-list\"><li><strong>42L gro\u00dfer Wassertank:<\/strong> Diese Gro\u00dfhandels-Luftk\u00fchler-Ventilatoren bieten kontinuierliche K\u00fchlung \u00fcber l\u00e4ngere Zeitr\u00e4ume. Der gro\u00dfe 42-Liter-Wassertank reduziert den Bedarf an h\u00e4ufigen Nachf\u00fcllungen und eignet sich daher f\u00fcr kommerzielle Anwendungen, technische Projekte und den Einsatz im Freien.<\/li>\n\n<li><strong>Drei Lufteinl\u00e4sse + vier K\u00fchlvorh\u00e4nge:<\/strong> Diese Gro\u00dfhandels-Luftk\u00fchler-Ventilatoren erzielen eine effiziente Verdunstungsk\u00fchlung. Die doppelten K\u00fchlvorh\u00e4nge auf der R\u00fcckseite und die dreiseitige Lufteinlassstruktur auf der linken und rechten Seite f\u00fchren zu einer schnelleren Abk\u00fchlung und konzentrierteren K\u00fchlluft, wodurch sie besonders f\u00fcr M\u00e4rkte in Hochtemperatur- und Trockengebieten geeignet sind.<\/li>\n\n<li><strong>Hoher Luftstrom und extrem leiser Betrieb:<\/strong> Dieser Gro\u00dfhandelsl\u00fcfter f\u00fcr Luftk\u00fchler verf\u00fcgt \u00fcber Axiall\u00fcfterbl\u00e4tter mit gro\u00dfem Durchmesser und einen Gleichstrommotor, der einen hohen Luftdurchsatz und gleichzeitig einen ger\u00e4uscharmen Betrieb gew\u00e4hrleistet und sich f\u00fcr ruhige Umgebungen wie Schlafzimmer und B\u00fcros eignet.<\/li>\n\n<li><strong>Lange Batterielebensdauer und echte kabellose Tragbarkeit:<\/strong> Diese Luftk\u00fchler sind mit 12 eingebauten 21700 Lithium-Ionen-Batterien ausgestattet, die bei niedriger Einstellung bis zu 48 Stunden Akkulaufzeit bieten und den Anforderungen eines l\u00e4ngeren kabellosen Einsatzes gerecht werden. Ausgestattet mit vier omnidirektionalen R\u00e4dern, einschlie\u00dflich einer Feststellfunktion an den Vorderr\u00e4dern, bieten sie eine einfache Bewegung und stabile Positionierung, die eine wirklich freie Bewegung im ganzen Haus erm\u00f6glicht.<\/li><\/ul><\/div>\n\n<div class=\"wp-block-column is-layout-flow wp-block-column-is-layout-flow\"><figure class=\"wp-block-image size-full\"><img decoding=\"async\" width=\"1200\" height=\"1200\" src=\"https:\/\/www.gdwanjiada.net\/wp-content\/uploads\/2025\/12\/wholesale-air-cooler-fan-portable-evaporative-cooler-bulk-1.webp\" alt=\"Gro\u00dfhandel-Luftk\u00fchler-Ventilator-tragbarer-Verdunstungsk\u00fchler-Gro\u00dfpackung-1\" class=\"wp-image-2141\" srcset=\"https:\/\/www.gdwanjiada.net\/wp-content\/uploads\/2025\/12\/wholesale-air-cooler-fan-portable-evaporative-cooler-bulk-1.webp 1200w, https:\/\/www.gdwanjiada.net\/wp-content\/uploads\/2025\/12\/wholesale-air-cooler-fan-portable-evaporative-cooler-bulk-1-300x300.webp 300w, https:\/\/www.gdwanjiada.net\/wp-content\/uploads\/2025\/12\/wholesale-air-cooler-fan-portable-evaporative-cooler-bulk-1-150x150.webp 150w, https:\/\/www.gdwanjiada.net\/wp-content\/uploads\/2025\/12\/wholesale-air-cooler-fan-portable-evaporative-cooler-bulk-1-768x768.webp 768w, https:\/\/www.gdwanjiada.net\/wp-content\/uploads\/2025\/12\/wholesale-air-cooler-fan-portable-evaporative-cooler-bulk-1-12x12.webp 12w, https:\/\/www.gdwanjiada.net\/wp-content\/uploads\/2025\/12\/wholesale-air-cooler-fan-portable-evaporative-cooler-bulk-1-600x600.webp 600w, https:\/\/www.gdwanjiada.net\/wp-content\/uploads\/2025\/12\/wholesale-air-cooler-fan-portable-evaporative-cooler-bulk-1-100x100.webp 100w\" sizes=\"(max-width: 1200px) 100vw, 1200px\" \/><\/figure><\/div><\/div><p><\/p>","protected":false},"excerpt":{"rendered":"<p>Willkommen bei unserem tragbaren 42L Gro\u00dfhandels-Luftk\u00fchler-Ventilator, der leistungsstarke K\u00fchlung, Befeuchtung und Luftreinigung in einem Ger\u00e4t bietet. Das eingebaute 21700-Lithium-Batteriesystem erm\u00f6glicht einen Betrieb von bis zu 48 Stunden und ist damit ideal f\u00fcr kommerzielle, Outdoor- und mobile K\u00fchlanwendungen. Eine zuverl\u00e4ssige und hochwertige L\u00f6sung f\u00fcr Gro\u00dfauftr\u00e4ge, OEM und Gro\u00dfhandel.<\/p>\n<h2>Gro\u00dfhandel Luft K\u00fchler Fan Features\uff1a<\/h2>\n<ul>\n<li>K\u00fchlung, Befeuchtung und Reinigung, ein Mehrzweckger\u00e4t<\/li>\n<li>4 St\u00fcck K\u00fchlpads (doppelte K\u00fchlpads auf der R\u00fcckseite) und der Wind an 3 Seiten, wodurch der K\u00fchleffekt noch deutlicher wird<\/li>\n<li>Multifunktionales Bedienfeld, dynamische LED-Anzeige, Temperaturanzeige und intelligente Fernbedienung<\/li>\n<li>Anionenfunktion, reinigt die Luft<\/li>\n<li>Axiall\u00fcfterfl\u00fcgel mit gro\u00dfem Durchmesser, Gleichstrommotor, gro\u00dfer Wind, ger\u00e4uscharm<\/li>\n<li>Timing-Einstellung von 1-12 Stunden<\/li>\n<li>Nat\u00fcrlicher Wind, Schlafwind und Standardwind zur Auswahl<\/li>\n<li>Manuell auf und ab, automatisch links und rechts durch Fl\u00fcgel<\/li>\n<li>Feststellfunktion durch vordere Rollen, leicht zu bewegen und zu platzieren<\/li>\n<li>Die mehrfach gesch\u00fctzte Wasserpumpe<\/li>\n<li>F\u00fcr mehr K\u00fchlung kann oben Wasser, Eis oder eine Eisbox angebracht werden<\/li>\n<li>Eingebaute 12 St\u00fcck 21700 Lithium-Batterie, der niedrigste Gang h\u00e4lt 48 Stunden, der h\u00f6chste Gang h\u00e4lt 3 Stunden und ist in 16 Stunden voll geladen<\/li>\n<\/ul>","protected":false},"featured_media":2147,"comment_status":"closed","ping_status":"closed","template":"","meta":{"_acf_changed":false},"product_brand":[],"product_cat":[26],"product_tag":[28,27],"class_list":{"0":"post-2139","1":"product","2":"type-product","3":"status-publish","4":"has-post-thumbnail","6":"product_cat-wholesale-air-coolers","7":"product_tag-commercial-air-coolers-wholesale","8":"product_tag-wholesale-home-air-coolers","10":"first","11":"instock","12":"shipping-taxable","13":"product-type-simple"},"acf":[],"_links":{"self":[{"href":"https:\/\/www.gdwanjiada.net\/de\/wp-json\/wp\/v2\/product\/2139","targetHints":{"allow":["GET"]}}],"collection":[{"href":"https:\/\/www.gdwanjiada.net\/de\/wp-json\/wp\/v2\/product"}],"about":[{"href":"https:\/\/www.gdwanjiada.net\/de\/wp-json\/wp\/v2\/types\/product"}],"replies":[{"embeddable":true,"href":"https:\/\/www.gdwanjiada.net\/de\/wp-json\/wp\/v2\/comments?post=2139"}],"wp:featuredmedia":[{"embeddable":true,"href":"https:\/\/www.gdwanjiada.net\/de\/wp-json\/wp\/v2\/media\/2147"}],"wp:attachment":[{"href":"https:\/\/www.gdwanjiada.net\/de\/wp-json\/wp\/v2\/media?parent=2139"}],"wp:term":[{"taxonomy":"product_brand","embeddable":true,"href":"https:\/\/www.gdwanjiada.net\/de\/wp-json\/wp\/v2\/product_brand?post=2139"},{"taxonomy":"product_cat","embeddable":true,"href":"https:\/\/www.gdwanjiada.net\/de\/wp-json\/wp\/v2\/product_cat?post=2139"},{"taxonomy":"product_tag","embeddable":true,"href":"https:\/\/www.gdwanjiada.net\/de\/wp-json\/wp\/v2\/product_tag?post=2139"}],"curies":[{"name":"wp","href":"https:\/\/api.w.org\/{rel}","templated":true}]}}