{"id":2057,"date":"2025-11-15T09:12:35","date_gmt":"2025-11-15T09:12:35","guid":{"rendered":"https:\/\/www.gdwanjiada.net\/?post_type=product&#038;p=2057"},"modified":"2025-12-17T07:34:14","modified_gmt":"2025-12-17T07:34:14","slug":"battery-powered-air-cooler-wholesale","status":"publish","type":"product","link":"https:\/\/www.gdwanjiada.net\/de\/produkt\/battery-powered-air-cooler-wholesale\/","title":{"rendered":"Effizienter batteriebetriebener Luftk\u00fchler im Gro\u00dfhandel mit 6 Geschwindigkeiten"},"content":{"rendered":"<h3 class=\"wp-block-heading has-text-align-center\">Spezifikationen des batteriebetriebenen Luftk\u00fchlers Gro\u00dfhandel<\/h3><figure class=\"wp-block-table\"><table class=\"has-fixed-layout\"><tbody><tr><td>Modell<\/td><td>Spannung<\/td><td>Strom<\/td><td>Windgeschwindigkeit<\/td><td>Kapazit\u00e4t der Batterie<\/td><td>Luftstrom<\/td><td>Wassertank<\/td><td>G.W.<\/td><td>N.W.<\/td><td>Gr\u00f6\u00dfe des Produkts<\/td><td>Packungsgr\u00f6\u00dfe<\/td><td colspan=\"2\">Menge laden<\/td><\/tr><tr><td rowspan=\"2\">WJD980F-3D<\/td><td rowspan=\"2\">12V GLEICHSTROM<\/td><td rowspan=\"2\">24W<\/td><td rowspan=\"2\">6<\/td><td rowspan=\"2\">4000mAh*3St\u00fcck<\/td><td rowspan=\"2\">900m\u00b3\/h<\/td><td rowspan=\"2\">5.5L<\/td><td rowspan=\"2\">6,5 kg<\/td><td rowspan=\"2\">5kg<\/td><td rowspan=\"2\">280*280*710<br>mm<\/td><td rowspan=\"2\">330*330*745mm<\/td><td>20 GP<\/td><td>40 HQ<\/td><\/tr><tr><td>346 St\u00fcck<\/td><td>832 St\u00fcck<\/td><\/tr><\/tbody><\/table><\/figure><div class=\"wp-block-columns is-layout-flex wp-container-core-columns-is-layout-9d6595d7 wp-block-columns-is-layout-flex\"><div class=\"wp-block-column is-layout-flow wp-block-column-is-layout-flow\" style=\"flex-basis:50%\"><h3 class=\"wp-block-heading has-text-align-left\">Vorteile des batteriebetriebenen Luftk\u00fchlers im Gro\u00dfhandel<\/h3>\n\n<ul class=\"wp-block-list\"><li><strong>Leistungsstarkes Batteriesystem: <\/strong>Diese Gro\u00dfhandels-Luftk\u00fchler-Ventilatoren sind mit drei eingebauten 21700-Lithium-Batterien ausgestattet, die bis zu 18 Stunden Dauerbetrieb erm\u00f6glichen. Ideal f\u00fcr Gro\u00dfh\u00e4ndler von Outdoor-Ausr\u00fcstung, E-Commerce-Verk\u00e4ufer, Anbieter von Mietausr\u00fcstung und Camping-Marken, die ihre K\u00fchlproduktlinien f\u00fcr Umgebungen ohne Stromversorgung erweitern.<\/li>\n\n<li><strong>Anpassbare Funktionen: <\/strong>Der batteriebetriebene Luftk\u00fchler Gro\u00dfhandel kann benutzerdefinierte K\u00f6rper Farbe, Logo, Verpackung und funktionale Parameter werden. OEM\/ODM-Projekte werden unterst\u00fctzt, was ihn zu einer idealen Wahl f\u00fcr Kunden macht, die ihre eigene Marke aufbauen und ihren Wettbewerbsvorteil verbessern wollen.<\/li>\n\n<li><strong>Multifunktionales All-in-One-Design:<\/strong> Der batteriebetriebene Luftk\u00fchler f\u00fcr den Gro\u00dfhandel integriert K\u00fchlung, Befeuchtung und Luftreinigung. Dieses Ger\u00e4t kann viele kleine K\u00fchlger\u00e4te ersetzen und so die Beschaffungskosten f\u00fcr den Endkunden senken. Gro\u00dfh\u00e4ndler k\u00f6nnen mit einem einzigen Produkt mehr Verbraucherbed\u00fcrfnisse abdecken und so die Effizienz ihres Produktportfolios verbessern.<\/li>\n\n<li><strong>Einfache Wartung:<\/strong> Der batteriebetriebene Luftk\u00fchler f\u00fcr den Gro\u00dfhandel verf\u00fcgt \u00fcber einen abnehmbaren Wassertank, eine leicht zu reinigende Luftkanalstruktur und langlebige Rollen, die die Ausfallrate und die Kosten f\u00fcr den Kundendienst reduzieren. Damit ist er ideal f\u00fcr B2B-Gro\u00dfeink\u00e4ufe und langfristige Partnerschaften.<\/li>\n\n<li><strong>Integrierter Touchscreen:<\/strong> Der batteriebetriebene Luftk\u00fchler f\u00fcr den Gro\u00dfhandel verf\u00fcgt \u00fcber ein integriertes schwarzes Touchpanel mit klarer Beschriftung (L\u00fcftergeschwindigkeit, K\u00fchlung und Oszillation). Dieses Design ist nicht nur technologisch fortschrittlich und leicht zu reinigen, sondern verf\u00fcgt auch \u00fcber eine intuitive Bedienlogik, die es den Nutzern erm\u00f6glicht, das Ger\u00e4t ohne jegliche Einarbeitung in Betrieb zu nehmen, was die Benutzerfreundlichkeit erh\u00f6ht.<\/li><\/ul><\/div>\n\n<div class=\"wp-block-column is-layout-flow wp-block-column-is-layout-flow\"><figure class=\"wp-block-image size-full\"><img decoding=\"async\" width=\"1200\" height=\"1200\" src=\"https:\/\/www.gdwanjiada.net\/wp-content\/uploads\/2025\/11\/efficient-battery-powered-air-cooler\u200b-wholesale-with-6-speed-7.webp\" alt=\"effizienter-batteriebetriebener-luftk\u00fchler-gro\u00dfhandel-mit-6-gang-7\" class=\"wp-image-2063\" srcset=\"https:\/\/www.gdwanjiada.net\/wp-content\/uploads\/2025\/11\/efficient-battery-powered-air-cooler\u200b-wholesale-with-6-speed-7.webp 1200w, https:\/\/www.gdwanjiada.net\/wp-content\/uploads\/2025\/11\/efficient-battery-powered-air-cooler\u200b-wholesale-with-6-speed-7-300x300.webp 300w, https:\/\/www.gdwanjiada.net\/wp-content\/uploads\/2025\/11\/efficient-battery-powered-air-cooler\u200b-wholesale-with-6-speed-7-150x150.webp 150w, https:\/\/www.gdwanjiada.net\/wp-content\/uploads\/2025\/11\/efficient-battery-powered-air-cooler\u200b-wholesale-with-6-speed-7-768x768.webp 768w, https:\/\/www.gdwanjiada.net\/wp-content\/uploads\/2025\/11\/efficient-battery-powered-air-cooler\u200b-wholesale-with-6-speed-7-12x12.webp 12w, https:\/\/www.gdwanjiada.net\/wp-content\/uploads\/2025\/11\/efficient-battery-powered-air-cooler\u200b-wholesale-with-6-speed-7-600x600.webp 600w, https:\/\/www.gdwanjiada.net\/wp-content\/uploads\/2025\/11\/efficient-battery-powered-air-cooler\u200b-wholesale-with-6-speed-7-100x100.webp 100w\" sizes=\"(max-width: 1200px) 100vw, 1200px\" \/><\/figure><\/div><\/div>","protected":false},"excerpt":{"rendered":"<p>Willkommen in unserem batteriebetriebenen Luftk\u00fchler Gro\u00dfhandel zu kaufen. Dieser Gro\u00dfhandel Wasser Luftk\u00fchler integriert K\u00fchlung, Befeuchtung und Reinigung. Der gro\u00dfe 5,5-Liter-Wassertank kann mit Eis und Eiskristallen f\u00fcr zus\u00e4tzliche K\u00fchlung gef\u00fcllt werden. Die weitwinklige Luftzufuhr bietet eine gr\u00f6\u00dfere Oberfl\u00e4che zur K\u00fchlung. Er ist die ideale L\u00f6sung f\u00fcr Haushalte, B\u00fcros, Au\u00dfenbereiche und Gro\u00dfabnehmer, die ein zuverl\u00e4ssiges tragbares K\u00fchlger\u00e4t suchen.<\/p>\n<h2>Produktmerkmale\uff1a<\/h2>\n<ul>\n<li>K\u00fchlung, Befeuchtung und Reinigung, ein Mehrzweckger\u00e4t<\/li>\n<li>Manuell auf und ab, automatisch links und rechts durch Fl\u00fcgel<\/li>\n<li>6-Gang-Wind f\u00fcr die Wahl<\/li>\n<li>Weitwinklige Versorgung komfortabler Wind<\/li>\n<li>Kann Wasser, Eis oder einen Eisbeh\u00e4lter an der oberen Position hinzuf\u00fcgen, um die K\u00fchlung zu verbessern<\/li>\n<li>Der Wassertank kann aus der Maschine herausgenommen werden, leicht zu reinigen<\/li>\n<li>Manuelles Schlie\u00dfen der L\u00fcftungs\u00f6ffnungen<\/li>\n<li>Mit Universalrollen, leicht zu bewegen und zu platzieren<\/li>\n<li>Timing-Einstellung von 1-9 Stunden<\/li>\n<li>Eingebaute 3 St\u00fcck 21700 Lithium-Batterie, der niedrigste Gang h\u00e4lt 18 Stunden, der h\u00f6chste Gang h\u00e4lt 2 Stunden und ist in 6 Stunden voll aufgeladen<\/li>\n<\/ul>","protected":false},"featured_media":2067,"comment_status":"closed","ping_status":"closed","template":"","meta":{"_acf_changed":false},"product_brand":[],"product_cat":[26],"product_tag":[27],"class_list":{"0":"post-2057","1":"product","2":"type-product","3":"status-publish","4":"has-post-thumbnail","6":"product_cat-wholesale-air-coolers","7":"product_tag-wholesale-home-air-coolers","9":"first","10":"instock","11":"shipping-taxable","12":"product-type-simple"},"acf":[],"_links":{"self":[{"href":"https:\/\/www.gdwanjiada.net\/de\/wp-json\/wp\/v2\/product\/2057","targetHints":{"allow":["GET"]}}],"collection":[{"href":"https:\/\/www.gdwanjiada.net\/de\/wp-json\/wp\/v2\/product"}],"about":[{"href":"https:\/\/www.gdwanjiada.net\/de\/wp-json\/wp\/v2\/types\/product"}],"replies":[{"embeddable":true,"href":"https:\/\/www.gdwanjiada.net\/de\/wp-json\/wp\/v2\/comments?post=2057"}],"wp:featuredmedia":[{"embeddable":true,"href":"https:\/\/www.gdwanjiada.net\/de\/wp-json\/wp\/v2\/media\/2067"}],"wp:attachment":[{"href":"https:\/\/www.gdwanjiada.net\/de\/wp-json\/wp\/v2\/media?parent=2057"}],"wp:term":[{"taxonomy":"product_brand","embeddable":true,"href":"https:\/\/www.gdwanjiada.net\/de\/wp-json\/wp\/v2\/product_brand?post=2057"},{"taxonomy":"product_cat","embeddable":true,"href":"https:\/\/www.gdwanjiada.net\/de\/wp-json\/wp\/v2\/product_cat?post=2057"},{"taxonomy":"product_tag","embeddable":true,"href":"https:\/\/www.gdwanjiada.net\/de\/wp-json\/wp\/v2\/product_tag?post=2057"}],"curies":[{"name":"wp","href":"https:\/\/api.w.org\/{rel}","templated":true}]}}