{"id":2034,"date":"2025-11-15T03:39:07","date_gmt":"2025-11-15T03:39:07","guid":{"rendered":"https:\/\/www.gdwanjiada.net\/?post_type=product&#038;p=2034"},"modified":"2025-11-15T08:31:51","modified_gmt":"2025-11-15T08:31:51","slug":"air-cooler-fan-wholesale","status":"publish","type":"product","link":"https:\/\/www.gdwanjiada.net\/de\/produkt\/air-cooler-fan-wholesale\/","title":{"rendered":"Air Cooler Fan Gro\u00dfhandel in 6 Geschwindigkeit, Verdunstungsk\u00fchler Fan"},"content":{"rendered":"<h3 class=\"wp-block-heading has-text-align-center\">Spezifikationen von Air Cooler Fan Gro\u00dfhandel<\/h3><figure class=\"wp-block-table\"><table class=\"has-fixed-layout\"><tbody><tr><td>Modell<\/td><td>Spannung<\/td><td>Strom<\/td><td>Windgeschwindigkeit<\/td><td>Kapazit\u00e4t der Batterie<\/td><td>Luftstrom<\/td><td>Wassertank<\/td><td>G.W.<\/td><td>N.W.<\/td><td>Gr\u00f6\u00dfe des Produkts<\/td><td>Packungsgr\u00f6\u00dfe<\/td><td colspan=\"2\">Menge laden<\/td><\/tr><tr><td rowspan=\"2\">WJD880F-1D<\/td><td rowspan=\"2\">12V GLEICHSTROM<\/td><td rowspan=\"2\">24W<\/td><td rowspan=\"2\">6<\/td><td rowspan=\"2\">4000mAh*3St\u00fcck<\/td><td rowspan=\"2\">800m\u00b3\/h<\/td><td rowspan=\"2\">5.5L<\/td><td rowspan=\"2\">6kg<\/td><td rowspan=\"2\">4,5 kg<\/td><td rowspan=\"2\">280*280*635mm<\/td><td rowspan=\"2\">330*330*670mm<\/td><td>20 GP<\/td><td>40 HQ<\/td><\/tr><tr><td>428 St\u00fcck<\/td><td>1008 St\u00fcck<\/td><\/tr><\/tbody><\/table><\/figure><div class=\"wp-block-columns is-layout-flex wp-container-core-columns-is-layout-9d6595d7 wp-block-columns-is-layout-flex\"><div class=\"wp-block-column is-layout-flow wp-block-column-is-layout-flow\" style=\"flex-basis:50%\"><h3 class=\"wp-block-heading has-text-align-left\">Vorteile von Air Cooler Fan Gro\u00dfhandel<\/h3>\n\n<ul class=\"wp-block-list\"><li><strong>Einfaches und stilvolles Erscheinungsbild:<\/strong> Der Luftk\u00fchler-Ventilator im Gro\u00dfhandel kommt in einem reinwei\u00dfen Geh\u00e4use und einem minimalistischen Design daher. Mit vier omnidirektionalen Rollen an der Unterseite kann er leicht und flexibel transportiert und in zahlreichen R\u00e4umen wie B\u00fcros, Wohn- oder Schlafzimmern neu positioniert werden und f\u00fcgt sich nahtlos in verschiedene Wohn- oder B\u00fcroumgebungen ein, um den Raum aufzuwerten.\u00a0<\/li>\n\n<li><strong>Drei-in-Eins-Kernfunktionen:<\/strong> Diese Verdunstungsluftk\u00fchler f\u00fcr den Gro\u00dfhandel bieten K\u00fchlung, Befeuchtung und Luftreinigung, die alle den Klimatisierungsbedarf zu verschiedenen Jahreszeiten erf\u00fcllen und gleichzeitig die zus\u00e4tzlichen Kosten f\u00fcr den Endverbraucher minimieren. Das intelligente Bedienfeld zentralisiert die Funktionen von L\u00fcftergeschwindigkeit, K\u00fchlung, Oszillation und Timer und vereinfacht die Bedienung auf intuitive Weise.\u00a0<\/li>\n\n<li><strong>6 einstellbare Gebl\u00e4sedrehzahlen:<\/strong> Der Luftk\u00fchler-Ventilator im Gro\u00dfhandel verf\u00fcgt \u00fcber 6 Ventilatorgeschwindigkeiten, die von einer leichten Brise bis hin zu einem starken Windsto\u00df reichen und es ihm erm\u00f6glichen, unterschiedliche Anforderungen an den Luftstrom in verschiedenen Szenarien zu erf\u00fcllen - insbesondere bei verschiedenen Benutzern. Stellen Sie die Luftstromrichtung manuell nach oben und unten ein und schwingen Sie automatisch nach links und rechts, um einen gro\u00dfen Bereich f\u00fcr eine effizientere Luftzirkulation abzudecken.<\/li>\n\n<li><strong>Eingebaute Lithium-Batterie f\u00fcr eine l\u00e4ngere Lebensdauer der Batterie: <\/strong>Diese Gro\u00dfhandels-Luftk\u00fchler sind mit 3 leistungsstarken 21700-Lithiumbatterien f\u00fcr den kabellosen Einsatz ausgestattet. Der Energiesparmodus bietet eine Batterielebensdauer von bis zu 18 Stunden und erf\u00fcllt damit die Anforderungen eines l\u00e4ngeren mobilen Einsatzes.<\/li>\n\n<li><strong>Sichtbarer Wassertank:<\/strong> Das Gebl\u00e4se ist mit einem abnehmbaren, unabh\u00e4ngigen 5,5-Liter-Wassertank ausgestattet, der das Auff\u00fcllen und Reinigen des Wassers erleichtert. Das interne Design verf\u00fcgt \u00fcber ein unabh\u00e4ngiges Wasserpumpenmodul, das durch einen flexiblen Schlauch verbunden ist, was eine klare Struktur, einen stabilen Betrieb und eine einfache Wartung erm\u00f6glicht.<\/li>\n\n<li><strong>Anpassungsdienste: <\/strong>Der Luftk\u00fchler-Ventilator Gro\u00dfhandel kann mit Markenlogos angepasst werden und bieten verschiedene Verpackungsoptionen (Farbe Box \/ Kraftpapier Box \/ benutzerdefinierte \u00e4u\u00dfere Karton), um die verschiedenen Marktanforderungen von OEM, ODM Gro\u00dfhandel und Marke Kunden zu erf\u00fcllen.<\/li><\/ul><\/div>\n\n<div class=\"wp-block-column is-layout-flow wp-block-column-is-layout-flow\"><figure class=\"wp-block-image size-full\"><img decoding=\"async\" width=\"800\" height=\"800\" src=\"https:\/\/www.gdwanjiada.net\/wp-content\/uploads\/2025\/11\/air-cooler-fan-wholesale-in-6-speed-evap-air-cooler-supply-8.webp\" alt=\"luftk\u00fchler-gebl\u00e4se-gro\u00dfhandel-in-6-gang-evap-luftk\u00fchler-versorgung-8\" class=\"wp-image-2051\" srcset=\"https:\/\/www.gdwanjiada.net\/wp-content\/uploads\/2025\/11\/air-cooler-fan-wholesale-in-6-speed-evap-air-cooler-supply-8.webp 800w, https:\/\/www.gdwanjiada.net\/wp-content\/uploads\/2025\/11\/air-cooler-fan-wholesale-in-6-speed-evap-air-cooler-supply-8-300x300.webp 300w, https:\/\/www.gdwanjiada.net\/wp-content\/uploads\/2025\/11\/air-cooler-fan-wholesale-in-6-speed-evap-air-cooler-supply-8-150x150.webp 150w, https:\/\/www.gdwanjiada.net\/wp-content\/uploads\/2025\/11\/air-cooler-fan-wholesale-in-6-speed-evap-air-cooler-supply-8-768x768.webp 768w, https:\/\/www.gdwanjiada.net\/wp-content\/uploads\/2025\/11\/air-cooler-fan-wholesale-in-6-speed-evap-air-cooler-supply-8-12x12.webp 12w, https:\/\/www.gdwanjiada.net\/wp-content\/uploads\/2025\/11\/air-cooler-fan-wholesale-in-6-speed-evap-air-cooler-supply-8-600x600.webp 600w, https:\/\/www.gdwanjiada.net\/wp-content\/uploads\/2025\/11\/air-cooler-fan-wholesale-in-6-speed-evap-air-cooler-supply-8-100x100.webp 100w\" sizes=\"(max-width: 800px) 100vw, 800px\" \/><\/figure><\/div><\/div><p><\/p>","protected":false},"excerpt":{"rendered":"<p>Willkommen zum Kauf unserer 5.5L Luftk\u00fchler Ventilator Gro\u00dfhandel verf\u00fcgt \u00fcber 6-Gang intelligente Geschwindigkeitsregelung, die Integration von K\u00fchlung, Befeuchtung und Reinigung, und hat eine klare Touch-Panel. Es nimmt innovativ einen abnehmbaren Wassertank und unabh\u00e4ngige Wasserpumpe Design, und hat eine eingebaute 21700 Hochleistungs-Lithium-Batterie f\u00fcr lang anhaltende drahtlose Nutzung. Geeignet f\u00fcr Gro\u00dfhandel und Markenanpassung in verschiedenen Szenarien.<\/p>\n<h2>Produktmerkmale\uff1a<\/h2>\n<ul>\n<li>K\u00fchlung, Befeuchtung und Reinigung, ein Mehrzweckger\u00e4t<\/li>\n<li>Manuell auf und ab, automatisch links und rechts durch Fl\u00fcgel<\/li>\n<li>6-Gang-Wind f\u00fcr die Wahl<\/li>\n<li>Weitwinklige Versorgung komfortabler Wind<\/li>\n<li>Der Wassertank kann aus der Maschine herausgenommen werden, leicht zu reinigen<\/li>\n<li>Manuelles Schlie\u00dfen der L\u00fcftungs\u00f6ffnungen<\/li>\n<li>Mit Universalrollen, leicht zu bewegen und zu platzieren<\/li>\n<li>Timing-Einstellung von 1-9 Stunden<\/li>\n<li>Eingebaute 3 St\u00fcck 21700 Lithium-Batterie, der niedrigste Gang h\u00e4lt 18 Stunden, der h\u00f6chste Gang h\u00e4lt 2 Stunden und ist in 6 Stunden voll aufgeladen<\/li>\n<\/ul>","protected":false},"featured_media":2044,"comment_status":"closed","ping_status":"closed","template":"","meta":{"_acf_changed":false},"product_brand":[],"product_cat":[26],"product_tag":[27],"class_list":{"0":"post-2034","1":"product","2":"type-product","3":"status-publish","4":"has-post-thumbnail","6":"product_cat-wholesale-air-coolers","7":"product_tag-wholesale-home-air-coolers","9":"first","10":"instock","11":"shipping-taxable","12":"product-type-simple"},"acf":[],"_links":{"self":[{"href":"https:\/\/www.gdwanjiada.net\/de\/wp-json\/wp\/v2\/product\/2034","targetHints":{"allow":["GET"]}}],"collection":[{"href":"https:\/\/www.gdwanjiada.net\/de\/wp-json\/wp\/v2\/product"}],"about":[{"href":"https:\/\/www.gdwanjiada.net\/de\/wp-json\/wp\/v2\/types\/product"}],"replies":[{"embeddable":true,"href":"https:\/\/www.gdwanjiada.net\/de\/wp-json\/wp\/v2\/comments?post=2034"}],"wp:featuredmedia":[{"embeddable":true,"href":"https:\/\/www.gdwanjiada.net\/de\/wp-json\/wp\/v2\/media\/2044"}],"wp:attachment":[{"href":"https:\/\/www.gdwanjiada.net\/de\/wp-json\/wp\/v2\/media?parent=2034"}],"wp:term":[{"taxonomy":"product_brand","embeddable":true,"href":"https:\/\/www.gdwanjiada.net\/de\/wp-json\/wp\/v2\/product_brand?post=2034"},{"taxonomy":"product_cat","embeddable":true,"href":"https:\/\/www.gdwanjiada.net\/de\/wp-json\/wp\/v2\/product_cat?post=2034"},{"taxonomy":"product_tag","embeddable":true,"href":"https:\/\/www.gdwanjiada.net\/de\/wp-json\/wp\/v2\/product_tag?post=2034"}],"curies":[{"name":"wp","href":"https:\/\/api.w.org\/{rel}","templated":true}]}}