{"id":1890,"date":"2025-08-06T07:21:02","date_gmt":"2025-08-06T07:21:02","guid":{"rendered":"https:\/\/www.gdwanjiada.net\/?post_type=product&#038;p=1890"},"modified":"2025-09-01T07:03:32","modified_gmt":"2025-09-01T07:03:32","slug":"custom-portable-fan-2","status":"publish","type":"product","link":"https:\/\/www.gdwanjiada.net\/de\/produkt\/custom-portable-fan-2\/","title":{"rendered":"Kundenspezifischer tragbarer Ventilator mit LED, Gro\u00dfhandel wiederaufladbarer Ventilator mit stufenloser Geschwindigkeitsregelung"},"content":{"rendered":"<h3 class=\"wp-block-heading has-text-align-center\">Spezifikationen von Custom Portable Fan<\/h3><figure class=\"wp-block-table\"><table class=\"has-fixed-layout\"><tbody><tr><td rowspan=\"2\">Modell<\/td><td rowspan=\"2\">Spannung\uff08V\uff09<\/td><td rowspan=\"2\">Produktgr\u00f6\u00dfe\uff08mm\uff09<\/td><td rowspan=\"2\">Packungsgr\u00f6\u00dfe\uff08mm\uff09<\/td><td rowspan=\"2\">Kartongr\u00f6\u00dfe\uff08mm\uff09<\/td><td rowspan=\"2\">Verpackung Q'ty\uff08pc\uff09<\/td><td rowspan=\"2\">Karton G.W.\uff08kg\uff09<\/td><td rowspan=\"2\">Kapazit\u00e4t der Batterie<\/td><td colspan=\"2\">Beladung Q'ty<\/td><\/tr><tr><td>20GP<\/td><td>40HQ<\/td><\/tr><tr><td>MR66-B<\/td><td>5<\/td><td>130*115*135<\/td><td>135*135*150<\/td><td>700*560*325<\/td><td>40<\/td><td>0.4<\/td><td>3000mh<\/td><td>8600<\/td><td>21160<\/td><\/tr><\/tbody><\/table><\/figure><div class=\"wp-block-columns is-layout-flex wp-container-core-columns-is-layout-9d6595d7 wp-block-columns-is-layout-flex\"><div class=\"wp-block-column is-layout-flow wp-block-column-is-layout-flow\" style=\"flex-basis:50%\"><h3 class=\"wp-block-heading has-text-align-left\">Vorteile von kundenspezifischen tragbaren Ventilatoren<\/h3>\n\n<ul class=\"wp-block-list\"><li><strong>Luftversorgung \u00fcber gro\u00dfe Entfernungen:<\/strong> Der ma\u00dfgeschneiderte tragbare Ventilator wird eingesetzt, um eine extrem weite Luftzirkulation zu erreichen, schnell gro\u00dfe R\u00e4ume abzudecken und das Problem der Windabschw\u00e4chung herk\u00f6mmlicher Ventilatoren zu l\u00f6sen.<\/li>\n\n<li><strong>Stufenlose Geschwindigkeitsregelung: <\/strong>Der wiederaufladbare Gro\u00dfhandel-Ventilator unterst\u00fctzt eine stufenlose Geschwindigkeitsregulierung, so dass der Benutzer die Windgeschwindigkeit frei nach seinen Bed\u00fcrfnissen einstellen kann, um ein individuelles Erlebnis zu haben.<\/li>\n\n<li>Hohe Effizienz, energiesparend und leise: Der kundenspezifische tragbare Ventilator wird von einem Kupferkernmotor angetrieben, der Stromverbrauch betr\u00e4gt nur 1,3 kWh\/Tag, das Betriebsger\u00e4usch liegt bei nur 27,9 Dezibel, wobei Energieeinsparung und n\u00e4chtliche Ger\u00e4uschlosigkeit ber\u00fccksichtigt werden.<\/li>\n\n<li><strong>Intelligente Anpassung an mehrere Szenen: <\/strong>Der wiederaufladbare Gro\u00dfhandel-Ventilator unterst\u00fctzt einen Desktop-\/Boden-Doppelnutzungsmodus, der sich an Haus, B\u00fcro und andere Umgebungen anpasst; optionale USB-Ladefunktion (3000mAh-Akku) zur Deckung des vor\u00fcbergehenden Strombedarfs im Freien.<\/li>\n\n<li><strong>Langlebiges Design in Industriequalit\u00e4t: <\/strong>Der tragbare Ventilator ist staub- und wasserdicht, mit Ventilatorfl\u00fcgeln aus rostfreiem Stahl und einem abnehmbaren Filter, um die Lebensdauer zu verl\u00e4ngern und eine saubere Luftzufuhr zu gew\u00e4hrleisten.<\/li><\/ul><\/div>\n\n<div class=\"wp-block-column is-layout-flow wp-block-column-is-layout-flow\"><figure class=\"wp-block-gallery has-nested-images columns-default is-cropped wp-block-gallery-1 is-layout-flex wp-block-gallery-is-layout-flex\"><figure class=\"wp-block-image size-full is-style-default\"><img decoding=\"async\" width=\"800\" height=\"800\" data-id=\"1793\" src=\"https:\/\/www.gdwanjiada.net\/wp-content\/uploads\/2025\/06\/Air-Circulation-Fan-Custom-5.jpg\" alt=\"kundenspezifischer-tragbarer-Ventilator-mit-LED-Gro\u00dfhandel-aufladbarer-Ventilator-1\" class=\"wp-image-1793\" srcset=\"https:\/\/www.gdwanjiada.net\/wp-content\/uploads\/2025\/06\/Air-Circulation-Fan-Custom-5.jpg 800w, https:\/\/www.gdwanjiada.net\/wp-content\/uploads\/2025\/06\/Air-Circulation-Fan-Custom-5-300x300.jpg 300w, https:\/\/www.gdwanjiada.net\/wp-content\/uploads\/2025\/06\/Air-Circulation-Fan-Custom-5-150x150.jpg 150w, https:\/\/www.gdwanjiada.net\/wp-content\/uploads\/2025\/06\/Air-Circulation-Fan-Custom-5-768x768.jpg 768w, https:\/\/www.gdwanjiada.net\/wp-content\/uploads\/2025\/06\/Air-Circulation-Fan-Custom-5-12x12.jpg 12w, https:\/\/www.gdwanjiada.net\/wp-content\/uploads\/2025\/06\/Air-Circulation-Fan-Custom-5-600x600.jpg 600w, https:\/\/www.gdwanjiada.net\/wp-content\/uploads\/2025\/06\/Air-Circulation-Fan-Custom-5-100x100.jpg 100w\" sizes=\"(max-width: 800px) 100vw, 800px\" \/><\/figure><\/figure><\/div><\/div>","protected":false},"excerpt":{"rendered":"<p>Willkommen bei unserem Gro\u00dfhandel wiederaufladbaren Ventilator zu kaufen. Dieser kundenspezifische tragbare Ventilator verf\u00fcgt \u00fcber eine LED-Anzeige und stufenlose Geschwindigkeitsregelung, die eine pr\u00e4zise Steuerung des Luftstroms und eine Echtzeit-Statusanzeige bietet. Mit einem manuell einstellbaren 180\u00b0-Winkel erm\u00f6glicht er eine flexible Luftrichtung. Mit seinem wiederaufladbaren Akku und dem kompakten Geh\u00e4use ist er perfekt f\u00fcr den Einsatz zu Hause oder am Schreibtisch geeignet. OEM\/ODM-Anpassung ist f\u00fcr Gro\u00dfhandelsbestellungen m\u00f6glich.<\/p>\n<h2>Produktmerkmale\uff1a<\/h2>\n<ul>\n<li>Luftzufuhr \u00fcber gro\u00dfe Entfernungen, sofortige, schnelle K\u00fchlung<\/li>\n<li>Leistungsstarker Luftstrom, extrem leiser Betrieb<\/li>\n<li>Stimmungslicht<\/li>\n<li>Geschwindigkeitsregulierung mit langem Druck auf die Spindel, Erh\u00f6hung\/Verringerung der Geschwindigkeit um 1-100, jeder Druck auf +\/- erh\u00f6ht oder verringert die Geschwindigkeit um 25 G\u00e4nge<\/li>\n<li>180\u00b0 nach oben und unten f\u00fcr den manuell einstellbaren Winkel<\/li>\n<li>Wandh\u00e4ngend, h\u00e4ngend und stehend in drei Verwendungsmodi f\u00fcr beliebige, unbegrenzte Fl\u00e4chen<\/li>\n<\/ul>","protected":false},"featured_media":1794,"comment_status":"closed","ping_status":"closed","template":"","meta":{"_acf_changed":false},"product_brand":[],"product_cat":[24,23],"product_tag":[],"class_list":{"0":"post-1890","1":"product","2":"type-product","3":"status-publish","4":"has-post-thumbnail","6":"product_cat-air-circulation-fan-wholesale","7":"product_cat-wholesale-portable-fans","9":"first","10":"instock","11":"shipping-taxable","12":"product-type-simple"},"acf":[],"_links":{"self":[{"href":"https:\/\/www.gdwanjiada.net\/de\/wp-json\/wp\/v2\/product\/1890","targetHints":{"allow":["GET"]}}],"collection":[{"href":"https:\/\/www.gdwanjiada.net\/de\/wp-json\/wp\/v2\/product"}],"about":[{"href":"https:\/\/www.gdwanjiada.net\/de\/wp-json\/wp\/v2\/types\/product"}],"replies":[{"embeddable":true,"href":"https:\/\/www.gdwanjiada.net\/de\/wp-json\/wp\/v2\/comments?post=1890"}],"wp:featuredmedia":[{"embeddable":true,"href":"https:\/\/www.gdwanjiada.net\/de\/wp-json\/wp\/v2\/media\/1794"}],"wp:attachment":[{"href":"https:\/\/www.gdwanjiada.net\/de\/wp-json\/wp\/v2\/media?parent=1890"}],"wp:term":[{"taxonomy":"product_brand","embeddable":true,"href":"https:\/\/www.gdwanjiada.net\/de\/wp-json\/wp\/v2\/product_brand?post=1890"},{"taxonomy":"product_cat","embeddable":true,"href":"https:\/\/www.gdwanjiada.net\/de\/wp-json\/wp\/v2\/product_cat?post=1890"},{"taxonomy":"product_tag","embeddable":true,"href":"https:\/\/www.gdwanjiada.net\/de\/wp-json\/wp\/v2\/product_tag?post=1890"}],"curies":[{"name":"wp","href":"https:\/\/api.w.org\/{rel}","templated":true}]}}