{"id":1790,"date":"2025-06-20T07:38:32","date_gmt":"2025-06-20T07:38:32","guid":{"rendered":"https:\/\/www.gdwanjiada.net\/?post_type=product&#038;p=1790"},"modified":"2025-10-17T01:45:39","modified_gmt":"2025-10-17T01:45:39","slug":"wholesale-air-circulation-fan","status":"publish","type":"product","link":"https:\/\/www.gdwanjiada.net\/de\/produkt\/wholesale-air-circulation-fan\/","title":{"rendered":"Gro\u00dfhandel Luftumw\u00e4lzung Fan mit leisem Betrieb, ma\u00dfgeschneiderte elektrische Stand Fan"},"content":{"rendered":"<h3 class=\"wp-block-heading has-text-align-center\">Spezifikationen von Gro\u00dfhandel Luftumw\u00e4lzung Fan<\/h3><figure class=\"wp-block-table\"><table class=\"has-fixed-layout\"><tbody><tr><td rowspan=\"2\">Modell<\/td><td rowspan=\"2\">Spannung\uff08V\uff09<\/td><td rowspan=\"2\">Produktgr\u00f6\u00dfe\uff08mm\uff09<\/td><td rowspan=\"2\">Packungsgr\u00f6\u00dfe\uff08mm\uff09<\/td><td rowspan=\"2\">Kartongr\u00f6\u00dfe\uff08mm\uff09<\/td><td rowspan=\"2\">Verpackung Q'ty\uff08pc\uff09<\/td><td rowspan=\"2\">Karton G.W.\uff08kg\uff09<\/td><td rowspan=\"2\">Kapazit\u00e4t der Batterie<\/td><td colspan=\"2\">Beladung Q'ty<\/td><\/tr><tr><td>20GP<\/td><td>40HQ<\/td><\/tr><tr><td>V1<\/td><td>5<\/td><td>160*140*260<\/td><td>145*165*265<\/td><td>600*510*560<\/td><td>24<\/td><td>0.3<\/td><td>1500mh<\/td><td>3264<\/td><td>8064<\/td><\/tr><\/tbody><\/table><\/figure><div class=\"wp-block-columns is-layout-flex wp-container-core-columns-is-layout-9d6595d7 wp-block-columns-is-layout-flex\"><div class=\"wp-block-column is-layout-flow wp-block-column-is-layout-flow\" style=\"flex-basis:50%\"><h3 class=\"wp-block-heading has-text-align-left\">Vorteile des Gro\u00dfhandels Luftumw\u00e4lzung Fan<\/h3>\n\n<ul class=\"wp-block-list\"><li><strong>Verstellbarer Kopf f\u00fcr angepassten Luftstrom: <\/strong>Der elektrische Standventilator verf\u00fcgt \u00fcber einen neigungsverstellbaren Kopf, um den Luftstrom so zu positionieren, dass in jedem Raum eine angenehme Brise entsteht.<\/li>\n\n<li><strong>Ultraleise Leistung: <\/strong>Der Gro\u00dfhandels-Luftumw\u00e4lzventilator verf\u00fcgt \u00fcber eine fortschrittliche Motortechnologie mit superleiser Leistung (unter 30 dB) und eignet sich perfekt f\u00fcr B\u00fcros, Schlafzimmer und Kinderzimmer.<\/li>\n\n<li><strong>One-Touch-Bedienung f\u00fcr mehr Bequemlichkeit: <\/strong>Der elektrische Standventilator verf\u00fcgt \u00fcber eine einfache Tastenbedienung mit mehreren Geschwindigkeitsoptionen f\u00fcr eine problemlose Einstellung.<\/li>\n\n<li><strong>Leistungsstark und energieeffizient: <\/strong>Das Umluftgebl\u00e4se f\u00fcr den Gro\u00dfhandel hat einen leistungsstarken Luftstrom bei geringem Energieverbrauch, ideal f\u00fcr den Dauereinsatz.<\/li>\n\n<li><strong>Einsparungen bei Gro\u00dfbestellungen: <\/strong>G\u00fcnstige Gro\u00dfeinkaufspreise f\u00fcr Einzelh\u00e4ndler, Unternehmen und Gro\u00dfh\u00e4ndler.<\/li><\/ul><\/div>\n\n<div class=\"wp-block-column is-layout-flow wp-block-column-is-layout-flow\"><figure class=\"wp-block-gallery has-nested-images columns-default is-cropped wp-block-gallery-1 is-layout-flex wp-block-gallery-is-layout-flex\"><figure class=\"wp-block-image size-full is-style-rounded\"><img decoding=\"async\" width=\"800\" height=\"800\" data-id=\"1800\" src=\"https:\/\/www.gdwanjiada.net\/wp-content\/uploads\/2025\/06\/Air-Circulation-Fan-in-Bulk.jpg\" alt=\"Gro\u00dfhandel-Luftumw\u00e4lzventilator-mit-leisem-Betrieb-elektrischer-Standventilator-1\" class=\"wp-image-1800\" srcset=\"https:\/\/www.gdwanjiada.net\/wp-content\/uploads\/2025\/06\/Air-Circulation-Fan-in-Bulk.jpg 800w, https:\/\/www.gdwanjiada.net\/wp-content\/uploads\/2025\/06\/Air-Circulation-Fan-in-Bulk-300x300.jpg 300w, https:\/\/www.gdwanjiada.net\/wp-content\/uploads\/2025\/06\/Air-Circulation-Fan-in-Bulk-150x150.jpg 150w, https:\/\/www.gdwanjiada.net\/wp-content\/uploads\/2025\/06\/Air-Circulation-Fan-in-Bulk-768x768.jpg 768w, https:\/\/www.gdwanjiada.net\/wp-content\/uploads\/2025\/06\/Air-Circulation-Fan-in-Bulk-12x12.jpg 12w, https:\/\/www.gdwanjiada.net\/wp-content\/uploads\/2025\/06\/Air-Circulation-Fan-in-Bulk-600x600.jpg 600w, https:\/\/www.gdwanjiada.net\/wp-content\/uploads\/2025\/06\/Air-Circulation-Fan-in-Bulk-100x100.jpg 100w\" sizes=\"(max-width: 800px) 100vw, 800px\" \/><\/figure><\/figure><\/div><\/div>","protected":false},"excerpt":{"rendered":"<p>Unsere kundenspezifischen elektrischen Standventilator Gro\u00dfauftr\u00e4ge werden akzeptiert. Dieser Gro\u00dfhandel-Luftumw\u00e4lzventilator bietet eine leistungsstarke fl\u00fcsterleise K\u00fchlung mit einem verstellbaren Kopf f\u00fcr konzentrierten Luftstrom. Sein extrem leiser Motor sorgt f\u00fcr einen st\u00f6rungsfreien Betrieb, und die Geschwindigkeitsregelung mit nur einem Tastendruck erm\u00f6glicht eine einfache \u00c4nderung der Geschwindigkeit. Der zuverl\u00e4ssige und energieeffiziente Ventilator eignet sich perfekt f\u00fcr Gesch\u00e4ftsr\u00e4ume, Wohnungen oder B\u00fcros.<\/p>\n<h2>Produktmerkmale\uff1a<\/h2>\n<ul>\n<li>Ein-Knopf-Bedienung an\/aus<\/li>\n<li>4 Windgeschwindigkeiten einstellbar<\/li>\n<li>Lithium-Batterie mit gro\u00dfer Kapazit\u00e4t<\/li>\n<li>Schwenken Sie den Luftauslass von Hand nach oben und unten<\/li>\n<\/ul>","protected":false},"featured_media":1800,"comment_status":"closed","ping_status":"closed","template":"","meta":{"_acf_changed":false},"product_brand":[],"product_cat":[24,23],"product_tag":[],"class_list":{"0":"post-1790","1":"product","2":"type-product","3":"status-publish","4":"has-post-thumbnail","6":"product_cat-air-circulation-fan-wholesale","7":"product_cat-wholesale-portable-fans","9":"first","10":"instock","11":"shipping-taxable","12":"product-type-simple"},"acf":[],"_links":{"self":[{"href":"https:\/\/www.gdwanjiada.net\/de\/wp-json\/wp\/v2\/product\/1790","targetHints":{"allow":["GET"]}}],"collection":[{"href":"https:\/\/www.gdwanjiada.net\/de\/wp-json\/wp\/v2\/product"}],"about":[{"href":"https:\/\/www.gdwanjiada.net\/de\/wp-json\/wp\/v2\/types\/product"}],"replies":[{"embeddable":true,"href":"https:\/\/www.gdwanjiada.net\/de\/wp-json\/wp\/v2\/comments?post=1790"}],"wp:featuredmedia":[{"embeddable":true,"href":"https:\/\/www.gdwanjiada.net\/de\/wp-json\/wp\/v2\/media\/1800"}],"wp:attachment":[{"href":"https:\/\/www.gdwanjiada.net\/de\/wp-json\/wp\/v2\/media?parent=1790"}],"wp:term":[{"taxonomy":"product_brand","embeddable":true,"href":"https:\/\/www.gdwanjiada.net\/de\/wp-json\/wp\/v2\/product_brand?post=1790"},{"taxonomy":"product_cat","embeddable":true,"href":"https:\/\/www.gdwanjiada.net\/de\/wp-json\/wp\/v2\/product_cat?post=1790"},{"taxonomy":"product_tag","embeddable":true,"href":"https:\/\/www.gdwanjiada.net\/de\/wp-json\/wp\/v2\/product_tag?post=1790"}],"curies":[{"name":"wp","href":"https:\/\/api.w.org\/{rel}","templated":true}]}}