{"id":1761,"date":"2025-06-27T08:24:26","date_gmt":"2025-06-27T08:24:26","guid":{"rendered":"https:\/\/www.gdwanjiada.net\/?post_type=product&#038;p=1761"},"modified":"2025-06-27T08:24:28","modified_gmt":"2025-06-27T08:24:28","slug":"air-circulation-fan-customized","status":"publish","type":"product","link":"https:\/\/www.gdwanjiada.net\/de\/produkt\/air-circulation-fan-customized\/","title":{"rendered":"Luftumw\u00e4lzung Fan Customized mit Stimmungslicht, Gro\u00dfhandel Portable Fan in einstellbaren Winkel"},"content":{"rendered":"<h3 class=\"wp-block-heading has-text-align-center\"><strong><strong>Spezifikationen f\u00fcr Umluftventilatoren nach Ma\u00df<\/strong><\/strong><\/h3><figure class=\"wp-block-table\"><table class=\"has-fixed-layout\"><tbody><tr><td rowspan=\"2\">Modell<\/td><td rowspan=\"2\">Spannung\uff08V\uff09<\/td><td rowspan=\"2\">Produktgr\u00f6\u00dfe\uff08mm\uff09<\/td><td rowspan=\"2\">Packungsgr\u00f6\u00dfe\uff08mm\uff09<\/td><td rowspan=\"2\">Kartongr\u00f6\u00dfe\uff08mm\uff09<\/td><td rowspan=\"2\">Verpackung Q'ty\uff08pc\uff09<\/td><td rowspan=\"2\">Karton G.W.\uff08kg\uff09<\/td><td rowspan=\"2\">Kapazit\u00e4t der Batterie<\/td><td colspan=\"2\">Beladung Q'ty<\/td><\/tr><tr><td>20GP<\/td><td>40HQ<\/td><\/tr><tr><td>MR66-A<\/td><td>5<\/td><td>130*115*135<\/td><td>135*135*150<\/td><td>700*560*325<\/td><td>40<\/td><td>0.4<\/td><td>3000mh<\/td><td>8600<\/td><td>21160<\/td><\/tr><\/tbody><\/table><\/figure><div class=\"wp-block-columns is-layout-flex wp-container-core-columns-is-layout-9d6595d7 wp-block-columns-is-layout-flex\"><div class=\"wp-block-column is-layout-flow wp-block-column-is-layout-flow\" style=\"flex-basis:50%\"><h3 class=\"wp-block-heading has-text-align-left\">Vorteile von <strong><strong>Umluftventilator kundenspezifisch<\/strong><\/strong><\/h3>\n\n<ul class=\"wp-block-list\"><li><strong>Sehr leise Leistung: <\/strong>Unser Umluftventilator ist mit einem ger\u00e4uscharmen Motor ausgestattet, der selbst bei hoher Drehzahl leise ist und sich ideal f\u00fcr ruhige R\u00e4ume wie Schlafzimmer, Bibliotheken und Konferenzr\u00e4ume eignet.<\/li>\n\n<li><strong>Weitreichende Luftzirkulation: <\/strong>Unser Umluftventilator, der mit einem leistungsstarken Motor und einem Rahmen zur Lenkung des Luftstroms ausgestattet ist, dr\u00fcckt die Luft in den ganzen Raum, erm\u00f6glicht eine weitreichende Luftverteilung und einen schnellen Ausgleich der Raumtemperatur.<\/li>\n\n<li><strong>Intelligente LED-Anzeige:<\/strong> Der Gro\u00dfhandelsumluftventilator zeigt die Windgeschwindigkeit und den Energiestatus an, die Bedienung ist auf einen Blick ersichtlich, und er ist voller Technik.<\/li>\n\n<li><strong>Mehrwinklige freie Einstellung: <\/strong>Unser Umluftventilator unterst\u00fctzt die flexible Drehung nach oben und unten, nach links und rechts, die Luftzufuhr in einem weiten Winkel, f\u00f6rdert schnell die Luftzirkulation und verbessert den Umweltkomfort.<\/li>\n\n<li><strong>Stufenlose Geschwindigkeitseinstellung: <\/strong>Der tragbare Gro\u00dfhandelsventilator verf\u00fcgt \u00fcber eine feinf\u00fchlige Steuerung der Windgeschwindigkeit, von einer sanften Brise bis hin zu einer starken k\u00fchlen Brise, um den Bed\u00fcrfnissen verschiedener Szenen gerecht zu werden, leise und ger\u00e4uscharm, ohne Menschen zu st\u00f6ren.<\/li><\/ul><\/div>\n\n<div class=\"wp-block-column is-layout-flow wp-block-column-is-layout-flow\"><figure class=\"wp-block-image size-full\"><img decoding=\"async\" width=\"800\" height=\"800\" src=\"https:\/\/www.gdwanjiada.net\/wp-content\/uploads\/2025\/06\/Custom-Air-Circulation-Fan-1.jpg\" alt=\"Umluft-Ventilator-mit-Stimmungslicht-Gro\u00dfhandel-tragbarer-Ventilator-1\" class=\"wp-image-1781\" srcset=\"https:\/\/www.gdwanjiada.net\/wp-content\/uploads\/2025\/06\/Custom-Air-Circulation-Fan-1.jpg 800w, https:\/\/www.gdwanjiada.net\/wp-content\/uploads\/2025\/06\/Custom-Air-Circulation-Fan-1-300x300.jpg 300w, https:\/\/www.gdwanjiada.net\/wp-content\/uploads\/2025\/06\/Custom-Air-Circulation-Fan-1-150x150.jpg 150w, https:\/\/www.gdwanjiada.net\/wp-content\/uploads\/2025\/06\/Custom-Air-Circulation-Fan-1-768x768.jpg 768w, https:\/\/www.gdwanjiada.net\/wp-content\/uploads\/2025\/06\/Custom-Air-Circulation-Fan-1-12x12.jpg 12w, https:\/\/www.gdwanjiada.net\/wp-content\/uploads\/2025\/06\/Custom-Air-Circulation-Fan-1-600x600.jpg 600w, https:\/\/www.gdwanjiada.net\/wp-content\/uploads\/2025\/06\/Custom-Air-Circulation-Fan-1-100x100.jpg 100w\" sizes=\"(max-width: 800px) 100vw, 800px\" \/><\/figure><\/div><\/div>","protected":false},"excerpt":{"rendered":"<p>Willkommen bei der Bestellung eines Umluftventilators nach Ma\u00df. Dieser Gro\u00dfhandel Umluftventilator von Multifunktion kombiniert Langstreckenluft, drei Installationsformen und leise K\u00fchlung, plus Umgebungslicht und verstellbare Winkel Design. Dieser Allround-Ventilator ist f\u00fcr verschiedene Orte, wie Wohnungen, B\u00fcros und Unternehmen anwendbar, und es unterst\u00fctzt OEM \/ ODM Anpassung, so ist es eine ideale Wahl f\u00fcr Gro\u00dfhandel Kauf und Marke Zusammenarbeit.<\/p>\n<h2>Produktmerkmale\uff1a<\/h2>\n<ul>\n<li>Es kann in verschiedenen Szenarien eingesetzt werden, z. B. als Standger\u00e4t, Wandger\u00e4t, Tischger\u00e4t und im Freien.<\/li>\n<li>Der Luftzufuhrwinkel l\u00e4sst sich um 180 Grad drehen, die Windgeschwindigkeit ist in 3 Stufen einstellbar, und er verf\u00fcgt \u00fcber eine eingebaute Lithiumbatterie.<\/li>\n<li>Intelligente Memory-Helligkeit plus stufenloses Dimmen, Sie k\u00f6nnen die Helligkeit nach Belieben einstellen, und es kann als Tischlampe, Au\u00dfenlampe, F\u00fclllicht oder Nachtlicht verwendet werden.<\/li>\n<li>Lassen Sie die Luft zirkulieren und genie\u00dfen Sie jeden Atemzug an frischer Luft.<\/li>\n<\/ul>","protected":false},"featured_media":1786,"comment_status":"closed","ping_status":"closed","template":"","meta":{"_acf_changed":false},"product_brand":[],"product_cat":[24],"product_tag":[],"class_list":{"0":"post-1761","1":"product","2":"type-product","3":"status-publish","4":"has-post-thumbnail","6":"product_cat-air-circulation-fan-wholesale","8":"first","9":"instock","10":"shipping-taxable","11":"product-type-simple"},"acf":[],"_links":{"self":[{"href":"https:\/\/www.gdwanjiada.net\/de\/wp-json\/wp\/v2\/product\/1761","targetHints":{"allow":["GET"]}}],"collection":[{"href":"https:\/\/www.gdwanjiada.net\/de\/wp-json\/wp\/v2\/product"}],"about":[{"href":"https:\/\/www.gdwanjiada.net\/de\/wp-json\/wp\/v2\/types\/product"}],"replies":[{"embeddable":true,"href":"https:\/\/www.gdwanjiada.net\/de\/wp-json\/wp\/v2\/comments?post=1761"}],"wp:featuredmedia":[{"embeddable":true,"href":"https:\/\/www.gdwanjiada.net\/de\/wp-json\/wp\/v2\/media\/1786"}],"wp:attachment":[{"href":"https:\/\/www.gdwanjiada.net\/de\/wp-json\/wp\/v2\/media?parent=1761"}],"wp:term":[{"taxonomy":"product_brand","embeddable":true,"href":"https:\/\/www.gdwanjiada.net\/de\/wp-json\/wp\/v2\/product_brand?post=1761"},{"taxonomy":"product_cat","embeddable":true,"href":"https:\/\/www.gdwanjiada.net\/de\/wp-json\/wp\/v2\/product_cat?post=1761"},{"taxonomy":"product_tag","embeddable":true,"href":"https:\/\/www.gdwanjiada.net\/de\/wp-json\/wp\/v2\/product_tag?post=1761"}],"curies":[{"name":"wp","href":"https:\/\/api.w.org\/{rel}","templated":true}]}}