{"id":1652,"date":"2025-03-21T03:54:23","date_gmt":"2025-03-21T03:54:23","guid":{"rendered":"https:\/\/www.gdwanjiada.net\/?post_type=product&#038;p=1652"},"modified":"2025-03-21T04:01:50","modified_gmt":"2025-03-21T04:01:50","slug":"bulk-desktop-heaters","status":"publish","type":"product","link":"https:\/\/www.gdwanjiada.net\/de\/produkt\/bulk-desktop-heaters\/","title":{"rendered":"Gr\u00fcne Bulk Desktop-Heizungen, tragbare Heizl\u00fcfter Gro\u00dfhandel"},"content":{"rendered":"<h3 class=\"wp-block-heading has-text-align-center\">Spezifikationen von Bulk Desktop Heaters<\/h3><figure class=\"wp-block-table\"><table class=\"has-fixed-layout\"><tbody><tr><td rowspan=\"2\">Modell<\/td><td rowspan=\"2\">Leistung\uff08W\uff09<\/td><td rowspan=\"2\">Spannung\uff08V\uff09<\/td><td rowspan=\"2\">Geschwindigkeit<\/td><td rowspan=\"2\">G.W.\uff08g\uff09<\/td><td rowspan=\"2\">Produktgr\u00f6\u00dfe\uff08mm\uff09<\/td><td rowspan=\"2\">Packungsgr\u00f6\u00dfe\uff08mm\uff09<\/td><td rowspan=\"2\">Kartongr\u00f6\u00dfe\uff08mm\uff09<\/td><td rowspan=\"2\">Verpackung Q'ty\uff08pc\uff09<\/td><td rowspan=\"2\">Karton G.W.\uff08kg\uff09<\/td><td rowspan=\"2\">Stromversorgung<\/td><td rowspan=\"2\">Heizmodus<\/td><td colspan=\"2\">Beladung Q'ty<\/td><\/tr><tr><td>20GP<\/td><td>40HQ<\/td><\/tr><tr><td>AQL039<\/td><td>800\/1200<\/td><td>220<\/td><td>2<\/td><td>720<\/td><td>207*133*110<\/td><td>228*168*150<\/td><td>620*475*510<\/td><td>24<\/td><td>18.5<\/td><td>Stecker<\/td><td>PTC<\/td><td>4512<\/td><td>10968<\/td><\/tr><\/tbody><\/table><\/figure><div class=\"wp-block-columns is-layout-flex wp-container-core-columns-is-layout-9d6595d7 wp-block-columns-is-layout-flex\"><div class=\"wp-block-column is-layout-flow wp-block-column-is-layout-flow\" style=\"flex-basis:50%\"><h3 class=\"wp-block-heading has-text-align-left\">Vorteile von Bulk Desktop Heaters<\/h3>\n\n<ul class=\"wp-block-list\"><li><strong>Schnelle Erw\u00e4rmung, anhaltende W\u00e4rme: <\/strong>Unsere gro\u00dfvolumigen Tischheizungen verwenden hocheffiziente PTC-Keramik-Heizelemente, die sich sofort nach dem Einschalten aufheizen, die Innentemperatur schnell erh\u00f6hen und die Heizleistung konstant halten k\u00f6nnen, so dass ein lang anhaltendes W\u00e4rmeerlebnis entsteht.<\/li>\n\n<li><strong>Zwei Geschwindigkeitsstufen, flexible Temperaturregelung: <\/strong>Diese kleinen Heizl\u00fcfter f\u00fcr den Gro\u00dfhandel verf\u00fcgen \u00fcber zwei Funktionen zur Regulierung der Windgeschwindigkeit, mit denen je nach Umgebungstemperatur zwischen weicher Warmluft und starker Hei\u00dfluft gew\u00e4hlt werden kann, die unterschiedlichen Heizungsbed\u00fcrfnissen gerecht werden und f\u00fcr verschiedene Einsatzbereiche geeignet sind.<\/li>\n\n<li><strong>Intelligenter Sicherheitsschutz, sicherere Nutzung: <\/strong>Diese gro\u00dfen Tischheizungen sind mit einem Kippschutz ausgestattet, der die Stromzufuhr direkt unterbricht, wenn das Ger\u00e4t versehentlich umkippt, um Unf\u00e4lle zu vermeiden. Gleichzeitig verf\u00fcgt es \u00fcber einen \u00dcberhitzungs- und \u00dcberstromschutz, der elektrische Sch\u00e4den effektiv vermeiden und die Sicherheit bei der Verwendung erh\u00f6hen kann.<\/li>\n\n<li><strong>Klein und tragbar, geeignet f\u00fcr eine Vielzahl von Szenarien:<\/strong> Unsere kleinen Heizl\u00fcfter f\u00fcr den Gro\u00dfhandel sind kompakt und leicht, nehmen wenig Platz in Anspruch und k\u00f6nnen jederzeit auf Schreibtischen, in Schlafzimmern, Arbeitszimmern und an anderen Orten aufgestellt werden, so dass die W\u00e4rme Sie jederzeit und \u00fcberall begleitet.<\/li><\/ul><\/div>\n\n<div class=\"wp-block-column is-layout-flow wp-block-column-is-layout-flow\"><figure class=\"wp-block-image size-full\"><img decoding=\"async\" width=\"800\" height=\"800\" src=\"https:\/\/www.gdwanjiada.net\/wp-content\/uploads\/2025\/03\/Green-Bulk-Desktop-Heaters-Portable-Fan-Heater-Wholesale-2.webp\" alt=\"Gr\u00fcne Bulk Desktop-Heizungen, tragbare Heizl\u00fcfter Gro\u00dfhandel-2\" class=\"wp-image-1654\" srcset=\"https:\/\/www.gdwanjiada.net\/wp-content\/uploads\/2025\/03\/Green-Bulk-Desktop-Heaters-Portable-Fan-Heater-Wholesale-2.webp 800w, https:\/\/www.gdwanjiada.net\/wp-content\/uploads\/2025\/03\/Green-Bulk-Desktop-Heaters-Portable-Fan-Heater-Wholesale-2-300x300.webp 300w, https:\/\/www.gdwanjiada.net\/wp-content\/uploads\/2025\/03\/Green-Bulk-Desktop-Heaters-Portable-Fan-Heater-Wholesale-2-150x150.webp 150w, https:\/\/www.gdwanjiada.net\/wp-content\/uploads\/2025\/03\/Green-Bulk-Desktop-Heaters-Portable-Fan-Heater-Wholesale-2-768x768.webp 768w, https:\/\/www.gdwanjiada.net\/wp-content\/uploads\/2025\/03\/Green-Bulk-Desktop-Heaters-Portable-Fan-Heater-Wholesale-2-12x12.webp 12w, https:\/\/www.gdwanjiada.net\/wp-content\/uploads\/2025\/03\/Green-Bulk-Desktop-Heaters-Portable-Fan-Heater-Wholesale-2-600x600.webp 600w, https:\/\/www.gdwanjiada.net\/wp-content\/uploads\/2025\/03\/Green-Bulk-Desktop-Heaters-Portable-Fan-Heater-Wholesale-2-100x100.webp 100w\" sizes=\"(max-width: 800px) 100vw, 800px\" \/><\/figure><\/div><\/div>","protected":false},"excerpt":{"rendered":"<p>Willkommen im Gro\u00dfhandel kleine Heizung Fans zu kaufen. Diese gr\u00fcnen Desktop-Heizl\u00fcfter sind f\u00fcr eine effiziente Erw\u00e4rmung konzipiert und verf\u00fcgen \u00fcber eine schnelle Erw\u00e4rmung, eine Steuerung mit zwei Geschwindigkeiten, einen Kippschutz und mehrere \u00dcberhitzungsschutzfunktionen. Mini und tragbar, kann es in einer breiten Palette von Anwendungen wie B\u00fcro-Schreibtische, Schlafzimmer und Arbeitszimmer verwendet werden.<\/p>\n<h2>Produktmerkmale\uff1a<\/h2>\n<ul>\n<li>Beheizte Luft mit zweistufiger Regelung.<\/li>\n<li>Umkippen mit Abschaltschutz.<\/li>\n<li>Die Temperatur steigt schnell.<\/li>\n<li>Heizung durch PTC, hohe Effizienz und Haltbarkeit.<\/li>\n<li>Mehrfacher Schutz vor \u00dcberhitzung oder \u00dcberstrom.<\/li>\n<li>ABS flammhemmendes Material f\u00fcr Sicherheit.<\/li>\n<\/ul>","protected":false},"featured_media":1653,"comment_status":"closed","ping_status":"closed","template":"","meta":{"_acf_changed":false},"product_brand":[],"product_cat":[22],"product_tag":[],"class_list":{"0":"post-1652","1":"product","2":"type-product","3":"status-publish","4":"has-post-thumbnail","6":"product_cat-wholesale-fan-heaters","8":"first","9":"instock","10":"shipping-taxable","11":"product-type-simple"},"acf":[],"_links":{"self":[{"href":"https:\/\/www.gdwanjiada.net\/de\/wp-json\/wp\/v2\/product\/1652","targetHints":{"allow":["GET"]}}],"collection":[{"href":"https:\/\/www.gdwanjiada.net\/de\/wp-json\/wp\/v2\/product"}],"about":[{"href":"https:\/\/www.gdwanjiada.net\/de\/wp-json\/wp\/v2\/types\/product"}],"replies":[{"embeddable":true,"href":"https:\/\/www.gdwanjiada.net\/de\/wp-json\/wp\/v2\/comments?post=1652"}],"wp:featuredmedia":[{"embeddable":true,"href":"https:\/\/www.gdwanjiada.net\/de\/wp-json\/wp\/v2\/media\/1653"}],"wp:attachment":[{"href":"https:\/\/www.gdwanjiada.net\/de\/wp-json\/wp\/v2\/media?parent=1652"}],"wp:term":[{"taxonomy":"product_brand","embeddable":true,"href":"https:\/\/www.gdwanjiada.net\/de\/wp-json\/wp\/v2\/product_brand?post=1652"},{"taxonomy":"product_cat","embeddable":true,"href":"https:\/\/www.gdwanjiada.net\/de\/wp-json\/wp\/v2\/product_cat?post=1652"},{"taxonomy":"product_tag","embeddable":true,"href":"https:\/\/www.gdwanjiada.net\/de\/wp-json\/wp\/v2\/product_tag?post=1652"}],"curies":[{"name":"wp","href":"https:\/\/api.w.org\/{rel}","templated":true}]}}