{"id":1619,"date":"2025-03-05T03:59:16","date_gmt":"2025-03-05T03:59:16","guid":{"rendered":"https:\/\/www.gdwanjiada.net\/?post_type=product&#038;p=1619"},"modified":"2025-03-05T08:19:43","modified_gmt":"2025-03-05T08:19:43","slug":"wholesale-handy-fan-heater","status":"publish","type":"product","link":"https:\/\/www.gdwanjiada.net\/de\/produkt\/wholesale-handy-fan-heater\/","title":{"rendered":"Gl\u00e4nzend wei\u00df Gro\u00dfhandel Handy Fan Heizung, kleine Heizung in Bulk"},"content":{"rendered":"<h3 class=\"wp-block-heading has-text-align-center\">Spezifikationen des Gro\u00dfhandels Handy Fan Heater<\/h3><figure class=\"wp-block-table\"><table class=\"has-fixed-layout\"><tbody><tr><td>Modell<\/td><td>Heizmodus<\/td><td>Spannung\/Frequenz<\/td><td colspan=\"2\">Leistung(W)&nbsp;<\/td><td colspan=\"3\">Gr\u00f6\u00dfe des Produkts (mm)&nbsp;<\/td><td colspan=\"2\">Verpacken<\/td><td>Nettogewicht\/Gewicht (kg)&nbsp;<\/td><td>Packungsgr\u00f6\u00dfe (mm)<\/td><td colspan=\"2\">Beladung Menge (St\u00fcck)<\/td><\/tr><tr><td rowspan=\"2\">WJD501R<\/td><td rowspan=\"2\">PTC<\/td><td rowspan=\"2\">220V\/50Hz<\/td><td>Kalt<br>Wind<\/td><td>W\u00e4rme<br>Wind<\/td><td>L\u00e4nge<\/td><td>Breite<\/td><td>H\u00f6he<\/td><td>Innerer Kasten<\/td><td>1 St\u00fcck<\/td><td>0.4\/0.48<\/td><td>133*80*190<\/td><td>20'GP<\/td><td>40'HQ<\/td><\/tr><tr><td>\/<\/td><td>500<\/td><td>100<\/td><td>65<\/td><td>175<\/td><td>Karton<\/td><td>48 St\u00fcck<\/td><td>23.04\/24.54<\/td><td>540*330*590<\/td><td>14352<\/td><td>33792<\/td><\/tr><\/tbody><\/table><\/figure><div class=\"wp-block-columns is-layout-flex wp-container-core-columns-is-layout-9d6595d7 wp-block-columns-is-layout-flex\"><div class=\"wp-block-column is-layout-flow wp-block-column-is-layout-flow\" style=\"flex-basis:50%\"><h3 class=\"wp-block-heading has-text-align-left\">Vorteile des Gro\u00dfhandels Handy Fan Heater<\/h3>\n\n<ul class=\"wp-block-list\"><li><strong>Modisches, strahlend wei\u00dfes Aussehen:<\/strong> Dieser handliche Gro\u00dfhandels-Heizl\u00fcfter hat ein glattes, helles, wei\u00dfes Erscheinungsbild mit einem einfachen und stilvollen Aussehen, das in verschiedenen Heim- und B\u00fcroumgebungen verwendet werden kann. Es ist klein in der Gr\u00f6\u00dfe und kann nach Belieben eingestellt werden, um verschiedene Heizbed\u00fcrfnisse zu erf\u00fcllen.<\/li>\n\n<li><strong>Schnelle Erw\u00e4rmung: <\/strong>Unsere kleinen tragbaren Heizger\u00e4te k\u00f6nnen die Temperatur in kurzer Zeit erh\u00f6hen und verbrauchen dabei weniger Strom. Sie haben eine lange Lebensdauer, trocknen nicht aus und bieten eine komfortable Heizung.<\/li>\n\n<li><strong>Ruhig und nicht st\u00f6rend: <\/strong>Unser handlicher Heizl\u00fcfter f\u00fcr den Gro\u00dfhandel ist ger\u00e4uscharm, so dass er auch nachts weder den Schlaf noch die Arbeit st\u00f6rt. Sie k\u00f6nnen die W\u00e4rme genie\u00dfen, ohne sich Gedanken dar\u00fcber zu machen, und er eignet sich f\u00fcr Schlafzimmer, B\u00fcros und andere Orte.<\/li>\n\n<li><strong>Mehrere Sicherheitsvorkehrungen: <\/strong>Unser kleiner tragbarer Heizl\u00fcfter in gro\u00dfen Mengen verf\u00fcgt \u00fcber einen \u00dcberhitzungsschutz, einen \u00dcberstromschutz und eine flammhemmende Ummantelung, um zu gew\u00e4hrleisten, dass er auch bei Dauerbetrieb sicher und langlebig ist und eine zuverl\u00e4ssige Heizung bietet.<\/li><\/ul><\/div>\n\n<div class=\"wp-block-column is-layout-flow wp-block-column-is-layout-flow\"><figure class=\"wp-block-image size-full\"><img decoding=\"async\" width=\"800\" height=\"800\" src=\"https:\/\/www.gdwanjiada.net\/wp-content\/uploads\/2025\/03\/Wholesale-Desktop-Heater-Portable-Electric-Heater-Bulk.webp\" alt=\"Gro\u00dfhandel Desktop-Heizung, tragbare elektrische Heizung Bulk\" class=\"wp-image-1611\" srcset=\"https:\/\/www.gdwanjiada.net\/wp-content\/uploads\/2025\/03\/Wholesale-Desktop-Heater-Portable-Electric-Heater-Bulk.webp 800w, https:\/\/www.gdwanjiada.net\/wp-content\/uploads\/2025\/03\/Wholesale-Desktop-Heater-Portable-Electric-Heater-Bulk-300x300.webp 300w, https:\/\/www.gdwanjiada.net\/wp-content\/uploads\/2025\/03\/Wholesale-Desktop-Heater-Portable-Electric-Heater-Bulk-150x150.webp 150w, https:\/\/www.gdwanjiada.net\/wp-content\/uploads\/2025\/03\/Wholesale-Desktop-Heater-Portable-Electric-Heater-Bulk-768x768.webp 768w, https:\/\/www.gdwanjiada.net\/wp-content\/uploads\/2025\/03\/Wholesale-Desktop-Heater-Portable-Electric-Heater-Bulk-12x12.webp 12w, https:\/\/www.gdwanjiada.net\/wp-content\/uploads\/2025\/03\/Wholesale-Desktop-Heater-Portable-Electric-Heater-Bulk-600x600.webp 600w, https:\/\/www.gdwanjiada.net\/wp-content\/uploads\/2025\/03\/Wholesale-Desktop-Heater-Portable-Electric-Heater-Bulk-100x100.webp 100w\" sizes=\"(max-width: 800px) 100vw, 800px\" \/><\/figure><\/div><\/div>","protected":false},"excerpt":{"rendered":"<p>Willkommen zum Kauf kleiner tragbarer Heizger\u00e4te in gro\u00dfen Mengen. Dieser helle wei\u00dfe Gro\u00dfhandel handliche Heizl\u00fcfter ist klein in der Gr\u00f6\u00dfe, leicht im Gewicht, einfache Installation, ger\u00e4uscharm, und wird nicht unterbrechen Schlaf und Arbeit. Es hat zahlreiche Schutzma\u00dfnahmen von \u00dcberhitzung und \u00dcberstrom und verwendet flammhemmende Materialien f\u00fcr sicheres und stabiles Arbeiten.<\/p>\n<h2>Produktmerkmale\uff1a<\/h2>\n<ul>\n<li>Mehrere Platzierungsmethoden, einfach zu platzieren.<\/li>\n<li>Ger\u00e4uscharm, st\u00f6rt nicht den Schlaf.<\/li>\n<li>PTC-Heizung, schnelle Heizung, effizient und langlebig.<\/li>\n<li>Mehrfacher \u00dcberhitzungs- und \u00dcberstromschutz.<\/li>\n<li>Flammhemmendes Material, vern\u00fcnftiges Design, sicher und zuverl\u00e4ssig.<\/li>\n<\/ul>","protected":false},"featured_media":1620,"comment_status":"closed","ping_status":"closed","template":"","meta":{"_acf_changed":false},"product_brand":[],"product_cat":[22],"product_tag":[],"class_list":{"0":"post-1619","1":"product","2":"type-product","3":"status-publish","4":"has-post-thumbnail","6":"product_cat-wholesale-fan-heaters","8":"first","9":"instock","10":"shipping-taxable","11":"product-type-simple"},"acf":[],"_links":{"self":[{"href":"https:\/\/www.gdwanjiada.net\/de\/wp-json\/wp\/v2\/product\/1619","targetHints":{"allow":["GET"]}}],"collection":[{"href":"https:\/\/www.gdwanjiada.net\/de\/wp-json\/wp\/v2\/product"}],"about":[{"href":"https:\/\/www.gdwanjiada.net\/de\/wp-json\/wp\/v2\/types\/product"}],"replies":[{"embeddable":true,"href":"https:\/\/www.gdwanjiada.net\/de\/wp-json\/wp\/v2\/comments?post=1619"}],"wp:featuredmedia":[{"embeddable":true,"href":"https:\/\/www.gdwanjiada.net\/de\/wp-json\/wp\/v2\/media\/1620"}],"wp:attachment":[{"href":"https:\/\/www.gdwanjiada.net\/de\/wp-json\/wp\/v2\/media?parent=1619"}],"wp:term":[{"taxonomy":"product_brand","embeddable":true,"href":"https:\/\/www.gdwanjiada.net\/de\/wp-json\/wp\/v2\/product_brand?post=1619"},{"taxonomy":"product_cat","embeddable":true,"href":"https:\/\/www.gdwanjiada.net\/de\/wp-json\/wp\/v2\/product_cat?post=1619"},{"taxonomy":"product_tag","embeddable":true,"href":"https:\/\/www.gdwanjiada.net\/de\/wp-json\/wp\/v2\/product_tag?post=1619"}],"curies":[{"name":"wp","href":"https:\/\/api.w.org\/{rel}","templated":true}]}}