{"id":1612,"date":"2025-03-05T03:49:41","date_gmt":"2025-03-05T03:49:41","guid":{"rendered":"https:\/\/www.gdwanjiada.net\/?post_type=product&#038;p=1612"},"modified":"2025-03-05T03:59:04","modified_gmt":"2025-03-05T03:59:04","slug":"fan-heater-wholesale","status":"publish","type":"product","link":"https:\/\/www.gdwanjiada.net\/de\/produkt\/fan-heater-wholesale\/","title":{"rendered":"Luxuri\u00f6ser grauer Heizl\u00fcfter Gro\u00dfhandel, sicherer handlicher Heizl\u00fcfter Bulk"},"content":{"rendered":"<h3 class=\"wp-block-heading has-text-align-center\">Spezifikationen des Heizl\u00fcfters Gro\u00dfhandel<\/h3><figure class=\"wp-block-table\"><table class=\"has-fixed-layout\"><tbody><tr><td>Modell<\/td><td>Heizmodus<\/td><td>Spannung\/Frequenz<\/td><td colspan=\"2\">Leistung(W)&nbsp;<\/td><td colspan=\"3\">Gr\u00f6\u00dfe des Produkts (mm)&nbsp;<\/td><td colspan=\"2\">Verpacken<\/td><td>Nettogewicht\/Gewicht (kg)&nbsp;<\/td><td>Packungsgr\u00f6\u00dfe (mm)<\/td><td colspan=\"2\">Beladung Menge (St\u00fcck)<\/td><\/tr><tr><td rowspan=\"2\">WJD501R<\/td><td rowspan=\"2\">PTC<\/td><td rowspan=\"2\">220V\/50Hz<\/td><td>Kalt<br>Wind<\/td><td>W\u00e4rme<br>Wind<\/td><td>L\u00e4nge<\/td><td>Breite<\/td><td>H\u00f6he<\/td><td>Innerer Kasten<\/td><td>1 St\u00fcck<\/td><td>0.4\/0.48<\/td><td>133*80*190<\/td><td>20'GP<\/td><td>40'HQ<\/td><\/tr><tr><td>\/<\/td><td>500<\/td><td>100<\/td><td>65<\/td><td>175<\/td><td>Karton<\/td><td>48 St\u00fcck<\/td><td>23.04\/24.54<\/td><td>540*330*590<\/td><td>14352<\/td><td>33792<\/td><\/tr><\/tbody><\/table><\/figure><div class=\"wp-block-columns is-layout-flex wp-container-core-columns-is-layout-9d6595d7 wp-block-columns-is-layout-flex\"><div class=\"wp-block-column is-layout-flow wp-block-column-is-layout-flow\" style=\"flex-basis:50%\"><h3 class=\"wp-block-heading has-text-align-left\">Vorteile des Heizl\u00fcfters im Gro\u00dfhandel<\/h3>\n\n<ul class=\"wp-block-list\"><li><strong>Einfaches High-End-Design: <\/strong>Dieser Heizl\u00fcfter Gro\u00dfhandel nimmt besch\u00e4ftigt Luxus grauen Farben, minimalistisch und modisch, geeignet f\u00fcr verschiedene Innenarchitektur Stile. Seine leichte und kleine K\u00f6rper kann zuf\u00e4llig platziert werden, um viele W\u00e4rme Bed\u00fcrfnisse zu erf\u00fcllen.<\/li>\n\n<li><strong>Schnelles Aufheizen und mehr Energieeinsparung: <\/strong>Unser handlicher Heizl\u00fcfter verwendet die PTC-Keramik-Heiztechnologie, die in kurzer Zeit schnell erhitzt werden kann und sich durch eine stabile Heizleistung, Energieeinsparung und hohe Effizienz auszeichnet.<\/li>\n\n<li><strong>Leise und st\u00f6rt den Schlaf nicht: <\/strong>Dieser Heizl\u00fcfter im Gro\u00dfhandel verursacht nur minimale Betriebsger\u00e4usche, st\u00f6rt nicht bei der Arbeit, beim Lernen oder beim Schlafen und kann in Schlafzimmern, B\u00fcros und anderen Umgebungen verwendet werden, in denen Ruhe wichtig ist, um das Heizen angenehmer und gem\u00fctlicher zu machen.<\/li>\n\n<li><strong>Mehrere Sicherheitsvorkehrungen: <\/strong>Unser handlicher Heizl\u00fcfter Bulk verf\u00fcgt \u00fcber mehrere Sicherheitsvorkehrungen wie \u00dcberhitzungsschutz und \u00dcberstromschutz, um eine \u00dcberhitzung bei l\u00e4ngerem Betrieb zu verhindern. Das Geh\u00e4use ist aus feuerfestem Material gefertigt, um Sicherheit und Zuverl\u00e4ssigkeit zu gew\u00e4hrleisten.<\/li><\/ul><\/div>\n\n<div class=\"wp-block-column is-layout-flow wp-block-column-is-layout-flow\"><figure class=\"wp-block-image size-full\"><img decoding=\"async\" width=\"800\" height=\"800\" src=\"https:\/\/www.gdwanjiada.net\/wp-content\/uploads\/2025\/03\/Luxury-Gray-Fan-Heater-Wholesale-Safe-Handy-Fan-Heater-Bulk-6.webp\" alt=\"\" class=\"wp-image-1618\" srcset=\"https:\/\/www.gdwanjiada.net\/wp-content\/uploads\/2025\/03\/Luxury-Gray-Fan-Heater-Wholesale-Safe-Handy-Fan-Heater-Bulk-6.webp 800w, https:\/\/www.gdwanjiada.net\/wp-content\/uploads\/2025\/03\/Luxury-Gray-Fan-Heater-Wholesale-Safe-Handy-Fan-Heater-Bulk-6-300x300.webp 300w, https:\/\/www.gdwanjiada.net\/wp-content\/uploads\/2025\/03\/Luxury-Gray-Fan-Heater-Wholesale-Safe-Handy-Fan-Heater-Bulk-6-150x150.webp 150w, https:\/\/www.gdwanjiada.net\/wp-content\/uploads\/2025\/03\/Luxury-Gray-Fan-Heater-Wholesale-Safe-Handy-Fan-Heater-Bulk-6-768x768.webp 768w, https:\/\/www.gdwanjiada.net\/wp-content\/uploads\/2025\/03\/Luxury-Gray-Fan-Heater-Wholesale-Safe-Handy-Fan-Heater-Bulk-6-12x12.webp 12w, https:\/\/www.gdwanjiada.net\/wp-content\/uploads\/2025\/03\/Luxury-Gray-Fan-Heater-Wholesale-Safe-Handy-Fan-Heater-Bulk-6-600x600.webp 600w, https:\/\/www.gdwanjiada.net\/wp-content\/uploads\/2025\/03\/Luxury-Gray-Fan-Heater-Wholesale-Safe-Handy-Fan-Heater-Bulk-6-100x100.webp 100w\" sizes=\"(max-width: 800px) 100vw, 800px\" \/><\/figure><\/div><\/div>","protected":false},"excerpt":{"rendered":"<p>Willkommen zum Kauf Heizl\u00fcfter Gro\u00dfhandel. Dieser silbergraue handliche Heizl\u00fcfter verwendet eine PTC-Keramikheizung, die schnell heizt und ein stabiles und lang anhaltendes W\u00e4rmegef\u00fchl bietet. Es verf\u00fcgt \u00fcber eine kompakte Gr\u00f6\u00dfe und ist einfach zu platzieren, und es kann auf umfangreiche Szenen wie Desktops und B\u00f6den angewendet werden.<\/p>\n<h2>Produktmerkmale\uff1a<\/h2>\n<ul>\n<li>Mehrere Platzierungsmethoden, einfach zu platzieren.<\/li>\n<li>Ger\u00e4uscharm, st\u00f6rt nicht den Schlaf.<\/li>\n<li>PTC-Heizung, schnelle Heizung, effizient und langlebig.<\/li>\n<li>Mehrfacher \u00dcberhitzungs- und \u00dcberstromschutz.<\/li>\n<li>Flammhemmendes Material, vern\u00fcnftiges Design, sicher und zuverl\u00e4ssig.<\/li>\n<\/ul>","protected":false},"featured_media":1613,"comment_status":"closed","ping_status":"closed","template":"","meta":{"_acf_changed":false},"product_brand":[],"product_cat":[22],"product_tag":[],"class_list":{"0":"post-1612","1":"product","2":"type-product","3":"status-publish","4":"has-post-thumbnail","6":"product_cat-wholesale-fan-heaters","8":"first","9":"instock","10":"shipping-taxable","11":"product-type-simple"},"acf":[],"_links":{"self":[{"href":"https:\/\/www.gdwanjiada.net\/de\/wp-json\/wp\/v2\/product\/1612","targetHints":{"allow":["GET"]}}],"collection":[{"href":"https:\/\/www.gdwanjiada.net\/de\/wp-json\/wp\/v2\/product"}],"about":[{"href":"https:\/\/www.gdwanjiada.net\/de\/wp-json\/wp\/v2\/types\/product"}],"replies":[{"embeddable":true,"href":"https:\/\/www.gdwanjiada.net\/de\/wp-json\/wp\/v2\/comments?post=1612"}],"wp:featuredmedia":[{"embeddable":true,"href":"https:\/\/www.gdwanjiada.net\/de\/wp-json\/wp\/v2\/media\/1613"}],"wp:attachment":[{"href":"https:\/\/www.gdwanjiada.net\/de\/wp-json\/wp\/v2\/media?parent=1612"}],"wp:term":[{"taxonomy":"product_brand","embeddable":true,"href":"https:\/\/www.gdwanjiada.net\/de\/wp-json\/wp\/v2\/product_brand?post=1612"},{"taxonomy":"product_cat","embeddable":true,"href":"https:\/\/www.gdwanjiada.net\/de\/wp-json\/wp\/v2\/product_cat?post=1612"},{"taxonomy":"product_tag","embeddable":true,"href":"https:\/\/www.gdwanjiada.net\/de\/wp-json\/wp\/v2\/product_tag?post=1612"}],"curies":[{"name":"wp","href":"https:\/\/api.w.org\/{rel}","templated":true}]}}