{"id":1605,"date":"2025-03-05T03:28:42","date_gmt":"2025-03-05T03:28:42","guid":{"rendered":"https:\/\/www.gdwanjiada.net\/?post_type=product&#038;p=1605"},"modified":"2025-03-05T03:48:55","modified_gmt":"2025-03-05T03:48:55","slug":"wholesale-desktop-heater","status":"publish","type":"product","link":"https:\/\/www.gdwanjiada.net\/de\/produkt\/wholesale-desktop-heater\/","title":{"rendered":"Gr\u00fcner Gro\u00dfhandel Desktop-Heizung, tragbare elektrische Heizung Bulk"},"content":{"rendered":"<h3 class=\"wp-block-heading has-text-align-center\">Spezifikationen des Gro\u00dfhandels Desktop-Heizung<\/h3><figure class=\"wp-block-table\"><table class=\"has-fixed-layout\"><tbody><tr><td>Modell<\/td><td>Heizmodus<\/td><td>Spannung\/Frequenz<\/td><td colspan=\"2\">Leistung(W)&nbsp;<\/td><td colspan=\"3\">Gr\u00f6\u00dfe des Produkts (mm)&nbsp;<\/td><td colspan=\"2\">Verpacken<\/td><td>Nettogewicht\/Gewicht (kg)&nbsp;<\/td><td>Packungsgr\u00f6\u00dfe (mm)<\/td><td colspan=\"2\">Beladung Menge (St\u00fcck)<\/td><\/tr><tr><td rowspan=\"2\">WJD501R<\/td><td rowspan=\"2\">PTC<\/td><td rowspan=\"2\">220V\/50Hz<\/td><td>Kalt<br>Wind<\/td><td>W\u00e4rme<br>Wind<\/td><td>L\u00e4nge<\/td><td>Breite<\/td><td>H\u00f6he<\/td><td>Innerer Kasten<\/td><td>1 St\u00fcck<\/td><td>0.4\/0.48<\/td><td>133*80*190<\/td><td>20'GP<\/td><td>40'HQ<\/td><\/tr><tr><td>\/<\/td><td>500<\/td><td>100<\/td><td>65<\/td><td>175<\/td><td>Karton<\/td><td>48 St\u00fcck<\/td><td>23.04\/24.54<\/td><td>540*330*590<\/td><td>14352<\/td><td>33792<\/td><\/tr><\/tbody><\/table><\/figure><div class=\"wp-block-columns is-layout-flex wp-container-core-columns-is-layout-9d6595d7 wp-block-columns-is-layout-flex\"><div class=\"wp-block-column is-layout-flow wp-block-column-is-layout-flow\" style=\"flex-basis:50%\"><h3 class=\"wp-block-heading has-text-align-left\">Vorteile des Gro\u00dfhandels Desktop-Heizung<\/h3>\n\n<ul class=\"wp-block-list\"><li><strong>Flexibel und anwendbar:<\/strong> Dieser Gro\u00dfhandel Desktop-Heizung ist klein in der Gr\u00f6\u00dfe und kann flexibel auf dem Schreibtisch, Boden oder Nachttisch des Schlafzimmers platziert werden. Es ist f\u00fcr verschiedene Umgebungen wie Haus und B\u00fcro geeignet.<\/li>\n\n<li><strong>Schnelles Aufheizen und langlebig: <\/strong>Unsere tragbaren elektrischen Heizger\u00e4te im Gro\u00dfhandel sind mit der PTC-Keramik-Heiztechnologie ausgestattet. Es erw\u00e4rmt sich schnell nach dem Einschalten, strahlt gleichm\u00e4\u00dfig W\u00e4rme ab, ist langlebig und ist energieeffizienter und effizienter, so dass die W\u00e4rme Sie in jedem Moment begleiten kann.<\/li>\n\n<li><strong>Ger\u00e4uscharmer Betrieb: <\/strong>Dieser Gro\u00dfhandelstischheizer arbeitet ger\u00e4uscharm und st\u00f6rt den Schlaf nicht, selbst wenn er \u00fcber Nacht arbeitet. Er ist ideal f\u00fcr Schlaf- und B\u00fcror\u00e4ume, die ruhige Bedingungen erfordern.<\/li>\n\n<li><strong>Mehrere Sicherheitsvorkehrungen: <\/strong>Unsere tragbaren elektrischen Heizger\u00e4te im Gro\u00dfhandel verf\u00fcgen \u00fcber einen \u00dcberhitzungsschutz, einen \u00dcberstromschutz und verwenden flammhemmende Materialien, um sicherzustellen, dass sie auch bei l\u00e4ngerem Gebrauch sicher und zuverl\u00e4ssig sind, um Sicherheitsrisiken zu vermeiden.<\/li><\/ul><\/div>\n\n<div class=\"wp-block-column is-layout-flow wp-block-column-is-layout-flow\"><figure class=\"wp-block-image size-full\"><img decoding=\"async\" width=\"800\" height=\"800\" src=\"https:\/\/www.gdwanjiada.net\/wp-content\/uploads\/2025\/03\/Wholesale-Desktop-Heater-Portable-Electric-Heater-Bulk.webp\" alt=\"Gro\u00dfhandel Desktop-Heizung, tragbare elektrische Heizung Bulk\" class=\"wp-image-1611\" srcset=\"https:\/\/www.gdwanjiada.net\/wp-content\/uploads\/2025\/03\/Wholesale-Desktop-Heater-Portable-Electric-Heater-Bulk.webp 800w, https:\/\/www.gdwanjiada.net\/wp-content\/uploads\/2025\/03\/Wholesale-Desktop-Heater-Portable-Electric-Heater-Bulk-300x300.webp 300w, https:\/\/www.gdwanjiada.net\/wp-content\/uploads\/2025\/03\/Wholesale-Desktop-Heater-Portable-Electric-Heater-Bulk-150x150.webp 150w, https:\/\/www.gdwanjiada.net\/wp-content\/uploads\/2025\/03\/Wholesale-Desktop-Heater-Portable-Electric-Heater-Bulk-768x768.webp 768w, https:\/\/www.gdwanjiada.net\/wp-content\/uploads\/2025\/03\/Wholesale-Desktop-Heater-Portable-Electric-Heater-Bulk-12x12.webp 12w, https:\/\/www.gdwanjiada.net\/wp-content\/uploads\/2025\/03\/Wholesale-Desktop-Heater-Portable-Electric-Heater-Bulk-600x600.webp 600w, https:\/\/www.gdwanjiada.net\/wp-content\/uploads\/2025\/03\/Wholesale-Desktop-Heater-Portable-Electric-Heater-Bulk-100x100.webp 100w\" sizes=\"(max-width: 800px) 100vw, 800px\" \/><\/figure><\/div><\/div>","protected":false},"excerpt":{"rendered":"<p>Willkommen zum Kauf von tragbaren elektrischen Heizungen. Dieser Gro\u00dfhandel Desktop-Heizung nimmt PTC-Keramik-Heizung Technologie, schnelle Heizung, energiesparend und lange Lebensdauer. Kleine Gr\u00f6\u00dfe, ger\u00e4umiger Raum f\u00fcr mehrere Platzierungen, und geringes Rauschen. Mit mehreren Sicherheitsschutzfunktionen, Heizung ist sicherer und zuverl\u00e4ssiger.<\/p>\n<h2>Produktmerkmale\uff1a<\/h2>\n<ul>\n<li>Mehrere Platzierungsmethoden, einfach zu platzieren.<\/li>\n<li>Ger\u00e4uscharm, st\u00f6rt nicht den Schlaf.<\/li>\n<li>PTC-Heizung, schnelle Heizung, effizient und langlebig.<\/li>\n<li>Mehrfacher \u00dcberhitzungs- und \u00dcberstromschutz.<\/li>\n<li>Flammhemmendes Material, vern\u00fcnftiges Design, sicher und zuverl\u00e4ssig.<\/li>\n<\/ul>","protected":false},"featured_media":1606,"comment_status":"closed","ping_status":"closed","template":"","meta":{"_acf_changed":false},"product_brand":[],"product_cat":[22],"product_tag":[],"class_list":{"0":"post-1605","1":"product","2":"type-product","3":"status-publish","4":"has-post-thumbnail","6":"product_cat-wholesale-fan-heaters","8":"first","9":"instock","10":"shipping-taxable","11":"product-type-simple"},"acf":[],"_links":{"self":[{"href":"https:\/\/www.gdwanjiada.net\/de\/wp-json\/wp\/v2\/product\/1605","targetHints":{"allow":["GET"]}}],"collection":[{"href":"https:\/\/www.gdwanjiada.net\/de\/wp-json\/wp\/v2\/product"}],"about":[{"href":"https:\/\/www.gdwanjiada.net\/de\/wp-json\/wp\/v2\/types\/product"}],"replies":[{"embeddable":true,"href":"https:\/\/www.gdwanjiada.net\/de\/wp-json\/wp\/v2\/comments?post=1605"}],"wp:featuredmedia":[{"embeddable":true,"href":"https:\/\/www.gdwanjiada.net\/de\/wp-json\/wp\/v2\/media\/1606"}],"wp:attachment":[{"href":"https:\/\/www.gdwanjiada.net\/de\/wp-json\/wp\/v2\/media?parent=1605"}],"wp:term":[{"taxonomy":"product_brand","embeddable":true,"href":"https:\/\/www.gdwanjiada.net\/de\/wp-json\/wp\/v2\/product_brand?post=1605"},{"taxonomy":"product_cat","embeddable":true,"href":"https:\/\/www.gdwanjiada.net\/de\/wp-json\/wp\/v2\/product_cat?post=1605"},{"taxonomy":"product_tag","embeddable":true,"href":"https:\/\/www.gdwanjiada.net\/de\/wp-json\/wp\/v2\/product_tag?post=1605"}],"curies":[{"name":"wp","href":"https:\/\/api.w.org\/{rel}","templated":true}]}}