{"id":1566,"date":"2025-01-16T03:13:42","date_gmt":"2025-01-16T03:13:42","guid":{"rendered":"https:\/\/www.gdwanjiada.net\/?post_type=product&#038;p=1566"},"modified":"2025-01-21T08:52:53","modified_gmt":"2025-01-21T08:52:53","slug":"bulk-battery-fans","status":"publish","type":"product","link":"https:\/\/www.gdwanjiada.net\/de\/produkt\/bulk-battery-fans\/","title":{"rendered":"Lila Bulk-Batterie-Fans mit Licht, Gro\u00dfhandel Camping Desk Fan"},"content":{"rendered":"<h3 class=\"wp-block-heading has-text-align-center\">Spezifikationen f\u00fcr Batterieventilatoren in gro\u00dfen Mengen<\/h3><figure class=\"wp-block-table\"><table class=\"has-fixed-layout\"><tbody><tr><td rowspan=\"2\">Modell<\/td><td rowspan=\"2\">Leistung\uff08W\uff09<\/td><td rowspan=\"2\">Spannung\uff08V\uff09<\/td><td rowspan=\"2\">Geschwindigkeitsmodus<\/td><td rowspan=\"2\">G.W.\uff08g\uff09<\/td><td rowspan=\"2\">Produktgr\u00f6\u00dfe\uff08mm\uff09<\/td><td rowspan=\"2\">Packungsgr\u00f6\u00dfe\uff08mm\uff09<\/td><td rowspan=\"2\">Kartongr\u00f6\u00dfe\uff08mm\uff09<\/td><td rowspan=\"2\">Verpackung Q'ty\uff08pc\uff09<\/td><td rowspan=\"2\">Karton G.W.\uff08kg\uff09<\/td><td rowspan=\"2\">Stromversorgung<\/td><td rowspan=\"2\">Kapazit\u00e4t der Batterie<\/td><td colspan=\"2\">Beladung Q'ty<\/td><\/tr><tr><td>20GP<\/td><td>40HQ<\/td><\/tr><tr><td>F04<\/td><td>5<\/td><td>5<\/td><td>3<\/td><td>650<\/td><td>190*200*230<\/td><td>367*184*184<\/td><td>820*420*615<\/td><td>24<\/td><td>17.6<\/td><td>Stecker<\/td><td>1200mh<\/td><td>3192<\/td><td>7704<\/td><\/tr><\/tbody><\/table><\/figure><div class=\"wp-block-columns is-layout-flex wp-container-core-columns-is-layout-9d6595d7 wp-block-columns-is-layout-flex\"><div class=\"wp-block-column is-layout-flow wp-block-column-is-layout-flow\" style=\"flex-basis:50%\"><h3 class=\"wp-block-heading has-text-align-left\">Vorteile von Bulk-Batterie-Ventilatoren<\/h3>\n\n<ul class=\"wp-block-list\"><li><strong>Leichtes und vielseitiges Design, geeignet f\u00fcr eine Vielzahl von Szenarien: <\/strong>Unsere gro\u00dfen Akku-Ventilatoren eignen sich perfekt f\u00fcr eine Vielzahl von Einsatzbereichen, z. B. zu Hause, im B\u00fcro und beim Camping im Freien. Sie k\u00f6nnen als Tischventilatoren oder als tragbare Ger\u00e4te f\u00fcr den Einsatz im Freien verwendet werden.<\/li>\n\n<li><strong>3-stufige Windgeschwindigkeitsregelung, individuelles K\u00fchlerlebnis: <\/strong>Unsere Gro\u00dfhandels-Camping-Ventilatoren verf\u00fcgen \u00fcber eine integrierte dreistufig einstellbare Windgeschwindigkeit, die von einer sanften Brise bis zu einem starken Luftstrom reicht, um den Anforderungen verschiedener Temperaturen und Szenarien gerecht zu werden, so dass die Benutzer jederzeit eine angenehme K\u00fchle genie\u00dfen k\u00f6nnen.<\/li>\n\n<li><strong>Effiziente Luftzirkulation, Verbesserung des Umgebungskomforts: <\/strong>Diese gro\u00dfen Batterieventilatoren haben eine starke Luftzirkulationsfunktion, die nicht nur die Temperatur schnell senken kann, sondern auch die Luftzirkulation im Raum verbessert, um eine ges\u00fcndere Umgebung zu schaffen.<\/li>\n\n<li><strong>Eingebaute Lithium-Batterie, lange Ausdauer ohne Belastung: <\/strong>Diese Gro\u00dfhandels-Camping-Ventilatoren sind mit Lithium-Batterien mit gro\u00dfer Kapazit\u00e4t ausgestattet, die lange Zeit ohne st\u00e4ndiges Anschlie\u00dfen an das Stromnetz betrieben werden k\u00f6nnen, und sind ideal f\u00fcr spezielle Szenarien wie Camping oder Stromausf\u00e4lle.<\/li><\/ul><\/div>\n\n<div class=\"wp-block-column is-layout-flow wp-block-column-is-layout-flow\"><figure class=\"wp-block-image size-full\"><img decoding=\"async\" width=\"800\" height=\"800\" src=\"https:\/\/www.gdwanjiada.net\/wp-content\/uploads\/2025\/01\/Purple-Bulk-Battery-Fans-With-Light-Wholesale-Camping-Desk-Fan-2.webp\" alt=\"Lila Bulk Batterie Fans mit Licht, Gro\u00dfhandel Camping Desk Fan-2\" class=\"wp-image-1568\" srcset=\"https:\/\/www.gdwanjiada.net\/wp-content\/uploads\/2025\/01\/Purple-Bulk-Battery-Fans-With-Light-Wholesale-Camping-Desk-Fan-2.webp 800w, https:\/\/www.gdwanjiada.net\/wp-content\/uploads\/2025\/01\/Purple-Bulk-Battery-Fans-With-Light-Wholesale-Camping-Desk-Fan-2-300x300.webp 300w, https:\/\/www.gdwanjiada.net\/wp-content\/uploads\/2025\/01\/Purple-Bulk-Battery-Fans-With-Light-Wholesale-Camping-Desk-Fan-2-150x150.webp 150w, https:\/\/www.gdwanjiada.net\/wp-content\/uploads\/2025\/01\/Purple-Bulk-Battery-Fans-With-Light-Wholesale-Camping-Desk-Fan-2-768x768.webp 768w, https:\/\/www.gdwanjiada.net\/wp-content\/uploads\/2025\/01\/Purple-Bulk-Battery-Fans-With-Light-Wholesale-Camping-Desk-Fan-2-12x12.webp 12w, https:\/\/www.gdwanjiada.net\/wp-content\/uploads\/2025\/01\/Purple-Bulk-Battery-Fans-With-Light-Wholesale-Camping-Desk-Fan-2-600x600.webp 600w, https:\/\/www.gdwanjiada.net\/wp-content\/uploads\/2025\/01\/Purple-Bulk-Battery-Fans-With-Light-Wholesale-Camping-Desk-Fan-2-100x100.webp 100w\" sizes=\"(max-width: 800px) 100vw, 800px\" \/><\/figure><\/div><\/div>","protected":false},"excerpt":{"rendered":"<p>Willkommen in der Bulk-Batterie-Fans zu kaufen. Unsere lila Gro\u00dfhandel Camping-Fans kombinieren elegantes Aussehen mit praktischer Leistung. Sie haben 3 Windgeschwindigkeit Einstellung, eingebaute Lithium-Batterie und effiziente Luftzirkulation Funktion. Ob Sie zu Hause arbeiten oder im Freien campen, k\u00f6nnen sie eine lang anhaltende und komfortable K\u00fchlung bieten. Sie sind eine meistverkaufte Wahl auf dem Gro\u00dfhandelsmarkt.<\/p>\n<h2>Produktmerkmale\uff1a<\/h2>\n<ul>\n<li>Es kann in verschiedenen Szenarien eingesetzt werden, z. B. als Standger\u00e4t, Wandger\u00e4t, Tischger\u00e4t und im Freien.<\/li>\n<li>Der Luftzufuhrwinkel l\u00e4sst sich um 180 Grad drehen, die Windgeschwindigkeit ist in 3 Stufen einstellbar, und er verf\u00fcgt \u00fcber eine eingebaute Lithiumbatterie.<\/li>\n<li>Intelligente Memory-Helligkeit plus stufenloses Dimmen, Sie k\u00f6nnen die Helligkeit nach Belieben einstellen, und es kann als Tischlampe, Au\u00dfenlampe, F\u00fclllicht oder Nachtlicht verwendet werden.<\/li>\n<li>Lassen Sie die Luft zirkulieren und genie\u00dfen Sie jeden Atemzug an frischer Luft.<\/li>\n<\/ul>","protected":false},"featured_media":1569,"comment_status":"closed","ping_status":"closed","template":"","meta":{"_acf_changed":false},"product_brand":[],"product_cat":[23,24],"product_tag":[],"class_list":{"0":"post-1566","1":"product","2":"type-product","3":"status-publish","4":"has-post-thumbnail","6":"product_cat-wholesale-portable-fans","7":"product_cat-air-circulation-fan-wholesale","9":"first","10":"instock","11":"shipping-taxable","12":"product-type-simple"},"acf":[],"_links":{"self":[{"href":"https:\/\/www.gdwanjiada.net\/de\/wp-json\/wp\/v2\/product\/1566","targetHints":{"allow":["GET"]}}],"collection":[{"href":"https:\/\/www.gdwanjiada.net\/de\/wp-json\/wp\/v2\/product"}],"about":[{"href":"https:\/\/www.gdwanjiada.net\/de\/wp-json\/wp\/v2\/types\/product"}],"replies":[{"embeddable":true,"href":"https:\/\/www.gdwanjiada.net\/de\/wp-json\/wp\/v2\/comments?post=1566"}],"wp:featuredmedia":[{"embeddable":true,"href":"https:\/\/www.gdwanjiada.net\/de\/wp-json\/wp\/v2\/media\/1569"}],"wp:attachment":[{"href":"https:\/\/www.gdwanjiada.net\/de\/wp-json\/wp\/v2\/media?parent=1566"}],"wp:term":[{"taxonomy":"product_brand","embeddable":true,"href":"https:\/\/www.gdwanjiada.net\/de\/wp-json\/wp\/v2\/product_brand?post=1566"},{"taxonomy":"product_cat","embeddable":true,"href":"https:\/\/www.gdwanjiada.net\/de\/wp-json\/wp\/v2\/product_cat?post=1566"},{"taxonomy":"product_tag","embeddable":true,"href":"https:\/\/www.gdwanjiada.net\/de\/wp-json\/wp\/v2\/product_tag?post=1566"}],"curies":[{"name":"wp","href":"https:\/\/api.w.org\/{rel}","templated":true}]}}