{"id":1552,"date":"2025-01-16T02:47:20","date_gmt":"2025-01-16T02:47:20","guid":{"rendered":"https:\/\/www.gdwanjiada.net\/?post_type=product&#038;p=1552"},"modified":"2025-01-16T02:58:26","modified_gmt":"2025-01-16T02:58:26","slug":"wholesale-mini-portable-fan","status":"publish","type":"product","link":"https:\/\/www.gdwanjiada.net\/de\/produkt\/wholesale-mini-portable-fan\/","title":{"rendered":"Gr\u00fcner Gro\u00dfhandel Mini tragbare Fan, Bulk-Schreibtisch Fans mit Licht"},"content":{"rendered":"<h3 class=\"wp-block-heading has-text-align-center\">Spezifikationen von Gro\u00dfhandel Mini Portable Fan<\/h3><figure class=\"wp-block-table\"><table class=\"has-fixed-layout\"><tbody><tr><td rowspan=\"2\">Modell<\/td><td rowspan=\"2\">Leistung\uff08W\uff09<\/td><td rowspan=\"2\">Spannung\uff08V\uff09<\/td><td rowspan=\"2\">Geschwindigkeitsmodus<\/td><td rowspan=\"2\">G.W.\uff08g\uff09<\/td><td rowspan=\"2\">Produktgr\u00f6\u00dfe\uff08mm\uff09<\/td><td rowspan=\"2\">Packungsgr\u00f6\u00dfe\uff08mm\uff09<\/td><td rowspan=\"2\">Kartongr\u00f6\u00dfe\uff08mm\uff09<\/td><td rowspan=\"2\">Verpackung Q'ty\uff08pc\uff09<\/td><td rowspan=\"2\">Karton G.W.\uff08kg\uff09<\/td><td rowspan=\"2\">Stromversorgung<\/td><td rowspan=\"2\">Kapazit\u00e4t der Batterie<\/td><td colspan=\"2\">Beladung Q'ty<\/td><\/tr><tr><td>20GP<\/td><td>40HQ<\/td><\/tr><tr><td>F04<\/td><td>5<\/td><td>5<\/td><td>3<\/td><td>650<\/td><td>190*200*230<\/td><td>367*184*184<\/td><td>820*420*615<\/td><td>24<\/td><td>17.6<\/td><td>Stecker<\/td><td>1200mh<\/td><td>3192<\/td><td>7704<\/td><\/tr><\/tbody><\/table><\/figure><div class=\"wp-block-columns is-layout-flex wp-container-core-columns-is-layout-9d6595d7 wp-block-columns-is-layout-flex\"><div class=\"wp-block-column is-layout-flow wp-block-column-is-layout-flow\" style=\"flex-basis:50%\"><h3 class=\"wp-block-heading has-text-align-left\">Vorteile des Gro\u00dfhandels Mini Portable Fan<\/h3>\n\n<ul class=\"wp-block-list\"><li><strong>Flexible und praktische Anwendung f\u00fcr mehrere Szenarien: <\/strong>Dieser tragbare Mini-Ventilator aus dem Gro\u00dfhandel ist so konzipiert, dass er f\u00fcr verschiedene Einsatzszenarien geeignet ist, z. B. als Standventilator, Wandventilator, Tischventilator und Ventilator im Freien. Ob es zu Hause, im B\u00fcro oder im Freien Camping oder Reisen ist, kann es leicht angepasst werden, um Sie mit einer konstanten Versorgung mit K\u00fchle bieten.<\/li>\n\n<li><strong>180-Grad-Drehung der Luftzufuhr, weitwinklige Abdeckung: <\/strong>Unsere gro\u00dfen Tischventilatoren k\u00f6nnen um 180 Grad frei gedreht werden, die Luftzufuhrrichtung l\u00e4sst sich leicht einstellen und sie gew\u00e4hrleisten einen gleichm\u00e4\u00dfigen Luftstrom. Ob zentralisierte K\u00fchlung oder Abdeckung des gesamten Raums, sie k\u00f6nnen Ihre Bed\u00fcrfnisse erf\u00fcllen und die Benutzererfahrung verbessern.<\/li>\n\n<li><strong>3-stufige Windeinstellung, individueller Komfort: <\/strong>Dieser tragbare Mini-Ventilator bietet 3 Windgeschwindigkeiten zur Auswahl, eine sanfte Brise eignet sich f\u00fcr ruhige Momente, ein mittlerer Wind eignet sich f\u00fcr die Arbeitsumgebung, und ein starker k\u00fchler Wind eignet sich f\u00fcr hei\u00dfes Wetter. Jede Geschwindigkeit ist sorgf\u00e4ltig entworfen, um die bequemste Wind Erfahrung f\u00fcr Sie zu schaffen.<\/li>\n\n<li><strong>Eingebaute Lithium-Batterie, jederzeit und \u00fcberall cool:<\/strong> Diese gro\u00dfvolumigen Tischventilatoren verf\u00fcgen \u00fcber eingebaute Lithium-Batterien mit hoher Kapazit\u00e4t, so dass Sie sich von Stromengp\u00e4ssen verabschieden k\u00f6nnen. Eine einzige Ladung reicht f\u00fcr eine lange Zeit, sei es f\u00fcr den Einsatz im Freien oder f\u00fcr Notfallszenarien, so dass K\u00fchle in Reichweite, bequem und umweltfreundlich ist.<\/li><\/ul><\/div>\n\n<div class=\"wp-block-column is-layout-flow wp-block-column-is-layout-flow\"><figure class=\"wp-block-image size-full\"><img decoding=\"async\" width=\"800\" height=\"800\" src=\"https:\/\/www.gdwanjiada.net\/wp-content\/uploads\/2025\/01\/Green-Wholesale-Mini-Portable-Fan-Bulk-Desk-Fans-With-Light-6.webp\" alt=\"Gr\u00fcner Gro\u00dfhandel Mini Portable Fan, Bulk-Schreibtisch-Fans mit Licht-6\" class=\"wp-image-1558\" srcset=\"https:\/\/www.gdwanjiada.net\/wp-content\/uploads\/2025\/01\/Green-Wholesale-Mini-Portable-Fan-Bulk-Desk-Fans-With-Light-6.webp 800w, https:\/\/www.gdwanjiada.net\/wp-content\/uploads\/2025\/01\/Green-Wholesale-Mini-Portable-Fan-Bulk-Desk-Fans-With-Light-6-300x300.webp 300w, https:\/\/www.gdwanjiada.net\/wp-content\/uploads\/2025\/01\/Green-Wholesale-Mini-Portable-Fan-Bulk-Desk-Fans-With-Light-6-150x150.webp 150w, https:\/\/www.gdwanjiada.net\/wp-content\/uploads\/2025\/01\/Green-Wholesale-Mini-Portable-Fan-Bulk-Desk-Fans-With-Light-6-768x768.webp 768w, https:\/\/www.gdwanjiada.net\/wp-content\/uploads\/2025\/01\/Green-Wholesale-Mini-Portable-Fan-Bulk-Desk-Fans-With-Light-6-12x12.webp 12w, https:\/\/www.gdwanjiada.net\/wp-content\/uploads\/2025\/01\/Green-Wholesale-Mini-Portable-Fan-Bulk-Desk-Fans-With-Light-6-600x600.webp 600w, https:\/\/www.gdwanjiada.net\/wp-content\/uploads\/2025\/01\/Green-Wholesale-Mini-Portable-Fan-Bulk-Desk-Fans-With-Light-6-100x100.webp 100w\" sizes=\"(max-width: 800px) 100vw, 800px\" \/><\/figure><\/div><\/div>","protected":false},"excerpt":{"rendered":"<p>Willkommen im Gro\u00dfhandel Mini tragbaren Ventilator zu kaufen. Unsere gr\u00fcne Bulk-Schreibtisch-Ventilatoren sind gut gestaltet und geeignet f\u00fcr eine Vielzahl von Szenarien, einschlie\u00dflich Boden-, Wand-, Desktop-und Outdoor-Einsatz. Unterst\u00fctzung 180-Grad-Weitwinkel-Luftzufuhr, mit 3-Gang-Windgeschwindigkeits-Einstellfunktion, um pers\u00f6nliche Bed\u00fcrfnisse zu erf\u00fcllen.<\/p>\n<h2>Produktmerkmale\uff1a<\/h2>\n<ul>\n<li>Es kann in verschiedenen Szenarien eingesetzt werden, z. B. als Standger\u00e4t, Wandger\u00e4t, Tischger\u00e4t und im Freien.<\/li>\n<li>Der Luftzufuhrwinkel l\u00e4sst sich um 180 Grad drehen, die Windgeschwindigkeit ist in 3 Stufen einstellbar, und er verf\u00fcgt \u00fcber eine eingebaute Lithiumbatterie.<\/li>\n<li>Intelligente Memory-Helligkeit plus stufenloses Dimmen, Sie k\u00f6nnen die Helligkeit nach Belieben einstellen, und es kann als Tischlampe, Au\u00dfenlampe, F\u00fclllicht oder Nachtlicht verwendet werden.<\/li>\n<li>Lassen Sie die Luft zirkulieren und genie\u00dfen Sie jeden Atemzug an frischer Luft.<\/li>\n<\/ul>","protected":false},"featured_media":1555,"comment_status":"closed","ping_status":"closed","template":"","meta":{"_acf_changed":false},"product_brand":[],"product_cat":[23,24],"product_tag":[],"class_list":{"0":"post-1552","1":"product","2":"type-product","3":"status-publish","4":"has-post-thumbnail","6":"product_cat-wholesale-portable-fans","7":"product_cat-air-circulation-fan-wholesale","9":"first","10":"instock","11":"shipping-taxable","12":"product-type-simple"},"acf":[],"_links":{"self":[{"href":"https:\/\/www.gdwanjiada.net\/de\/wp-json\/wp\/v2\/product\/1552","targetHints":{"allow":["GET"]}}],"collection":[{"href":"https:\/\/www.gdwanjiada.net\/de\/wp-json\/wp\/v2\/product"}],"about":[{"href":"https:\/\/www.gdwanjiada.net\/de\/wp-json\/wp\/v2\/types\/product"}],"replies":[{"embeddable":true,"href":"https:\/\/www.gdwanjiada.net\/de\/wp-json\/wp\/v2\/comments?post=1552"}],"wp:featuredmedia":[{"embeddable":true,"href":"https:\/\/www.gdwanjiada.net\/de\/wp-json\/wp\/v2\/media\/1555"}],"wp:attachment":[{"href":"https:\/\/www.gdwanjiada.net\/de\/wp-json\/wp\/v2\/media?parent=1552"}],"wp:term":[{"taxonomy":"product_brand","embeddable":true,"href":"https:\/\/www.gdwanjiada.net\/de\/wp-json\/wp\/v2\/product_brand?post=1552"},{"taxonomy":"product_cat","embeddable":true,"href":"https:\/\/www.gdwanjiada.net\/de\/wp-json\/wp\/v2\/product_cat?post=1552"},{"taxonomy":"product_tag","embeddable":true,"href":"https:\/\/www.gdwanjiada.net\/de\/wp-json\/wp\/v2\/product_tag?post=1552"}],"curies":[{"name":"wp","href":"https:\/\/api.w.org\/{rel}","templated":true}]}}