{"id":1543,"date":"2025-01-07T02:18:56","date_gmt":"2025-01-07T02:18:56","guid":{"rendered":"https:\/\/www.gdwanjiada.net\/?post_type=product&#038;p=1543"},"modified":"2025-01-07T02:26:33","modified_gmt":"2025-01-07T02:26:33","slug":"mini-portable-fan-bulk","status":"publish","type":"product","link":"https:\/\/www.gdwanjiada.net\/de\/produkt\/mini-portable-fan-bulk\/","title":{"rendered":"Wei\u00dfer tragbarer Mini-Ventilator Bulk, Camping Gro\u00dfhandel Faltventilatoren"},"content":{"rendered":"<h3 class=\"wp-block-heading has-text-align-center\">Spezifikationen von Mini Portable Fan Bulk<\/h3><figure class=\"wp-block-table\"><table class=\"has-fixed-layout\"><tbody><tr><td rowspan=\"2\">Modell<\/td><td rowspan=\"2\">Leistung\uff08W\uff09<\/td><td rowspan=\"2\">Spannung\uff08V\uff09<\/td><td rowspan=\"2\">Geschwindigkeit<\/td><td rowspan=\"2\">G.W.\uff08g\uff09<\/td><td rowspan=\"2\">Produktgr\u00f6\u00dfe\uff08mm\uff09<\/td><td rowspan=\"2\">Packungsgr\u00f6\u00dfe\uff08mm\uff09<\/td><td rowspan=\"2\">Kartongr\u00f6\u00dfe\uff08mm\uff09<\/td><td rowspan=\"2\">Verpackung Q'ty\uff08pc\uff09<\/td><td rowspan=\"2\">Karton G.W.\uff08kg\uff09<\/td><td rowspan=\"2\">Stromversorgung<\/td><td rowspan=\"2\">Kapazit\u00e4t der Batterie<\/td><td colspan=\"2\">Beladung Q'ty<\/td><\/tr><tr><td>20GP<\/td><td>40HQ<\/td><\/tr><tr><td>F03<\/td><td>5<\/td><td>5<\/td><td>5<\/td><td>440<\/td><td>210*220*230<\/td><td>216*58*216<\/td><td>600*447*462<\/td><td>40<\/td><td>19.6<\/td><td>Typ-C\/Akku<\/td><td>1800mh<\/td><td>9040<\/td><td>21960<\/td><\/tr><\/tbody><\/table><\/figure><div class=\"wp-block-columns is-layout-flex wp-container-core-columns-is-layout-9d6595d7 wp-block-columns-is-layout-flex\"><div class=\"wp-block-column is-layout-flow wp-block-column-is-layout-flow\" style=\"flex-basis:50%\"><h3 class=\"wp-block-heading has-text-align-left\">Vorteile des tragbaren Mini-Ventilators Bulk<\/h3>\n\n<ul class=\"wp-block-list\"><li><strong>Mehrere Platzierungsmethoden: <\/strong>Dieser wei\u00dfe tragbare Mini-Ventilator eignet sich zum Aufstellen auf dem Schreibtisch, zur Wandmontage und zum Aufh\u00e4ngen. Ob zu Hause, im B\u00fcro oder im Freien Camping, kann es eine erfrischende und komfortable Wind Gef\u00fchl, das eine ideale Wahl f\u00fcr multifunktionale Szenen ist.<\/li>\n\n<li><strong>Einstellung von Windgeschwindigkeit und Licht: <\/strong>Unsere Faltventilatoren haben 5 Funktionen zur Einstellung der Windgeschwindigkeit, von einer sanften Brise bis zu einer starken k\u00fchlen Brise, um verschiedene Bed\u00fcrfnisse zu erf\u00fcllen. Zur gleichen Zeit, die Dual-Licht-Design umfasst Front wei\u00dfes Licht und Basis warmes Licht, und die Helligkeit unterst\u00fctzt stufenlose Einstellung, die sowohl beleuchten und schaffen eine warme Atmosph\u00e4re kann.<\/li>\n\n<li><strong>Multifunktionale Fl\u00fcssigkeitsvertr\u00e4glichkeit: <\/strong>Die speziell entwickelte Aromatherapie-Funktion dieses tragbaren Mini-Ventilators erm\u00f6glicht die Zugabe von Aromatherapie-Fl\u00fcssigkeit, M\u00fcckenschutz-Fl\u00fcssigkeit oder Desinfektionsmittel, um der Umgebung einen frischen Duft zu verleihen, M\u00fcckenschutz und Sterilisationseffekte zu bieten, die f\u00fcr Haus, B\u00fcro und Au\u00dfenbereiche geeignet sind und die Lebensqualit\u00e4t umfassend verbessern.<\/li>\n\n<li><strong>Kompakt und faltbar: <\/strong>Unsere faltbaren Ventilatoren haben ein kompaktes Design, das sich leicht zusammenfalten und aufbewahren l\u00e4sst, keinen Platz wegnimmt und sich leicht mitnehmen l\u00e4sst, geeignet f\u00fcr Camping, Reisen oder den t\u00e4glichen Gebrauch. Seine Tragbarkeit und Praktikabilit\u00e4t machen ihn zu einem perfekten Partner f\u00fcr t\u00e4gliche und Outdoor-Aktivit\u00e4ten.<\/li><\/ul><\/div>\n\n<div class=\"wp-block-column is-layout-flow wp-block-column-is-layout-flow\"><figure class=\"wp-block-image size-full\"><img decoding=\"async\" width=\"800\" height=\"800\" src=\"https:\/\/www.gdwanjiada.net\/wp-content\/uploads\/2024\/09\/Bulk-Portable-Fans-Wholesale-Desk-Fans-With-Dual-Light-7.webp\" alt=\"Bulk Portable Fans, Gro\u00dfhandel Schreibtisch Fans mit Dual-Licht, Bulk Folding Fans, Mini Portable Fan Bulk\" class=\"wp-image-764\" srcset=\"https:\/\/www.gdwanjiada.net\/wp-content\/uploads\/2024\/09\/Bulk-Portable-Fans-Wholesale-Desk-Fans-With-Dual-Light-7.webp 800w, https:\/\/www.gdwanjiada.net\/wp-content\/uploads\/2024\/09\/Bulk-Portable-Fans-Wholesale-Desk-Fans-With-Dual-Light-7-300x300.webp 300w, https:\/\/www.gdwanjiada.net\/wp-content\/uploads\/2024\/09\/Bulk-Portable-Fans-Wholesale-Desk-Fans-With-Dual-Light-7-150x150.webp 150w, https:\/\/www.gdwanjiada.net\/wp-content\/uploads\/2024\/09\/Bulk-Portable-Fans-Wholesale-Desk-Fans-With-Dual-Light-7-768x768.webp 768w, https:\/\/www.gdwanjiada.net\/wp-content\/uploads\/2024\/09\/Bulk-Portable-Fans-Wholesale-Desk-Fans-With-Dual-Light-7-600x600.webp 600w, https:\/\/www.gdwanjiada.net\/wp-content\/uploads\/2024\/09\/Bulk-Portable-Fans-Wholesale-Desk-Fans-With-Dual-Light-7-100x100.webp 100w\" sizes=\"(max-width: 800px) 100vw, 800px\" \/><\/figure><\/div><\/div>","protected":false},"excerpt":{"rendered":"<p>Willkommen zum Kauf von klappbaren Ventilatoren in gro\u00dfen Mengen. Dieser wei\u00dfe tragbare Mini-Ventilator unterst\u00fctzt mehrere Szenarien, verf\u00fcgt \u00fcber 5 Windgeschwindigkeitseinstellungen, Dual-Licht-Design und Aromatherapie-Funktion, ist leicht und faltbar, und ist einfach zu tragen und zu speichern. Ob zu Hause, im B\u00fcro oder im Freien Camping, kann es Ihnen eine vollst\u00e4ndige Palette von k\u00fchlen und komfortablen Erfahrung zu bringen, und ist Ihre multifunktionale Helfer.<\/p>\n<h2>Produktmerkmale\uff1a<\/h2>\n<ul>\n<li>Mehrere Szenarien, wie z. B. Desktop, Wand h\u00e4ngen, h\u00e4ngen und so weiter<\/li>\n<li>5 Windgeschwindigkeiten einstellbar, duale Lichteinstellung, vorne wei\u00dfes Licht und unten warmes Licht<\/li>\n<li>Das Zentrum kann Aromatherapie, Repellentien und Desinfektionsmittel hinzuf\u00fcgen.<\/li>\n<li>Kompaktes Design f\u00fcr einfaches Tragen und platzsparende Aufbewahrung<\/li>\n<li>Bildschirm= Fluggeschwindigkeitseinstellung + stufenlose Dimmung + elektrische Menge.<\/li>\n<\/ul>","protected":false},"featured_media":760,"comment_status":"closed","ping_status":"closed","template":"","meta":{"_acf_changed":false},"product_brand":[],"product_cat":[23],"product_tag":[],"class_list":{"0":"post-1543","1":"product","2":"type-product","3":"status-publish","4":"has-post-thumbnail","6":"product_cat-wholesale-portable-fans","8":"first","9":"instock","10":"shipping-taxable","11":"product-type-simple"},"acf":[],"_links":{"self":[{"href":"https:\/\/www.gdwanjiada.net\/de\/wp-json\/wp\/v2\/product\/1543","targetHints":{"allow":["GET"]}}],"collection":[{"href":"https:\/\/www.gdwanjiada.net\/de\/wp-json\/wp\/v2\/product"}],"about":[{"href":"https:\/\/www.gdwanjiada.net\/de\/wp-json\/wp\/v2\/types\/product"}],"replies":[{"embeddable":true,"href":"https:\/\/www.gdwanjiada.net\/de\/wp-json\/wp\/v2\/comments?post=1543"}],"wp:featuredmedia":[{"embeddable":true,"href":"https:\/\/www.gdwanjiada.net\/de\/wp-json\/wp\/v2\/media\/760"}],"wp:attachment":[{"href":"https:\/\/www.gdwanjiada.net\/de\/wp-json\/wp\/v2\/media?parent=1543"}],"wp:term":[{"taxonomy":"product_brand","embeddable":true,"href":"https:\/\/www.gdwanjiada.net\/de\/wp-json\/wp\/v2\/product_brand?post=1543"},{"taxonomy":"product_cat","embeddable":true,"href":"https:\/\/www.gdwanjiada.net\/de\/wp-json\/wp\/v2\/product_cat?post=1543"},{"taxonomy":"product_tag","embeddable":true,"href":"https:\/\/www.gdwanjiada.net\/de\/wp-json\/wp\/v2\/product_tag?post=1543"}],"curies":[{"name":"wp","href":"https:\/\/api.w.org\/{rel}","templated":true}]}}