{"id":1541,"date":"2025-01-07T02:04:14","date_gmt":"2025-01-07T02:04:14","guid":{"rendered":"https:\/\/www.gdwanjiada.net\/?post_type=product&#038;p=1541"},"modified":"2025-01-07T02:12:19","modified_gmt":"2025-01-07T02:12:19","slug":"bulk-folding-fans","status":"publish","type":"product","link":"https:\/\/www.gdwanjiada.net\/de\/produkt\/bulk-folding-fans\/","title":{"rendered":"Gr\u00fcne Bulk-Faltf\u00e4cher, Desk Top Mini Fans Gro\u00dfhandel"},"content":{"rendered":"<h3 class=\"wp-block-heading has-text-align-center\">Spezifikationen von Bulk-Faltf\u00e4chern<\/h3><figure class=\"wp-block-table\"><table class=\"has-fixed-layout\"><tbody><tr><td rowspan=\"2\">Modell<\/td><td rowspan=\"2\">Leistung\uff08W\uff09<\/td><td rowspan=\"2\">Spannung\uff08V\uff09<\/td><td rowspan=\"2\">Geschwindigkeit<\/td><td rowspan=\"2\">G.W.\uff08g\uff09<\/td><td rowspan=\"2\">Produktgr\u00f6\u00dfe\uff08mm\uff09<\/td><td rowspan=\"2\">Packungsgr\u00f6\u00dfe\uff08mm\uff09<\/td><td rowspan=\"2\">Kartongr\u00f6\u00dfe\uff08mm\uff09<\/td><td rowspan=\"2\">Verpackung Q'ty\uff08pc\uff09<\/td><td rowspan=\"2\">Karton G.W.\uff08kg\uff09<\/td><td rowspan=\"2\">Stromversorgung<\/td><td rowspan=\"2\">Kapazit\u00e4t der Batterie<\/td><td colspan=\"2\">Beladung Q'ty<\/td><\/tr><tr><td>20GP<\/td><td>40HQ<\/td><\/tr><tr><td>F03<\/td><td>5<\/td><td>5<\/td><td>5<\/td><td>440<\/td><td>210*220*230<\/td><td>216*58*216<\/td><td>600*447*462<\/td><td>40<\/td><td>19.6<\/td><td>Typ-C\/Akku<\/td><td>1800mh<\/td><td>9040<\/td><td>21960<\/td><\/tr><\/tbody><\/table><\/figure><div class=\"wp-block-columns is-layout-flex wp-container-core-columns-is-layout-9d6595d7 wp-block-columns-is-layout-flex\"><div class=\"wp-block-column is-layout-flow wp-block-column-is-layout-flow\" style=\"flex-basis:50%\"><h3 class=\"wp-block-heading has-text-align-left\">Vorteile von Bulk-Faltf\u00e4chern<\/h3>\n\n<ul class=\"wp-block-list\"><li><strong>Vielseitig einsetzbar, flexibel und praktisch: <\/strong>Unsere gro\u00dfen, faltbaren Ventilatoren haben ein frisches, gr\u00fcnes Design, k\u00f6nnen auf dem Schreibtisch aufgestellt, an der Wand montiert und aufgeh\u00e4ngt werden und eignen sich f\u00fcr eine Vielzahl von Szenarien. Ob zu Hause, im B\u00fcro oder bei Outdoor-Aktivit\u00e4ten, kann dieser Ventilator die K\u00fchlung Bed\u00fcrfnisse erf\u00fcllen und bieten eine bequeme Nutzung Erfahrung.<\/li>\n\n<li><strong>5-stufige Windgeschwindigkeitsregelung, dualer Beleuchtungsmodus: <\/strong>Unsere Mini-Ventilatoren Gro\u00dfhandel sind mit 5-Gang-Windgeschwindigkeit Anpassung Funktion, die frei w\u00e4hlen Sie die Windgeschwindigkeit nach \u00f6kologischen Bed\u00fcrfnisse, um mehr komfortable Luftzirkulation zu gew\u00e4hrleisten ausgestattet. Der Ventilator hat eine doppelte Beleuchtung Design von wei\u00dfem Licht in der Front und warmes Licht an der Basis, mit einstellbarer Helligkeit, die f\u00fcr die t\u00e4gliche Beleuchtung geeignet ist.<\/li>\n\n<li><strong>Aromatherapie-Funktion, vielf\u00e4ltige Erfahrungen: <\/strong>Der zentrale Teil dieser gro\u00dfen Faltventilatoren ist speziell f\u00fcr die Zugabe von Aromatherapie-Fl\u00fcssigkeit, m\u00fcckenabweisender Fl\u00fcssigkeit oder Desinfektionsmittel konzipiert, um der Umgebung einen frischen Duft zu verleihen, w\u00e4hrend er gleichzeitig m\u00fcckenabweisende und sterilisierende Funktionen hat, die f\u00fcr eine Vielzahl von Anwendungsszenarien geeignet sind.<\/li>\n\n<li><strong>Leichtes Faltdesign, einfach zu transportieren und zu verstauen: <\/strong>Diese Mini-Ventilatoren Gro\u00dfhandel sind kompakt gestaltet und k\u00f6nnen leicht gefaltet und gelagert werden, ohne zus\u00e4tzlichen Platz zu nehmen, leicht zu tragen, geeignet f\u00fcr Reisen, B\u00fcro tragen und zu Hause Lagerung.<\/li><\/ul><\/div>\n\n<div class=\"wp-block-column is-layout-flow wp-block-column-is-layout-flow\"><figure class=\"wp-block-image size-full\"><img decoding=\"async\" width=\"800\" height=\"800\" src=\"https:\/\/www.gdwanjiada.net\/wp-content\/uploads\/2024\/09\/Bulk-Portable-Fans-Wholesale-Desk-Fans-With-Dual-Light-7.webp\" alt=\"Bulk Portable Fans, Gro\u00dfhandel Schreibtisch Fans mit Dual-Licht, Bulk Folding Fans\" class=\"wp-image-764\" srcset=\"https:\/\/www.gdwanjiada.net\/wp-content\/uploads\/2024\/09\/Bulk-Portable-Fans-Wholesale-Desk-Fans-With-Dual-Light-7.webp 800w, https:\/\/www.gdwanjiada.net\/wp-content\/uploads\/2024\/09\/Bulk-Portable-Fans-Wholesale-Desk-Fans-With-Dual-Light-7-300x300.webp 300w, https:\/\/www.gdwanjiada.net\/wp-content\/uploads\/2024\/09\/Bulk-Portable-Fans-Wholesale-Desk-Fans-With-Dual-Light-7-150x150.webp 150w, https:\/\/www.gdwanjiada.net\/wp-content\/uploads\/2024\/09\/Bulk-Portable-Fans-Wholesale-Desk-Fans-With-Dual-Light-7-768x768.webp 768w, https:\/\/www.gdwanjiada.net\/wp-content\/uploads\/2024\/09\/Bulk-Portable-Fans-Wholesale-Desk-Fans-With-Dual-Light-7-600x600.webp 600w, https:\/\/www.gdwanjiada.net\/wp-content\/uploads\/2024\/09\/Bulk-Portable-Fans-Wholesale-Desk-Fans-With-Dual-Light-7-100x100.webp 100w\" sizes=\"(max-width: 800px) 100vw, 800px\" \/><\/figure><\/div><\/div>","protected":false},"excerpt":{"rendered":"<p>Willkommen zum Kauf Mini-Fans Gro\u00dfhandel. Unsere gr\u00fcnen Mini-Faltf\u00e4cher eignen sich f\u00fcr mehrere Szenarien und verf\u00fcgen \u00fcber 5 Stufen zur Einstellung der Windgeschwindigkeit, zwei Beleuchtungsmodi und Aromatherapie-Funktionen. Es ist leicht und tragbar und nimmt keinen Platz, wenn gespeichert, so dass es ein idealer Begleiter f\u00fcr das t\u00e4gliche Leben und Reisen.<\/p>\n<h2>Produktmerkmale\uff1a<\/h2>\n<ul>\n<li>Mehrere Szenarien, wie z. B. Desktop, Wand h\u00e4ngen, h\u00e4ngen und so weiter<\/li>\n<li>5 Windgeschwindigkeiten einstellbar, duale Lichteinstellung, vorne wei\u00dfes Licht und unten warmes Licht<\/li>\n<li>Das Zentrum kann Aromatherapie, Repellentien und Desinfektionsmittel hinzuf\u00fcgen.<\/li>\n<li>Kompaktes Design f\u00fcr einfaches Tragen und platzsparende Aufbewahrung<\/li>\n<li>Bildschirm= Fluggeschwindigkeitseinstellung + stufenlose Dimmung + elektrische Menge.<\/li>\n<\/ul>","protected":false},"featured_media":758,"comment_status":"closed","ping_status":"closed","template":"","meta":{"_acf_changed":false},"product_brand":[],"product_cat":[23],"product_tag":[],"class_list":{"0":"post-1541","1":"product","2":"type-product","3":"status-publish","4":"has-post-thumbnail","6":"product_cat-wholesale-portable-fans","8":"first","9":"instock","10":"shipping-taxable","11":"product-type-simple"},"acf":[],"_links":{"self":[{"href":"https:\/\/www.gdwanjiada.net\/de\/wp-json\/wp\/v2\/product\/1541","targetHints":{"allow":["GET"]}}],"collection":[{"href":"https:\/\/www.gdwanjiada.net\/de\/wp-json\/wp\/v2\/product"}],"about":[{"href":"https:\/\/www.gdwanjiada.net\/de\/wp-json\/wp\/v2\/types\/product"}],"replies":[{"embeddable":true,"href":"https:\/\/www.gdwanjiada.net\/de\/wp-json\/wp\/v2\/comments?post=1541"}],"wp:featuredmedia":[{"embeddable":true,"href":"https:\/\/www.gdwanjiada.net\/de\/wp-json\/wp\/v2\/media\/758"}],"wp:attachment":[{"href":"https:\/\/www.gdwanjiada.net\/de\/wp-json\/wp\/v2\/media?parent=1541"}],"wp:term":[{"taxonomy":"product_brand","embeddable":true,"href":"https:\/\/www.gdwanjiada.net\/de\/wp-json\/wp\/v2\/product_brand?post=1541"},{"taxonomy":"product_cat","embeddable":true,"href":"https:\/\/www.gdwanjiada.net\/de\/wp-json\/wp\/v2\/product_cat?post=1541"},{"taxonomy":"product_tag","embeddable":true,"href":"https:\/\/www.gdwanjiada.net\/de\/wp-json\/wp\/v2\/product_tag?post=1541"}],"curies":[{"name":"wp","href":"https:\/\/api.w.org\/{rel}","templated":true}]}}