{"id":1540,"date":"2025-01-07T01:50:29","date_gmt":"2025-01-07T01:50:29","guid":{"rendered":"https:\/\/www.gdwanjiada.net\/?post_type=product&#038;p=1540"},"modified":"2025-01-16T02:26:47","modified_gmt":"2025-01-16T02:26:47","slug":"bulk-battery-operated-fans","status":"publish","type":"product","link":"https:\/\/www.gdwanjiada.net\/de\/produkt\/bulk-battery-operated-fans\/","title":{"rendered":"Bulk batteriebetriebene Ventilatoren, tragbare blattlose Ventilatoren Gro\u00dfhandel"},"content":{"rendered":"<h3 class=\"wp-block-heading has-text-align-center\">Spezifikationen f\u00fcr batteriebetriebene Ventilatoren in gro\u00dfen Mengen<\/h3><figure class=\"wp-block-table\"><table class=\"has-fixed-layout\"><tbody><tr><td rowspan=\"2\">Modell<\/td><td rowspan=\"2\">Leistung\uff08W\uff09<\/td><td rowspan=\"2\">Spannung\uff08V\uff09<\/td><td rowspan=\"2\">Geschwindigkeit<\/td><td rowspan=\"2\">G.W.\uff08g\uff09<\/td><td rowspan=\"2\">Produktgr\u00f6\u00dfe\uff08mm\uff09<\/td><td rowspan=\"2\">Packungsgr\u00f6\u00dfe\uff08mm\uff09<\/td><td rowspan=\"2\">Kartongr\u00f6\u00dfe\uff08mm\uff09<\/td><td rowspan=\"2\">Verpackung Q'ty\uff08pc\uff09<\/td><td rowspan=\"2\">Karton G.W.\uff08kg\uff09<\/td><td rowspan=\"2\">Stromversorgung<\/td><td rowspan=\"2\">Kapazit\u00e4t der Batterie<\/td><td colspan=\"2\">Beladung Q'ty<\/td><\/tr><tr><td>20GP<\/td><td>40HQ<\/td><\/tr><tr><td>F05<\/td><td>9<\/td><td>5<\/td><td>5<\/td><td>600<\/td><td>160*95*215<\/td><td>165*100*220<\/td><td>620*350*440<\/td><td>18<\/td><td>16.5<\/td><td>Typ-C\/Akku<\/td><td>1800mh<\/td><td>6720<\/td><td>16320<\/td><\/tr><\/tbody><\/table><\/figure><div class=\"wp-block-columns is-layout-flex wp-container-core-columns-is-layout-9d6595d7 wp-block-columns-is-layout-flex\"><div class=\"wp-block-column is-layout-flow wp-block-column-is-layout-flow\" style=\"flex-basis:50%\"><h3 class=\"wp-block-heading has-text-align-left\">Vorteile von batteriebetriebenen Ventilatoren in gro\u00dfen Mengen<\/h3>\n\n<ul class=\"wp-block-list\"><li><strong>Anwendbar in mehreren Szenarien:<\/strong> Unsere batteriebetriebenen Ventilatoren haben ein einfaches und frisches, gr\u00fcnes Design, das mehrere Verwendungsszenarien unterst\u00fctzt, einschlie\u00dflich der Aufstellung auf dem Schreibtisch, dem Aufh\u00e4ngen und dem Tragen im Freien. Der Sockel ist mit einem versteckten Haken ausgestattet, der das Aufh\u00e4ngen jederzeit erleichtert.<\/li>\n\n<li><strong>6-Gang-Einstellung: <\/strong>Unsere schaufellosen Gro\u00dfhandelsventilatoren sind mit einer 6-stufigen Einstellfunktion ausgestattet. Benutzer k\u00f6nnen die Windgeschwindigkeit frei nach ihren Bed\u00fcrfnissen w\u00e4hlen. Die 6. Geschwindigkeit ist eine variable Windgeschwindigkeit, die die sanften Ver\u00e4nderungen des nat\u00fcrlichen Windes simuliert und Ihnen ein komfortables und nat\u00fcrliches K\u00fchlerlebnis bietet.<\/li>\n\n<li><strong>Multimodus-Beleuchtung:<\/strong> Die Frontbeleuchtung unserer batteriebetriebenen Ventilatoren l\u00e4sst sich stufenlos dimmen, und die Helligkeit kann je nach Umgebung beliebig eingestellt werden. Es ist auch mit einer Vielzahl von Beleuchtungsmodi ausgestattet, die f\u00fcr Nachtbeleuchtung, weiches Licht Begleitung oder dekorative Atmosph\u00e4re Bed\u00fcrfnisse geeignet ist.<\/li>\n\n<li><strong>Intelligente Steuerung: <\/strong>Diese blattlosen Gro\u00dfhandelsventilatoren sind mit einer drahtlosen Fernbedienungsfunktion ausgestattet, mit der Sie die Ventilatoreinstellungen leicht steuern k\u00f6nnen. Das intelligente Display zeigt deutlich die Windgeschwindigkeit Gang, Dimm-Modus und Power-Status, bietet mehr Komfort f\u00fcr den Einsatz. Dar\u00fcber hinaus ist der L\u00fcfter speziell entwickelt, um Aromatherapie Fl\u00fcssigkeit, M\u00fcckenschutz oder Desinfektionsmittel hinzuzuf\u00fcgen.<\/li><\/ul><\/div>\n\n<div class=\"wp-block-column is-layout-flow wp-block-column-is-layout-flow\"><figure class=\"wp-block-image size-full\"><img decoding=\"async\" width=\"800\" height=\"800\" src=\"https:\/\/www.gdwanjiada.net\/wp-content\/uploads\/2024\/10\/Bladeless-Portable-Fans-Wholesale-Bulk-Battery-Operated-Fans-6.webp\" alt=\"Blattlose tragbare Fans Gro\u00dfhandel, Bulk Batterie betriebene Fans-6\" class=\"wp-image-1070\" srcset=\"https:\/\/www.gdwanjiada.net\/wp-content\/uploads\/2024\/10\/Bladeless-Portable-Fans-Wholesale-Bulk-Battery-Operated-Fans-6.webp 800w, https:\/\/www.gdwanjiada.net\/wp-content\/uploads\/2024\/10\/Bladeless-Portable-Fans-Wholesale-Bulk-Battery-Operated-Fans-6-300x300.webp 300w, https:\/\/www.gdwanjiada.net\/wp-content\/uploads\/2024\/10\/Bladeless-Portable-Fans-Wholesale-Bulk-Battery-Operated-Fans-6-150x150.webp 150w, https:\/\/www.gdwanjiada.net\/wp-content\/uploads\/2024\/10\/Bladeless-Portable-Fans-Wholesale-Bulk-Battery-Operated-Fans-6-768x768.webp 768w, https:\/\/www.gdwanjiada.net\/wp-content\/uploads\/2024\/10\/Bladeless-Portable-Fans-Wholesale-Bulk-Battery-Operated-Fans-6-12x12.webp 12w, https:\/\/www.gdwanjiada.net\/wp-content\/uploads\/2024\/10\/Bladeless-Portable-Fans-Wholesale-Bulk-Battery-Operated-Fans-6-600x600.webp 600w, https:\/\/www.gdwanjiada.net\/wp-content\/uploads\/2024\/10\/Bladeless-Portable-Fans-Wholesale-Bulk-Battery-Operated-Fans-6-100x100.webp 100w\" sizes=\"(max-width: 800px) 100vw, 800px\" \/><\/figure><\/div><\/div>","protected":false},"excerpt":{"rendered":"<p>Willkommen zu kaufen bulk batteriebetriebene Fans. Unsere gr\u00fcnen Gro\u00dfhandel messerlosen Fans kombinieren Multi-Szenario-Anwendung, 6-Gang-Windgeschwindigkeit Anpassung, stufenlose Dimmung Beleuchtung und intelligente Display-Funktionen, die Kombination von Funktionalit\u00e4t und Design. Die Basis Haken ist einfach zu h\u00e4ngen, die drahtlose Fernbedienung und das Design der Zugabe von Aromatherapie oder M\u00fcckenschutz machen es besser geeignet f\u00fcr das moderne Leben braucht.<\/p>\n<h2>Produktmerkmale\uff1a<\/h2>\n<ul>\n<li>Vielf\u00e4ltige Einsatzm\u00f6glichkeiten, z. B. auf dem Schreibtisch, beim Aufh\u00e4ngen, im Freien usw.<\/li>\n<li>6 Windgeschwindigkeiten einstellbar und die Nr.6 ist die variable Windgeschwindigkeit.<\/li>\n<li>Die Frontbeleuchtung ist stufenlos dimmbar und verf\u00fcgt \u00fcber mehrere Lichtmodi.<\/li>\n<li>Links-rechts durch automatische Schwenkung, oben-unten durch Richtungseinstellung des L\u00fcfters.<\/li>\n<li>Sockel mit Topfhaken zum Aufh\u00e4ngen.<\/li>\n<li>Drahtlose Fernbedienung verf\u00fcgbar (Option).<\/li>\n<li>Bildschirm = Fluggeschwindigkeitseinstellung + stufenlose Dimmung + elektrische Menge.<\/li>\n<li>Aromatherapiefl\u00fcssigkeit, M\u00fcckenschutzfl\u00fcssigkeit und Desinfektionsfl\u00fcssigkeit k\u00f6nnen hinzugef\u00fcgt werden.<\/li>\n<\/ul>","protected":false},"featured_media":1069,"comment_status":"closed","ping_status":"closed","template":"","meta":{"_acf_changed":false},"product_brand":[],"product_cat":[23,24],"product_tag":[38],"class_list":{"0":"post-1540","1":"product","2":"type-product","3":"status-publish","4":"has-post-thumbnail","6":"product_cat-wholesale-portable-fans","7":"product_cat-air-circulation-fan-wholesale","8":"product_tag-wholesale-bladeless-fans","10":"first","11":"instock","12":"shipping-taxable","13":"product-type-simple"},"acf":[],"_links":{"self":[{"href":"https:\/\/www.gdwanjiada.net\/de\/wp-json\/wp\/v2\/product\/1540","targetHints":{"allow":["GET"]}}],"collection":[{"href":"https:\/\/www.gdwanjiada.net\/de\/wp-json\/wp\/v2\/product"}],"about":[{"href":"https:\/\/www.gdwanjiada.net\/de\/wp-json\/wp\/v2\/types\/product"}],"replies":[{"embeddable":true,"href":"https:\/\/www.gdwanjiada.net\/de\/wp-json\/wp\/v2\/comments?post=1540"}],"wp:featuredmedia":[{"embeddable":true,"href":"https:\/\/www.gdwanjiada.net\/de\/wp-json\/wp\/v2\/media\/1069"}],"wp:attachment":[{"href":"https:\/\/www.gdwanjiada.net\/de\/wp-json\/wp\/v2\/media?parent=1540"}],"wp:term":[{"taxonomy":"product_brand","embeddable":true,"href":"https:\/\/www.gdwanjiada.net\/de\/wp-json\/wp\/v2\/product_brand?post=1540"},{"taxonomy":"product_cat","embeddable":true,"href":"https:\/\/www.gdwanjiada.net\/de\/wp-json\/wp\/v2\/product_cat?post=1540"},{"taxonomy":"product_tag","embeddable":true,"href":"https:\/\/www.gdwanjiada.net\/de\/wp-json\/wp\/v2\/product_tag?post=1540"}],"curies":[{"name":"wp","href":"https:\/\/api.w.org\/{rel}","templated":true}]}}