{"id":1485,"date":"2024-12-11T07:26:56","date_gmt":"2024-12-11T07:26:56","guid":{"rendered":"https:\/\/www.gdwanjiada.net\/?post_type=product&#038;p=1485"},"modified":"2024-12-11T07:26:57","modified_gmt":"2024-12-11T07:26:57","slug":"commercial-air-purifier","status":"publish","type":"product","link":"https:\/\/www.gdwanjiada.net\/de\/produkt\/commercial-air-purifier\/","title":{"rendered":"Smart Commercial Luftreiniger Gro\u00dfhandel mit Fan f\u00fcr gro\u00dfe Zimmer"},"content":{"rendered":"<h3 class=\"wp-block-heading has-text-align-center\">Spezifikationen f\u00fcr kommerzielle Luftreiniger<\/h3><figure class=\"wp-block-table\"><table class=\"has-fixed-layout\"><tbody><tr><td rowspan=\"2\">Modell<\/td><td rowspan=\"2\">Leistung(w)<\/td><td rowspan=\"2\">Spannung\/Frequenz<\/td><td rowspan=\"2\">Anwendbare Fl\u00e4che(\u33a1)<\/td><td rowspan=\"2\">Wassertank (L)<\/td><td rowspan=\"2\">Verdampfungsleistung (ml\/h)<\/td><td rowspan=\"2\">Gr\u00f6\u00dfe des Produkts<br>(mm)<\/td><td rowspan=\"2\">Packungsgr\u00f6\u00dfe<br>(mm)<\/td><td rowspan=\"2\">N.W. (kg)<\/td><td rowspan=\"2\">Gewicht (kg)<\/td><td colspan=\"2\">Beladung Menge (St\u00fcck)<\/td><\/tr><tr><td>20'GP<\/td><td>40'HQ<\/td><\/tr><tr><td>WJD8060B<\/td><td>55<\/td><td>220V\/50Hz<\/td><td>60<\/td><td>\/<\/td><td>\/<\/td><td>250*250*610<\/td><td>295*295*660<\/td><td>4.9<\/td><td>5.9<\/td><td>520<\/td><td>1280<\/td><\/tr><\/tbody><\/table><\/figure><div class=\"wp-block-columns is-layout-flex wp-container-core-columns-is-layout-9d6595d7 wp-block-columns-is-layout-flex\"><div class=\"wp-block-column is-layout-flow wp-block-column-is-layout-flow\" style=\"flex-basis:50%\"><h3 class=\"wp-block-heading has-text-align-left\">Vorteile eines kommerziellen Luftreinigers<\/h3>\n\n<ul class=\"wp-block-list\"><li><strong>Intelligente Touch- und Fernbedienungsbedienung:<\/strong> Unsere kommerziellen Luftreiniger Gro\u00dfhandel ist mit einem Touch-Panel und Fernbedienung Betrieb ausgestattet. Einfaches Steuerger\u00e4t, stellen Sie Windgeschwindigkeit oder Schaltfunktion auf eigene Anforderung, und arbeiten mit viel Komfort.<\/li>\n\n<li><strong>Intelligente Erkennung der Luftqualit\u00e4t: <\/strong>Wir haben ein erstklassiges intelligentes Luftqualit\u00e4tserkennungssystem in unsere besten intelligenten Luftreiniger f\u00fcr den Gro\u00dfhandel eingebaut, das die Luftqualit\u00e4t in Innenr\u00e4umen in Echtzeit \u00fcberwacht und den Betriebsmodus automatisch anpasst, um frische, saubere Luft in Ihrer Innenumgebung zu gew\u00e4hrleisten.<\/li>\n\n<li><strong>Einstellung der Windgeschwindigkeit in drei Stufen:<\/strong> Dieser kommerzielle Luftreiniger Gro\u00dfhandel f\u00fcr das Schlafzimmer verf\u00fcgt \u00fcber drei Windgeschwindigkeiten. Unterschiedliche Umweltbed\u00fcrfnisse k\u00f6nnen von den Nutzern des Luftreinigers erf\u00fcllt werden, indem sie die Windgeschwindigkeit einstellen, um sich in der Luftzirkulation wohl zu f\u00fchlen.<\/li>\n\n<li><strong>Effiziente Reinigung + Formaldehydentfernung + Ventilatorfunktion: <\/strong>Unser intelligenter Gro\u00dfhandels-Luftreiniger mit auswaschbarem Filter ist mit einem H11-Filter ausgestattet, der die Luft wirksam von Formaldehyd und Schadstoffen befreit, und seine Ventilatorfunktionen sorgen f\u00fcr frische und nat\u00fcrliche Luft.<\/li><\/ul><\/div>\n\n<div class=\"wp-block-column is-layout-flow wp-block-column-is-layout-flow\"><figure class=\"wp-block-image size-full\"><img decoding=\"async\" width=\"800\" height=\"800\" src=\"https:\/\/www.gdwanjiada.net\/wp-content\/uploads\/2024\/12\/Best-Air-Purifier-with-washable-H11-Filter-for-Large-Room-7.webp\" alt=\"Intelligente kommerzielle Luftreiniger Gro\u00dfhandel mit Fan f\u00fcr gro\u00dfe Raum-1\" class=\"wp-image-1492\" srcset=\"https:\/\/www.gdwanjiada.net\/wp-content\/uploads\/2024\/12\/Best-Air-Purifier-with-washable-H11-Filter-for-Large-Room-7.webp 800w, https:\/\/www.gdwanjiada.net\/wp-content\/uploads\/2024\/12\/Best-Air-Purifier-with-washable-H11-Filter-for-Large-Room-7-300x300.webp 300w, https:\/\/www.gdwanjiada.net\/wp-content\/uploads\/2024\/12\/Best-Air-Purifier-with-washable-H11-Filter-for-Large-Room-7-150x150.webp 150w, https:\/\/www.gdwanjiada.net\/wp-content\/uploads\/2024\/12\/Best-Air-Purifier-with-washable-H11-Filter-for-Large-Room-7-768x768.webp 768w, https:\/\/www.gdwanjiada.net\/wp-content\/uploads\/2024\/12\/Best-Air-Purifier-with-washable-H11-Filter-for-Large-Room-7-12x12.webp 12w, https:\/\/www.gdwanjiada.net\/wp-content\/uploads\/2024\/12\/Best-Air-Purifier-with-washable-H11-Filter-for-Large-Room-7-600x600.webp 600w, https:\/\/www.gdwanjiada.net\/wp-content\/uploads\/2024\/12\/Best-Air-Purifier-with-washable-H11-Filter-for-Large-Room-7-100x100.webp 100w\" sizes=\"(max-width: 800px) 100vw, 800px\" \/><\/figure><\/div><\/div>","protected":false},"excerpt":{"rendered":"<p>Willkommen bei kommerziellen Luftreiniger Gro\u00dfhandel vom Hersteller zu kaufen. Unsere Gro\u00dfhandel intelligente Luftreiniger integriert Touch und Fernbedienung Operationen, und ist mit einem intelligenten Luftqualit\u00e4t Erkennungssystem ausgestattet, um Echtzeit-\u00dcberwachung und Optimierung der Luftqualit\u00e4t zu gew\u00e4hrleisten. Die abnehmbare hintere Abdeckung Design erleichtert die Reinigung des Filterelements und ist eine ideale L\u00f6sung f\u00fcr die Luftreinigung in Innenr\u00e4umen.<\/p>\n<h2>Produktmerkmale\uff1a<\/h2>\n<ul>\n<li>Touchpanel-Steuerung, Infrarot-Fernbedienung.<\/li>\n<li>Intelligente Erkennung der Luftqualit\u00e4t, Temperatur- und Feuchtigkeitsanzeige.<\/li>\n<li>Drei Windgeschwindigkeiten stehen zur Auswahl.<\/li>\n<li>Links-rechts durch automatisches Schwenken, oben-unten durch Richtungswinkelverstellung (0\u00b0\/30\u00b0\/60\u00b0\/90\u00b0) des Umluftventilators.<\/li>\n<li>Starker Wind f\u00fcr zirkulierende Luft, 8m Luftzufuhr, Begleitung der Klimaanlage.<\/li>\n<li>Anionenfunktion, reinigt die Luft.<\/li>\n<li>Versteckter Griff, leicht zu tragen.<\/li>\n<li>Abnehmbare R\u00fcckwand, einfache Reinigung des Filterelements.<\/li>\n<li>Reinigung\/Formaldehydentfernung + Ventilator<\/li>\n<\/ul>","protected":false},"featured_media":1486,"comment_status":"closed","ping_status":"closed","template":"","meta":{"_acf_changed":false},"product_brand":[],"product_cat":[25],"product_tag":[],"class_list":{"0":"post-1485","1":"product","2":"type-product","3":"status-publish","4":"has-post-thumbnail","6":"product_cat-wholesale-air-purifiers","8":"first","9":"instock","10":"shipping-taxable","11":"product-type-simple"},"acf":[],"_links":{"self":[{"href":"https:\/\/www.gdwanjiada.net\/de\/wp-json\/wp\/v2\/product\/1485","targetHints":{"allow":["GET"]}}],"collection":[{"href":"https:\/\/www.gdwanjiada.net\/de\/wp-json\/wp\/v2\/product"}],"about":[{"href":"https:\/\/www.gdwanjiada.net\/de\/wp-json\/wp\/v2\/types\/product"}],"replies":[{"embeddable":true,"href":"https:\/\/www.gdwanjiada.net\/de\/wp-json\/wp\/v2\/comments?post=1485"}],"wp:featuredmedia":[{"embeddable":true,"href":"https:\/\/www.gdwanjiada.net\/de\/wp-json\/wp\/v2\/media\/1486"}],"wp:attachment":[{"href":"https:\/\/www.gdwanjiada.net\/de\/wp-json\/wp\/v2\/media?parent=1485"}],"wp:term":[{"taxonomy":"product_brand","embeddable":true,"href":"https:\/\/www.gdwanjiada.net\/de\/wp-json\/wp\/v2\/product_brand?post=1485"},{"taxonomy":"product_cat","embeddable":true,"href":"https:\/\/www.gdwanjiada.net\/de\/wp-json\/wp\/v2\/product_cat?post=1485"},{"taxonomy":"product_tag","embeddable":true,"href":"https:\/\/www.gdwanjiada.net\/de\/wp-json\/wp\/v2\/product_tag?post=1485"}],"curies":[{"name":"wp","href":"https:\/\/api.w.org\/{rel}","templated":true}]}}