{"id":1476,"date":"2024-12-11T07:15:50","date_gmt":"2024-12-11T07:15:50","guid":{"rendered":"https:\/\/www.gdwanjiada.net\/?post_type=product&#038;p=1476"},"modified":"2024-12-11T07:15:52","modified_gmt":"2024-12-11T07:15:52","slug":"commercial-air-cooler","status":"publish","type":"product","link":"https:\/\/www.gdwanjiada.net\/de\/produkt\/commercial-air-cooler\/","title":{"rendered":"Kommerzieller Luftk\u00fchler im Freien f\u00fcr Pooldeck, Terrasse"},"content":{"rendered":"<h3 class=\"wp-block-heading has-text-align-center\">Spezifikationen des kommerziellen Luftk\u00fchlers Gro\u00dfhandel<\/h3><figure class=\"wp-block-table\"><table class=\"has-fixed-layout\"><tbody><tr><td rowspan=\"2\">Modell<\/td><td rowspan=\"2\">Leistung(W)&nbsp;<\/td><td colspan=\"3\">Luftstrom (m\u00b3\/h)<\/td><td rowspan=\"2\">Fassungsverm\u00f6gen des Wassertanks (L)<\/td><td colspan=\"3\">Produktgr\u00f6\u00dfe (mm)&nbsp;<\/td><td rowspan=\"2\">Wasserverbrauch (L\/H)<\/td><td rowspan=\"2\">Gr\u00f6\u00dfe des K\u00fchlkissens (mm)<\/td><td rowspan=\"2\">Verpacken<\/td><td rowspan=\"2\">N.W.\/Gew. (kg)&nbsp;&nbsp;<\/td><td rowspan=\"2\">Packungsgr\u00f6\u00dfe (mm)&nbsp;<\/td><td colspan=\"2\">Menge laden<\/td><\/tr><tr><td>H<\/td><td>M<\/td><td>L<\/td><td>L<\/td><td>W<\/td><td>H<\/td><td>20'GP<\/td><td>40'HQ<\/td><\/tr><tr><td>WJD4500F-2Z<\/td><td>125<\/td><td>4500<\/td><td>3200<\/td><td>1800<\/td><td>42.0<\/td><td>500<\/td><td>410<\/td><td>960<\/td><td>5.0<\/td><td>385*90*530<\/td><td>1 St\u00fcck<\/td><td>12.6\/14.6<\/td><td>550*460*1020<\/td><td>122<\/td><td>278<\/td><\/tr><\/tbody><\/table><\/figure><div class=\"wp-block-columns is-layout-flex wp-container-core-columns-is-layout-9d6595d7 wp-block-columns-is-layout-flex\"><div class=\"wp-block-column is-layout-flow wp-block-column-is-layout-flow\" style=\"flex-basis:50%\"><h3 class=\"wp-block-heading has-text-align-left\">Vorteile von kommerziellen Luftk\u00fchlern im Gro\u00dfhandel<\/h3>\n\n<ul class=\"wp-block-list\"><li><strong>Flexibel und stabil: <\/strong>Unsere kommerziellen Gro\u00dfhandels-Luftk\u00fchler sind mit einer Vorderrad-Bremsfunktion ausgestattet, die Klimaanlage kann leicht in die gew\u00fcnschte Position bewegt und fest fixiert werden, um die Sicherheit und den Komfort w\u00e4hrend des Gebrauchs zu gew\u00e4hrleisten, besonders geeignet f\u00fcr den Einsatz in mehreren Szenarien.<\/li>\n\n<li><strong>Schutz der Sicherheit: <\/strong>Dieser Verdunstungsluftk\u00fchler f\u00fcr den Gro\u00dfhandel verf\u00fcgt \u00fcber eine Kindersicherung, die verhindert, dass Kinder ihn versehentlich ber\u00fchren oder falsch bedienen, und die die Sicherheit erh\u00f6ht. Er eignet sich besonders f\u00fcr den Einsatz zu Hause oder in \u00f6ffentlichen Einrichtungen und gew\u00e4hrleistet, dass das Ger\u00e4t in einer Umgebung, in der sich Kinder aufhalten, sicher funktionieren kann.<\/li>\n\n<li><strong>Top-Flip-Design: <\/strong>Unsere kommerzielle Luftk\u00fchler Gro\u00dfhandel ist mit einem Flip-Bereich auf der Oberseite des Rumpfes, k\u00f6nnen die Nutzer leicht Wasser, Eis, oder legen Sie Eiskristalle, um die K\u00fchlwirkung zu verbessern und eine k\u00fchlere Erfahrung, besonders geeignet f\u00fcr den Einsatz bei hohen Temperaturen im Sommer.<\/li>\n\n<li><strong>Fernsteuerung, intelligent und bequem: <\/strong>Unterst\u00fctzung der Fernbedienung, k\u00f6nnen die Benutzer die verschiedenen Funktionen der Verdunstungsluftk\u00fchler Gro\u00dfhandel aus der Ferne zu steuern, was eine bequemere Nutzung Erfahrung, ohne h\u00e4ufige manuelle Einstellung der Ausr\u00fcstung.<\/li><\/ul><\/div>\n\n<div class=\"wp-block-column is-layout-flow wp-block-column-is-layout-flow\"><figure class=\"wp-block-image size-full\"><img decoding=\"async\" width=\"1126\" height=\"1126\" src=\"https:\/\/www.gdwanjiada.net\/wp-content\/uploads\/2024\/12\/42L-best-bulk-outdoor-patio-evaporative-air-cooler-8.webp\" alt=\"Kommerzieller Luftk\u00fchler im Freien f\u00fcr Pooldeck, Patio-1\" class=\"wp-image-1484\" srcset=\"https:\/\/www.gdwanjiada.net\/wp-content\/uploads\/2024\/12\/42L-best-bulk-outdoor-patio-evaporative-air-cooler-8.webp 1126w, https:\/\/www.gdwanjiada.net\/wp-content\/uploads\/2024\/12\/42L-best-bulk-outdoor-patio-evaporative-air-cooler-8-300x300.webp 300w, https:\/\/www.gdwanjiada.net\/wp-content\/uploads\/2024\/12\/42L-best-bulk-outdoor-patio-evaporative-air-cooler-8-150x150.webp 150w, https:\/\/www.gdwanjiada.net\/wp-content\/uploads\/2024\/12\/42L-best-bulk-outdoor-patio-evaporative-air-cooler-8-768x768.webp 768w, https:\/\/www.gdwanjiada.net\/wp-content\/uploads\/2024\/12\/42L-best-bulk-outdoor-patio-evaporative-air-cooler-8-12x12.webp 12w, https:\/\/www.gdwanjiada.net\/wp-content\/uploads\/2024\/12\/42L-best-bulk-outdoor-patio-evaporative-air-cooler-8-600x600.webp 600w, https:\/\/www.gdwanjiada.net\/wp-content\/uploads\/2024\/12\/42L-best-bulk-outdoor-patio-evaporative-air-cooler-8-100x100.webp 100w\" sizes=\"(max-width: 1126px) 100vw, 1126px\" \/><\/figure><\/div><\/div><p><\/p>","protected":false},"excerpt":{"rendered":"<p>Willkommen zu kaufen kommerziellen Luftk\u00fchler aus der Fabrik. Unsere Verdunstungsluftk\u00fchler Gro\u00dfhandel hat ein Vorderrad mit einer Bremse Lock-Funktion f\u00fcr Flexibilit\u00e4t und Stabilit\u00e4t, eine Kindersicherung Funktion, um die Sicherheit der Kinder zu gew\u00e4hrleisten. Die obere Flip-Deckel-Design macht Nachf\u00fcllen mit Wasser und Eis einfach, weitere Verbesserung der K\u00fchlwirkung.<\/p>\n<h2>Produktmerkmale\uff1a<\/h2>\n<ul>\n<li>K\u00fchlen, Befeuchten und Reinigen, ein Mehrzweckger\u00e4t.<\/li>\n<li>Es verwendet 3-seitigen Lufteinlass und hocheffiziente Verdunstungsk\u00fchlung nassen Vorh\u00e4nge, und die K\u00fchlwirkung ist mehr offensichtlich.<\/li>\n<li>Multifunktions-Bedienfeld, dynamische LED- und Temperaturanzeige, intelligente Fernbedienungsfunktion.<\/li>\n<li>Negative Ionen-Sauerstoff-Bar-Funktion, erh\u00f6hen aktiven Sauerstoff, reinigen die Luft.<\/li>\n<li>Axiales Laufrad mit gro\u00dfem Durchmesser, gro\u00dfem Luftvolumen und geringem Ger\u00e4uschpegel.<\/li>\n<li>Drei Arten von Windoptionen: Imitation von nat\u00fcrlichem Wind, Schlafwind und Standardwind.<\/li>\n<li>1-12 Stunden zeitgesteuerte automatische Abschaltfunktion.<\/li>\n<li>Manuelle Auf- und Abw\u00e4rtsbewegung, automatische Auf- und Abw\u00e4rtsbewegung nach links und rechts, drei verschiedene Windgeschwindigkeiten.<\/li>\n<li>Unterwasserpumpe mit mehreren Schutzfunktionen, ausreichend Wasser, sicher und garantiert.<\/li>\n<li>Das Vorderrad verf\u00fcgt \u00fcber eine Feststellbremse, die das Bewegen und Platzieren erleichtert.<\/li>\n<li>Mit einer Kindersicherungsfunktion, die verhindert, dass Kinder das Ger\u00e4t falsch bedienen.<\/li>\n<li>Die Oberseite des Rumpfes kann umgedreht werden, um Wasser, Eis und Eiskristalle hinzuzuf\u00fcgen, damit es k\u00fchler wird.<\/li>\n<li>Motor aus reinem Kupfer.<\/li>\n<\/ul>","protected":false},"featured_media":1477,"comment_status":"closed","ping_status":"closed","template":"","meta":{"_acf_changed":false},"product_brand":[],"product_cat":[26],"product_tag":[28],"class_list":{"0":"post-1476","1":"product","2":"type-product","3":"status-publish","4":"has-post-thumbnail","6":"product_cat-wholesale-air-coolers","7":"product_tag-commercial-air-coolers-wholesale","9":"first","10":"instock","11":"shipping-taxable","12":"product-type-simple"},"acf":[],"_links":{"self":[{"href":"https:\/\/www.gdwanjiada.net\/de\/wp-json\/wp\/v2\/product\/1476","targetHints":{"allow":["GET"]}}],"collection":[{"href":"https:\/\/www.gdwanjiada.net\/de\/wp-json\/wp\/v2\/product"}],"about":[{"href":"https:\/\/www.gdwanjiada.net\/de\/wp-json\/wp\/v2\/types\/product"}],"replies":[{"embeddable":true,"href":"https:\/\/www.gdwanjiada.net\/de\/wp-json\/wp\/v2\/comments?post=1476"}],"wp:featuredmedia":[{"embeddable":true,"href":"https:\/\/www.gdwanjiada.net\/de\/wp-json\/wp\/v2\/media\/1477"}],"wp:attachment":[{"href":"https:\/\/www.gdwanjiada.net\/de\/wp-json\/wp\/v2\/media?parent=1476"}],"wp:term":[{"taxonomy":"product_brand","embeddable":true,"href":"https:\/\/www.gdwanjiada.net\/de\/wp-json\/wp\/v2\/product_brand?post=1476"},{"taxonomy":"product_cat","embeddable":true,"href":"https:\/\/www.gdwanjiada.net\/de\/wp-json\/wp\/v2\/product_cat?post=1476"},{"taxonomy":"product_tag","embeddable":true,"href":"https:\/\/www.gdwanjiada.net\/de\/wp-json\/wp\/v2\/product_tag?post=1476"}],"curies":[{"name":"wp","href":"https:\/\/api.w.org\/{rel}","templated":true}]}}