{"id":1422,"date":"2024-12-07T08:19:24","date_gmt":"2024-12-07T08:19:24","guid":{"rendered":"https:\/\/www.gdwanjiada.net\/?post_type=product&#038;p=1422"},"modified":"2024-12-07T08:19:26","modified_gmt":"2024-12-07T08:19:26","slug":"air-purifiers-wholesale","status":"publish","type":"product","link":"https:\/\/www.gdwanjiada.net\/de\/produkt\/air-purifiers-wholesale\/","title":{"rendered":"Luftreiniger Gro\u00dfhandel f\u00fcr Haus gro\u00dfen Raum, 3.6L Wassertank"},"content":{"rendered":"<h3 class=\"wp-block-heading has-text-align-center\">Spezifikationen f\u00fcr Luftreiniger im Gro\u00dfhandel<\/h3><figure class=\"wp-block-table\"><table class=\"has-fixed-layout\"><tbody><tr><td rowspan=\"2\">Modell<\/td><td rowspan=\"2\">Leistung(w)<\/td><td rowspan=\"2\">Spannung\/Frequenz<\/td><td rowspan=\"2\">Anwendbare Fl\u00e4che(\u33a1)<\/td><td rowspan=\"2\">Wassertank (L)<\/td><td rowspan=\"2\">Verdampfungsleistung (ml\/h)<\/td><td rowspan=\"2\">Gr\u00f6\u00dfe des Produkts<br>(mm)<\/td><td rowspan=\"2\">Packungsgr\u00f6\u00dfe<br>(mm)<\/td><td rowspan=\"2\">N.W. (kg)<\/td><td rowspan=\"2\">Gewicht (kg)<\/td><td colspan=\"2\">Beladung Menge (St\u00fcck)<\/td><\/tr><tr><td>20'GP<\/td><td>40'HQ<\/td><\/tr><tr><td>WJD8050A<\/td><td>55<\/td><td>220V\/50Hz<\/td><td>30<\/td><td>3.6<\/td><td>300<\/td><td>250*250*460<\/td><td>295*295*520<\/td><td>3.8<\/td><td>4.8<\/td><td>680<\/td><td>1600<\/td><\/tr><\/tbody><\/table><\/figure><div class=\"wp-block-columns is-layout-flex wp-container-core-columns-is-layout-9d6595d7 wp-block-columns-is-layout-flex\"><div class=\"wp-block-column is-layout-flow wp-block-column-is-layout-flow\" style=\"flex-basis:50%\"><h3 class=\"wp-block-heading has-text-align-left\">Vorteile von Luftreinigern im Gro\u00dfhandel<\/h3>\n\n<ul class=\"wp-block-list\"><li><strong>Fernbedienung: <\/strong>Unsere Luftreiniger Gro\u00dfhandel f\u00fcr zu Hause sind mit einer Fernbedienung ausgestattet, so dass es einfach f\u00fcr die Nutzer aus der Ferne zu bedienen, stellen Sie verschiedene Funktionen und Windgeschwindigkeit Einstellungen. Der Betrieb wird bequemer und intelligenter f\u00fcr eine bessere Benutzererfahrung.<\/li>\n\n<li><strong>Funktion des Negativ-Ionen-Sauerstoffstabs:<\/strong> Unsere Luftreiniger f\u00fcr den Gro\u00dfhandel verf\u00fcgen \u00fcber eingebaute Negativ-Ionen-Generatoren, die die Luft wirksam reinigen, Schadstoffe und Ger\u00fcche in der Luft beseitigen, Formaldehyd, Rauch und andere Schadstoffe entfernen, die Luftqualit\u00e4t in Innenr\u00e4umen verbessern und das Wohnumfeld ges\u00fcnder machen.<\/li>\n\n<li><strong>Handliches Design, leicht zu transportieren: <\/strong>Dieser Gro\u00dfhandel intelligente Luftreiniger und Luftbefeuchter Combo mit oszillierenden L\u00fcfter verwendet eine versteckte Rille Handgriff Design. Benutzer k\u00f6nnen das Ger\u00e4t jederzeit leicht bewegen, geeignet f\u00fcr verschiedene R\u00e4ume im Haus oder B\u00fcro Orte, und verbessern die Praktikabilit\u00e4t und Flexibilit\u00e4t.<\/li>\n\n<li><strong>Nebelfreie Befeuchtung, kein nasser Boden: <\/strong>Unser intelligenter Luftreiniger f\u00fcr den Gro\u00dfhandel verf\u00fcgt \u00fcber einen Wassertank mit 3,6 l Fassungsverm\u00f6gen und unterst\u00fctzt die nebelfreie Befeuchtungstechnologie. Im Prozess der effektiven Befeuchtung der Luft, wird es nicht nass den Boden und halten die innere Umgebung sauber und ordentlich, geeignet f\u00fcr R\u00e4ume, die sauber gehalten werden m\u00fcssen.<\/li><\/ul><\/div>\n\n<div class=\"wp-block-column is-layout-flow wp-block-column-is-layout-flow\"><figure class=\"wp-block-image size-full\"><img decoding=\"async\" width=\"1126\" height=\"1126\" src=\"https:\/\/www.gdwanjiada.net\/wp-content\/uploads\/2024\/12\/wholesale-best-air-purifier-for-large-home-7.webp\" alt=\"Luftreiniger Gro\u00dfhandel f\u00fcr Haus gro\u00dfen Raum, 3.6L Wassertank-1\" class=\"wp-image-1429\" srcset=\"https:\/\/www.gdwanjiada.net\/wp-content\/uploads\/2024\/12\/wholesale-best-air-purifier-for-large-home-7.webp 1126w, https:\/\/www.gdwanjiada.net\/wp-content\/uploads\/2024\/12\/wholesale-best-air-purifier-for-large-home-7-300x300.webp 300w, https:\/\/www.gdwanjiada.net\/wp-content\/uploads\/2024\/12\/wholesale-best-air-purifier-for-large-home-7-150x150.webp 150w, https:\/\/www.gdwanjiada.net\/wp-content\/uploads\/2024\/12\/wholesale-best-air-purifier-for-large-home-7-768x768.webp 768w, https:\/\/www.gdwanjiada.net\/wp-content\/uploads\/2024\/12\/wholesale-best-air-purifier-for-large-home-7-12x12.webp 12w, https:\/\/www.gdwanjiada.net\/wp-content\/uploads\/2024\/12\/wholesale-best-air-purifier-for-large-home-7-600x600.webp 600w, https:\/\/www.gdwanjiada.net\/wp-content\/uploads\/2024\/12\/wholesale-best-air-purifier-for-large-home-7-100x100.webp 100w\" sizes=\"(max-width: 1126px) 100vw, 1126px\" \/><\/figure><\/div><\/div><p><\/p>","protected":false},"excerpt":{"rendered":"<p>Willkommen zum Kauf Gro\u00dfhandel intelligente Luftreiniger. Unsere Luftreiniger Gro\u00dfhandel mit Fernbedienung kombinieren negative Ionen-Reinigung, tragbares Design und nebelfreie Befeuchtung. Es hat eine gro\u00dfe Kapazit\u00e4t Wassertank von 3,6 L f\u00fcr bis zu 12 Stunden kontinuierliche Befeuchtung. Es reinigt die Luft, effektiv zu entfernen sch\u00e4dliche Elemente wie Formaldehyd, so ist es f\u00fcr den Einsatz zu Hause und im B\u00fcro geeignet.<\/p>\n<h2>Produktmerkmale\uff1a<\/h2>\n<ul>\n<li>Touchpanel-Steuerung, Infrarot-Fernbedienung.<\/li>\n<li>Intelligente Erkennung der Luftqualit\u00e4t, Temperatur- und Feuchtigkeitsanzeige.<\/li>\n<li>Anionenfunktion, reinigt die Luft.<\/li>\n<li>Versteckter Griff, leicht zu tragen.<\/li>\n<li>Abnehmbare R\u00fcckwand, einfache Reinigung des Filterelements.<\/li>\n<li>Reinigung\/Formaldehydentfernung + Befeuchtung.<\/li>\n<li>Nebellose Befeuchtung, gro\u00dfe Befeuchtungskapazit\u00e4t, keine Befeuchtung des Bodens.<\/li>\n<li>Gro\u00dfer Wassertank, verf\u00fcgbar f\u00fcr 12 Stunden mit vollem Wasser.<\/li>\n<\/ul>","protected":false},"featured_media":1423,"comment_status":"closed","ping_status":"closed","template":"","meta":{"_acf_changed":false},"product_brand":[],"product_cat":[25],"product_tag":[],"class_list":{"0":"post-1422","1":"product","2":"type-product","3":"status-publish","4":"has-post-thumbnail","6":"product_cat-wholesale-air-purifiers","8":"first","9":"instock","10":"shipping-taxable","11":"product-type-simple"},"acf":[],"_links":{"self":[{"href":"https:\/\/www.gdwanjiada.net\/de\/wp-json\/wp\/v2\/product\/1422","targetHints":{"allow":["GET"]}}],"collection":[{"href":"https:\/\/www.gdwanjiada.net\/de\/wp-json\/wp\/v2\/product"}],"about":[{"href":"https:\/\/www.gdwanjiada.net\/de\/wp-json\/wp\/v2\/types\/product"}],"replies":[{"embeddable":true,"href":"https:\/\/www.gdwanjiada.net\/de\/wp-json\/wp\/v2\/comments?post=1422"}],"wp:featuredmedia":[{"embeddable":true,"href":"https:\/\/www.gdwanjiada.net\/de\/wp-json\/wp\/v2\/media\/1423"}],"wp:attachment":[{"href":"https:\/\/www.gdwanjiada.net\/de\/wp-json\/wp\/v2\/media?parent=1422"}],"wp:term":[{"taxonomy":"product_brand","embeddable":true,"href":"https:\/\/www.gdwanjiada.net\/de\/wp-json\/wp\/v2\/product_brand?post=1422"},{"taxonomy":"product_cat","embeddable":true,"href":"https:\/\/www.gdwanjiada.net\/de\/wp-json\/wp\/v2\/product_cat?post=1422"},{"taxonomy":"product_tag","embeddable":true,"href":"https:\/\/www.gdwanjiada.net\/de\/wp-json\/wp\/v2\/product_tag?post=1422"}],"curies":[{"name":"wp","href":"https:\/\/api.w.org\/{rel}","templated":true}]}}