{"id":1414,"date":"2024-12-07T08:27:09","date_gmt":"2024-12-07T08:27:09","guid":{"rendered":"https:\/\/www.gdwanjiada.net\/?post_type=product&#038;p=1414"},"modified":"2024-12-07T08:27:10","modified_gmt":"2024-12-07T08:27:10","slug":"wholesale-office-air-purifier","status":"publish","type":"product","link":"https:\/\/www.gdwanjiada.net\/de\/produkt\/wholesale-office-air-purifier\/","title":{"rendered":"Gro\u00dfhandel B\u00fcro Luftreiniger mit oszillierenden Ventilator, 3.6L Wassertank"},"content":{"rendered":"<h3 class=\"wp-block-heading has-text-align-center\">Spezifikationen des Gro\u00dfhandels B\u00fcro Luftreiniger<\/h3><figure class=\"wp-block-table\"><table class=\"has-fixed-layout\"><tbody><tr><td rowspan=\"2\">Modell<\/td><td rowspan=\"2\">Leistung(w)<\/td><td rowspan=\"2\">Spannung\/Frequenz<\/td><td rowspan=\"2\">Anwendbare Fl\u00e4che(\u33a1)<\/td><td rowspan=\"2\">Wassertank (L)<\/td><td rowspan=\"2\">Verdampfungsleistung (ml\/h)<\/td><td rowspan=\"2\">Gr\u00f6\u00dfe des Produkts<br>(mm)<\/td><td rowspan=\"2\">Packungsgr\u00f6\u00dfe<br>(mm)<\/td><td rowspan=\"2\">N.W. (kg)<\/td><td rowspan=\"2\">Gewicht (kg)<\/td><td colspan=\"2\">Beladung Menge (St\u00fcck)<\/td><\/tr><tr><td>20'GP<\/td><td>40'HQ<\/td><\/tr><tr><td>WJD8060A<\/td><td>55<\/td><td>220V\/50Hz<\/td><td>60<\/td><td>3.6<\/td><td>300<\/td><td>250*250*610<\/td><td>295*295*660<\/td><td>4.9<\/td><td>5.9<\/td><td>520<\/td><td>1280<\/td><\/tr><\/tbody><\/table><\/figure><div class=\"wp-block-columns is-layout-flex wp-container-core-columns-is-layout-9d6595d7 wp-block-columns-is-layout-flex\"><div class=\"wp-block-column is-layout-flow wp-block-column-is-layout-flow\" style=\"flex-basis:50%\"><h3 class=\"wp-block-heading has-text-align-left\">Vorteile des Gro\u00dfhandelsb\u00fcro-Luftreinigers<\/h3>\n\n<ul class=\"wp-block-list\"><li><strong>Einstellung der Windgeschwindigkeit in drei Stufen: <\/strong>Unser Gro\u00dfhandelsb\u00fcro-Luftreiniger hat drei G\u00e4nge. Die Benutzer k\u00f6nnen die Windintensit\u00e4t nach ihren Bed\u00fcrfnissen einstellen, um sich an verschiedene Innenraumumgebungen anzupassen, egal ob es sich um leichte Bel\u00fcftung oder starke Luftzufuhr handelt.<\/li>\n\n<li><strong>Multifunktional in einem: <\/strong>Diese Gro\u00dfhandels-Luftreiniger vereinen Luftreinigung, Formaldehydentfernung, Luftbefeuchtung und einen Ventilator. \u00dcber ein leistungsf\u00e4higes Reinigungssystem reinigt er effektiv sch\u00e4dliche Bestandteile in der Luft und erh\u00f6ht gleichzeitig die Luftfeuchtigkeit, um die Raumluft frisch zu machen.<\/li>\n\n<li><strong>Nebelfreie Befeuchtung: <\/strong>Unser Gro\u00dfhandels-B\u00fcroluftreiniger mit Ventilator verwendet eine fortschrittliche nebelfreie Befeuchtungstechnologie. Er kann eine gro\u00dfe Befeuchtung bieten, ohne den Boden zu befeuchten, insbesondere in Innenr\u00e4umen, die Sauberkeit und Komfort erfordern.<\/li>\n\n<li><strong>12 Stunden kontinuierliche Befeuchtung: <\/strong>Unsere Gro\u00dfhandels-Luftreiniger haben einen eingebauten 3,6-Liter-Wassertank mit gro\u00dfer Kapazit\u00e4t. Wenn er mit Wasser gef\u00fcllt ist, kann er etwa 12 Stunden lang ununterbrochen verwendet werden. Es ist geeignet f\u00fcr den Langzeitbetrieb und reduziert die M\u00fche der h\u00e4ufigen Wasserzugabe. Der Luftreiniger ist f\u00fcr den Allwettergebrauch in Wohnungen und B\u00fcros geeignet.<\/li><\/ul><\/div>\n\n<div class=\"wp-block-column is-layout-flow wp-block-column-is-layout-flow\"><figure class=\"wp-block-image size-full\"><img decoding=\"async\" width=\"800\" height=\"800\" src=\"https:\/\/www.gdwanjiada.net\/wp-content\/uploads\/2024\/12\/wholesale-best-air-purifier-for-large-home-5.webp\" alt=\"Luftreiniger Gro\u00dfhandel f\u00fcr Haus gro\u00dfen Raum, 3.6L Wassertank-3\" class=\"wp-image-1427\" srcset=\"https:\/\/www.gdwanjiada.net\/wp-content\/uploads\/2024\/12\/wholesale-best-air-purifier-for-large-home-5.webp 800w, https:\/\/www.gdwanjiada.net\/wp-content\/uploads\/2024\/12\/wholesale-best-air-purifier-for-large-home-5-300x300.webp 300w, https:\/\/www.gdwanjiada.net\/wp-content\/uploads\/2024\/12\/wholesale-best-air-purifier-for-large-home-5-150x150.webp 150w, https:\/\/www.gdwanjiada.net\/wp-content\/uploads\/2024\/12\/wholesale-best-air-purifier-for-large-home-5-768x768.webp 768w, https:\/\/www.gdwanjiada.net\/wp-content\/uploads\/2024\/12\/wholesale-best-air-purifier-for-large-home-5-12x12.webp 12w, https:\/\/www.gdwanjiada.net\/wp-content\/uploads\/2024\/12\/wholesale-best-air-purifier-for-large-home-5-600x600.webp 600w, https:\/\/www.gdwanjiada.net\/wp-content\/uploads\/2024\/12\/wholesale-best-air-purifier-for-large-home-5-100x100.webp 100w\" sizes=\"(max-width: 800px) 100vw, 800px\" \/><\/figure><\/div><\/div>","protected":false},"excerpt":{"rendered":"<p>Willkommen im Gro\u00dfhandel Luftreiniger kaufen. Unsere Gro\u00dfhandel B\u00fcro Luftreiniger integrieren Reinigung, Formaldehyd-Entfernung, Befeuchtung und Fan-Funktionen, und bieten drei Windgeschwindigkeit Einstellm\u00f6glichkeiten, um reine, feuchte Luft und Langstrecken-Luft Lieferung zu gew\u00e4hrleisten. Es ist eine ideale Wahl f\u00fcr Heim- und B\u00fcroumgebungen.<\/p>\n<h2>Produktmerkmale\uff1a<\/h2>\n<ul>\n<li>Touchpanel-Steuerung, Infrarot-Fernbedienung.<\/li>\n<li>Intelligente Erkennung der Luftqualit\u00e4t, Anzeige von Temperatur und Luftfeuchtigkeit.<\/li>\n<li>Drei Windgeschwindigkeiten zur Auswahl.<\/li>\n<li>Links-rechts durch automatisches Schwenken, oben-unten durch Richtungswinkelverstellung (0\u00b0\/30\u00b0\/60\u00b0\/90\u00b0) des Umluftventilators.<\/li>\n<li>Starker Wind f\u00fcr zirkulierende Luft, 8m Luftzufuhr, Begleitung der Klimaanlage.<\/li>\n<li>Anionenfunktion, reinigt die Luft.<\/li>\n<li>Versteckter Griff, leicht zu tragen.<\/li>\n<li>Abnehmbare R\u00fcckwand, einfache Reinigung des Filterelements.<\/li>\n<li>Reinigung\/Formaldehydentfernung + Befeuchtung + Ventilator.<\/li>\n<li>Nebellose Befeuchtung, gro\u00dfe Befeuchtungskapazit\u00e4t, Versorgung mit reiner Luft \u00fcber gro\u00dfe Entfernungen, keine Befeuchtung des Bodens.<\/li>\n<li>Gro\u00dfer Wassertank, verf\u00fcgbar f\u00fcr 12 Stunden mit vollem Wasser.<\/li>\n<\/ul>","protected":false},"featured_media":1415,"comment_status":"closed","ping_status":"closed","template":"","meta":{"_acf_changed":false},"product_brand":[],"product_cat":[25],"product_tag":[],"class_list":{"0":"post-1414","1":"product","2":"type-product","3":"status-publish","4":"has-post-thumbnail","6":"product_cat-wholesale-air-purifiers","8":"first","9":"instock","10":"shipping-taxable","11":"product-type-simple"},"acf":[],"_links":{"self":[{"href":"https:\/\/www.gdwanjiada.net\/de\/wp-json\/wp\/v2\/product\/1414","targetHints":{"allow":["GET"]}}],"collection":[{"href":"https:\/\/www.gdwanjiada.net\/de\/wp-json\/wp\/v2\/product"}],"about":[{"href":"https:\/\/www.gdwanjiada.net\/de\/wp-json\/wp\/v2\/types\/product"}],"replies":[{"embeddable":true,"href":"https:\/\/www.gdwanjiada.net\/de\/wp-json\/wp\/v2\/comments?post=1414"}],"wp:featuredmedia":[{"embeddable":true,"href":"https:\/\/www.gdwanjiada.net\/de\/wp-json\/wp\/v2\/media\/1415"}],"wp:attachment":[{"href":"https:\/\/www.gdwanjiada.net\/de\/wp-json\/wp\/v2\/media?parent=1414"}],"wp:term":[{"taxonomy":"product_brand","embeddable":true,"href":"https:\/\/www.gdwanjiada.net\/de\/wp-json\/wp\/v2\/product_brand?post=1414"},{"taxonomy":"product_cat","embeddable":true,"href":"https:\/\/www.gdwanjiada.net\/de\/wp-json\/wp\/v2\/product_cat?post=1414"},{"taxonomy":"product_tag","embeddable":true,"href":"https:\/\/www.gdwanjiada.net\/de\/wp-json\/wp\/v2\/product_tag?post=1414"}],"curies":[{"name":"wp","href":"https:\/\/api.w.org\/{rel}","templated":true}]}}