{"id":1388,"date":"2024-12-03T06:41:36","date_gmt":"2024-12-03T06:41:36","guid":{"rendered":"https:\/\/www.gdwanjiada.net\/?post_type=product&#038;p=1388"},"modified":"2025-01-16T02:25:50","modified_gmt":"2025-01-16T02:25:50","slug":"tower-fan-wholesale","status":"publish","type":"product","link":"https:\/\/www.gdwanjiada.net\/de\/produkt\/tower-fan-wholesale\/","title":{"rendered":"Schaufelloser Turmventilator Gro\u00dfhandel, kommerzielle tragbare Fans Bulk"},"content":{"rendered":"<h3 class=\"wp-block-heading has-text-align-center\">Spezifikationen von Turmventilator Gro\u00dfhandel<\/h3><figure class=\"wp-block-table\"><table class=\"has-fixed-layout\"><tbody><tr><td rowspan=\"2\">Modell<\/td><td rowspan=\"2\">Leistung\uff08W\uff09<\/td><td rowspan=\"2\">Spannung\uff08V\uff09<\/td><td rowspan=\"2\">Geschwindigkeitsmodus<\/td><td rowspan=\"2\">G.W.\uff08g\uff09<\/td><td rowspan=\"2\">Produktgr\u00f6\u00dfe\uff08mm\uff09<\/td><td rowspan=\"2\">Packungsgr\u00f6\u00dfe\uff08mm\uff09<\/td><td rowspan=\"2\">Kartongr\u00f6\u00dfe\uff08mm\uff09<\/td><td rowspan=\"2\">Verpackung Q'ty\uff08pc\uff09<\/td><td rowspan=\"2\">Karton G.W.\uff08kg\uff09<\/td><td rowspan=\"2\">Stromversorgung<\/td><td rowspan=\"2\">Kapazit\u00e4t der Batterie<\/td><td colspan=\"2\">Beladung Q'ty<\/td><\/tr><tr><td>20GP<\/td><td>40HQ<\/td><\/tr><tr><td>X28<\/td><td>5<\/td><td>5<\/td><td>6<\/td><td>882<\/td><td>138*138*370<\/td><td>168*168*363<\/td><td>530*530*745<\/td><td>18<\/td><td>18<\/td><td>Typ-C\/Akku<\/td><td>1800mh<\/td><td>2960<\/td><td>6860<\/td><\/tr><\/tbody><\/table><\/figure><div class=\"wp-block-columns is-layout-flex wp-container-core-columns-is-layout-9d6595d7 wp-block-columns-is-layout-flex\"><div class=\"wp-block-column is-layout-flow wp-block-column-is-layout-flow\" style=\"flex-basis:50%\"><h3 class=\"wp-block-heading has-text-align-left\">Vorteile von Turmventilatoren im Gro\u00dfhandel<\/h3>\n\n<ul class=\"wp-block-list\"><li><strong>Klingenloses Design, sicher und effizient:<\/strong> Unser schaufelloser Turmventilator verwendet ein hochmodernes schaufelloses Design, das die rotierenden Schaufeln der traditionellen Ventilatoren aus Sicherheitsgr\u00fcnden \u00fcberfl\u00fcssig macht. Es ist auch besonders geeignet in einer Umgebung, wo Kinder oder Haustiere zu Hause sind. Es verringert auch die Staubansammlung und den L\u00e4rm und bietet eine frischere und komfortablere Luftzirkulation.<\/li>\n\n<li><strong>Starker Wind, schnelle Abk\u00fchlung:<\/strong> Obwohl der Ventilator keine Fl\u00fcgel hat, k\u00f6nnen diese kommerziellen tragbaren Ventilatoren im Gro\u00dfhandel dennoch einen starken Wind erzeugen, um die Temperatur der Umgebung schnell und effektiv zu senken. Ob es im hei\u00dfen Sommer oder in einem Arbeitsbereich, die flie\u00dfende Luft ben\u00f6tigt, kann es bringen Sie K\u00fchle und Komfort, so dass Ihre Arbeit und Freizeit Umwelt angenehmer.<\/li>\n\n<li><strong>Modernes \u00e4sthetisches Design, platzsparend: <\/strong>Dieser blattlose Turmventilator Gro\u00dfhandel haben ein einfaches und modernes Aussehen, mit einem stilvollen Design ohne Platz zu nehmen, geeignet f\u00fcr eine Vielzahl von Heim-und B\u00fcroumgebungen. Sein schlankes Turmdesign kann leicht in verschiedene Einrichtungsstile integriert werden, w\u00e4hrend auch effektiv Bodenfl\u00e4che zu sparen, so dass es eine ideale Wahl f\u00fcr kleine B\u00fcros und zu Hause verwenden.<\/li>\n\n<li><strong>Hoher Wirkungsgrad und Energiesparmodus zur Reduzierung des Energieverbrauchs: <\/strong>Unsere tragbaren Ventilatoren f\u00fcr den Gro\u00dfhandel verf\u00fcgen \u00fcber einen Energiesparmodus, der den Energieverbrauch minimiert und gleichzeitig f\u00fcr starken Wind sorgt, wodurch Sie Stromkosten sparen k\u00f6nnen. Die Kombination aus effizientem Motor und intelligentem Steuerungssystem macht diesen Turmventilator nicht nur hervorragend in der Leistung, sondern achtet auch auf die rationelle Nutzung von Energie, im Einklang mit modernen Umweltschutzkonzepten.<\/li><\/ul><\/div>\n\n<div class=\"wp-block-column is-layout-flow wp-block-column-is-layout-flow\"><figure class=\"wp-block-image size-full\"><img decoding=\"async\" width=\"800\" height=\"800\" src=\"https:\/\/www.gdwanjiada.net\/wp-content\/uploads\/2024\/12\/Bladeless-Tower-Fan-Wholesale-Commercial-Portable-Fans-Bulk-1.webp\" alt=\"Schaufelloser Turmventilator Gro\u00dfhandel, kommerzielle tragbare Fans Bulk-1\" class=\"wp-image-1389\" srcset=\"https:\/\/www.gdwanjiada.net\/wp-content\/uploads\/2024\/12\/Bladeless-Tower-Fan-Wholesale-Commercial-Portable-Fans-Bulk-1.webp 800w, https:\/\/www.gdwanjiada.net\/wp-content\/uploads\/2024\/12\/Bladeless-Tower-Fan-Wholesale-Commercial-Portable-Fans-Bulk-1-300x300.webp 300w, https:\/\/www.gdwanjiada.net\/wp-content\/uploads\/2024\/12\/Bladeless-Tower-Fan-Wholesale-Commercial-Portable-Fans-Bulk-1-150x150.webp 150w, https:\/\/www.gdwanjiada.net\/wp-content\/uploads\/2024\/12\/Bladeless-Tower-Fan-Wholesale-Commercial-Portable-Fans-Bulk-1-768x768.webp 768w, https:\/\/www.gdwanjiada.net\/wp-content\/uploads\/2024\/12\/Bladeless-Tower-Fan-Wholesale-Commercial-Portable-Fans-Bulk-1-12x12.webp 12w, https:\/\/www.gdwanjiada.net\/wp-content\/uploads\/2024\/12\/Bladeless-Tower-Fan-Wholesale-Commercial-Portable-Fans-Bulk-1-600x600.webp 600w, https:\/\/www.gdwanjiada.net\/wp-content\/uploads\/2024\/12\/Bladeless-Tower-Fan-Wholesale-Commercial-Portable-Fans-Bulk-1-100x100.webp 100w\" sizes=\"(max-width: 800px) 100vw, 800px\" \/><\/figure><\/div><\/div>","protected":false},"excerpt":{"rendered":"<p>Willkommen zum Kauf kommerziellen tragbaren Fans Gro\u00dfhandel. Unsere blattlosen Turmventilator Gro\u00dfhandel hat starke Windkraft, bietet eine effiziente K\u00fchlung und Frischluftzirkulation, geeignet f\u00fcr Haus und B\u00fcro. Sein modernes \u00e4sthetisches Design spart Platz, und der Energiesparmodus kann den Stromverbrauch effektiv reduzieren. Schaufellose Turmventilatoren sind nicht nur sicher, sondern haben auch eine hohe Kosteneffizienz im kommerziellen Gro\u00dfhandel Eink\u00e4ufe, geeignet f\u00fcr Gro\u00dfeink\u00e4ufe.<\/p>\n<h2>Produktmerkmale\uff1a<\/h2>\n<ul>\n<li>Ein- und Ausschalten per Knopfdruck.<\/li>\n<li>Blattlos, um Wind zu liefern.<\/li>\n<li>5+1 einstellbare Windgeschwindigkeit.<\/li>\n<li>LED-Leistungsanzeige.<\/li>\n<li>2,5 m Luftzufuhr, Umluft.<\/li>\n<li>ABS-Material.<\/li>\n<li>Gro\u00dfe Kapazit\u00e4t der Lithium-Batterie.<\/li>\n<\/ul>","protected":false},"featured_media":1390,"comment_status":"closed","ping_status":"closed","template":"","meta":{"_acf_changed":false},"product_brand":[],"product_cat":[23,24],"product_tag":[38],"class_list":{"0":"post-1388","1":"product","2":"type-product","3":"status-publish","4":"has-post-thumbnail","6":"product_cat-wholesale-portable-fans","7":"product_cat-air-circulation-fan-wholesale","8":"product_tag-wholesale-bladeless-fans","10":"first","11":"instock","12":"shipping-taxable","13":"product-type-simple"},"acf":[],"_links":{"self":[{"href":"https:\/\/www.gdwanjiada.net\/de\/wp-json\/wp\/v2\/product\/1388","targetHints":{"allow":["GET"]}}],"collection":[{"href":"https:\/\/www.gdwanjiada.net\/de\/wp-json\/wp\/v2\/product"}],"about":[{"href":"https:\/\/www.gdwanjiada.net\/de\/wp-json\/wp\/v2\/types\/product"}],"replies":[{"embeddable":true,"href":"https:\/\/www.gdwanjiada.net\/de\/wp-json\/wp\/v2\/comments?post=1388"}],"wp:featuredmedia":[{"embeddable":true,"href":"https:\/\/www.gdwanjiada.net\/de\/wp-json\/wp\/v2\/media\/1390"}],"wp:attachment":[{"href":"https:\/\/www.gdwanjiada.net\/de\/wp-json\/wp\/v2\/media?parent=1388"}],"wp:term":[{"taxonomy":"product_brand","embeddable":true,"href":"https:\/\/www.gdwanjiada.net\/de\/wp-json\/wp\/v2\/product_brand?post=1388"},{"taxonomy":"product_cat","embeddable":true,"href":"https:\/\/www.gdwanjiada.net\/de\/wp-json\/wp\/v2\/product_cat?post=1388"},{"taxonomy":"product_tag","embeddable":true,"href":"https:\/\/www.gdwanjiada.net\/de\/wp-json\/wp\/v2\/product_tag?post=1388"}],"curies":[{"name":"wp","href":"https:\/\/api.w.org\/{rel}","templated":true}]}}