{"id":1367,"date":"2024-12-03T06:02:34","date_gmt":"2024-12-03T06:02:34","guid":{"rendered":"https:\/\/www.gdwanjiada.net\/?post_type=product&#038;p=1367"},"modified":"2024-12-03T06:17:19","modified_gmt":"2024-12-03T06:17:19","slug":"bulk-mini-fans","status":"publish","type":"product","link":"https:\/\/www.gdwanjiada.net\/de\/produkt\/bulk-mini-fans\/","title":{"rendered":"Wei\u00dfe Bulk Mini Fans, Gro\u00dfhandel Mini Portable Fans f\u00fcr Outdoor"},"content":{"rendered":"<h3 class=\"wp-block-heading has-text-align-center\">Spezifikationen von Bulk Mini Fans<\/h3><figure class=\"wp-block-table\"><table class=\"has-fixed-layout\"><tbody><tr><td rowspan=\"2\">Modell<\/td><td rowspan=\"2\">Leistung\uff08W\uff09<\/td><td rowspan=\"2\">Spannung\uff08V\uff09<\/td><td rowspan=\"2\">Geschwindigkeitsmodus<\/td><td rowspan=\"2\">G.W.\uff08g\uff09<\/td><td rowspan=\"2\">Produktgr\u00f6\u00dfe\uff08mm\uff09<\/td><td rowspan=\"2\">Packungsgr\u00f6\u00dfe\uff08mm\uff09<\/td><td rowspan=\"2\">Kartongr\u00f6\u00dfe\uff08mm\uff09<\/td><td rowspan=\"2\">Verpackung Q'ty\uff08pc\uff09<\/td><td rowspan=\"2\">Karton G.W.\uff08kg\uff09<\/td><td rowspan=\"2\">Stromversorgung<\/td><td rowspan=\"2\">Kapazit\u00e4t der Batterie<\/td><td colspan=\"2\">Beladung Q'ty<\/td><\/tr><tr><td>20GP<\/td><td>40HQ<\/td><\/tr><tr><td>F02<\/td><td>9<\/td><td>5<\/td><td>5<\/td><td>268<\/td><td>114*56*45<\/td><td>107*52*152<\/td><td>445*340*335<\/td><td>45<\/td><td>14.4<\/td><td>Typ-C\/Akku<\/td><td>2400mh<\/td><td>26880<\/td><td>65280<\/td><\/tr><\/tbody><\/table><\/figure><div class=\"wp-block-columns is-layout-flex wp-container-core-columns-is-layout-9d6595d7 wp-block-columns-is-layout-flex\"><div class=\"wp-block-column is-layout-flow wp-block-column-is-layout-flow\" style=\"flex-basis:50%\"><h3 class=\"wp-block-heading has-text-align-left\">Vorteile von Bulk Mini Fans<\/h3>\n\n<ul class=\"wp-block-list\"><li><strong>Genie\u00dfen Sie die K\u00fchle zu jeder Zeit: <\/strong>Diese wei\u00dfen Mini-Ventilatoren sind sehr flexibel und eignen sich f\u00fcr den Einsatz in verschiedenen Szenarien. Ob beim Sport im Freien, auf Reisen, beim Camping oder bei Partys und Aktivit\u00e4ten unter freiem Himmel, er kann eine starke Windkraft erzeugen, so dass Sie jederzeit frische Luft genie\u00dfen k\u00f6nnen. Sein praktisches Design macht ihn zu einem unverzichtbaren k\u00fchlen Begleiter f\u00fcr den Sommerausflug.<\/li>\n\n<li><strong>Einstellung der Windgeschwindigkeit in f\u00fcnf Stufen: <\/strong>Unser tragbarer Gro\u00dfhandels-Mini-Ventilator verf\u00fcgt \u00fcber f\u00fcnf einstellbare Windgeschwindigkeiten, und die Benutzer k\u00f6nnen die bequemste Windst\u00e4rke je nach den unterschiedlichen Bed\u00fcrfnissen der Umgebung leicht einstellen. Ob es im hei\u00dfen Sommer ist oder Sie das sanfte Gef\u00fchl einer Brise brauchen, k\u00f6nnen Sie die am besten geeignete Windgeschwindigkeit Getriebe finden, um sicherzustellen, dass Sie das ideale Windgef\u00fchl jederzeit genie\u00dfen k\u00f6nnen.<\/li>\n\n<li><strong>Leicht und tragbar: <\/strong>Unsere gro\u00dfen Mini-Ventilatoren sind kompakt und leicht und daher sehr einfach zu tragen. Ob in einen Rucksack, eine Handtasche oder eine Tasche gesteckt, wird es nicht zu viel Platz einnehmen. Auf diese Weise ist es einfach, jederzeit bei verschiedenen Gelegenheiten zu verwenden, vor allem f\u00fcr Reisende, Outdoor-Sportler und andere Benutzer, die f\u00fcr eine lange Zeit im Freien gehen m\u00fcssen.<\/li>\n\n<li><strong>Kosteng\u00fcnstig: <\/strong>Wir beliefern Kunden mit Gro\u00dfhandel Mini tragbare Fans in der Masse, vor allem Einzelh\u00e4ndler, Event-Planung Unternehmen und Kunden mit Gro\u00dfeink\u00e4ufen. Durch den Direktvertrieb ab Werk k\u00f6nnen wir wettbewerbsf\u00e4higere Gro\u00dfhandelspreise anbieten, Unternehmen helfen, die Beschaffungskosten zu reduzieren und sind eine ideale Wahl f\u00fcr H\u00e4ndler und Gruppenkunden.<\/li><\/ul><\/div>\n\n<div class=\"wp-block-column is-layout-flow wp-block-column-is-layout-flow\"><figure class=\"wp-block-image size-full\"><img decoding=\"async\" width=\"800\" height=\"800\" src=\"https:\/\/www.gdwanjiada.net\/wp-content\/uploads\/2024\/12\/Bulk-Mini-Fans-Wholesale-Mini-Portable-Fans-For-Outdoor-2.webp\" alt=\"Bulk Mini Fans, Gro\u00dfhandel Mini Portable Fans f\u00fcr Outdoor-2\" class=\"wp-image-1369\" srcset=\"https:\/\/www.gdwanjiada.net\/wp-content\/uploads\/2024\/12\/Bulk-Mini-Fans-Wholesale-Mini-Portable-Fans-For-Outdoor-2.webp 800w, https:\/\/www.gdwanjiada.net\/wp-content\/uploads\/2024\/12\/Bulk-Mini-Fans-Wholesale-Mini-Portable-Fans-For-Outdoor-2-300x300.webp 300w, https:\/\/www.gdwanjiada.net\/wp-content\/uploads\/2024\/12\/Bulk-Mini-Fans-Wholesale-Mini-Portable-Fans-For-Outdoor-2-150x150.webp 150w, https:\/\/www.gdwanjiada.net\/wp-content\/uploads\/2024\/12\/Bulk-Mini-Fans-Wholesale-Mini-Portable-Fans-For-Outdoor-2-768x768.webp 768w, https:\/\/www.gdwanjiada.net\/wp-content\/uploads\/2024\/12\/Bulk-Mini-Fans-Wholesale-Mini-Portable-Fans-For-Outdoor-2-12x12.webp 12w, https:\/\/www.gdwanjiada.net\/wp-content\/uploads\/2024\/12\/Bulk-Mini-Fans-Wholesale-Mini-Portable-Fans-For-Outdoor-2-600x600.webp 600w, https:\/\/www.gdwanjiada.net\/wp-content\/uploads\/2024\/12\/Bulk-Mini-Fans-Wholesale-Mini-Portable-Fans-For-Outdoor-2-100x100.webp 100w\" sizes=\"(max-width: 800px) 100vw, 800px\" \/><\/figure><\/div><\/div>","protected":false},"excerpt":{"rendered":"<p>Willkommen im Gro\u00dfhandel Mini tragbare Fans zu kaufen. Unsere wei\u00dfen Mini-Ventilatoren sind kompakt im Design, stark im Wind, mit f\u00fcnf Windgeschwindigkeit Einstellung und effiziente K\u00fchlfunktion, so dass es ein perfekter Begleiter f\u00fcr Outdoor-Aktivit\u00e4ten und Reisen. Seine leicht zu tragende Funktion erm\u00f6glicht es Ihnen, K\u00fchle jederzeit und \u00fcberall zu genie\u00dfen, und die Fabrik Gro\u00dfhandelspreis ist g\u00fcnstig und kosteng\u00fcnstig, so dass es eine ideale Wahl f\u00fcr Gro\u00dfeink\u00e4ufe.<\/p>\n<h2>Produktmerkmale\uff1a<\/h2>\n<ul>\n<li>Geeignet zum Umh\u00e4ngen um den Hals oder um die Taille, zum Aufstellen auf dem Schreibtisch oder neben dem Computer.<\/li>\n<li>Kann verwendet werden, um \u00d6l blasen Wimpern, Gem\u00e4lde, oder genie\u00dfen Sie K\u00fchle beim Camping.<\/li>\n<li>5 einstellbare Geschwindigkeitsformen und 2 Stufen der Lichteinstellung sind vorgesehen, um flexibel auf verschiedene Umweltanforderungen zu reagieren.<\/li>\n<li>Kompaktes Design und geringe Gr\u00f6\u00dfe, leicht zu tragen, und kann jederzeit und \u00fcberall K\u00fchle genie\u00dfen.<\/li>\n<li>Das intelligente Display kann die aktuelle Windgeschwindigkeit, die Lichteinstellungen und den Batteriestand anzeigen.<\/li>\n<\/ul>","protected":false},"featured_media":1368,"comment_status":"closed","ping_status":"closed","template":"","meta":{"_acf_changed":false},"product_brand":[],"product_cat":[23],"product_tag":[],"class_list":{"0":"post-1367","1":"product","2":"type-product","3":"status-publish","4":"has-post-thumbnail","6":"product_cat-wholesale-portable-fans","8":"first","9":"instock","10":"shipping-taxable","11":"product-type-simple"},"acf":[],"_links":{"self":[{"href":"https:\/\/www.gdwanjiada.net\/de\/wp-json\/wp\/v2\/product\/1367","targetHints":{"allow":["GET"]}}],"collection":[{"href":"https:\/\/www.gdwanjiada.net\/de\/wp-json\/wp\/v2\/product"}],"about":[{"href":"https:\/\/www.gdwanjiada.net\/de\/wp-json\/wp\/v2\/types\/product"}],"replies":[{"embeddable":true,"href":"https:\/\/www.gdwanjiada.net\/de\/wp-json\/wp\/v2\/comments?post=1367"}],"wp:featuredmedia":[{"embeddable":true,"href":"https:\/\/www.gdwanjiada.net\/de\/wp-json\/wp\/v2\/media\/1368"}],"wp:attachment":[{"href":"https:\/\/www.gdwanjiada.net\/de\/wp-json\/wp\/v2\/media?parent=1367"}],"wp:term":[{"taxonomy":"product_brand","embeddable":true,"href":"https:\/\/www.gdwanjiada.net\/de\/wp-json\/wp\/v2\/product_brand?post=1367"},{"taxonomy":"product_cat","embeddable":true,"href":"https:\/\/www.gdwanjiada.net\/de\/wp-json\/wp\/v2\/product_cat?post=1367"},{"taxonomy":"product_tag","embeddable":true,"href":"https:\/\/www.gdwanjiada.net\/de\/wp-json\/wp\/v2\/product_tag?post=1367"}],"curies":[{"name":"wp","href":"https:\/\/api.w.org\/{rel}","templated":true}]}}