{"id":1354,"date":"2024-12-03T03:40:15","date_gmt":"2024-12-03T03:40:15","guid":{"rendered":"https:\/\/www.gdwanjiada.net\/?post_type=product&#038;p=1354"},"modified":"2024-12-03T03:50:05","modified_gmt":"2024-12-03T03:50:05","slug":"mini-portable-fans-in-bulk","status":"publish","type":"product","link":"https:\/\/www.gdwanjiada.net\/de\/produkt\/mini-portable-fans-in-bulk\/","title":{"rendered":"Gr\u00fcne Mini tragbare Fans in Bulk, Fabrik Gro\u00dfhandel Hand Held Fans"},"content":{"rendered":"<h3 class=\"wp-block-heading has-text-align-center\">Spezifikationen f\u00fcr tragbare Mini-Ventilatoren in gro\u00dfen Mengen<\/h3><figure class=\"wp-block-table\"><table class=\"has-fixed-layout\"><tbody><tr><td rowspan=\"2\">Modell<\/td><td rowspan=\"2\">Leistung\uff08W\uff09<\/td><td rowspan=\"2\">Spannung\uff08V\uff09<\/td><td rowspan=\"2\">Geschwindigkeitsmodus<\/td><td rowspan=\"2\">G.W.\uff08g\uff09<\/td><td rowspan=\"2\">Produktgr\u00f6\u00dfe\uff08mm\uff09<\/td><td rowspan=\"2\">Packungsgr\u00f6\u00dfe\uff08mm\uff09<\/td><td rowspan=\"2\">Kartongr\u00f6\u00dfe\uff08mm\uff09<\/td><td rowspan=\"2\">Verpackung Q'ty\uff08pc\uff09<\/td><td rowspan=\"2\">Karton G.W.\uff08kg\uff09<\/td><td rowspan=\"2\">Stromversorgung<\/td><td rowspan=\"2\">Kapazit\u00e4t der Batterie<\/td><td colspan=\"2\">Beladung Q'ty<\/td><\/tr><tr><td>20GP<\/td><td>40HQ<\/td><\/tr><tr><td>F02<\/td><td>9<\/td><td>5<\/td><td>5<\/td><td>268<\/td><td>114*56*45<\/td><td>107*52*152<\/td><td>445*340*335<\/td><td>45<\/td><td>14.4<\/td><td>Typ-C\/Akku<\/td><td>2400mh<\/td><td>26880<\/td><td>65280<\/td><\/tr><\/tbody><\/table><\/figure><div class=\"wp-block-columns is-layout-flex wp-container-core-columns-is-layout-9d6595d7 wp-block-columns-is-layout-flex\"><div class=\"wp-block-column is-layout-flow wp-block-column-is-layout-flow\" style=\"flex-basis:50%\"><h3 class=\"wp-block-heading has-text-align-left\">Vorteile von tragbaren Mini-Ventilatoren in gro\u00dfen Mengen<\/h3>\n\n<ul class=\"wp-block-list\"><li><strong>Gr\u00fcnes und umweltfreundliches Design:<\/strong> Unsere tragbaren Mini-Ventilatoren in gro\u00dfen Mengen haben ein frisches, gr\u00fcnes Design, das nicht nur einen einzigartigen Sinn f\u00fcr Mode im Aussehen zeigt, sondern auch Umweltschutz-Eigenschaften hat. Gr\u00fcn steht nicht nur f\u00fcr Frische und Natur, sondern l\u00e4sst sich auch in den dekorativen Stil verschiedener Anl\u00e4sse integrieren und wird zu einem Must-Have-Trendartikel im Sommer.<\/li>\n\n<li><strong>Leicht und tragbar: <\/strong>Unsere Gro\u00dfhandels-Handventilatoren sind so konzipiert, dass sie sehr leicht sind und nur ein paar hundert Gramm wiegen, was f\u00fcr den Handgebrauch praktisch ist. Ob es sich um Outdoor-Sport, Reisen, oder B\u00fcro oder zu Hause verwenden, kann es leicht getragen werden und genie\u00dfen Sie K\u00fchle jederzeit und \u00fcberall.<\/li>\n\n<li><strong>Effiziente K\u00fchlung: <\/strong>Obwohl diese tragbaren Mini-Ventilatoren klein sind, kann ihr starker Wind schnell f\u00fcr Abk\u00fchlung und einen k\u00fchlen Luftstrom sorgen. Ob im hei\u00dfen Sommer oder in einer stickigen Umgebung, es kann Ihnen ein angenehmes k\u00fchles Gef\u00fchl bringen und Ihnen helfen, erfrischt zu bleiben.<\/li>\n\n<li><strong>Hohe Kostenleistung: <\/strong>Wir bieten Gro\u00dfhandelsdienstleistungen f\u00fcr Handventilatoren an, die f\u00fcr H\u00e4ndler oder Veranstaltungsorganisationen jeder Gr\u00f6\u00dfe geeignet sind. Durch die direkte Lieferung ab Werk gew\u00e4hrleisten wir wettbewerbsf\u00e4hige Preise, und Gro\u00dfeink\u00e4ufe werden die Kosten erheblich reduzieren, was eine ideale Wahl f\u00fcr Sommeraktionen und Einzelh\u00e4ndler ist.<\/li><\/ul><\/div>\n\n<div class=\"wp-block-column is-layout-flow wp-block-column-is-layout-flow\"><figure class=\"wp-block-image size-full\"><img decoding=\"async\" width=\"800\" height=\"800\" src=\"https:\/\/www.gdwanjiada.net\/wp-content\/uploads\/2024\/12\/Mini-Portable-Fans-In-Bulk-Factory-Wholesale-Hand-Held-Fans-4.webp\" alt=\"Mini Portable Fans In Bulk, Fabrik Gro\u00dfhandel Hand Held Fans-4\" class=\"wp-image-1358\" srcset=\"https:\/\/www.gdwanjiada.net\/wp-content\/uploads\/2024\/12\/Mini-Portable-Fans-In-Bulk-Factory-Wholesale-Hand-Held-Fans-4.webp 800w, https:\/\/www.gdwanjiada.net\/wp-content\/uploads\/2024\/12\/Mini-Portable-Fans-In-Bulk-Factory-Wholesale-Hand-Held-Fans-4-300x300.webp 300w, https:\/\/www.gdwanjiada.net\/wp-content\/uploads\/2024\/12\/Mini-Portable-Fans-In-Bulk-Factory-Wholesale-Hand-Held-Fans-4-150x150.webp 150w, https:\/\/www.gdwanjiada.net\/wp-content\/uploads\/2024\/12\/Mini-Portable-Fans-In-Bulk-Factory-Wholesale-Hand-Held-Fans-4-768x768.webp 768w, https:\/\/www.gdwanjiada.net\/wp-content\/uploads\/2024\/12\/Mini-Portable-Fans-In-Bulk-Factory-Wholesale-Hand-Held-Fans-4-12x12.webp 12w, https:\/\/www.gdwanjiada.net\/wp-content\/uploads\/2024\/12\/Mini-Portable-Fans-In-Bulk-Factory-Wholesale-Hand-Held-Fans-4-600x600.webp 600w, https:\/\/www.gdwanjiada.net\/wp-content\/uploads\/2024\/12\/Mini-Portable-Fans-In-Bulk-Factory-Wholesale-Hand-Held-Fans-4-100x100.webp 100w\" sizes=\"(max-width: 800px) 100vw, 800px\" \/><\/figure><\/div><\/div>","protected":false},"excerpt":{"rendered":"<p>Willkommen im Gro\u00dfhandel handgehaltene Ventilatoren zu kaufen. Unsere gr\u00fcnen tragbaren Mini-Ventilatoren in der Masse sind ideal f\u00fcr hei\u00dfe Sommertage mit ihrem leichten Design und effiziente K\u00fchlfunktion. Sie sind nicht nur modisch, sondern auch leicht zu tragen und geeignet f\u00fcr eine Vielzahl von Gelegenheiten. Fabrik Gro\u00dfhandel Einkaufspreise sind g\u00fcnstig, mit einem sehr hohen Kosten-Nutzen-Verh\u00e4ltnis, um Gro\u00dfeinkauf Bed\u00fcrfnisse zu erf\u00fcllen.<\/p>\n<h2>Produktmerkmale\uff1a<\/h2>\n<ul>\n<li>\n<p>Eine Vielzahl von Szenen, wie z. B. um den Hals h\u00e4ngen, Taille Schreibtisch, Computer, Blasen \u00d6lgem\u00e4lde, Wimpern blasen, Camping, etc.<\/p>\n<\/li>\n<li>\n<p>5 Stufen der Windgeschwindigkeit einstellbar, 2 Stufen der Lichteinstellung einstellbar;<\/p>\n<\/li>\n<li>\n<p>Kompaktes Design, leicht zu tragen.<\/p>\n<\/li>\n<li>\n<p>Bildschirm = Getriebe + Beleuchtung + Stromversorgung<\/p>\n<\/li>\n<\/ul>","protected":false},"featured_media":1355,"comment_status":"closed","ping_status":"closed","template":"","meta":{"_acf_changed":false},"product_brand":[],"product_cat":[23],"product_tag":[],"class_list":{"0":"post-1354","1":"product","2":"type-product","3":"status-publish","4":"has-post-thumbnail","6":"product_cat-wholesale-portable-fans","8":"first","9":"instock","10":"shipping-taxable","11":"product-type-simple"},"acf":[],"_links":{"self":[{"href":"https:\/\/www.gdwanjiada.net\/de\/wp-json\/wp\/v2\/product\/1354","targetHints":{"allow":["GET"]}}],"collection":[{"href":"https:\/\/www.gdwanjiada.net\/de\/wp-json\/wp\/v2\/product"}],"about":[{"href":"https:\/\/www.gdwanjiada.net\/de\/wp-json\/wp\/v2\/types\/product"}],"replies":[{"embeddable":true,"href":"https:\/\/www.gdwanjiada.net\/de\/wp-json\/wp\/v2\/comments?post=1354"}],"wp:featuredmedia":[{"embeddable":true,"href":"https:\/\/www.gdwanjiada.net\/de\/wp-json\/wp\/v2\/media\/1355"}],"wp:attachment":[{"href":"https:\/\/www.gdwanjiada.net\/de\/wp-json\/wp\/v2\/media?parent=1354"}],"wp:term":[{"taxonomy":"product_brand","embeddable":true,"href":"https:\/\/www.gdwanjiada.net\/de\/wp-json\/wp\/v2\/product_brand?post=1354"},{"taxonomy":"product_cat","embeddable":true,"href":"https:\/\/www.gdwanjiada.net\/de\/wp-json\/wp\/v2\/product_cat?post=1354"},{"taxonomy":"product_tag","embeddable":true,"href":"https:\/\/www.gdwanjiada.net\/de\/wp-json\/wp\/v2\/product_tag?post=1354"}],"curies":[{"name":"wp","href":"https:\/\/api.w.org\/{rel}","templated":true}]}}