{"id":1279,"date":"2024-11-27T03:59:10","date_gmt":"2024-11-27T03:59:10","guid":{"rendered":"https:\/\/www.gdwanjiada.net\/?post_type=product&#038;p=1279"},"modified":"2024-11-27T03:59:11","modified_gmt":"2024-11-27T03:59:11","slug":"wholesale-industrial-evaporative-air-cooler","status":"publish","type":"product","link":"https:\/\/www.gdwanjiada.net\/de\/produkt\/wholesale-industrial-evaporative-air-cooler\/","title":{"rendered":"80L Gro\u00dfhandel industrielle Verdunstungsluftk\u00fchler, Handel Sumpfk\u00fchler"},"content":{"rendered":"<h3 class=\"wp-block-heading has-text-align-center\">Spezifikationen des Gro\u00dfhandels industriellen Verdunstungsluftk\u00fchlers<\/h3><figure class=\"wp-block-table\"><table class=\"has-fixed-layout\"><tbody><tr><td rowspan=\"2\">Modell<\/td><td rowspan=\"2\">Leistung(W)&nbsp;<\/td><td colspan=\"3\">Luftstrom (m\u00b3\/h)<\/td><td rowspan=\"2\">Fassungsverm\u00f6gen des Wassertanks (L)<\/td><td colspan=\"3\">Produktgr\u00f6\u00dfe (mm)&nbsp;<\/td><td rowspan=\"2\">Gr\u00f6\u00dfe des K\u00fchlkissens (mm)<\/td><td rowspan=\"2\">Verpacken<\/td><td rowspan=\"2\">N.W.\/Gew. (kg)&nbsp;&nbsp;<\/td><td rowspan=\"2\">Packungsgr\u00f6\u00dfe (mm)&nbsp;<\/td><td colspan=\"2\">Menge laden<\/td><\/tr><tr><td>H<\/td><td>M<\/td><td>L<\/td><td>L<\/td><td>W<\/td><td>H<\/td><td>20'GP<\/td><td>40'HQ<\/td><\/tr><tr><td>WJD8000F-2Z<\/td><td>200<\/td><td>8000<\/td><td>6000<\/td><td>3500<\/td><td>80.0<\/td><td>680<\/td><td>410<\/td><td>1250<\/td><td>75*520*690<\/td><td>1 St\u00fcck<\/td><td>18\/21<\/td><td>695*460*980<\/td><td>98<\/td><td>230<\/td><\/tr><\/tbody><\/table><\/figure><div class=\"wp-block-columns is-layout-flex wp-container-core-columns-is-layout-9d6595d7 wp-block-columns-is-layout-flex\"><div class=\"wp-block-column is-layout-flow wp-block-column-is-layout-flow\" style=\"flex-basis:50%\"><h3 class=\"wp-block-heading has-text-align-left\">Vorteile des industriellen Verdunstungsluftk\u00fchlers f\u00fcr den Gro\u00dfhandel<\/h3>\n\n<ul class=\"wp-block-list\"><li><strong>Gro\u00dfes Luftvolumen und geringe Ger\u00e4uschentwicklung: <\/strong>Mit seinem Axiallaufrad mit gro\u00dfem Durchmesser sorgt dieser industrielle Verdunstungsluftk\u00fchler f\u00fcr ein starkes Luftvolumen und eignet sich f\u00fcr die Abdeckung gro\u00dfer Industrier\u00e4ume wie z. B. Lagerhallen. Dar\u00fcber hinaus stellt diese Maschine sicher, dass der Ger\u00e4uschpegel w\u00e4hrend des Betriebs niedrig bleibt, um eine effektive K\u00fchlung zu gew\u00e4hrleisten und gleichzeitig f\u00fcr Ruhe in der Arbeitsumgebung zu sorgen.<\/li>\n\n<li><strong>Bequeme Bedienung: <\/strong>Unser Verdunstungsluftk\u00fchler im Gro\u00dfhandel ist mit einem gro\u00dfvolumigen Wassertank ausgestattet und verf\u00fcgt \u00fcber ein geteiltes Design f\u00fcr eine bequeme Demontage und Wartung. Es verl\u00e4ngert effektiv die Laufzeit, reduziert die M\u00fche der h\u00e4ufigen Wasserzugabe, und erf\u00fcllt die Anforderungen der Verwendung in Industrieanlagen f\u00fcr eine lange Zeit.<\/li>\n\n<li><strong>Top-Flip-Design: <\/strong>Dieser hoch bewertete industrielle Verdunstungsluftk\u00fchler hat ein Top-Flip-Design, und die Benutzer k\u00f6nnen einfach Wasser, Eisw\u00fcrfel oder Eiskristalle hinzuf\u00fcgen, um den K\u00fchleffekt weiter zu verbessern und die hei\u00dfe industrielle Umgebung k\u00fchl zu halten.<\/li>\n\n<li><strong>Abnehmbares Staubschutzgitter: <\/strong>Unser bester industrieller Luftk\u00fchler im Gro\u00dfhandel ist mit einem abnehmbaren Staubschutz ausgestattet, der es dem Benutzer erm\u00f6glicht, ihn regelm\u00e4\u00dfig zu reinigen, um sicherzustellen, dass das Ger\u00e4t lange Zeit effizient bleibt, die Luft frisch ist und es f\u00fcr den Einsatz in industriellen Umgebungen besser geeignet ist.<\/li><\/ul><\/div>\n\n<div class=\"wp-block-column is-layout-flow wp-block-column-is-layout-flow\"><figure class=\"wp-block-image size-full\"><img decoding=\"async\" width=\"1126\" height=\"1126\" src=\"https:\/\/www.gdwanjiada.net\/wp-content\/uploads\/2024\/11\/80L-Wholesale-Industrial-Evaporative-Air-Cooler-with-3-Cooling-Pads-9.webp\" alt=\"80L-Gro\u00dfhandel-Industrie-Luftverdunstungsk\u00fchler-mit-3-K\u00fchlpads-9\" class=\"wp-image-1288\" srcset=\"https:\/\/www.gdwanjiada.net\/wp-content\/uploads\/2024\/11\/80L-Wholesale-Industrial-Evaporative-Air-Cooler-with-3-Cooling-Pads-9.webp 1126w, https:\/\/www.gdwanjiada.net\/wp-content\/uploads\/2024\/11\/80L-Wholesale-Industrial-Evaporative-Air-Cooler-with-3-Cooling-Pads-9-300x300.webp 300w, https:\/\/www.gdwanjiada.net\/wp-content\/uploads\/2024\/11\/80L-Wholesale-Industrial-Evaporative-Air-Cooler-with-3-Cooling-Pads-9-150x150.webp 150w, https:\/\/www.gdwanjiada.net\/wp-content\/uploads\/2024\/11\/80L-Wholesale-Industrial-Evaporative-Air-Cooler-with-3-Cooling-Pads-9-768x768.webp 768w, https:\/\/www.gdwanjiada.net\/wp-content\/uploads\/2024\/11\/80L-Wholesale-Industrial-Evaporative-Air-Cooler-with-3-Cooling-Pads-9-12x12.webp 12w, https:\/\/www.gdwanjiada.net\/wp-content\/uploads\/2024\/11\/80L-Wholesale-Industrial-Evaporative-Air-Cooler-with-3-Cooling-Pads-9-600x600.webp 600w, https:\/\/www.gdwanjiada.net\/wp-content\/uploads\/2024\/11\/80L-Wholesale-Industrial-Evaporative-Air-Cooler-with-3-Cooling-Pads-9-100x100.webp 100w\" sizes=\"(max-width: 1126px) 100vw, 1126px\" \/><\/figure><\/div><\/div><p><\/p>","protected":false},"excerpt":{"rendered":"<p>Willkommen zum Kauf Verdunstungsluftk\u00fchler Gro\u00dfhandel. Unsere Gro\u00dfhandel industriellen Verdunstungsluftk\u00fchler ist mit einem gro\u00dfen Durchmesser axiale Str\u00f6mung Laufrad ausgestattet. Ausgestattet mit einem 80L Wassertank, die langfristige K\u00fchlung Unterst\u00fctzung.<\/p>\n<h2>Produktmerkmale\uff1a<\/h2>\n<ul>\n<li>Es integriert die Funktionen K\u00fchlen, Befeuchten und Reinigen und ist ein Mehrzweckger\u00e4t.<\/li>\n<li>Es verwendet einen dreiseitigen Lufteinlass und hocheffiziente Verdunstungsk\u00fchlvorh\u00e4nge, wodurch die K\u00fchlwirkung noch deutlicher wird.<\/li>\n<li>Manuelle Auf- und Abw\u00e4rtsbewegung, automatische Auf- und Abw\u00e4rtsbewegung nach links und rechts, drei verschiedene Windgeschwindigkeiten.<\/li>\n<li>Axiales Laufrad mit gro\u00dfem Durchmesser, gro\u00dfes Luftvolumen, geringer Ger\u00e4uschpegel.<\/li>\n<li>Geteilter Wassertank mit gro\u00dfem Fassungsverm\u00f6gen, leicht zu reinigen.<\/li>\n<li>Die Oberseite des Rumpfes kann umgedreht werden, um Wasser, Eis und Eiskristalle hinzuzuf\u00fcgen, damit es k\u00fchler wird.<\/li>\n<li>Abnehmbares, staubdichtes Netz f\u00fcr einfache Reinigung.<\/li>\n<li>Das Vorderrad verf\u00fcgt \u00fcber eine Feststellbremse, die das Bewegen und Platzieren erleichtert.<\/li>\n<li>Die Tauchpumpe verf\u00fcgt \u00fcber mehrere Schutzfunktionen, ausreichend Wasser und Sicherheit ist garantiert.<\/li>\n<li>Motor aus reinem Kupfer.<\/li>\n<li>Die umgekehrte Verpackung des Wassertanks spart Platz und Kosten beim Transport.<\/li>\n<li>Negative Ionen-Sauerstoff-Bar-Funktion, erh\u00f6ht aktiven Sauerstoff und reinigt die Luft.<\/li>\n<li>1-12 Stunden zeitgesteuerte automatische Abschaltfunktion.<\/li>\n<li>Drei Windarten stehen zur Auswahl: Imitation des nat\u00fcrlichen Windes, Schlafwind und Standardwind.<\/li>\n<\/ul>","protected":false},"featured_media":1280,"comment_status":"closed","ping_status":"closed","template":"","meta":{"_acf_changed":false},"product_brand":[],"product_cat":[26],"product_tag":[29],"class_list":{"0":"post-1279","1":"product","2":"type-product","3":"status-publish","4":"has-post-thumbnail","6":"product_cat-wholesale-air-coolers","7":"product_tag-wholesale-industrial-evaporative-air-coolers","9":"first","10":"instock","11":"shipping-taxable","12":"product-type-simple"},"acf":[],"_links":{"self":[{"href":"https:\/\/www.gdwanjiada.net\/de\/wp-json\/wp\/v2\/product\/1279","targetHints":{"allow":["GET"]}}],"collection":[{"href":"https:\/\/www.gdwanjiada.net\/de\/wp-json\/wp\/v2\/product"}],"about":[{"href":"https:\/\/www.gdwanjiada.net\/de\/wp-json\/wp\/v2\/types\/product"}],"replies":[{"embeddable":true,"href":"https:\/\/www.gdwanjiada.net\/de\/wp-json\/wp\/v2\/comments?post=1279"}],"wp:featuredmedia":[{"embeddable":true,"href":"https:\/\/www.gdwanjiada.net\/de\/wp-json\/wp\/v2\/media\/1280"}],"wp:attachment":[{"href":"https:\/\/www.gdwanjiada.net\/de\/wp-json\/wp\/v2\/media?parent=1279"}],"wp:term":[{"taxonomy":"product_brand","embeddable":true,"href":"https:\/\/www.gdwanjiada.net\/de\/wp-json\/wp\/v2\/product_brand?post=1279"},{"taxonomy":"product_cat","embeddable":true,"href":"https:\/\/www.gdwanjiada.net\/de\/wp-json\/wp\/v2\/product_cat?post=1279"},{"taxonomy":"product_tag","embeddable":true,"href":"https:\/\/www.gdwanjiada.net\/de\/wp-json\/wp\/v2\/product_tag?post=1279"}],"curies":[{"name":"wp","href":"https:\/\/api.w.org\/{rel}","templated":true}]}}