{"id":1264,"date":"2024-11-27T03:52:47","date_gmt":"2024-11-27T03:52:47","guid":{"rendered":"https:\/\/www.gdwanjiada.net\/?post_type=product&#038;p=1264"},"modified":"2024-11-27T03:52:48","modified_gmt":"2024-11-27T03:52:48","slug":"evaporative-cooler-wholesale","status":"publish","type":"product","link":"https:\/\/www.gdwanjiada.net\/de\/produkt\/evaporative-cooler-wholesale\/","title":{"rendered":"Kommerzielle Verdunstungsk\u00fchler Gro\u00dfhandel mit 3 Seiten K\u00fchlung Pads"},"content":{"rendered":"<h3 class=\"wp-block-heading has-text-align-center\">Spezifikationen des Verdunstungsk\u00fchlers Gro\u00dfhandel<\/h3><figure class=\"wp-block-table\"><table class=\"has-fixed-layout\"><tbody><tr><td rowspan=\"2\">Modell<\/td><td rowspan=\"2\">Leistung(W)&nbsp;<\/td><td colspan=\"3\">Luftstrom (m\u00b3\/h)<\/td><td rowspan=\"2\">Fassungsverm\u00f6gen des Wassertanks (L)<\/td><td colspan=\"3\">Produktgr\u00f6\u00dfe (mm)&nbsp;<\/td><td rowspan=\"2\">Wasserverbrauch (L\/H)<\/td><td rowspan=\"2\">Gr\u00f6\u00dfe des K\u00fchlkissens (mm)<\/td><td rowspan=\"2\">Verpacken<\/td><td rowspan=\"2\">N.W.\/Gew. (kg)&nbsp;&nbsp;<\/td><td rowspan=\"2\">Packungsgr\u00f6\u00dfe (mm)&nbsp;<\/td><td colspan=\"2\">Menge laden<\/td><\/tr><tr><td>H<\/td><td>M<\/td><td>L<\/td><td>L<\/td><td>W<\/td><td>H<\/td><td>20'GP<\/td><td>40'HQ<\/td><\/tr><tr><td>WJD2800F-2Z<\/td><td>125<\/td><td>2500<\/td><td>1800<\/td><td>1300<\/td><td>28.0<\/td><td>470<\/td><td>345<\/td><td>950<\/td><td>4.0<\/td><td>360*65*495<\/td><td>1 St\u00fcck<\/td><td>12\/14.1<\/td><td>520*390*930<\/td><td>155<\/td><td>368<\/td><\/tr><\/tbody><\/table><\/figure><div class=\"wp-block-columns is-layout-flex wp-container-core-columns-is-layout-9d6595d7 wp-block-columns-is-layout-flex\"><div class=\"wp-block-column is-layout-flow wp-block-column-is-layout-flow\" style=\"flex-basis:50%\"><h3 class=\"wp-block-heading has-text-align-left\">Vorteile von Verdunstungsk\u00fchlern im Gro\u00dfhandel<\/h3>\n\n<ul class=\"wp-block-list\"><li><strong>Vielseitig einsetzbar: <\/strong>Diese Verdunstungsk\u00fchler Gro\u00dfhandel integriert K\u00fchlung, Befeuchtung und Luftreinigung. Durch die Arbeit, k\u00f6nnte es effektiv die Qualit\u00e4t der Luft zu verbessern und auch eine k\u00fchle und feuchte Umgebung, die Benutzer im Freien und kommerzielle Orte f\u00fcr eine vollst\u00e4ndige Palette von umfassenden komfortable Erfahrungen erf\u00fcllen k\u00f6nnen.<\/li>\n\n<li><strong>Intelligente Steuerung: <\/strong>Unser Gro\u00dfhandels-Luftk\u00fchler ist mit einer intelligenten Steuerung ausgestattet, und der Benutzer kann alle Funktionen der Klimaanlage bequem \u00fcber ein Multifunktions-Bedienfeld und eine LED-Anzeige steuern. Au\u00dferdem erm\u00f6glicht es mehr Komfort und Eignung mit Fernbedienung Operationen in gro\u00dfen Bereichen.<\/li>\n\n<li><strong>Langfristige Nutzung: <\/strong>Durch den ultragro\u00dfen 28L Wassertank garantiert dieser Verdunstungsk\u00fchler Gro\u00dfhandel f\u00fcr Schlafzimmer einen lang anhaltenden Dauerbetrieb ohne h\u00e4ufiges Nachf\u00fcllen von Wasser. Insbesondere eignet er sich sehr gut f\u00fcr den Einsatz \u00fcber einen langen Zeitraum im Freien oder im gewerblichen Bereich und kann weiterhin einen kontinuierlichen K\u00fchleffekt bieten.<\/li>\n\n<li><strong>Robust und langlebig: <\/strong>Unser Gro\u00dfhandels-Luftk\u00fchler besteht aus einem Geh\u00e4use aus reinem Kupfer, das sich durch eine hohe Haltbarkeit und Korrosionsbest\u00e4ndigkeit auszeichnet, so dass das Produkt auch unter extremen Au\u00dfen- und Handelsbedingungen gut funktioniert und eine lange Lebensdauer gew\u00e4hrleistet.<\/li><\/ul><\/div>\n\n<div class=\"wp-block-column is-layout-flow wp-block-column-is-layout-flow\"><figure class=\"wp-block-image size-full\"><img decoding=\"async\" width=\"800\" height=\"800\" src=\"https:\/\/www.gdwanjiada.net\/wp-content\/uploads\/2024\/11\/Best-28L-Indoor-Evaporative-Swamp-Cooler-With-3-sides-Cooling-Pads-10.webp\" alt=\"Kommerzielle Verdunstungsk\u00fchler Gro\u00dfhandel mit 3 Seiten K\u00fchlung Pads-1\" class=\"wp-image-1274\" srcset=\"https:\/\/www.gdwanjiada.net\/wp-content\/uploads\/2024\/11\/Best-28L-Indoor-Evaporative-Swamp-Cooler-With-3-sides-Cooling-Pads-10.webp 800w, https:\/\/www.gdwanjiada.net\/wp-content\/uploads\/2024\/11\/Best-28L-Indoor-Evaporative-Swamp-Cooler-With-3-sides-Cooling-Pads-10-300x300.webp 300w, https:\/\/www.gdwanjiada.net\/wp-content\/uploads\/2024\/11\/Best-28L-Indoor-Evaporative-Swamp-Cooler-With-3-sides-Cooling-Pads-10-150x150.webp 150w, https:\/\/www.gdwanjiada.net\/wp-content\/uploads\/2024\/11\/Best-28L-Indoor-Evaporative-Swamp-Cooler-With-3-sides-Cooling-Pads-10-768x768.webp 768w, https:\/\/www.gdwanjiada.net\/wp-content\/uploads\/2024\/11\/Best-28L-Indoor-Evaporative-Swamp-Cooler-With-3-sides-Cooling-Pads-10-12x12.webp 12w, https:\/\/www.gdwanjiada.net\/wp-content\/uploads\/2024\/11\/Best-28L-Indoor-Evaporative-Swamp-Cooler-With-3-sides-Cooling-Pads-10-600x600.webp 600w, https:\/\/www.gdwanjiada.net\/wp-content\/uploads\/2024\/11\/Best-28L-Indoor-Evaporative-Swamp-Cooler-With-3-sides-Cooling-Pads-10-100x100.webp 100w\" sizes=\"(max-width: 800px) 100vw, 800px\" \/><\/figure><\/div><\/div>","protected":false},"excerpt":{"rendered":"<p>Willkommen zum Kauf Gro\u00dfhandel Luftk\u00fchler. Diese kommerzielle Verdunstungsk\u00fchler Gro\u00dfhandel integriert drei Funktionen: K\u00fchlen, Befeuchten und Reinigen. Es kommt mit einer gro\u00dfen Kapazit\u00e4t Wassertank von 28L, intelligente Bedienfeld und LED-Anzeige, unterst\u00fctzt Fernbedienung Betrieb. Es ist f\u00fcr den Au\u00dfenbereich und die kommerzielle Nutzung angewendet.<\/p>\n<h2>Produktmerkmale\uff1a<\/h2>\n<ul>\n<li>K\u00fchlen, Befeuchten und Reinigen, ein Mehrzweckger\u00e4t.<\/li>\n<li>3-seitiger Lufteinlass, um den K\u00fchleffekt noch deutlicher zu machen.<\/li>\n<li>Multifunktions-Bedienfeld, LED-Anzeige, intelligente Fernbedienungsfunktion.<\/li>\n<li>Negative Ionen-Sauerstoff-Bar-Funktion, erh\u00f6hen aktiven Sauerstoff, reinigen die Luft.<\/li>\n<li>Axiales Laufrad mit gro\u00dfem Durchmesser, gro\u00dfes Luftvolumen, geringer Ger\u00e4uschpegel.<\/li>\n<li>Drei Arten von Windoptionen: Imitation von nat\u00fcrlichem Wind, Schlafwind und Standardwind.<\/li>\n<li>0,5-7,5 Stunden zeitgesteuerte automatische Abschaltfunktion.<\/li>\n<li>Manuelle Auf- und Abw\u00e4rtsbewegung, automatische Links- und Rechtsschwenkfunktion, 3 Windgeschwindigkeitsoptionen.<\/li>\n<li>Mehrfach gesch\u00fctzte Wasserpumpe, ausreichende Wassermenge und garantierte Sicherheit.<\/li>\n<li>Feststellfunktion an den vorderen Rollen, bequem zum Bewegen und Aufstellen.<\/li>\n<li>Motor aus reinem Kupfer.<\/li>\n<\/ul>","protected":false},"featured_media":1265,"comment_status":"closed","ping_status":"closed","template":"","meta":{"_acf_changed":false},"product_brand":[],"product_cat":[26],"product_tag":[28],"class_list":{"0":"post-1264","1":"product","2":"type-product","3":"status-publish","4":"has-post-thumbnail","6":"product_cat-wholesale-air-coolers","7":"product_tag-commercial-air-coolers-wholesale","9":"first","10":"instock","11":"shipping-taxable","12":"product-type-simple"},"acf":[],"_links":{"self":[{"href":"https:\/\/www.gdwanjiada.net\/de\/wp-json\/wp\/v2\/product\/1264","targetHints":{"allow":["GET"]}}],"collection":[{"href":"https:\/\/www.gdwanjiada.net\/de\/wp-json\/wp\/v2\/product"}],"about":[{"href":"https:\/\/www.gdwanjiada.net\/de\/wp-json\/wp\/v2\/types\/product"}],"replies":[{"embeddable":true,"href":"https:\/\/www.gdwanjiada.net\/de\/wp-json\/wp\/v2\/comments?post=1264"}],"wp:featuredmedia":[{"embeddable":true,"href":"https:\/\/www.gdwanjiada.net\/de\/wp-json\/wp\/v2\/media\/1265"}],"wp:attachment":[{"href":"https:\/\/www.gdwanjiada.net\/de\/wp-json\/wp\/v2\/media?parent=1264"}],"wp:term":[{"taxonomy":"product_brand","embeddable":true,"href":"https:\/\/www.gdwanjiada.net\/de\/wp-json\/wp\/v2\/product_brand?post=1264"},{"taxonomy":"product_cat","embeddable":true,"href":"https:\/\/www.gdwanjiada.net\/de\/wp-json\/wp\/v2\/product_cat?post=1264"},{"taxonomy":"product_tag","embeddable":true,"href":"https:\/\/www.gdwanjiada.net\/de\/wp-json\/wp\/v2\/product_tag?post=1264"}],"curies":[{"name":"wp","href":"https:\/\/api.w.org\/{rel}","templated":true}]}}