{"id":1218,"date":"2024-11-15T03:40:32","date_gmt":"2024-11-15T03:40:32","guid":{"rendered":"https:\/\/www.gdwanjiada.net\/?post_type=product&#038;p=1218"},"modified":"2024-11-18T09:48:02","modified_gmt":"2024-11-18T09:48:02","slug":"evaporative-air-cooler-wholesale","status":"publish","type":"product","link":"https:\/\/www.gdwanjiada.net\/de\/produkt\/evaporative-air-cooler-wholesale\/","title":{"rendered":"Leiseste 42L Verdunstungsluftk\u00fchler Gro\u00dfhandel f\u00fcr Innen und Au\u00dfen"},"content":{"rendered":"<h3 class=\"wp-block-heading has-text-align-center\">Spezifikationen f\u00fcr Verdunstungsluftk\u00fchler im Gro\u00dfhandel<\/h3><figure class=\"wp-block-table\"><table class=\"has-fixed-layout\"><tbody><tr><td rowspan=\"2\">Modell<\/td><td rowspan=\"2\">Leistung(W)&nbsp;<\/td><td colspan=\"3\">Luftstrom (m\u00b3\/h)<\/td><td rowspan=\"2\">Fassungsverm\u00f6gen des Wassertanks (L)<\/td><td colspan=\"3\">Produktgr\u00f6\u00dfe (mm)&nbsp;<\/td><td rowspan=\"2\">Wasserverbrauch (L\/H)<\/td><td rowspan=\"2\">Gr\u00f6\u00dfe des K\u00fchlkissens (mm)<\/td><td rowspan=\"2\">Verpacken<\/td><td rowspan=\"2\">N.W.\/Gew. (kg)&nbsp;&nbsp;<\/td><td rowspan=\"2\">Packungsgr\u00f6\u00dfe (mm)&nbsp;<\/td><td colspan=\"2\">Menge laden<\/td><\/tr><tr><td>H<\/td><td>M<\/td><td>L<\/td><td>L<\/td><td>W<\/td><td>H<\/td><td>20'GP<\/td><td>40'HQ<\/td><\/tr><tr><td>WJD4500F-1Z<\/td><td>125<\/td><td>4500<\/td><td>3200<\/td><td>1800<\/td><td>42.0<\/td><td>500<\/td><td>410<\/td><td>960<\/td><td>5.0<\/td><td>385*90*530<\/td><td>1 St\u00fcck<\/td><td>12.6\/14.6<\/td><td>550*460*1020<\/td><td>122<\/td><td>278<\/td><\/tr><\/tbody><\/table><\/figure><div class=\"wp-block-columns is-layout-flex wp-container-core-columns-is-layout-9d6595d7 wp-block-columns-is-layout-flex\"><div class=\"wp-block-column is-layout-flow wp-block-column-is-layout-flow\" style=\"flex-basis:50%\"><h3 class=\"wp-block-heading has-text-align-left\">Vorteile von Verdunstungsluftk\u00fchlern im Gro\u00dfhandel<\/h3>\n\n<ul class=\"wp-block-list\"><li><strong>Axiales Str\u00f6mungslaufrad mit gro\u00dfem Durchmesser: <\/strong>Dieser Verdunstungsluftk\u00fchler der h\u00f6chsten Kategorie im Gro\u00dfhandel ist mit einem Axiallaufrad mit gro\u00dfem Durchmesser ausgestattet, das ein gro\u00dfes Luftvolumen liefert, um Ihr Haus k\u00fchl zu halten, schnell eine gro\u00dfe Fl\u00e4che abdeckt und einen ger\u00e4uscharmen Betrieb gew\u00e4hrleistet, der f\u00fcr Komfort und Ruhe im Innen- und Au\u00dfenbereich sorgt.<\/li>\n\n<li><strong>Drei Windarten stehen zur Auswahl: <\/strong>Unsere Gro\u00dfhandel Luftk\u00fchler Fans k\u00f6nnen w\u00e4hlen, Nachahmung nat\u00fcrlichen Wind, Schlaf Wind und Standard-Wind nach verschiedenen Szenen, und genie\u00dfen Sie eine pers\u00f6nliche Komfort-Erfahrung, geeignet f\u00fcr den t\u00e4glichen Gebrauch und mehrere Szene wechseln.<\/li>\n\n<li><strong>Energiesparend und sorgenfrei: <\/strong>Dieser energieeffiziente Verdunstungsluftk\u00fchler f\u00fcr den Gro\u00dfhandel verf\u00fcgt \u00fcber eine zeitgesteuerte automatische Abschaltfunktion f\u00fcr 1-12 Stunden. Der Benutzer kann die Betriebszeit leicht einstellen, um einen \u00fcberm\u00e4\u00dfigen Energieverbrauch durch Langzeitbetrieb zu vermeiden. Es ist energiesparend und umweltfreundlich und gleichzeitig einfach zu bedienen.<\/li>\n\n<li><strong>Einstellung der Windgeschwindigkeit in drei Stufen: <\/strong>Unsere Gro\u00dfhandels-Luftk\u00fchler-Ventilatoren unterst\u00fctzen manuelle Auf- und Abw\u00e4rtsbewegungen, automatische Links- und Rechtsschwingungen, k\u00f6nnen die Windrichtung flexibel anpassen und sind mit drei Windgeschwindigkeitseinstellungen ausgestattet, um unterschiedlichen Temperaturen und Nutzungsanforderungen gerecht zu werden.<\/li><\/ul><\/div>\n\n<div class=\"wp-block-column is-layout-flow wp-block-column-is-layout-flow\"><figure class=\"wp-block-image size-full\"><img decoding=\"async\" width=\"1126\" height=\"1126\" src=\"https:\/\/www.gdwanjiada.net\/wp-content\/uploads\/2024\/11\/42L-Commercial-Evaporative-Air-Cooler-With-Timer-8.webp\" alt=\"42L-Gewerblicher-Verdunstungs-Luftk\u00fchler-mit-Timer-8\" class=\"wp-image-1255\" srcset=\"https:\/\/www.gdwanjiada.net\/wp-content\/uploads\/2024\/11\/42L-Commercial-Evaporative-Air-Cooler-With-Timer-8.webp 1126w, https:\/\/www.gdwanjiada.net\/wp-content\/uploads\/2024\/11\/42L-Commercial-Evaporative-Air-Cooler-With-Timer-8-300x300.webp 300w, https:\/\/www.gdwanjiada.net\/wp-content\/uploads\/2024\/11\/42L-Commercial-Evaporative-Air-Cooler-With-Timer-8-150x150.webp 150w, https:\/\/www.gdwanjiada.net\/wp-content\/uploads\/2024\/11\/42L-Commercial-Evaporative-Air-Cooler-With-Timer-8-768x768.webp 768w, https:\/\/www.gdwanjiada.net\/wp-content\/uploads\/2024\/11\/42L-Commercial-Evaporative-Air-Cooler-With-Timer-8-12x12.webp 12w, https:\/\/www.gdwanjiada.net\/wp-content\/uploads\/2024\/11\/42L-Commercial-Evaporative-Air-Cooler-With-Timer-8-600x600.webp 600w, https:\/\/www.gdwanjiada.net\/wp-content\/uploads\/2024\/11\/42L-Commercial-Evaporative-Air-Cooler-With-Timer-8-100x100.webp 100w\" sizes=\"(max-width: 1126px) 100vw, 1126px\" \/><\/figure><\/div><\/div><p><\/p>","protected":false},"excerpt":{"rendered":"<p>Willkommen zum Kauf Gro\u00dfhandel Luftk\u00fchler Fans. Diese effektive Verdunstungsluftk\u00fchler Gro\u00dfhandel ist mit einem gro\u00dfen Durchmesser axiale Str\u00f6mung Laufrad und eine zeitgesteuerte Abschaltung Funktion ausgestattet. Es bietet starke Luftmenge und geringes Rauschen, und sein K\u00f6rper Material ist langlebig und geeignet f\u00fcr den Innen- und Au\u00dfenbereich.<\/p>\n<h2>Produktmerkmale\uff1a<\/h2>\n<ul>\n<li>Es integriert die Funktionen K\u00fchlen, Befeuchten und Reinigen und ist ein Mehrzweckger\u00e4t.<\/li>\n<li>Es verwendet einen dreiseitigen Lufteinlass und hocheffiziente Verdunstungsk\u00fchlvorh\u00e4nge, wodurch die K\u00fchlwirkung noch deutlicher wird.<\/li>\n<li>Multifunktions-Bedienfeld, dynamische LED- und Temperaturanzeige, intelligente Fernbedienungsfunktion.<\/li>\n<li>Negative Ionen-Luftreinigungsfunktion, erh\u00f6ht den aktiven Sauerstoff, reinigt die Luft.<\/li>\n<li>Axiales Laufrad mit gro\u00dfem Durchmesser, gro\u00dfem Luftvolumen und geringem Ger\u00e4uschpegel.<\/li>\n<li>Drei Arten von Windoptionen: Imitation von nat\u00fcrlichem Wind, Schlafwind und Standardwind.<\/li>\n<li>1-12 Stunden zeitgesteuerte automatische Abschaltfunktion.<\/li>\n<li>Manuelle Auf- und Abw\u00e4rtsbewegung, automatische Auf- und Abw\u00e4rtsbewegung nach links und rechts, drei verschiedene Windgeschwindigkeiten.<\/li>\n<li>Unterwasserpumpe mit mehreren Schutzfunktionen, ausreichend Wasser, sicher und garantiert.<\/li>\n<li>Das Vorderrad verf\u00fcgt \u00fcber eine Feststellbremse, die das Bewegen und Platzieren erleichtert.<\/li>\n<li>Mit einer Kindersicherungsfunktion, die verhindert, dass Kinder das Ger\u00e4t falsch bedienen.<\/li>\n<li>Die Oberseite des Rumpfes kann umgedreht werden, um Wasser, Eis und Eiskristalle hinzuzuf\u00fcgen, damit es k\u00fchler wird.<\/li>\n<li>Motor aus reinem Kupfer.<\/li>\n<\/ul>","protected":false},"featured_media":1248,"comment_status":"closed","ping_status":"closed","template":"","meta":{"_acf_changed":false},"product_brand":[],"product_cat":[26],"product_tag":[28],"class_list":{"0":"post-1218","1":"product","2":"type-product","3":"status-publish","4":"has-post-thumbnail","6":"product_cat-wholesale-air-coolers","7":"product_tag-commercial-air-coolers-wholesale","9":"first","10":"instock","11":"shipping-taxable","12":"product-type-simple"},"acf":[],"_links":{"self":[{"href":"https:\/\/www.gdwanjiada.net\/de\/wp-json\/wp\/v2\/product\/1218","targetHints":{"allow":["GET"]}}],"collection":[{"href":"https:\/\/www.gdwanjiada.net\/de\/wp-json\/wp\/v2\/product"}],"about":[{"href":"https:\/\/www.gdwanjiada.net\/de\/wp-json\/wp\/v2\/types\/product"}],"replies":[{"embeddable":true,"href":"https:\/\/www.gdwanjiada.net\/de\/wp-json\/wp\/v2\/comments?post=1218"}],"wp:featuredmedia":[{"embeddable":true,"href":"https:\/\/www.gdwanjiada.net\/de\/wp-json\/wp\/v2\/media\/1248"}],"wp:attachment":[{"href":"https:\/\/www.gdwanjiada.net\/de\/wp-json\/wp\/v2\/media?parent=1218"}],"wp:term":[{"taxonomy":"product_brand","embeddable":true,"href":"https:\/\/www.gdwanjiada.net\/de\/wp-json\/wp\/v2\/product_brand?post=1218"},{"taxonomy":"product_cat","embeddable":true,"href":"https:\/\/www.gdwanjiada.net\/de\/wp-json\/wp\/v2\/product_cat?post=1218"},{"taxonomy":"product_tag","embeddable":true,"href":"https:\/\/www.gdwanjiada.net\/de\/wp-json\/wp\/v2\/product_tag?post=1218"}],"curies":[{"name":"wp","href":"https:\/\/api.w.org\/{rel}","templated":true}]}}