{"id":1192,"date":"2024-11-15T06:11:12","date_gmt":"2024-11-15T06:11:12","guid":{"rendered":"https:\/\/www.gdwanjiada.net\/?post_type=product&#038;p=1192"},"modified":"2024-11-15T06:11:13","modified_gmt":"2024-11-15T06:11:13","slug":"air-coolers-wholesale","status":"publish","type":"product","link":"https:\/\/www.gdwanjiada.net\/de\/produkt\/air-coolers-wholesale\/","title":{"rendered":"Beste Verdunstungsluftk\u00fchler Gro\u00dfhandel mit 4 Seiten K\u00fchlung Pads"},"content":{"rendered":"<h3 class=\"wp-block-heading has-text-align-center\">Spezifikationen f\u00fcr Luftk\u00fchler im Gro\u00dfhandel<\/h3><figure class=\"wp-block-table\"><table class=\"has-fixed-layout\"><tbody><tr><td rowspan=\"2\">Modell<\/td><td rowspan=\"2\">Leistung(W)&nbsp;<\/td><td colspan=\"3\">Luftstrom (m\u00b3\/h)<\/td><td rowspan=\"2\">Fassungsverm\u00f6gen des Wassertanks (L)<\/td><td colspan=\"3\">Produktgr\u00f6\u00dfe (mm)&nbsp;<\/td><td rowspan=\"2\">Wasserverbrauch (L\/H)<\/td><td rowspan=\"2\">Gr\u00f6\u00dfe des K\u00fchlkissens (mm)<\/td><td rowspan=\"2\">Verpacken<\/td><td rowspan=\"2\">N.W.\/Gew. (kg)&nbsp;&nbsp;<\/td><td rowspan=\"2\">Packungsgr\u00f6\u00dfe (mm)&nbsp;<\/td><td colspan=\"2\">Menge laden<\/td><\/tr><tr><td>H<\/td><td>M<\/td><td>L<\/td><td>L<\/td><td>W<\/td><td>H<\/td><td>20'GP<\/td><td>40'HQ<\/td><\/tr><tr><td>WJD980F-1L<\/td><td>90<\/td><td>980<\/td><td>750<\/td><td>550<\/td><td>18.0<\/td><td>335<\/td><td>340<\/td><td>840<\/td><td>1.5<\/td><td>215*40*270<\/td><td>1 St\u00fcck<\/td><td>7.5\/9.5<\/td><td>392*385*870<\/td><td>240<\/td><td>536<\/td><\/tr><\/tbody><\/table><\/figure><div class=\"wp-block-columns is-layout-flex wp-container-core-columns-is-layout-9d6595d7 wp-block-columns-is-layout-flex\"><div class=\"wp-block-column is-layout-flow wp-block-column-is-layout-flow\" style=\"flex-basis:50%\"><h3 class=\"wp-block-heading has-text-align-left\">Vorteile von Luftk\u00fchlern im Gro\u00dfhandel<\/h3>\n\n<ul class=\"wp-block-list\"><li><strong>Vierseitiger Lufteinlass:<\/strong> Diese kommerziellen Luftk\u00fchler f\u00fcr den Gro\u00dfhandel sind mit einem vierseitigen Lufteinlass ausgestattet. W\u00e4hrend der K\u00fchlung der nassen Vorhang, es effektiv verbessert die K\u00fchleffizienz durch die Erh\u00f6hung der Luftfeuchtigkeit und schnell k\u00fchlt die Raumluft schnell. Es kann in gro\u00dfen kommerziellen Orten verwendet werden.<\/li>\n\n<li><strong>Ger\u00e4uscharm und gro\u00dfe Luftleistung:<\/strong> Dieser Gro\u00dfhandel Verdunstungsluftk\u00fchler nimmt ein zentrifugales Windrad Design mit starken Luftvolumen, die schnell zirkulieren Innenluft und decken einen gro\u00dfen Bereich. In der Zwischenzeit kann es ger\u00e4uscharm Betrieb machen, um nicht die t\u00e4gliche Arbeit des Personals und Kunden Erfahrung st\u00f6ren. Es w\u00fcrde perfekt f\u00fcr kommerzielle Orte dienen.<\/li>\n\n<li><strong>Negativ-Ionen-Luftreinigung: <\/strong>Diese Luftk\u00fchler f\u00fcr den Gro\u00dfhandel sind mit einer Negativ-Ionen-Luftreinigungsfunktion ausgestattet, um sicherzustellen, dass sie aktiven Sauerstoff erzeugen und die Luft wirksam reinigen k\u00f6nnen. So k\u00f6nnen Ihre Kunden und Mitarbeiter K\u00fchle genie\u00dfen und gleichzeitig frischere Luft atmen.\u00a0<\/li>\n\n<li><strong>Verbesserte K\u00fchlwirkung: <\/strong>Das obere Design dieses Gro\u00dfhandels Verdunstungsluftk\u00fchlers ist praktisch, und Wasser, Eis oder Eiskristalle k\u00f6nnen leicht hinzugef\u00fcgt werden, was den K\u00fchleffekt erheblich verbessert. Die Benutzer k\u00f6nnen es je nach Umgebungsbedarf einstellen, um eine k\u00fchlere Erfahrung in den Raum zu bringen.<\/li><\/ul><\/div>\n\n<div class=\"wp-block-column is-layout-flow wp-block-column-is-layout-flow\"><figure class=\"wp-block-image size-full\"><img decoding=\"async\" width=\"1127\" height=\"1127\" src=\"https:\/\/www.gdwanjiada.net\/wp-content\/uploads\/2024\/11\/18L-evaporative-air-cooler-commercial-6.webp\" alt=\"Beste Verdunstungsluftk\u00fchler Gro\u00dfhandel mit 4 Seiten K\u00fchlung Pads-1\" class=\"wp-image-1198\" srcset=\"https:\/\/www.gdwanjiada.net\/wp-content\/uploads\/2024\/11\/18L-evaporative-air-cooler-commercial-6.webp 1127w, https:\/\/www.gdwanjiada.net\/wp-content\/uploads\/2024\/11\/18L-evaporative-air-cooler-commercial-6-300x300.webp 300w, https:\/\/www.gdwanjiada.net\/wp-content\/uploads\/2024\/11\/18L-evaporative-air-cooler-commercial-6-150x150.webp 150w, https:\/\/www.gdwanjiada.net\/wp-content\/uploads\/2024\/11\/18L-evaporative-air-cooler-commercial-6-768x768.webp 768w, https:\/\/www.gdwanjiada.net\/wp-content\/uploads\/2024\/11\/18L-evaporative-air-cooler-commercial-6-12x12.webp 12w, https:\/\/www.gdwanjiada.net\/wp-content\/uploads\/2024\/11\/18L-evaporative-air-cooler-commercial-6-600x600.webp 600w, https:\/\/www.gdwanjiada.net\/wp-content\/uploads\/2024\/11\/18L-evaporative-air-cooler-commercial-6-100x100.webp 100w\" sizes=\"(max-width: 1127px) 100vw, 1127px\" \/><\/figure><\/div><\/div>","protected":false},"excerpt":{"rendered":"<p>Willkommen im Gro\u00dfhandel Verdunstungsluftk\u00fchler zu kaufen. Diese Au\u00dfenluftk\u00fchler Gro\u00dfhandel haben eine vierseitige Lufteinlass und K\u00fchlung nassen Vorhang Design, das die K\u00fchlwirkung deutlich verbessert. Die Zentrifugal-L\u00fcfterrad sorgt f\u00fcr gro\u00dfe Luftmenge Ausgabe und geringes Rauschen. Die hochwertige reine Kupfer K\u00f6rper ist langlebig und geeignet f\u00fcr gro\u00dfe kommerzielle Orte.<\/p>\n<h2>Produktmerkmale\uff1a<\/h2>\n<ul>\n<li>K\u00fchlen, Befeuchten und Reinigen, ein Mehrzweckger\u00e4t.<\/li>\n<li>Der Wind, der von 4 Seiten eindringt, macht den K\u00fchleffekt noch deutlicher.<\/li>\n<li>Ein Bedienfeld mit mehreren Funktionen, LED-Anzeige und intelligenter Fernbedienung.<\/li>\n<li>Negativ-Ionen-Funktion zur Luftreinigung.<\/li>\n<li>Zentrifugalwindrad f\u00fcr starken Luftstrom und minimalen L\u00e4rm.<\/li>\n<li>Optionen f\u00fcr nat\u00fcrliche Brise, Schlafmodus und Standardwindeinstellungen.<\/li>\n<li>Timerfunktion einstellbar von 1 bis 7 Stunden.<\/li>\n<li>Abnehmbarer Wassertank zur bequemen Reinigung des Ger\u00e4ts.<\/li>\n<li>Manuell auf und ab, automatisch links und rechts durch die Fl\u00fcgel. 3 Windgeschwindigkeiten zur Auswahl.<\/li>\n<li>Sie k\u00f6nnen Wasser oder Eis in den oberen Bereich einf\u00fcllen, um die K\u00fchlung zu verst\u00e4rken.<\/li>\n<li>Ausgestattet mit einem hochwertigen Kupfermotor.<\/li>\n<\/ul>","protected":false},"featured_media":1194,"comment_status":"closed","ping_status":"closed","template":"","meta":{"_acf_changed":false},"product_brand":[],"product_cat":[26],"product_tag":[27],"class_list":{"0":"post-1192","1":"product","2":"type-product","3":"status-publish","4":"has-post-thumbnail","6":"product_cat-wholesale-air-coolers","7":"product_tag-wholesale-home-air-coolers","9":"first","10":"instock","11":"shipping-taxable","12":"product-type-simple"},"acf":[],"_links":{"self":[{"href":"https:\/\/www.gdwanjiada.net\/de\/wp-json\/wp\/v2\/product\/1192","targetHints":{"allow":["GET"]}}],"collection":[{"href":"https:\/\/www.gdwanjiada.net\/de\/wp-json\/wp\/v2\/product"}],"about":[{"href":"https:\/\/www.gdwanjiada.net\/de\/wp-json\/wp\/v2\/types\/product"}],"replies":[{"embeddable":true,"href":"https:\/\/www.gdwanjiada.net\/de\/wp-json\/wp\/v2\/comments?post=1192"}],"wp:featuredmedia":[{"embeddable":true,"href":"https:\/\/www.gdwanjiada.net\/de\/wp-json\/wp\/v2\/media\/1194"}],"wp:attachment":[{"href":"https:\/\/www.gdwanjiada.net\/de\/wp-json\/wp\/v2\/media?parent=1192"}],"wp:term":[{"taxonomy":"product_brand","embeddable":true,"href":"https:\/\/www.gdwanjiada.net\/de\/wp-json\/wp\/v2\/product_brand?post=1192"},{"taxonomy":"product_cat","embeddable":true,"href":"https:\/\/www.gdwanjiada.net\/de\/wp-json\/wp\/v2\/product_cat?post=1192"},{"taxonomy":"product_tag","embeddable":true,"href":"https:\/\/www.gdwanjiada.net\/de\/wp-json\/wp\/v2\/product_tag?post=1192"}],"curies":[{"name":"wp","href":"https:\/\/api.w.org\/{rel}","templated":true}]}}