{"id":1179,"date":"2024-11-15T03:24:40","date_gmt":"2024-11-15T03:24:40","guid":{"rendered":"https:\/\/www.gdwanjiada.net\/?post_type=product&#038;p=1179"},"modified":"2024-11-16T02:35:37","modified_gmt":"2024-11-16T02:35:37","slug":"swamp-cooler-wholesale","status":"publish","type":"product","link":"https:\/\/www.gdwanjiada.net\/de\/produkt\/swamp-cooler-wholesale\/","title":{"rendered":"5.5L Tank Sumpf K\u00fchler Gro\u00dfhandel Indoor Verdunstungsk\u00fchler"},"content":{"rendered":"<h3 class=\"wp-block-heading has-text-align-center\">Spezifikationen von Swamp Cooler Gro\u00dfhandel<\/h3><figure class=\"wp-block-table\"><table class=\"has-fixed-layout\"><tbody><tr><td rowspan=\"2\">Modell<\/td><td rowspan=\"2\">Leistung(W)&nbsp;<\/td><td colspan=\"3\">Luftstrom (m\u00b3\/h)<\/td><td rowspan=\"2\">Fassungsverm\u00f6gen des Wassertanks (L)<\/td><td colspan=\"3\">Produktgr\u00f6\u00dfe (mm)&nbsp;<\/td><td rowspan=\"2\">Gr\u00f6\u00dfe des K\u00fchlkissens (mm)<\/td><td rowspan=\"2\">Verpacken<\/td><td rowspan=\"2\">N.W.\/Gew. (kg)&nbsp;&nbsp;<\/td><td rowspan=\"2\">Packungsgr\u00f6\u00dfe (mm)&nbsp;<\/td><td colspan=\"2\">Menge laden<\/td><\/tr><tr><td>H<\/td><td>M<\/td><td>L<\/td><td>L<\/td><td>W<\/td><td>H<\/td><td>20'GP<\/td><td>40'HQ<\/td><\/tr><tr><td>WJD980F-3L<\/td><td>90<\/td><td>980<\/td><td>700<\/td><td>300<\/td><td>5.5<\/td><td>280<\/td><td>280<\/td><td>710<\/td><td>30*210*265<\/td><td>1 St\u00fcck<\/td><td>5\/6.5<\/td><td>330*330*745<\/td><td>346<\/td><td>832<\/td><\/tr><\/tbody><\/table><\/figure><div class=\"wp-block-columns is-layout-flex wp-container-core-columns-is-layout-9d6595d7 wp-block-columns-is-layout-flex\"><div class=\"wp-block-column is-layout-flow wp-block-column-is-layout-flow\" style=\"flex-basis:50%\"><h3 class=\"wp-block-heading has-text-align-left\">Vorteile von Swamp Cooler Gro\u00dfhandel<\/h3>\n\n<ul class=\"wp-block-list\"><li><strong>All-in-One-Klimakontrolle: <\/strong>Unsere 6L Gro\u00dfhandel Verdunstungsk\u00fchler Fan wird eine umfassende und komfortable Erfahrung zu Ihnen nach Hause zu bringen. Dieser multifunktionale Sumpfk\u00fchler Gro\u00dfhandel Modell bietet eine starke K\u00fchlwirkung und erh\u00f6ht die Luftfeuchtigkeit, um Trockenheit zu verhindern. Gleichzeitig hilft das eingebaute Luftfiltersystem, die Luft zu reinigen und die allgemeine Luftqualit\u00e4t zu verbessern, so dass es f\u00fcr verschiedene Wohnumgebungen geeignet ist.<\/li>\n\n<li><strong>6-Liter-Wassertank mit gro\u00dfem Fassungsverm\u00f6gen: <\/strong>Unsere Sumpfk\u00fchler Gro\u00dfhandel hat einen 6-Liter-Wassertank mit gro\u00dfer Kapazit\u00e4t, die nicht erfordern h\u00e4ufige Wasserzugabe f\u00fcr eine lange Zeit. Die obere Abdeckung Design ist bequem und unterst\u00fctzt direkte Wasserzugabe, Eis Zugabe oder Eiskristall Zugabe, stark die K\u00fchlwirkung zu verbessern und schnell ein k\u00fchles Gef\u00fchl zu bringen.<\/li>\n\n<li><strong>Weitwinklige Luftzufuhr: <\/strong>Dieser Gro\u00dfhandel nach Hause Luftk\u00fchler ist mit einem Weitwinkel-Luftzufuhr-Funktion, die links und rechts schwingt, um Luft zu liefern, und kann gleichm\u00e4\u00dfig blasen k\u00fchle Luft in jede Ecke des Raumes, f\u00fcr eine gr\u00f6\u00dfere Fl\u00e4che, unsere Sumpf K\u00fchler Gro\u00dfhandel sicherzustellen, dass das ganze Haus kann k\u00fchlen Luftstrom genie\u00dfen ausgestattet.<\/li>\n\n<li><strong>Tragbares Design: <\/strong>Unser tragbarer Luftk\u00fchler im Gro\u00dfhandel l\u00e4sst sich dank seines geringen Gewichts und der unteren Rollen leicht in der Wohnung bewegen. Benutzer k\u00f6nnen ihn nach Belieben in verschiedene R\u00e4ume schieben. Ob im Wohnzimmer, Schlafzimmer oder Arbeitszimmer, Sie k\u00f6nnen jederzeit angenehm k\u00fchle Luft genie\u00dfen.<\/li><\/ul><\/div>\n\n<div class=\"wp-block-column is-layout-flow wp-block-column-is-layout-flow\"><figure class=\"wp-block-image size-full\"><img decoding=\"async\" width=\"800\" height=\"800\" src=\"https:\/\/www.gdwanjiada.net\/wp-content\/uploads\/2024\/11\/6L-wholesale-evaporative-swamp-cooler-for-house-5.webp\" alt=\"6L Tank Sumpf K\u00fchler Gro\u00dfhandel Indoor Verdunstungsk\u00fchler-1\" class=\"wp-image-1190\" srcset=\"https:\/\/www.gdwanjiada.net\/wp-content\/uploads\/2024\/11\/6L-wholesale-evaporative-swamp-cooler-for-house-5.webp 800w, https:\/\/www.gdwanjiada.net\/wp-content\/uploads\/2024\/11\/6L-wholesale-evaporative-swamp-cooler-for-house-5-300x300.webp 300w, https:\/\/www.gdwanjiada.net\/wp-content\/uploads\/2024\/11\/6L-wholesale-evaporative-swamp-cooler-for-house-5-150x150.webp 150w, https:\/\/www.gdwanjiada.net\/wp-content\/uploads\/2024\/11\/6L-wholesale-evaporative-swamp-cooler-for-house-5-768x768.webp 768w, https:\/\/www.gdwanjiada.net\/wp-content\/uploads\/2024\/11\/6L-wholesale-evaporative-swamp-cooler-for-house-5-12x12.webp 12w, https:\/\/www.gdwanjiada.net\/wp-content\/uploads\/2024\/11\/6L-wholesale-evaporative-swamp-cooler-for-house-5-600x600.webp 600w, https:\/\/www.gdwanjiada.net\/wp-content\/uploads\/2024\/11\/6L-wholesale-evaporative-swamp-cooler-for-house-5-100x100.webp 100w\" sizes=\"(max-width: 800px) 100vw, 800px\" \/><\/figure><\/div><\/div>","protected":false},"excerpt":{"rendered":"<p>Willkommen zum Kauf China Gro\u00dfhandel Verdunstungsluftk\u00fchler. Dieses Haus Sumpfk\u00fchler Gro\u00dfhandel integriert K\u00fchlung, Befeuchtung und Reinigung. Der 5,5-Liter-Wassertank mit gro\u00dfem Fassungsverm\u00f6gen unterst\u00fctzt Eis und Eiskristalle, um die K\u00fchlwirkung zu verbessern. Die weitwinklige Luftzufuhr deckt einen gr\u00f6\u00dferen Bereich ab, um eine gleichm\u00e4\u00dfige K\u00fchlung zu gew\u00e4hrleisten. Das tragbare Design und die flexiblen Rollen erleichtern den Transport und machen ihn zu einer idealen K\u00fchll\u00f6sung f\u00fcr Ihr Zuhause.<\/p>\n<h2>Produktmerkmale\uff1a<\/h2>\n<ul>\n<li>Es verf\u00fcgt \u00fcber K\u00fchl-, Befeuchtungs- und Reinigungsfunktionen, was es zu einem vielseitigen Ger\u00e4t macht.<\/li>\n<li>Manuell nach oben und unten verstellbar, mit automatischer Links- und Rechts-Oszillation durch die Fl\u00fcgel.<\/li>\n<li>Drei Windgeschwindigkeitsoptionen stehen zur Auswahl.<\/li>\n<li>Der weitwinklige Luftstrom sorgt f\u00fcr eine angenehme Brise.<\/li>\n<li>Das Design der Oberseite erm\u00f6glicht die Zugabe von Wasser, Eis oder Eiskristallen zur besseren K\u00fchlung.<\/li>\n<li>Der Wassertank ist vom Ger\u00e4t abnehmbar, so dass er leicht zu reinigen ist.<\/li>\n<li>Die L\u00fcftungs\u00f6ffnungen k\u00f6nnen manuell geschlossen werden.<\/li>\n<\/ul>","protected":false},"featured_media":1187,"comment_status":"closed","ping_status":"closed","template":"","meta":{"_acf_changed":false},"product_brand":[],"product_cat":[26],"product_tag":[27],"class_list":{"0":"post-1179","1":"product","2":"type-product","3":"status-publish","4":"has-post-thumbnail","6":"product_cat-wholesale-air-coolers","7":"product_tag-wholesale-home-air-coolers","9":"first","10":"instock","11":"shipping-taxable","12":"product-type-simple"},"acf":[],"_links":{"self":[{"href":"https:\/\/www.gdwanjiada.net\/de\/wp-json\/wp\/v2\/product\/1179","targetHints":{"allow":["GET"]}}],"collection":[{"href":"https:\/\/www.gdwanjiada.net\/de\/wp-json\/wp\/v2\/product"}],"about":[{"href":"https:\/\/www.gdwanjiada.net\/de\/wp-json\/wp\/v2\/types\/product"}],"replies":[{"embeddable":true,"href":"https:\/\/www.gdwanjiada.net\/de\/wp-json\/wp\/v2\/comments?post=1179"}],"wp:featuredmedia":[{"embeddable":true,"href":"https:\/\/www.gdwanjiada.net\/de\/wp-json\/wp\/v2\/media\/1187"}],"wp:attachment":[{"href":"https:\/\/www.gdwanjiada.net\/de\/wp-json\/wp\/v2\/media?parent=1179"}],"wp:term":[{"taxonomy":"product_brand","embeddable":true,"href":"https:\/\/www.gdwanjiada.net\/de\/wp-json\/wp\/v2\/product_brand?post=1179"},{"taxonomy":"product_cat","embeddable":true,"href":"https:\/\/www.gdwanjiada.net\/de\/wp-json\/wp\/v2\/product_cat?post=1179"},{"taxonomy":"product_tag","embeddable":true,"href":"https:\/\/www.gdwanjiada.net\/de\/wp-json\/wp\/v2\/product_tag?post=1179"}],"curies":[{"name":"wp","href":"https:\/\/api.w.org\/{rel}","templated":true}]}}