{"id":1154,"date":"2024-10-30T01:54:51","date_gmt":"2024-10-30T01:54:51","guid":{"rendered":"https:\/\/www.gdwanjiada.net\/?post_type=product&#038;p=1154"},"modified":"2024-10-30T02:05:58","modified_gmt":"2024-10-30T02:05:58","slug":"storage-cabinet-wholesale","status":"publish","type":"product","link":"https:\/\/www.gdwanjiada.net\/de\/produkt\/storage-cabinet-wholesale\/","title":{"rendered":"Extra gro\u00dfe 6-schichtige faltbare Lagerung Schrank Gro\u00dfhandel, Bulk-Kunststoff-Beh\u00e4lter"},"content":{"rendered":"<h3 class=\"wp-block-heading has-text-align-center\">Spezifikationen des Lagerschranks Gro\u00dfhandel<\/h3><figure class=\"wp-block-table\"><table class=\"has-fixed-layout\"><tbody><tr><td>Modell<\/td><td>Material<\/td><td>Produktgr\u00f6\u00dfe\uff08cm\uff09<\/td><td>Kartongr\u00f6\u00dfe\uff08cm\uff09<\/td><td>Packung Menge\uff08St\u00fcck\uff09<\/td><td>G.W.\uff08kg\uff09<\/td><td>N.W.\uff08kg\uff09<\/td><\/tr><tr><td>316\uff086 Schichten\uff09<\/td><td>PP<\/td><td>30*38*95<\/td><td>51.5*36.5*31.5<\/td><td>1<\/td><td>5.322<\/td><td>4.522<\/td><\/tr><\/tbody><\/table><\/figure><div class=\"wp-block-columns is-layout-flex wp-container-core-columns-is-layout-9d6595d7 wp-block-columns-is-layout-flex\"><div class=\"wp-block-column is-layout-flow wp-block-column-is-layout-flow\" style=\"flex-basis:50%\"><h3 class=\"wp-block-heading has-text-align-left\">Vorteile des Lagerschranks Gro\u00dfhandel<\/h3>\n\n<ul class=\"wp-block-list\"><li><strong>Extragro\u00dfes sechslagiges Design, das reichlich Platz bietet: <\/strong>Dieser sechsschichtige Lagerungsschrank im Gro\u00dfhandel ist mit einem extra gro\u00dfen Fassungsverm\u00f6gen ausgestattet, das den Bed\u00fcrfnissen der Benutzer entspricht, eine gro\u00dfe Anzahl von Gegenst\u00e4nden zu lagern, und eignet sich f\u00fcr den Einsatz in Wohnungen, B\u00fcros und Lagerr\u00e4umen.<\/li>\n\n<li><strong>Zusammenklappbare Struktur f\u00fcr einfachen Transport und Lagerung: <\/strong>Dank des innovativen Faltdesigns lassen sich diese Kunststoffgro\u00dfbeh\u00e4lter bei Nichtgebrauch leicht zusammenfalten, was den Platzbedarf verringert, Transport und Lagerung erleichtert und die Logistikkosten erheblich senkt.<\/li>\n\n<li><strong>Stabiles und langlebiges, hochwertiges Kunststoffmaterial: <\/strong>Unsere Lagerschr\u00e4nke im Gro\u00dfhandel sind aus hochwertigem Kunststoff gefertigt, der stark und stabil, feuchtigkeits- und wasserfest ist und eine langfristige Nutzung in verschiedenen Umgebungen gew\u00e4hrleistet.<\/li>\n\n<li><strong>Flexible Montage und einfache Bedienung: <\/strong>Die modulare Bauweise dieser Gro\u00dfbeh\u00e4lter aus Kunststoff erm\u00f6glicht es dem Benutzer, sie leicht zusammenzubauen oder zu zerlegen, und jede Schicht kann unabh\u00e4ngig voneinander verwendet oder je nach Bedarf kombiniert werden, was praktisch und flexibel ist.<\/li><\/ul><\/div>\n\n<div class=\"wp-block-column is-layout-flow wp-block-column-is-layout-flow\"><figure class=\"wp-block-image size-full\"><img decoding=\"async\" width=\"800\" height=\"800\" src=\"https:\/\/www.gdwanjiada.net\/wp-content\/uploads\/2024\/10\/Extra-Large-6-layer-Foldable-Storage-Cabinet-Wholesale-Bulk-Plastic-Containers.webp\" alt=\"Extra gro\u00dfe 6-schichtige faltbare Lagerung Schrank Gro\u00dfhandel, Bulk-Kunststoff-Beh\u00e4lter\" class=\"wp-image-1155\" srcset=\"https:\/\/www.gdwanjiada.net\/wp-content\/uploads\/2024\/10\/Extra-Large-6-layer-Foldable-Storage-Cabinet-Wholesale-Bulk-Plastic-Containers.webp 800w, https:\/\/www.gdwanjiada.net\/wp-content\/uploads\/2024\/10\/Extra-Large-6-layer-Foldable-Storage-Cabinet-Wholesale-Bulk-Plastic-Containers-300x300.webp 300w, https:\/\/www.gdwanjiada.net\/wp-content\/uploads\/2024\/10\/Extra-Large-6-layer-Foldable-Storage-Cabinet-Wholesale-Bulk-Plastic-Containers-150x150.webp 150w, https:\/\/www.gdwanjiada.net\/wp-content\/uploads\/2024\/10\/Extra-Large-6-layer-Foldable-Storage-Cabinet-Wholesale-Bulk-Plastic-Containers-768x768.webp 768w, https:\/\/www.gdwanjiada.net\/wp-content\/uploads\/2024\/10\/Extra-Large-6-layer-Foldable-Storage-Cabinet-Wholesale-Bulk-Plastic-Containers-12x12.webp 12w, https:\/\/www.gdwanjiada.net\/wp-content\/uploads\/2024\/10\/Extra-Large-6-layer-Foldable-Storage-Cabinet-Wholesale-Bulk-Plastic-Containers-600x600.webp 600w, https:\/\/www.gdwanjiada.net\/wp-content\/uploads\/2024\/10\/Extra-Large-6-layer-Foldable-Storage-Cabinet-Wholesale-Bulk-Plastic-Containers-100x100.webp 100w\" sizes=\"(max-width: 800px) 100vw, 800px\" \/><\/figure><\/div><\/div>","protected":false},"excerpt":{"rendered":"<p>Willkommen zum Kauf von Kunststoffbeh\u00e4ltern in gro\u00dfen Mengen. Dieser extragro\u00dfe sechslagige Lagerschrank f\u00fcr den Gro\u00dfhandel ist aus robustem Kunststoff gefertigt und bietet reichlich Platz und eine praktische Klappfunktion. Es ist eine ideale Wahl f\u00fcr Gro\u00dfhandel Eink\u00e4ufe und eignet sich f\u00fcr eine effiziente Lagerung in verschiedenen Szenarien.<\/p>\n<h2>Produktmerkmale\uff1a<\/h2>\n<ul>\n<li>Extra gro\u00dfes Fassungsverm\u00f6gen mit sechs Lagen, das ger\u00e4umigen Stauraum f\u00fcr eine gro\u00dfe Anzahl von Gegenst\u00e4nden bietet.<\/li>\n<li>Zusammenklappbar, leicht zu transportieren und platzsparend zu verstauen.<\/li>\n<li>Hochwertiges Kunststoffmaterial, feuchtigkeits- und wasserfest, haltbar und langlebig.<\/li>\n<li>Modularer Aufbau, jede Schicht kann unabh\u00e4ngig verwendet oder flexibel kombiniert werden, einfache Installation.<\/li>\n<li>Mehrzweck-Anwendung, geeignet f\u00fcr die Lagerung in verschiedenen Orten wie Haus, B\u00fcro, Lager, etc.<\/li>\n<\/ul>","protected":false},"featured_media":1155,"comment_status":"closed","ping_status":"closed","template":"","meta":{"_acf_changed":false},"product_brand":[],"product_cat":[20],"product_tag":[],"class_list":{"0":"post-1154","1":"product","2":"type-product","3":"status-publish","4":"has-post-thumbnail","6":"product_cat-plastic-cabinets-wholesale","8":"first","9":"instock","10":"shipping-taxable","11":"product-type-simple"},"acf":[],"_links":{"self":[{"href":"https:\/\/www.gdwanjiada.net\/de\/wp-json\/wp\/v2\/product\/1154","targetHints":{"allow":["GET"]}}],"collection":[{"href":"https:\/\/www.gdwanjiada.net\/de\/wp-json\/wp\/v2\/product"}],"about":[{"href":"https:\/\/www.gdwanjiada.net\/de\/wp-json\/wp\/v2\/types\/product"}],"replies":[{"embeddable":true,"href":"https:\/\/www.gdwanjiada.net\/de\/wp-json\/wp\/v2\/comments?post=1154"}],"wp:featuredmedia":[{"embeddable":true,"href":"https:\/\/www.gdwanjiada.net\/de\/wp-json\/wp\/v2\/media\/1155"}],"wp:attachment":[{"href":"https:\/\/www.gdwanjiada.net\/de\/wp-json\/wp\/v2\/media?parent=1154"}],"wp:term":[{"taxonomy":"product_brand","embeddable":true,"href":"https:\/\/www.gdwanjiada.net\/de\/wp-json\/wp\/v2\/product_brand?post=1154"},{"taxonomy":"product_cat","embeddable":true,"href":"https:\/\/www.gdwanjiada.net\/de\/wp-json\/wp\/v2\/product_cat?post=1154"},{"taxonomy":"product_tag","embeddable":true,"href":"https:\/\/www.gdwanjiada.net\/de\/wp-json\/wp\/v2\/product_tag?post=1154"}],"curies":[{"name":"wp","href":"https:\/\/api.w.org\/{rel}","templated":true}]}}