{"id":1152,"date":"2024-10-30T01:46:03","date_gmt":"2024-10-30T01:46:03","guid":{"rendered":"https:\/\/www.gdwanjiada.net\/?post_type=product&#038;p=1152"},"modified":"2024-10-30T01:54:43","modified_gmt":"2024-10-30T01:54:43","slug":"bulk-plastic-storage-containers","status":"publish","type":"product","link":"https:\/\/www.gdwanjiada.net\/de\/produkt\/bulk-plastic-storage-containers\/","title":{"rendered":"Bulk Kunststoff-Lagerung Container, 5 Schichten Schr\u00e4nke Gro\u00dfhandel"},"content":{"rendered":"<h3 class=\"wp-block-heading has-text-align-center\">Spezifikationen von Kunststoff-Lagerbeh\u00e4ltern f\u00fcr Massengut<\/h3><figure class=\"wp-block-table\"><table class=\"has-fixed-layout\"><tbody><tr><td>Modell<\/td><td>Material<\/td><td>Produktgr\u00f6\u00dfe\uff08cm\uff09<\/td><td>Kartongr\u00f6\u00dfe\uff08cm\uff09<\/td><td>Packung Menge\uff08St\u00fcck\uff09<\/td><td>G.W.\uff08kg\uff09<\/td><td>N.W.\uff08kg\uff09<\/td><\/tr><tr><td>315\uff085 Schichten\uff09<\/td><td>PP<\/td><td>30*38*79.8<\/td><td>51.5*36.5*25<\/td><td>1<\/td><td>4.524<\/td><td>3.804<\/td><\/tr><\/tbody><\/table><\/figure><div class=\"wp-block-columns is-layout-flex wp-container-core-columns-is-layout-9d6595d7 wp-block-columns-is-layout-flex\"><div class=\"wp-block-column is-layout-flow wp-block-column-is-layout-flow\" style=\"flex-basis:50%\"><h3 class=\"wp-block-heading has-text-align-left\">Vorteile von Kunststoffbeh\u00e4ltern f\u00fcr die Massengutlagerung<\/h3>\n\n<ul class=\"wp-block-list\"><li><strong>F\u00fcnfschichtiges Design mit gro\u00dfer Kapazit\u00e4t:<\/strong> Diese f\u00fcnfschichtigen Kunststoffbeh\u00e4lter bieten reichlich Stauraum und helfen dem Benutzer, verschiedene Gegenst\u00e4nde einfach aufzubewahren und zu sortieren. Sie eignen sich f\u00fcr die Verwendung an verschiedenen Orten wie zu Hause, im B\u00fcro, im Schlafsaal usw.<\/li>\n\n<li><strong>Robustes und langlebiges Qualit\u00e4tsmaterial: <\/strong>Diese Schr\u00e4nke werden im Gro\u00dfhandel aus hochwertigem Kunststoff hergestellt und zeichnen sich durch eine stabile Struktur, eine hohe Druckfestigkeit und eine lange Lebensdauer aus, so dass sie auch im t\u00e4glichen Gebrauch in gutem Zustand bleiben.<\/li>\n\n<li><strong>Einfaches Schubladendesign: <\/strong>Unsere Vorratsbeh\u00e4lter aus Kunststoff sind mit glatten Schubladen ausgestattet, die sich leicht \u00f6ffnen und schlie\u00dfen lassen, so dass die Gegenst\u00e4nde schnell entnommen und verstaut werden k\u00f6nnen.<\/li>\n\n<li><strong>Elegantes Aussehen und mehrfarbige Auswahl: <\/strong>Unsere Kunststoffschr\u00e4nke Gro\u00dfhandel Design ist einfach und stilvoll, und bietet eine Vielzahl von Farboptionen, geeignet f\u00fcr verschiedene Arten von Dekoration braucht, das Hinzuf\u00fcgen von Farbe und Vitalit\u00e4t in den Raum.<\/li><\/ul><\/div>\n\n<div class=\"wp-block-column is-layout-flow wp-block-column-is-layout-flow\"><figure class=\"wp-block-image size-full\"><img decoding=\"async\" width=\"800\" height=\"800\" src=\"https:\/\/www.gdwanjiada.net\/wp-content\/uploads\/2024\/10\/Bulk-Plastic-Storage-Containers-5-Layers-Cabinets-Wholesale.webp\" alt=\"Bulk Kunststoff-Lagerung Container, 5 Schichten Schr\u00e4nke Gro\u00dfhandel\" class=\"wp-image-1153\" srcset=\"https:\/\/www.gdwanjiada.net\/wp-content\/uploads\/2024\/10\/Bulk-Plastic-Storage-Containers-5-Layers-Cabinets-Wholesale.webp 800w, https:\/\/www.gdwanjiada.net\/wp-content\/uploads\/2024\/10\/Bulk-Plastic-Storage-Containers-5-Layers-Cabinets-Wholesale-300x300.webp 300w, https:\/\/www.gdwanjiada.net\/wp-content\/uploads\/2024\/10\/Bulk-Plastic-Storage-Containers-5-Layers-Cabinets-Wholesale-150x150.webp 150w, https:\/\/www.gdwanjiada.net\/wp-content\/uploads\/2024\/10\/Bulk-Plastic-Storage-Containers-5-Layers-Cabinets-Wholesale-768x768.webp 768w, https:\/\/www.gdwanjiada.net\/wp-content\/uploads\/2024\/10\/Bulk-Plastic-Storage-Containers-5-Layers-Cabinets-Wholesale-12x12.webp 12w, https:\/\/www.gdwanjiada.net\/wp-content\/uploads\/2024\/10\/Bulk-Plastic-Storage-Containers-5-Layers-Cabinets-Wholesale-600x600.webp 600w, https:\/\/www.gdwanjiada.net\/wp-content\/uploads\/2024\/10\/Bulk-Plastic-Storage-Containers-5-Layers-Cabinets-Wholesale-100x100.webp 100w\" sizes=\"(max-width: 800px) 100vw, 800px\" \/><\/figure><\/div><\/div>","protected":false},"excerpt":{"rendered":"<p>Willkommen zum Kauf Schr\u00e4nke Gro\u00dfhandel. Unsere f\u00fcnfschichtigen Kunststoff-Lagerbeh\u00e4lter haben ein gro\u00dfes Fassungsverm\u00f6gen und eine robuste Struktur, die f\u00fcr den Einsatz in einer Vielzahl von Szenarien geeignet ist. Seine einfache und stilvolle Erscheinung und Multi-Color-Optionen f\u00fcgen Farbe in den Raum und sind eine ideale Lagerung Wahl f\u00fcr den Gro\u00dfhandel kauft.<\/p>\n<h2>Produktmerkmale\uff1a<\/h2>\n<ul>\n<li>Bietet ein 5-lagiges Design mit reichlich Stauraum, geeignet f\u00fcr die Aufbewahrung verschiedener Gegenst\u00e4nde wie Schreibwaren, Dokumente, Kleidung, etc.<\/li>\n<li>Die Schubladen sind in einer Vielzahl von Farben erh\u00e4ltlich und k\u00f6nnen je nach pers\u00f6nlichen Vorlieben und B\u00fcroumgebung angepasst werden, um dem Raum Sch\u00f6nheit und Vitalit\u00e4t zu verleihen.<\/li>\n<li>Es ist leicht und langlebig und h\u00e4lt den t\u00e4glichen Belastungen stand, so dass es auch bei l\u00e4ngerem Gebrauch nicht leicht besch\u00e4digt wird.<\/li>\n<li>Die Benutzer k\u00f6nnen es schnell zusammenbauen, was Zeit und Energie spart, und es schnell in Betrieb nehmen.<\/li>\n<li>Geeignet f\u00fcr eine Vielzahl von Gelegenheiten, z. B. zu Hause, im B\u00fcro, in der Schule usw., und bietet flexible Aufbewahrungsl\u00f6sungen.<\/li>\n<\/ul>","protected":false},"featured_media":1153,"comment_status":"closed","ping_status":"closed","template":"","meta":{"_acf_changed":false},"product_brand":[],"product_cat":[20],"product_tag":[],"class_list":{"0":"post-1152","1":"product","2":"type-product","3":"status-publish","4":"has-post-thumbnail","6":"product_cat-plastic-cabinets-wholesale","8":"first","9":"instock","10":"shipping-taxable","11":"product-type-simple"},"acf":[],"_links":{"self":[{"href":"https:\/\/www.gdwanjiada.net\/de\/wp-json\/wp\/v2\/product\/1152","targetHints":{"allow":["GET"]}}],"collection":[{"href":"https:\/\/www.gdwanjiada.net\/de\/wp-json\/wp\/v2\/product"}],"about":[{"href":"https:\/\/www.gdwanjiada.net\/de\/wp-json\/wp\/v2\/types\/product"}],"replies":[{"embeddable":true,"href":"https:\/\/www.gdwanjiada.net\/de\/wp-json\/wp\/v2\/comments?post=1152"}],"wp:featuredmedia":[{"embeddable":true,"href":"https:\/\/www.gdwanjiada.net\/de\/wp-json\/wp\/v2\/media\/1153"}],"wp:attachment":[{"href":"https:\/\/www.gdwanjiada.net\/de\/wp-json\/wp\/v2\/media?parent=1152"}],"wp:term":[{"taxonomy":"product_brand","embeddable":true,"href":"https:\/\/www.gdwanjiada.net\/de\/wp-json\/wp\/v2\/product_brand?post=1152"},{"taxonomy":"product_cat","embeddable":true,"href":"https:\/\/www.gdwanjiada.net\/de\/wp-json\/wp\/v2\/product_cat?post=1152"},{"taxonomy":"product_tag","embeddable":true,"href":"https:\/\/www.gdwanjiada.net\/de\/wp-json\/wp\/v2\/product_tag?post=1152"}],"curies":[{"name":"wp","href":"https:\/\/api.w.org\/{rel}","templated":true}]}}