{"id":1150,"date":"2024-10-30T01:38:16","date_gmt":"2024-10-30T01:38:16","guid":{"rendered":"https:\/\/www.gdwanjiada.net\/?post_type=product&#038;p=1150"},"modified":"2024-10-30T01:45:42","modified_gmt":"2024-10-30T01:45:42","slug":"wholesale-cabinet","status":"publish","type":"product","link":"https:\/\/www.gdwanjiada.net\/de\/produkt\/wholesale-cabinet\/","title":{"rendered":"4 Schichten Kunststoff Gro\u00dfhandel Kabinett, stapelbar Bulk Storage Cabinets"},"content":{"rendered":"<h3 class=\"wp-block-heading has-text-align-center\">Spezifikationen des Gro\u00dfhandels Kabinett<\/h3><figure class=\"wp-block-table\"><table class=\"has-fixed-layout\"><tbody><tr><td>Modell<\/td><td>Material<\/td><td>Produktgr\u00f6\u00dfe\uff08cm\uff09<\/td><td>Kartongr\u00f6\u00dfe\uff08cm\uff09<\/td><td>Packung Menge\uff08St\u00fcck\uff09<\/td><td>G.W.\uff08kg\uff09<\/td><td>N.W.\uff08kg\uff09<\/td><\/tr><tr><td>314\uff084 Schichten\uff09<\/td><td>PP<\/td><td>30*38*64.6<\/td><td>51.5*36.5*23.5<\/td><td>1<\/td><td>3.816<\/td><td>3.116<\/td><\/tr><\/tbody><\/table><\/figure><div class=\"wp-block-columns is-layout-flex wp-container-core-columns-is-layout-9d6595d7 wp-block-columns-is-layout-flex\"><div class=\"wp-block-column is-layout-flow wp-block-column-is-layout-flow\" style=\"flex-basis:50%\"><h3 class=\"wp-block-heading has-text-align-left\">Vorteile des Gro\u00dfhandelskabinetts<\/h3>\n\n<ul class=\"wp-block-list\"><li><strong>Gro\u00dfes Fassungsverm\u00f6gen: <\/strong>Dieser Kunststoff-Gro\u00dfhandel Schrank hat vier Schichten von Schubladen, bietet reichlich Stauraum, hilft Benutzern zu organisieren und speichern Sie verschiedene Elemente, geeignet f\u00fcr Haus, B\u00fcro und Schlafsaal verwenden.<\/li>\n\n<li><strong>Stapelbar und flexibel: <\/strong>Diese Gro\u00dflagerschr\u00e4nke unterst\u00fctzen die Stapelfunktion, der Benutzer kann mehrere Schr\u00e4nke je nach Bedarf stapeln, die Nutzung des vertikalen Raums maximieren und sind sehr gut f\u00fcr kleine R\u00e4ume geeignet.<\/li>\n\n<li><strong>Umweltfreundliche Materialien:<\/strong> Unsere Kunststoff-Gro\u00dfhandelsschr\u00e4nke werden aus hochwertigen und langlebigen Kunststoffen hergestellt, die druck- und feuchtigkeitsbest\u00e4ndig sind, so dass sie auch bei langfristiger Nutzung in gutem Zustand bleiben. Zugleich sind die Materialien umweltfreundlich, sicher und zuverl\u00e4ssig.<\/li>\n\n<li><strong>Stilvolles und farbenfrohes Design: <\/strong>Diese Schr\u00e4nke zur Gro\u00dfraumaufbewahrung haben ein einfaches und modisches, farbenfrohes Design, das der Inneneinrichtung Lebendigkeit verleiht, zu verschiedenen Einrichtungsstilen passt und die Sortierung der Gegenst\u00e4nde nach Farben erleichtert.<\/li><\/ul><\/div>\n\n<div class=\"wp-block-column is-layout-flow wp-block-column-is-layout-flow\"><figure class=\"wp-block-image size-full\"><img decoding=\"async\" width=\"800\" height=\"800\" src=\"https:\/\/www.gdwanjiada.net\/wp-content\/uploads\/2024\/10\/4-Layers-Plastic-Wholesale-Cabinet-Stackable-Bulk-Storage-Cabinets.webp\" alt=\"4 Schichten Kunststoff Gro\u00dfhandel Kabinett, stapelbar Bulk Storage Cabinets\" class=\"wp-image-1151\" srcset=\"https:\/\/www.gdwanjiada.net\/wp-content\/uploads\/2024\/10\/4-Layers-Plastic-Wholesale-Cabinet-Stackable-Bulk-Storage-Cabinets.webp 800w, https:\/\/www.gdwanjiada.net\/wp-content\/uploads\/2024\/10\/4-Layers-Plastic-Wholesale-Cabinet-Stackable-Bulk-Storage-Cabinets-300x300.webp 300w, https:\/\/www.gdwanjiada.net\/wp-content\/uploads\/2024\/10\/4-Layers-Plastic-Wholesale-Cabinet-Stackable-Bulk-Storage-Cabinets-150x150.webp 150w, https:\/\/www.gdwanjiada.net\/wp-content\/uploads\/2024\/10\/4-Layers-Plastic-Wholesale-Cabinet-Stackable-Bulk-Storage-Cabinets-768x768.webp 768w, https:\/\/www.gdwanjiada.net\/wp-content\/uploads\/2024\/10\/4-Layers-Plastic-Wholesale-Cabinet-Stackable-Bulk-Storage-Cabinets-12x12.webp 12w, https:\/\/www.gdwanjiada.net\/wp-content\/uploads\/2024\/10\/4-Layers-Plastic-Wholesale-Cabinet-Stackable-Bulk-Storage-Cabinets-600x600.webp 600w, https:\/\/www.gdwanjiada.net\/wp-content\/uploads\/2024\/10\/4-Layers-Plastic-Wholesale-Cabinet-Stackable-Bulk-Storage-Cabinets-100x100.webp 100w\" sizes=\"(max-width: 800px) 100vw, 800px\" \/><\/figure><\/div><\/div>","protected":false},"excerpt":{"rendered":"<p>Willkommen zum Kauf von gro\u00dfen Lagerschr\u00e4nken. Diese 4-Schicht-Kunststoff-Gro\u00dfhandel Schrank nimmt eine stapelbare Design, mit hervorragender Raumnutzung und gro\u00dfe Kapazit\u00e4t Lagerung, geeignet f\u00fcr Haus und B\u00fcro R\u00e4ume. Hergestellt aus hochwertigem umweltfreundlichem Kunststoff, ist das Aussehen bunt und modisch, und es ist eine ideale Wahl f\u00fcr Gro\u00dfhandel Eink\u00e4ufe.<\/p>\n<h2>Produktmerkmale\uff1a<\/h2>\n<ul>\n<li>4-Lagen-Design mit reichlich Stauraum, geeignet f\u00fcr die Organisation von Kleidung, Spielzeug und anderen Gegenst\u00e4nden.<\/li>\n<li>Schubladen sind in einer Vielzahl von Farben erh\u00e4ltlich, die dem Raum Sch\u00f6nheit verleihen.<\/li>\n<li>Es werden leichte Kunststoffmaterialien verwendet, die langlebig sind und der t\u00e4glichen Beanspruchung standhalten.<\/li>\n<li>Bequeme Montage, keine professionellen Werkzeuge erforderlich, spart Zeit und Energie.<\/li>\n<li>Er wird h\u00e4ufig in Privathaushalten, B\u00fcros, Schulen und anderen Orten eingesetzt und bietet den Benutzern flexible Aufbewahrungsl\u00f6sungen.<\/li>\n<\/ul>","protected":false},"featured_media":1151,"comment_status":"closed","ping_status":"closed","template":"","meta":{"_acf_changed":false},"product_brand":[],"product_cat":[20],"product_tag":[],"class_list":{"0":"post-1150","1":"product","2":"type-product","3":"status-publish","4":"has-post-thumbnail","6":"product_cat-plastic-cabinets-wholesale","8":"first","9":"instock","10":"shipping-taxable","11":"product-type-simple"},"acf":[],"_links":{"self":[{"href":"https:\/\/www.gdwanjiada.net\/de\/wp-json\/wp\/v2\/product\/1150","targetHints":{"allow":["GET"]}}],"collection":[{"href":"https:\/\/www.gdwanjiada.net\/de\/wp-json\/wp\/v2\/product"}],"about":[{"href":"https:\/\/www.gdwanjiada.net\/de\/wp-json\/wp\/v2\/types\/product"}],"replies":[{"embeddable":true,"href":"https:\/\/www.gdwanjiada.net\/de\/wp-json\/wp\/v2\/comments?post=1150"}],"wp:featuredmedia":[{"embeddable":true,"href":"https:\/\/www.gdwanjiada.net\/de\/wp-json\/wp\/v2\/media\/1151"}],"wp:attachment":[{"href":"https:\/\/www.gdwanjiada.net\/de\/wp-json\/wp\/v2\/media?parent=1150"}],"wp:term":[{"taxonomy":"product_brand","embeddable":true,"href":"https:\/\/www.gdwanjiada.net\/de\/wp-json\/wp\/v2\/product_brand?post=1150"},{"taxonomy":"product_cat","embeddable":true,"href":"https:\/\/www.gdwanjiada.net\/de\/wp-json\/wp\/v2\/product_cat?post=1150"},{"taxonomy":"product_tag","embeddable":true,"href":"https:\/\/www.gdwanjiada.net\/de\/wp-json\/wp\/v2\/product_tag?post=1150"}],"curies":[{"name":"wp","href":"https:\/\/api.w.org\/{rel}","templated":true}]}}