{"id":1148,"date":"2024-10-30T01:09:15","date_gmt":"2024-10-30T01:09:15","guid":{"rendered":"https:\/\/www.gdwanjiada.net\/?post_type=product&#038;p=1148"},"modified":"2024-10-30T01:37:57","modified_gmt":"2024-10-30T01:37:57","slug":"cabinet-wholesale","status":"publish","type":"product","link":"https:\/\/www.gdwanjiada.net\/de\/produkt\/cabinet-wholesale\/","title":{"rendered":"3 Schichten Kunststoff-Schrank Gro\u00dfhandel, stapelbar Schublade Schrank in Bulk"},"content":{"rendered":"<h3 class=\"wp-block-heading has-text-align-center\">Spezifikationen des Schrankes Gro\u00dfhandel<\/h3><figure class=\"wp-block-table\"><table class=\"has-fixed-layout\"><tbody><tr><td>Modell<\/td><td>Material<\/td><td>Produktgr\u00f6\u00dfe\uff08cm\uff09<\/td><td>Kartongr\u00f6\u00dfe\uff08cm\uff09<\/td><td>Packung Menge\uff08St\u00fcck\uff09<\/td><td>G.W.\uff08kg\uff09<\/td><td>N.W.\uff08kg\uff09<\/td><\/tr><tr><td>313\uff083 Schichten\uff09<\/td><td>PP<\/td><td>30*38*49.4<\/td><td>42*31*29.5<\/td><td>1<\/td><td>3.043<\/td><td>2.413<\/td><\/tr><\/tbody><\/table><\/figure><div class=\"wp-block-columns is-layout-flex wp-container-core-columns-is-layout-9d6595d7 wp-block-columns-is-layout-flex\"><div class=\"wp-block-column is-layout-flow wp-block-column-is-layout-flow\" style=\"flex-basis:50%\"><h3 class=\"wp-block-heading has-text-align-left\">Vorteile des Kabinetts Gro\u00dfhandel Schr\u00e4nke<\/h3>\n\n<ul class=\"wp-block-list\"><li><strong>Mehrschichtige Raumgestaltung: <\/strong>Dieser Kunststoffschrank Gro\u00dfhandel nimmt eine dreischichtige Schublade Design, bietet reichlich vertikalen Stauraum, so dass Benutzer leicht zu klassifizieren und zu speichern verschiedene Elemente, die sehr geeignet f\u00fcr Haus, B\u00fcro oder Schlafsaal verwenden.<\/li>\n\n<li><strong>Stapelbare Struktur: <\/strong>Dieser Schubladenschrank in gro\u00dfen Mengen unterst\u00fctzt die Stapelfunktion, und jede Ebene kann flexibel in der H\u00f6he an unterschiedliche Platzanforderungen angepasst werden, was nicht nur Platz spart, sondern auch die Verwaltung und Nutzung erleichtert.<\/li>\n\n<li><strong>Hochwertiges Kunststoffmaterial: <\/strong>Unsere Kunststoffschrank Gro\u00dfhandel ist aus hochwertigem Kunststoff, die robust und langlebig ist, mit guter Druckfestigkeit und Feuchtigkeitsbest\u00e4ndigkeit, die die sichere Lagerung von Gegenst\u00e4nden und eine l\u00e4ngere Lebensdauer gew\u00e4hrleisten kann.<\/li>\n\n<li><strong>Buntes Schubladendesign: <\/strong>Die Schubladen dieses Kunststoff-Schubladenschranks sind in verschiedenen Farben erh\u00e4ltlich und haben ein stilvolles und sch\u00f6nes Design. Er l\u00e4sst sich leicht in verschiedene Wohn- oder B\u00fcroumgebungen integrieren und bringt Farbe und Lebendigkeit in den Raum.<\/li><\/ul><\/div>\n\n<div class=\"wp-block-column is-layout-flow wp-block-column-is-layout-flow\"><figure class=\"wp-block-image size-full\"><img decoding=\"async\" width=\"800\" height=\"800\" src=\"https:\/\/www.gdwanjiada.net\/wp-content\/uploads\/2024\/10\/3-Layers-Plastic-Cabinet-Wholesale-Stackable-Drawer-Cabinet-In-Bulk.webp\" alt=\"3 Schichten Kunststoff-Schrank Gro\u00dfhandel, stapelbar Schublade Schrank in Bulk\" class=\"wp-image-1149\" srcset=\"https:\/\/www.gdwanjiada.net\/wp-content\/uploads\/2024\/10\/3-Layers-Plastic-Cabinet-Wholesale-Stackable-Drawer-Cabinet-In-Bulk.webp 800w, https:\/\/www.gdwanjiada.net\/wp-content\/uploads\/2024\/10\/3-Layers-Plastic-Cabinet-Wholesale-Stackable-Drawer-Cabinet-In-Bulk-300x300.webp 300w, https:\/\/www.gdwanjiada.net\/wp-content\/uploads\/2024\/10\/3-Layers-Plastic-Cabinet-Wholesale-Stackable-Drawer-Cabinet-In-Bulk-150x150.webp 150w, https:\/\/www.gdwanjiada.net\/wp-content\/uploads\/2024\/10\/3-Layers-Plastic-Cabinet-Wholesale-Stackable-Drawer-Cabinet-In-Bulk-768x768.webp 768w, https:\/\/www.gdwanjiada.net\/wp-content\/uploads\/2024\/10\/3-Layers-Plastic-Cabinet-Wholesale-Stackable-Drawer-Cabinet-In-Bulk-12x12.webp 12w, https:\/\/www.gdwanjiada.net\/wp-content\/uploads\/2024\/10\/3-Layers-Plastic-Cabinet-Wholesale-Stackable-Drawer-Cabinet-In-Bulk-600x600.webp 600w, https:\/\/www.gdwanjiada.net\/wp-content\/uploads\/2024\/10\/3-Layers-Plastic-Cabinet-Wholesale-Stackable-Drawer-Cabinet-In-Bulk-100x100.webp 100w\" sizes=\"(max-width: 800px) 100vw, 800px\" \/><\/figure><\/div><\/div>","protected":false},"excerpt":{"rendered":"<p>Willkommen zum Kauf von Schubladenschr\u00e4nken in gro\u00dfen Mengen. Dieser dreischichtige Kunststoffschrank im Gro\u00dfhandel ist nicht nur stabil und stapelbar, sondern auch aus hochwertigem Kunststoffmaterial mit guter Druck- und Feuchtigkeitsbest\u00e4ndigkeit hergestellt. Das farbenfrohe Aussehen erm\u00f6glicht es, eine Vielzahl von Speicheranforderungen zu erf\u00fcllen und gleichzeitig eine modische Atmosph\u00e4re zu Hause und im B\u00fcro zu schaffen. Es ist ein idealer Gro\u00dfhandel Kauf Wahl.<\/p>\n<h2>Produktmerkmale\uff1a<\/h2>\n<ul>\n<li>Reichlich Stauraum f\u00fcr Kleidung, Spielzeug und andere Dinge.<\/li>\n<li>Die Schubladen sind in einer Vielzahl von Farben erh\u00e4ltlich.<\/li>\n<li>Er ist langlebig und leicht und h\u00e4lt dem t\u00e4glichen Gebrauch stand.<\/li>\n<li>Schnelle Montage ohne Werkzeug und komplizierte Arbeitsschritte.<\/li>\n<li>Weit verbreitet in Haus, Schule und B\u00fcro.<\/li>\n<\/ul>","protected":false},"featured_media":1149,"comment_status":"closed","ping_status":"closed","template":"","meta":{"_acf_changed":false},"product_brand":[],"product_cat":[20],"product_tag":[],"class_list":{"0":"post-1148","1":"product","2":"type-product","3":"status-publish","4":"has-post-thumbnail","6":"product_cat-plastic-cabinets-wholesale","8":"first","9":"instock","10":"shipping-taxable","11":"product-type-simple"},"acf":[],"_links":{"self":[{"href":"https:\/\/www.gdwanjiada.net\/de\/wp-json\/wp\/v2\/product\/1148","targetHints":{"allow":["GET"]}}],"collection":[{"href":"https:\/\/www.gdwanjiada.net\/de\/wp-json\/wp\/v2\/product"}],"about":[{"href":"https:\/\/www.gdwanjiada.net\/de\/wp-json\/wp\/v2\/types\/product"}],"replies":[{"embeddable":true,"href":"https:\/\/www.gdwanjiada.net\/de\/wp-json\/wp\/v2\/comments?post=1148"}],"wp:featuredmedia":[{"embeddable":true,"href":"https:\/\/www.gdwanjiada.net\/de\/wp-json\/wp\/v2\/media\/1149"}],"wp:attachment":[{"href":"https:\/\/www.gdwanjiada.net\/de\/wp-json\/wp\/v2\/media?parent=1148"}],"wp:term":[{"taxonomy":"product_brand","embeddable":true,"href":"https:\/\/www.gdwanjiada.net\/de\/wp-json\/wp\/v2\/product_brand?post=1148"},{"taxonomy":"product_cat","embeddable":true,"href":"https:\/\/www.gdwanjiada.net\/de\/wp-json\/wp\/v2\/product_cat?post=1148"},{"taxonomy":"product_tag","embeddable":true,"href":"https:\/\/www.gdwanjiada.net\/de\/wp-json\/wp\/v2\/product_tag?post=1148"}],"curies":[{"name":"wp","href":"https:\/\/api.w.org\/{rel}","templated":true}]}}