{"id":1122,"date":"2024-10-19T10:16:21","date_gmt":"2024-10-19T10:16:21","guid":{"rendered":"https:\/\/www.gdwanjiada.net\/?post_type=product&#038;p=1122"},"modified":"2024-10-19T10:22:55","modified_gmt":"2024-10-19T10:22:55","slug":"custom-storage-cabinets","status":"publish","type":"product","link":"https:\/\/www.gdwanjiada.net\/de\/produkt\/custom-storage-cabinets\/","title":{"rendered":"6 Schichten benutzerdefinierte Lagerung Schr\u00e4nke, Gro\u00dfhandel Kunststoff-Schr\u00e4nke f\u00fcr Zuhause"},"content":{"rendered":"<h3 class=\"wp-block-heading has-text-align-center\">Spezifikationen f\u00fcr kundenspezifische Lagerschr\u00e4nke<\/h3><figure class=\"wp-block-table\"><table class=\"has-fixed-layout\"><tbody><tr><td>Modell<\/td><td>Material<\/td><td>Produktgr\u00f6\u00dfe\uff08cm\uff09<\/td><td>Kartongr\u00f6\u00dfe\uff08cm\uff09<\/td><td>Packung Menge\uff08St\u00fcck\uff09<\/td><td>G.W.\uff08kg\uff09<\/td><td>N.W.\uff08kg\uff09<\/td><\/tr><tr><td>216\uff086Schichten\uff09<\/td><td>PP<\/td><td>20*38*95<\/td><td>41*36.5*32<\/td><td>1<\/td><td>3.987<\/td><td>3.317<\/td><\/tr><\/tbody><\/table><\/figure><div class=\"wp-block-columns is-layout-flex wp-container-core-columns-is-layout-9d6595d7 wp-block-columns-is-layout-flex\"><div class=\"wp-block-column is-layout-flow wp-block-column-is-layout-flow\" style=\"flex-basis:50%\"><h3 class=\"wp-block-heading has-text-align-left\">Vorteile von ma\u00dfgefertigten Lagerschr\u00e4nken<\/h3>\n\n<ul class=\"wp-block-list\"><li><strong>Reichlich Stauraum: <\/strong>Dieser sechslagige Schrank bietet reichlich Stauraum und hilft dem Benutzer effektiv, verschiedene Gegenst\u00e4nde zu organisieren und zu klassifizieren, egal ob es sich um Kleidung, Spielzeug oder Dinge des t\u00e4glichen Bedarfs handelt, sie lassen sich leicht aufbewahren und verbessern die Ordnung und Effizienz der h\u00e4uslichen Umgebung.<\/li>\n\n<li><strong>Individuelles Design, das f\u00fcr Lebendigkeit sorgt: <\/strong>Diese Gro\u00dfhandels-Kunststoffschr\u00e4nke haben eine Vielzahl von Farboptionen f\u00fcr Schubladen, die dem Raum Sch\u00f6nheit und Vitalit\u00e4t verleihen und eine komfortable und angenehme Wohnatmosph\u00e4re schaffen.<\/li>\n\n<li><strong>Langlebige und leichte Materialien: <\/strong>Unsere ma\u00dfgefertigten Aufbewahrungsschr\u00e4nke werden aus hochwertigen Kunststoffen hergestellt, um sicherzustellen, dass sie leicht und langlebig sind und der t\u00e4glichen Beanspruchung standhalten. Sie eignen sich f\u00fcr h\u00e4ufig genutzte Wohnumgebungen und bieten ein lang anhaltendes Nutzungserlebnis.<\/li>\n\n<li><strong>Einfacher Installationsprozess: <\/strong>Die Montage unserer Gro\u00dfhandels-Kunststoffschr\u00e4nke ist einfach, ohne komplizierte Werkzeuge und Schritte. Die Benutzer k\u00f6nnen ihn leicht durchf\u00fchren, indem sie die Anweisungen befolgen, so dass die Aufbewahrungsl\u00f6sungen schnell aufgestellt werden k\u00f6nnen und Zeit und Energie sparen.<\/li><\/ul><\/div>\n\n<div class=\"wp-block-column is-layout-flow wp-block-column-is-layout-flow\"><figure class=\"wp-block-image size-full\"><img decoding=\"async\" width=\"800\" height=\"800\" src=\"https:\/\/www.gdwanjiada.net\/wp-content\/uploads\/2024\/10\/6-Layers-Custom-Storage-Cabinets-Wholesale-Plastic-Cabinets-For-Home.webp\" alt=\"6 Schichten benutzerdefinierte Lagerung Schr\u00e4nke, Gro\u00dfhandel Kunststoff-Schr\u00e4nke f\u00fcr Zuhause\" class=\"wp-image-1123\" srcset=\"https:\/\/www.gdwanjiada.net\/wp-content\/uploads\/2024\/10\/6-Layers-Custom-Storage-Cabinets-Wholesale-Plastic-Cabinets-For-Home.webp 800w, https:\/\/www.gdwanjiada.net\/wp-content\/uploads\/2024\/10\/6-Layers-Custom-Storage-Cabinets-Wholesale-Plastic-Cabinets-For-Home-300x300.webp 300w, https:\/\/www.gdwanjiada.net\/wp-content\/uploads\/2024\/10\/6-Layers-Custom-Storage-Cabinets-Wholesale-Plastic-Cabinets-For-Home-150x150.webp 150w, https:\/\/www.gdwanjiada.net\/wp-content\/uploads\/2024\/10\/6-Layers-Custom-Storage-Cabinets-Wholesale-Plastic-Cabinets-For-Home-768x768.webp 768w, https:\/\/www.gdwanjiada.net\/wp-content\/uploads\/2024\/10\/6-Layers-Custom-Storage-Cabinets-Wholesale-Plastic-Cabinets-For-Home-12x12.webp 12w, https:\/\/www.gdwanjiada.net\/wp-content\/uploads\/2024\/10\/6-Layers-Custom-Storage-Cabinets-Wholesale-Plastic-Cabinets-For-Home-600x600.webp 600w, https:\/\/www.gdwanjiada.net\/wp-content\/uploads\/2024\/10\/6-Layers-Custom-Storage-Cabinets-Wholesale-Plastic-Cabinets-For-Home-100x100.webp 100w\" sizes=\"(max-width: 800px) 100vw, 800px\" \/><\/figure><\/div><\/div>","protected":false},"excerpt":{"rendered":"<p>Willkommen im Gro\u00dfhandel Kunststoff-Schr\u00e4nke zu kaufen. Unsere sechsschichtigen benutzerdefinierten Lagerschr\u00e4nke sind eine ideale L\u00f6sung f\u00fcr die Aufbewahrung zu Hause, bieten reichlich Stauraum und eine Vielzahl von Farboptionen. Sie sind leicht und langlebig, geeignet f\u00fcr mehrere Orte wie Haus und B\u00fcro. Die bequeme Installation Design erm\u00f6glicht es Benutzern, leicht zu montieren, und ist weit verbreitet f\u00fcr die Lagerung von Kleidung, Spielzeug und andere Haushaltsgegenst\u00e4nde verwendet.<\/p>\n<h2>Produktmerkmale\uff1a<\/h2>\n<ul>\n<li>Das sechslagige Design erh\u00f6ht den Stauraum und eignet sich zum Ordnen von Kleidung, Spielzeug, Schreibwaren und anderen Haushaltsgegenst\u00e4nden.<\/li>\n<li>Die Schubladen sind in einer Vielzahl von Farben erh\u00e4ltlich und k\u00f6nnen je nach pers\u00f6nlichen Vorlieben oder Einrichtungsstil angepasst werden, um das Wohnumfeld zu versch\u00f6nern.<\/li>\n<li>Er besteht aus leichtem Kunststoff und ist sehr widerstandsf\u00e4hig, so dass er den t\u00e4glichen Beanspruchungen standh\u00e4lt und langfristig genutzt werden kann.<\/li>\n<li>Der Installationsprozess ist einfach, und die Benutzer ben\u00f6tigen kein professionelles Werkzeug und k\u00f6nnen die Montage schnell durchf\u00fchren, was Zeit und Energie spart.<\/li>\n<li>Es eignet sich f\u00fcr eine Vielzahl von Orten, z. B. zu Hause, im B\u00fcro, in der Schule usw., und bietet den Benutzern flexible und vielf\u00e4ltige Aufbewahrungsl\u00f6sungen.<\/li>\n<\/ul>","protected":false},"featured_media":1123,"comment_status":"closed","ping_status":"closed","template":"","meta":{"_acf_changed":false},"product_brand":[],"product_cat":[20],"product_tag":[],"class_list":{"0":"post-1122","1":"product","2":"type-product","3":"status-publish","4":"has-post-thumbnail","6":"product_cat-plastic-cabinets-wholesale","8":"first","9":"instock","10":"shipping-taxable","11":"product-type-simple"},"acf":[],"_links":{"self":[{"href":"https:\/\/www.gdwanjiada.net\/de\/wp-json\/wp\/v2\/product\/1122","targetHints":{"allow":["GET"]}}],"collection":[{"href":"https:\/\/www.gdwanjiada.net\/de\/wp-json\/wp\/v2\/product"}],"about":[{"href":"https:\/\/www.gdwanjiada.net\/de\/wp-json\/wp\/v2\/types\/product"}],"replies":[{"embeddable":true,"href":"https:\/\/www.gdwanjiada.net\/de\/wp-json\/wp\/v2\/comments?post=1122"}],"wp:featuredmedia":[{"embeddable":true,"href":"https:\/\/www.gdwanjiada.net\/de\/wp-json\/wp\/v2\/media\/1123"}],"wp:attachment":[{"href":"https:\/\/www.gdwanjiada.net\/de\/wp-json\/wp\/v2\/media?parent=1122"}],"wp:term":[{"taxonomy":"product_brand","embeddable":true,"href":"https:\/\/www.gdwanjiada.net\/de\/wp-json\/wp\/v2\/product_brand?post=1122"},{"taxonomy":"product_cat","embeddable":true,"href":"https:\/\/www.gdwanjiada.net\/de\/wp-json\/wp\/v2\/product_cat?post=1122"},{"taxonomy":"product_tag","embeddable":true,"href":"https:\/\/www.gdwanjiada.net\/de\/wp-json\/wp\/v2\/product_tag?post=1122"}],"curies":[{"name":"wp","href":"https:\/\/api.w.org\/{rel}","templated":true}]}}