{"id":1118,"date":"2024-10-19T10:01:18","date_gmt":"2024-10-19T10:01:18","guid":{"rendered":"https:\/\/www.gdwanjiada.net\/?post_type=product&#038;p=1118"},"modified":"2024-10-19T10:08:31","modified_gmt":"2024-10-19T10:08:31","slug":"custom-plastic-cabinets","status":"publish","type":"product","link":"https:\/\/www.gdwanjiada.net\/de\/produkt\/custom-plastic-cabinets\/","title":{"rendered":"4 Schichten benutzerdefinierte Kunststoff-Schr\u00e4nke, Gro\u00dfhandel Kabinett f\u00fcr Haus und B\u00fcro"},"content":{"rendered":"<h3 class=\"wp-block-heading has-text-align-center\">Spezifikationen f\u00fcr kundenspezifische Kunststoffschr\u00e4nke<\/h3><figure class=\"wp-block-table\"><table class=\"has-fixed-layout\"><tbody><tr><td>Modell<\/td><td>Material<\/td><td>Produktgr\u00f6\u00dfe\uff08cm\uff09<\/td><td>Kartongr\u00f6\u00dfe\uff08cm\uff09<\/td><td>Packung Menge\uff08St\u00fcck\uff09<\/td><td>G.W.\uff08kg\uff09<\/td><td>N.W.\uff08kg\uff09<\/td><\/tr><tr><td>214\uff084Schichten\uff09<\/td><td>PP<\/td><td>20*38*64.6<\/td><td>41*36.5*25<\/td><td>1<\/td><td>2.887<\/td><td>2.277<\/td><\/tr><\/tbody><\/table><\/figure><div class=\"wp-block-columns is-layout-flex wp-container-core-columns-is-layout-9d6595d7 wp-block-columns-is-layout-flex\"><div class=\"wp-block-column is-layout-flow wp-block-column-is-layout-flow\" style=\"flex-basis:50%\"><h3 class=\"wp-block-heading has-text-align-left\">Vorteile von kundenspezifischen Kunststoffschr\u00e4nken<\/h3>\n\n<ul class=\"wp-block-list\"><li><strong>Effiziente Speicherl\u00f6sung: <\/strong>Diese vierschichtige Kunststoff-Gro\u00dfhandel Schrank kann vollst\u00e4ndig die Lagerung Bed\u00fcrfnisse der Nutzer, effektiv helfen Benutzern zu organisieren und zu klassifizieren verschiedene Elemente, von Kleidung zu Schreibwaren, die leicht gespeichert werden k\u00f6nnen, die Verbesserung der Sauberkeit und Effizienz des Raumes.<\/li>\n\n<li><strong>Personalisiertes und sch\u00f6nes Design: <\/strong>Unsere ma\u00dfgefertigten Kunststoffschr\u00e4nke haben eine Vielzahl von Schubladenfarben zur Auswahl, so dass der Benutzer sie frei nach seinem pers\u00f6nlichen Stil und seiner Inneneinrichtung zusammenstellen kann. Sie verleihen dem Raum Vitalit\u00e4t und Mode und schaffen eine komfortablere und sch\u00f6nere Umgebung f\u00fcr Heim und B\u00fcro.<\/li>\n\n<li><strong>Langlebiges und leichtes Material: <\/strong>Unser Kunststoff-Gro\u00dfhandel Schrank ist aus hochwertigen Kunststoffen hergestellt, um sicherzustellen, dass es leicht und langlebig ist, nicht leicht zu besch\u00e4digen, sehr geeignet f\u00fcr h\u00e4ufig verwendete Umgebungen, und stellen Sie sicher, langfristige Benutzer Erfahrung.<\/li>\n\n<li><strong>Einfache Installation, keine Werkzeuge erforderlich:<\/strong> Unsere ma\u00dfgefertigten Kunststoffschr\u00e4nke konzentrieren sich auf die Benutzererfahrung, der Montageprozess ist einfach, es sind keine komplizierten Werkzeuge und Schritte erforderlich, die Benutzer k\u00f6nnen ihn leicht abschlie\u00dfen, indem sie die Anweisungen befolgen, Zeit und Energie sparen und die Aufbewahrungsl\u00f6sungen schnell einrichten.<\/li><\/ul><\/div>\n\n<div class=\"wp-block-column is-layout-flow wp-block-column-is-layout-flow\"><figure class=\"wp-block-image size-full\"><img decoding=\"async\" width=\"800\" height=\"800\" src=\"https:\/\/www.gdwanjiada.net\/wp-content\/uploads\/2024\/10\/4-Layers-Custom-Plastic-Cabinets-Wholesale-Cabinet-For-Home-and-Office.webp\" alt=\"4 Schichten benutzerdefinierte Kunststoff-Schr\u00e4nke, Gro\u00dfhandel Kabinett f\u00fcr Haus und B\u00fcro\" class=\"wp-image-1119\" srcset=\"https:\/\/www.gdwanjiada.net\/wp-content\/uploads\/2024\/10\/4-Layers-Custom-Plastic-Cabinets-Wholesale-Cabinet-For-Home-and-Office.webp 800w, https:\/\/www.gdwanjiada.net\/wp-content\/uploads\/2024\/10\/4-Layers-Custom-Plastic-Cabinets-Wholesale-Cabinet-For-Home-and-Office-300x300.webp 300w, https:\/\/www.gdwanjiada.net\/wp-content\/uploads\/2024\/10\/4-Layers-Custom-Plastic-Cabinets-Wholesale-Cabinet-For-Home-and-Office-150x150.webp 150w, https:\/\/www.gdwanjiada.net\/wp-content\/uploads\/2024\/10\/4-Layers-Custom-Plastic-Cabinets-Wholesale-Cabinet-For-Home-and-Office-768x768.webp 768w, https:\/\/www.gdwanjiada.net\/wp-content\/uploads\/2024\/10\/4-Layers-Custom-Plastic-Cabinets-Wholesale-Cabinet-For-Home-and-Office-12x12.webp 12w, https:\/\/www.gdwanjiada.net\/wp-content\/uploads\/2024\/10\/4-Layers-Custom-Plastic-Cabinets-Wholesale-Cabinet-For-Home-and-Office-600x600.webp 600w, https:\/\/www.gdwanjiada.net\/wp-content\/uploads\/2024\/10\/4-Layers-Custom-Plastic-Cabinets-Wholesale-Cabinet-For-Home-and-Office-100x100.webp 100w\" sizes=\"(max-width: 800px) 100vw, 800px\" \/><\/figure><\/div><\/div>","protected":false},"excerpt":{"rendered":"<p>Willkommen bei den kundenspezifischen Kunststoffschr\u00e4nken. Diese 4-Schicht-Kunststoff-Gro\u00dfhandel Schrank ist eine ideale L\u00f6sung f\u00fcr die Lagerung, bietet reichlich Stauraum und eine Vielzahl von Farboptionen. Es ist leicht und langlebig, geeignet f\u00fcr mehrere Orte wie Haus und B\u00fcro. Die bequeme Installation Design erm\u00f6glicht es Benutzern, leicht zu montieren.<\/p>\n<h2>Produktmerkmale\uff1a<\/h2>\n<ul>\n<li>Er bietet vier Lagen mit reichlich Stauraum und eignet sich f\u00fcr die Organisation von Kleidung, Spielzeug, Schreibwaren und anderen Gegenst\u00e4nden.<\/li>\n<li>Die Schubladen sind in verschiedenen Farben erh\u00e4ltlich, die der Benutzer nach seinen pers\u00f6nlichen Vorlieben und seinem Einrichtungsstil ausw\u00e4hlen kann, um den Raum zu versch\u00f6nern.<\/li>\n<li>Es werden leichte Kunststoffmaterialien verwendet, die langlebig sind und der t\u00e4glichen Beanspruchung standhalten, um eine langfristige Nutzung zu gew\u00e4hrleisten.<\/li>\n<li>Bequeme Montagemethode, kein professionelles Werkzeug erforderlich, Benutzer k\u00f6nnen die Installation schnell abschlie\u00dfen und so Zeit und Energie sparen.<\/li>\n<li>Er wird h\u00e4ufig in Privathaushalten, B\u00fcros, Schulen und anderen Orten eingesetzt und bietet den Benutzern flexible Aufbewahrungsl\u00f6sungen.<\/li>\n<\/ul>","protected":false},"featured_media":1119,"comment_status":"closed","ping_status":"closed","template":"","meta":{"_acf_changed":false},"product_brand":[],"product_cat":[20],"product_tag":[],"class_list":{"0":"post-1118","1":"product","2":"type-product","3":"status-publish","4":"has-post-thumbnail","6":"product_cat-plastic-cabinets-wholesale","8":"first","9":"instock","10":"shipping-taxable","11":"product-type-simple"},"acf":[],"_links":{"self":[{"href":"https:\/\/www.gdwanjiada.net\/de\/wp-json\/wp\/v2\/product\/1118","targetHints":{"allow":["GET"]}}],"collection":[{"href":"https:\/\/www.gdwanjiada.net\/de\/wp-json\/wp\/v2\/product"}],"about":[{"href":"https:\/\/www.gdwanjiada.net\/de\/wp-json\/wp\/v2\/types\/product"}],"replies":[{"embeddable":true,"href":"https:\/\/www.gdwanjiada.net\/de\/wp-json\/wp\/v2\/comments?post=1118"}],"wp:featuredmedia":[{"embeddable":true,"href":"https:\/\/www.gdwanjiada.net\/de\/wp-json\/wp\/v2\/media\/1119"}],"wp:attachment":[{"href":"https:\/\/www.gdwanjiada.net\/de\/wp-json\/wp\/v2\/media?parent=1118"}],"wp:term":[{"taxonomy":"product_brand","embeddable":true,"href":"https:\/\/www.gdwanjiada.net\/de\/wp-json\/wp\/v2\/product_brand?post=1118"},{"taxonomy":"product_cat","embeddable":true,"href":"https:\/\/www.gdwanjiada.net\/de\/wp-json\/wp\/v2\/product_cat?post=1118"},{"taxonomy":"product_tag","embeddable":true,"href":"https:\/\/www.gdwanjiada.net\/de\/wp-json\/wp\/v2\/product_tag?post=1118"}],"curies":[{"name":"wp","href":"https:\/\/api.w.org\/{rel}","templated":true}]}}