{"id":1116,"date":"2024-10-19T09:44:46","date_gmt":"2024-10-19T09:44:46","guid":{"rendered":"https:\/\/www.gdwanjiada.net\/?post_type=product&#038;p=1116"},"modified":"2024-10-19T10:01:08","modified_gmt":"2024-10-19T10:01:08","slug":"wholesale-storage-cabinets","status":"publish","type":"product","link":"https:\/\/www.gdwanjiada.net\/de\/produkt\/wholesale-storage-cabinets\/","title":{"rendered":"3 Schichten Gro\u00dfhandel Lagerung Schr\u00e4nke, benutzerdefinierte Kunststoff-Schr\u00e4nke f\u00fcr Home Storage"},"content":{"rendered":"<h3 class=\"wp-block-heading has-text-align-center\">Spezifikationen von Gro\u00dfhandel Lagerung Schr\u00e4nke<\/h3><figure class=\"wp-block-table\"><table class=\"has-fixed-layout\"><tbody><tr><td>Modell<\/td><td>Material<\/td><td>Produktgr\u00f6\u00dfe\uff08cm\uff09<\/td><td>Kartongr\u00f6\u00dfe\uff08cm\uff09<\/td><td>Packung Menge\uff08St\u00fcck\uff09<\/td><td>G.W.\uff08kg\uff09<\/td><td>N.W.\uff08kg\uff09<\/td><\/tr><tr><td>213\uff083Schichten\uff09<\/td><td>PP<\/td><td>20*38*49.4<\/td><td>41*36.5*20<\/td><td>1<\/td><td>2.312<\/td><td>1.762<\/td><\/tr><\/tbody><\/table><\/figure><div class=\"wp-block-columns is-layout-flex wp-container-core-columns-is-layout-9d6595d7 wp-block-columns-is-layout-flex\"><div class=\"wp-block-column is-layout-flow wp-block-column-is-layout-flow\" style=\"flex-basis:50%\"><h3 class=\"wp-block-heading has-text-align-left\">Vorteile von Gro\u00dfhandelslagerschr\u00e4nken<\/h3>\n\n<ul class=\"wp-block-list\"><li><strong>Flexible Speicherl\u00f6sungen:<\/strong> Diese dreischichtigen Kunststoff-Gro\u00dfhandelslagerschr\u00e4nke bieten reichlich Stauraum, der den Nutzern effektiv helfen kann, Kleidung, Spielzeug und andere Gegenst\u00e4nde zu organisieren und zu klassifizieren und die Sauberkeit und Effizienz von Haus und B\u00fcro zu verbessern.<\/li>\n\n<li><strong>Individuelles Design, das Sch\u00f6nheit verleiht: <\/strong>Diese ma\u00dfgefertigten Kunststoffschr\u00e4nke haben eine Vielzahl von Farbausz\u00fcgen, die sich leicht an verschiedene Einrichtungsstile anpassen lassen, der Umgebung Vitalit\u00e4t und Sch\u00f6nheit verleihen und einen komfortablen Lebensraum schaffen.<\/li>\n\n<li><strong>Hochwertige Materialien, langlebig und strapazierf\u00e4hig: <\/strong>Unsere Gro\u00dfhandel Lagerschr\u00e4nke sind aus hochwertigem Kunststoff, die sowohl leicht und robust sind, um sicherzustellen, dass die Lagerschr\u00e4nke nicht leicht im t\u00e4glichen Gebrauch besch\u00e4digt werden, bietet den Nutzern eine langfristige Nutzung Erfahrung, geeignet f\u00fcr eine Vielzahl von Orten wie zu Hause und Schule.<\/li>\n\n<li><strong>Einfacher Installationsprozess: <\/strong>Unsere ma\u00dfgefertigten Kunststoffschr\u00e4nke sind gut durchdacht und k\u00f6nnen von den Benutzern ohne komplizierte Werkzeuge oder Arbeitsschritte schnell zusammengebaut werden, so dass die Benutzer Zeit sparen und einfach effiziente Aufbewahrungsl\u00f6sungen genie\u00dfen k\u00f6nnen.<\/li><\/ul><\/div>\n\n<div class=\"wp-block-column is-layout-flow wp-block-column-is-layout-flow\"><figure class=\"wp-block-image size-full\"><img decoding=\"async\" width=\"800\" height=\"800\" src=\"https:\/\/www.gdwanjiada.net\/wp-content\/uploads\/2024\/10\/3-Layers-Wholesale-Storage-Cabinets-Custom-Plastic-Cabinets-For-Home-Storage.webp\" alt=\"3 Schichten Gro\u00dfhandel Lagerung Schr\u00e4nke, benutzerdefinierte Kunststoff-Schr\u00e4nke f\u00fcr Home Storage\" class=\"wp-image-1117\" srcset=\"https:\/\/www.gdwanjiada.net\/wp-content\/uploads\/2024\/10\/3-Layers-Wholesale-Storage-Cabinets-Custom-Plastic-Cabinets-For-Home-Storage.webp 800w, https:\/\/www.gdwanjiada.net\/wp-content\/uploads\/2024\/10\/3-Layers-Wholesale-Storage-Cabinets-Custom-Plastic-Cabinets-For-Home-Storage-300x300.webp 300w, https:\/\/www.gdwanjiada.net\/wp-content\/uploads\/2024\/10\/3-Layers-Wholesale-Storage-Cabinets-Custom-Plastic-Cabinets-For-Home-Storage-150x150.webp 150w, https:\/\/www.gdwanjiada.net\/wp-content\/uploads\/2024\/10\/3-Layers-Wholesale-Storage-Cabinets-Custom-Plastic-Cabinets-For-Home-Storage-768x768.webp 768w, https:\/\/www.gdwanjiada.net\/wp-content\/uploads\/2024\/10\/3-Layers-Wholesale-Storage-Cabinets-Custom-Plastic-Cabinets-For-Home-Storage-12x12.webp 12w, https:\/\/www.gdwanjiada.net\/wp-content\/uploads\/2024\/10\/3-Layers-Wholesale-Storage-Cabinets-Custom-Plastic-Cabinets-For-Home-Storage-600x600.webp 600w, https:\/\/www.gdwanjiada.net\/wp-content\/uploads\/2024\/10\/3-Layers-Wholesale-Storage-Cabinets-Custom-Plastic-Cabinets-For-Home-Storage-100x100.webp 100w\" sizes=\"(max-width: 800px) 100vw, 800px\" \/><\/figure><\/div><\/div>","protected":false},"excerpt":{"rendered":"<p>Willkommen bei kundenspezifischen Kunststoffschr\u00e4nken. Unsere 3-Schicht-Gro\u00dfhandel Lagerschr\u00e4nke sind ideale Speicherl\u00f6sung, bietet reichlich Stauraum und eine Vielzahl von Farben. Es ist leicht und langlebig, geeignet f\u00fcr private und gewerbliche Nutzung. Die bequeme Installation Design erm\u00f6glicht es Benutzern, leicht zu montieren, und ist weit verbreitet f\u00fcr die Lagerung von Kleidung, Spielzeug und andere Gegenst\u00e4nde verwendet, die Schaffung einer sauberen und geordneten Umgebung f\u00fcr die Nutzer.<\/p>\n<h2>Produktmerkmale\uff1a<\/h2>\n<ul>\n<li>Bietet reichlich Stauraum f\u00fcr Kleidung, Spielzeug und andere Dinge.<\/li>\n<li>Die Schubladen sind in einer Vielzahl von Farben erh\u00e4ltlich, um dem Raum Lebendigkeit und Sch\u00f6nheit zu verleihen.<\/li>\n<li>Er ist leicht und strapazierf\u00e4hig, so dass er den Belastungen des t\u00e4glichen Gebrauchs standh\u00e4lt.<\/li>\n<li>Die Benutzer k\u00f6nnen es ohne professionelles Werkzeug und komplizierte Arbeitsschritte schnell zusammenbauen.<\/li>\n<li>Weit verbreitet an Orten wie Haus, Schule und B\u00fcro.<\/li>\n<\/ul>","protected":false},"featured_media":1117,"comment_status":"closed","ping_status":"closed","template":"","meta":{"_acf_changed":false},"product_brand":[],"product_cat":[20],"product_tag":[],"class_list":{"0":"post-1116","1":"product","2":"type-product","3":"status-publish","4":"has-post-thumbnail","6":"product_cat-plastic-cabinets-wholesale","8":"first","9":"instock","10":"shipping-taxable","11":"product-type-simple"},"acf":[],"_links":{"self":[{"href":"https:\/\/www.gdwanjiada.net\/de\/wp-json\/wp\/v2\/product\/1116","targetHints":{"allow":["GET"]}}],"collection":[{"href":"https:\/\/www.gdwanjiada.net\/de\/wp-json\/wp\/v2\/product"}],"about":[{"href":"https:\/\/www.gdwanjiada.net\/de\/wp-json\/wp\/v2\/types\/product"}],"replies":[{"embeddable":true,"href":"https:\/\/www.gdwanjiada.net\/de\/wp-json\/wp\/v2\/comments?post=1116"}],"wp:featuredmedia":[{"embeddable":true,"href":"https:\/\/www.gdwanjiada.net\/de\/wp-json\/wp\/v2\/media\/1117"}],"wp:attachment":[{"href":"https:\/\/www.gdwanjiada.net\/de\/wp-json\/wp\/v2\/media?parent=1116"}],"wp:term":[{"taxonomy":"product_brand","embeddable":true,"href":"https:\/\/www.gdwanjiada.net\/de\/wp-json\/wp\/v2\/product_brand?post=1116"},{"taxonomy":"product_cat","embeddable":true,"href":"https:\/\/www.gdwanjiada.net\/de\/wp-json\/wp\/v2\/product_cat?post=1116"},{"taxonomy":"product_tag","embeddable":true,"href":"https:\/\/www.gdwanjiada.net\/de\/wp-json\/wp\/v2\/product_tag?post=1116"}],"curies":[{"name":"wp","href":"https:\/\/api.w.org\/{rel}","templated":true}]}}