{"id":1081,"date":"2024-10-07T08:20:46","date_gmt":"2024-10-07T08:20:46","guid":{"rendered":"https:\/\/www.gdwanjiada.net\/?post_type=product&#038;p=1081"},"modified":"2024-10-07T08:32:59","modified_gmt":"2024-10-07T08:32:59","slug":"plastic-cabinets-wholesale","status":"publish","type":"product","link":"https:\/\/www.gdwanjiada.net\/de\/produkt\/plastic-cabinets-wholesale\/","title":{"rendered":"5 Schichten Kunststoff Schr\u00e4nke Gro\u00dfhandel f\u00fcr Haus und B\u00fcro Lagerung"},"content":{"rendered":"<h3 class=\"wp-block-heading has-text-align-center\">Spezifikationen f\u00fcr Kunststoffschr\u00e4nke im Gro\u00dfhandel<\/h3><figure class=\"wp-block-table\"><table class=\"has-fixed-layout\"><tbody><tr><td>Modell<\/td><td>Material<\/td><td>Produktgr\u00f6\u00dfe\uff08cm\uff09<\/td><td>Kartongr\u00f6\u00dfe\uff08cm\uff09<\/td><td>Packung Menge\uff08St\u00fcck\uff09<\/td><td>G.W.\uff08kg\uff09<\/td><td>N.W.\uff08kg\uff09<\/td><\/tr><tr><td>705\uff085 Schichten\uff09<\/td><td>ABS+PP<\/td><td>69*38*179.5<\/td><td>72*42.5*42.5<\/td><td>1<\/td><td>14.5<\/td><td>13.03<\/td><\/tr><\/tbody><\/table><\/figure><div class=\"wp-block-columns is-layout-flex wp-container-core-columns-is-layout-9d6595d7 wp-block-columns-is-layout-flex\"><div class=\"wp-block-column is-layout-flow wp-block-column-is-layout-flow\" style=\"flex-basis:50%\"><h3 class=\"wp-block-heading has-text-align-left\">Vorteile von Kunststoffschr\u00e4nken im Gro\u00dfhandel<\/h3>\n\n<ul class=\"wp-block-list\"><li><strong>Erf\u00fcllen Sie unterschiedliche Speicheranforderungen: <\/strong>Das f\u00fcnfschichtige Design unserer Kunststoffschr\u00e4nke Gro\u00dfhandel bietet reichlich Stauraum f\u00fcr Wohnungen und B\u00fcros, und kann effektiv zu organisieren und zu klassifizieren verschiedene Elemente, um die Sauberkeit des Raumes zu verbessern.<\/li>\n\n<li><strong>Hochwertiges Kunststoffmaterial: <\/strong>Diese Lagerschr\u00e4nke f\u00fcr den Gro\u00dfhandel sind aus hochwertigem Kunststoff gefertigt, der feuchtigkeitsbest\u00e4ndig, rostfrei und kratzfest ist und somit eine langfristige Nutzung in verschiedenen Umgebungen gew\u00e4hrleistet und nicht leicht zu besch\u00e4digen ist.<\/li>\n\n<li><strong>Leicht und einfach zu bewegen, flexible Einstellung und Platzierung: <\/strong>Unsere Kunststoffschr\u00e4nke im Gro\u00dfhandel sind leicht, so dass die Benutzer die Schr\u00e4nke leicht bewegen oder umstellen k\u00f6nnen, was besonders f\u00fcr Wohnungen oder B\u00fcros geeignet ist, in denen die Anordnung h\u00e4ufig ge\u00e4ndert werden muss.<\/li>\n\n<li><strong>Ma\u00dfgeschneiderter Service zur Erf\u00fcllung pers\u00f6nlicher Bed\u00fcrfnisse: <\/strong>Diese Gro\u00dfhandelslagerschr\u00e4nke erm\u00f6glichen es den Kunden, Farben, Gr\u00f6\u00dfen und Lagen je nach Bedarf anzupassen, so dass jedes Produkt perfekt zur Dekoration und zu den funktionalen Anforderungen der verschiedenen Szenen passt.<\/li><\/ul><\/div>\n\n<div class=\"wp-block-column is-layout-flow wp-block-column-is-layout-flow\"><figure class=\"wp-block-image size-full\"><img decoding=\"async\" width=\"800\" height=\"800\" src=\"https:\/\/www.gdwanjiada.net\/wp-content\/uploads\/2024\/10\/5-Layers-Plastic-Cabinets-Wholesale-For-Home-and-Office-Storage-4.webp\" alt=\"5 Schichten Kunststoff Schr\u00e4nke Gro\u00dfhandel f\u00fcr Haus und B\u00fcro Lagerung-4\" class=\"wp-image-1085\" srcset=\"https:\/\/www.gdwanjiada.net\/wp-content\/uploads\/2024\/10\/5-Layers-Plastic-Cabinets-Wholesale-For-Home-and-Office-Storage-4.webp 800w, https:\/\/www.gdwanjiada.net\/wp-content\/uploads\/2024\/10\/5-Layers-Plastic-Cabinets-Wholesale-For-Home-and-Office-Storage-4-300x300.webp 300w, https:\/\/www.gdwanjiada.net\/wp-content\/uploads\/2024\/10\/5-Layers-Plastic-Cabinets-Wholesale-For-Home-and-Office-Storage-4-150x150.webp 150w, https:\/\/www.gdwanjiada.net\/wp-content\/uploads\/2024\/10\/5-Layers-Plastic-Cabinets-Wholesale-For-Home-and-Office-Storage-4-768x768.webp 768w, https:\/\/www.gdwanjiada.net\/wp-content\/uploads\/2024\/10\/5-Layers-Plastic-Cabinets-Wholesale-For-Home-and-Office-Storage-4-12x12.webp 12w, https:\/\/www.gdwanjiada.net\/wp-content\/uploads\/2024\/10\/5-Layers-Plastic-Cabinets-Wholesale-For-Home-and-Office-Storage-4-600x600.webp 600w, https:\/\/www.gdwanjiada.net\/wp-content\/uploads\/2024\/10\/5-Layers-Plastic-Cabinets-Wholesale-For-Home-and-Office-Storage-4-100x100.webp 100w\" sizes=\"(max-width: 800px) 100vw, 800px\" \/><\/figure><\/div><\/div>","protected":false},"excerpt":{"rendered":"<p>Willkommen zum Kauf dieser Gro\u00dfhandel Lagerung Schr\u00e4nke. Unsere f\u00fcnfschichtigen Kunststoffschr\u00e4nke Gro\u00dfhandel haben eine gro\u00dfe Kapazit\u00e4t Design und sind f\u00fcr eine Vielzahl von Speicherbedarf in Wohnungen und B\u00fcros geeignet. Es ist aus robustem und langlebigem Kunststoff, die feuchtigkeitsbest\u00e4ndig, rostfrei und kratzfest ist, um eine langfristige Nutzung zu gew\u00e4hrleisten.<\/p>\n<h2>Produktmerkmale\uff1a<\/h2>\n<ul>\n<li>Das f\u00fcnfschichtige Design bietet mehr Stauraum und eignet sich f\u00fcr die Aufbewahrung verschiedener Gegenst\u00e4nde zu Hause und im B\u00fcro.<\/li>\n<li>Er besteht aus robustem und langlebigem Kunststoff, ist feuchtigkeits-, rost- und kratzfest und hat eine lange Lebensdauer.<\/li>\n<li>Der Schrank ist leicht und l\u00e4sst sich einfach bewegen und an die Nutzungsszenarien verschiedener R\u00e4ume anpassen.<\/li>\n<li>Jede Schubladenebene ist mit einer leichtg\u00e4ngigen Gleitschiene ausgestattet, die ein reibungsloses \u00d6ffnen und Schlie\u00dfen gew\u00e4hrleistet, was den t\u00e4glichen Zugriff auf Gegenst\u00e4nde erleichtert.<\/li>\n<li>Unterst\u00fctzt benutzerdefinierte Farben, Gr\u00f6\u00dfen und Ebenen, um die individuellen Bed\u00fcrfnisse verschiedener Kunden zu erf\u00fcllen.<\/li>\n<\/ul>","protected":false},"featured_media":1083,"comment_status":"closed","ping_status":"closed","template":"","meta":{"_acf_changed":false},"product_brand":[],"product_cat":[20],"product_tag":[],"class_list":{"0":"post-1081","1":"product","2":"type-product","3":"status-publish","4":"has-post-thumbnail","6":"product_cat-plastic-cabinets-wholesale","8":"first","9":"instock","10":"shipping-taxable","11":"product-type-simple"},"acf":[],"_links":{"self":[{"href":"https:\/\/www.gdwanjiada.net\/de\/wp-json\/wp\/v2\/product\/1081","targetHints":{"allow":["GET"]}}],"collection":[{"href":"https:\/\/www.gdwanjiada.net\/de\/wp-json\/wp\/v2\/product"}],"about":[{"href":"https:\/\/www.gdwanjiada.net\/de\/wp-json\/wp\/v2\/types\/product"}],"replies":[{"embeddable":true,"href":"https:\/\/www.gdwanjiada.net\/de\/wp-json\/wp\/v2\/comments?post=1081"}],"wp:featuredmedia":[{"embeddable":true,"href":"https:\/\/www.gdwanjiada.net\/de\/wp-json\/wp\/v2\/media\/1083"}],"wp:attachment":[{"href":"https:\/\/www.gdwanjiada.net\/de\/wp-json\/wp\/v2\/media?parent=1081"}],"wp:term":[{"taxonomy":"product_brand","embeddable":true,"href":"https:\/\/www.gdwanjiada.net\/de\/wp-json\/wp\/v2\/product_brand?post=1081"},{"taxonomy":"product_cat","embeddable":true,"href":"https:\/\/www.gdwanjiada.net\/de\/wp-json\/wp\/v2\/product_cat?post=1081"},{"taxonomy":"product_tag","embeddable":true,"href":"https:\/\/www.gdwanjiada.net\/de\/wp-json\/wp\/v2\/product_tag?post=1081"}],"curies":[{"name":"wp","href":"https:\/\/api.w.org\/{rel}","templated":true}]}}