{"id":1064,"date":"2024-10-07T07:36:38","date_gmt":"2024-10-07T07:36:38","guid":{"rendered":"https:\/\/www.gdwanjiada.net\/?post_type=product&#038;p=1064"},"modified":"2025-01-16T02:25:59","modified_gmt":"2025-01-16T02:25:59","slug":"portable-fans-wholesale","status":"publish","type":"product","link":"https:\/\/www.gdwanjiada.net\/de\/produkt\/portable-fans-wholesale\/","title":{"rendered":"Blattlose tragbare Fans Gro\u00dfhandel, Bulk batteriebetriebene Fans"},"content":{"rendered":"<h3 class=\"wp-block-heading has-text-align-center\">Spezifikationen von tragbaren Ventilatoren Gro\u00dfhandel<\/h3><figure class=\"wp-block-table\"><table class=\"has-fixed-layout\"><tbody><tr><td rowspan=\"2\">Modell<\/td><td rowspan=\"2\">Leistung\uff08W\uff09<\/td><td rowspan=\"2\">Spannung\uff08V\uff09<\/td><td rowspan=\"2\">Geschwindigkeit<\/td><td rowspan=\"2\">G.W.\uff08g\uff09<\/td><td rowspan=\"2\">Produktgr\u00f6\u00dfe\uff08mm\uff09<\/td><td rowspan=\"2\">Packungsgr\u00f6\u00dfe\uff08mm\uff09<\/td><td rowspan=\"2\">Kartongr\u00f6\u00dfe\uff08mm\uff09<\/td><td rowspan=\"2\">Verpackung Q'ty\uff08pc\uff09<\/td><td rowspan=\"2\">Karton G.W.\uff08kg\uff09<\/td><td rowspan=\"2\">Stromversorgung<\/td><td rowspan=\"2\">Kapazit\u00e4t der Batterie<\/td><td colspan=\"2\">Beladung Q'ty<\/td><\/tr><tr><td>20GP<\/td><td>40HQ<\/td><\/tr><tr><td>F05<\/td><td>9<\/td><td>5<\/td><td>5<\/td><td>600<\/td><td>160*95*215<\/td><td>165*100*220<\/td><td>620*350*440<\/td><td>18<\/td><td>16.5<\/td><td>Typ-C\/Akku<\/td><td>1800mh<\/td><td>6720<\/td><td>16320<\/td><\/tr><\/tbody><\/table><\/figure><div class=\"wp-block-columns is-layout-flex wp-container-core-columns-is-layout-9d6595d7 wp-block-columns-is-layout-flex\"><div class=\"wp-block-column is-layout-flow wp-block-column-is-layout-flow\" style=\"flex-basis:50%\"><h3 class=\"wp-block-heading has-text-align-left\">Vorteile von tragbaren Ventilatoren im Gro\u00dfhandel<\/h3>\n\n<ul class=\"wp-block-list\"><li><strong>6-stufige Einstellung der Windgeschwindigkeit: <\/strong>Unsere messerlosen tragbaren Gro\u00dfhandelsventilatoren bieten eine 6-stufige Windgeschwindigkeitseinstellung, um die verschiedenen Bed\u00fcrfnisse von einer Brise bis hin zu einem starken Luftstrom zu erf\u00fcllen, wobei die 6-stufige Geschwindigkeit variabel ist und die Ver\u00e4nderung des nat\u00fcrlichen Windes simuliert, was ein angenehmeres Windgef\u00fchl vermittelt.<\/li>\n\n<li><strong>Mehrere Beleuchtungsmodi: <\/strong>Unsere batteriebetriebenen Ventilatoren sind mit einer stufenlosen Dimmfunktion des Scheinwerfers ausgestattet, so dass der Benutzer die Lichthelligkeit je nach den Bed\u00fcrfnissen der Umgebung einstellen kann.<\/li>\n\n<li><strong>Allseitiger Windrichtungsausgleich: <\/strong>Diese messerlosen tragbaren Ventilatoren unterst\u00fctzen im Gro\u00dfhandel die automatische Einstellung des Ventilatorwinkels nach links und rechts sowie nach oben und unten, um sicherzustellen, dass die Luft gleichm\u00e4\u00dfig in jede Ecke des Raumes str\u00f6men kann.<\/li>\n\n<li><strong>Haken und drahtlose Steuerung: <\/strong>Diese gro\u00dfen batteriebetriebenen Ventilatoren haben ein Hakendesign an der Basis, das die h\u00e4ngende Verwendung unterst\u00fctzt und Platz spart. Gleichzeitig ist er mit einer kabellosen Fernbedienung ausgestattet, mit der der Benutzer den Ventilator und das Licht leicht fernsteuern und die Windgeschwindigkeit, die Helligkeit des Lichts und den Energiestatus auf dem Display \u00fcberpr\u00fcfen kann.<\/li><\/ul><\/div>\n\n<div class=\"wp-block-column is-layout-flow wp-block-column-is-layout-flow\"><figure class=\"wp-block-image size-full\"><img decoding=\"async\" width=\"800\" height=\"800\" src=\"https:\/\/www.gdwanjiada.net\/wp-content\/uploads\/2024\/10\/Bladeless-Portable-Fans-Wholesale-Bulk-Battery-Operated-Fans-6.webp\" alt=\"Blattlose tragbare Fans Gro\u00dfhandel, Bulk Batterie betriebene Fans-6\" class=\"wp-image-1070\" srcset=\"https:\/\/www.gdwanjiada.net\/wp-content\/uploads\/2024\/10\/Bladeless-Portable-Fans-Wholesale-Bulk-Battery-Operated-Fans-6.webp 800w, https:\/\/www.gdwanjiada.net\/wp-content\/uploads\/2024\/10\/Bladeless-Portable-Fans-Wholesale-Bulk-Battery-Operated-Fans-6-300x300.webp 300w, https:\/\/www.gdwanjiada.net\/wp-content\/uploads\/2024\/10\/Bladeless-Portable-Fans-Wholesale-Bulk-Battery-Operated-Fans-6-150x150.webp 150w, https:\/\/www.gdwanjiada.net\/wp-content\/uploads\/2024\/10\/Bladeless-Portable-Fans-Wholesale-Bulk-Battery-Operated-Fans-6-768x768.webp 768w, https:\/\/www.gdwanjiada.net\/wp-content\/uploads\/2024\/10\/Bladeless-Portable-Fans-Wholesale-Bulk-Battery-Operated-Fans-6-12x12.webp 12w, https:\/\/www.gdwanjiada.net\/wp-content\/uploads\/2024\/10\/Bladeless-Portable-Fans-Wholesale-Bulk-Battery-Operated-Fans-6-600x600.webp 600w, https:\/\/www.gdwanjiada.net\/wp-content\/uploads\/2024\/10\/Bladeless-Portable-Fans-Wholesale-Bulk-Battery-Operated-Fans-6-100x100.webp 100w\" sizes=\"(max-width: 800px) 100vw, 800px\" \/><\/figure><\/div><\/div>","protected":false},"excerpt":{"rendered":"<p>Willkommen in der Bulk-Batterie betriebene Fans zu kaufen. Diese messerlosen tragbaren Ventilatoren Gro\u00dfhandel bietet 6-Gang-Windgeschwindigkeit Anpassung und mehrere Beleuchtungsmodi, die flexibel auf verschiedene Umweltanforderungen anpassen k\u00f6nnen. Der Ventilator unterst\u00fctzt automatische links und rechts schwingen und nach oben und unten Richtungseinstellung, mit einer Basis Haken Design und eine drahtlose Fernbedienung.<\/p>\n<h2>Produktmerkmale\uff1a<\/h2>\n<ul>\n<li>Vielf\u00e4ltige Einsatzm\u00f6glichkeiten, z. B. auf dem Schreibtisch, beim Aufh\u00e4ngen, im Freien usw.<\/li>\n<li>6 Windgeschwindigkeiten einstellbar und die Nr.6 ist die variable Windgeschwindigkeit.<\/li>\n<li>Die Frontbeleuchtung ist stufenlos dimmbar und verf\u00fcgt \u00fcber mehrere Lichtmodi.<\/li>\n<li>Links-rechts durch automatische Schwenkung, oben-unten durch Richtungseinstellung des L\u00fcfters.<\/li>\n<li>Sockel mit Topfhaken zum Aufh\u00e4ngen.<\/li>\n<li>Drahtlose Fernbedienung verf\u00fcgbar (Option).<\/li>\n<li>Bildschirm = Fluggeschwindigkeitseinstellung + stufenlose Dimmung + elektrische Menge.<\/li>\n<li>Aromatherapiefl\u00fcssigkeit, M\u00fcckenschutzfl\u00fcssigkeit und Desinfektionsfl\u00fcssigkeit k\u00f6nnen hinzugef\u00fcgt werden.<\/li>\n<\/ul>","protected":false},"featured_media":1071,"comment_status":"closed","ping_status":"closed","template":"","meta":{"_acf_changed":false},"product_brand":[],"product_cat":[23,24],"product_tag":[38],"class_list":{"0":"post-1064","1":"product","2":"type-product","3":"status-publish","4":"has-post-thumbnail","6":"product_cat-wholesale-portable-fans","7":"product_cat-air-circulation-fan-wholesale","8":"product_tag-wholesale-bladeless-fans","10":"first","11":"instock","12":"shipping-taxable","13":"product-type-simple"},"acf":[],"_links":{"self":[{"href":"https:\/\/www.gdwanjiada.net\/de\/wp-json\/wp\/v2\/product\/1064","targetHints":{"allow":["GET"]}}],"collection":[{"href":"https:\/\/www.gdwanjiada.net\/de\/wp-json\/wp\/v2\/product"}],"about":[{"href":"https:\/\/www.gdwanjiada.net\/de\/wp-json\/wp\/v2\/types\/product"}],"replies":[{"embeddable":true,"href":"https:\/\/www.gdwanjiada.net\/de\/wp-json\/wp\/v2\/comments?post=1064"}],"wp:featuredmedia":[{"embeddable":true,"href":"https:\/\/www.gdwanjiada.net\/de\/wp-json\/wp\/v2\/media\/1071"}],"wp:attachment":[{"href":"https:\/\/www.gdwanjiada.net\/de\/wp-json\/wp\/v2\/media?parent=1064"}],"wp:term":[{"taxonomy":"product_brand","embeddable":true,"href":"https:\/\/www.gdwanjiada.net\/de\/wp-json\/wp\/v2\/product_brand?post=1064"},{"taxonomy":"product_cat","embeddable":true,"href":"https:\/\/www.gdwanjiada.net\/de\/wp-json\/wp\/v2\/product_cat?post=1064"},{"taxonomy":"product_tag","embeddable":true,"href":"https:\/\/www.gdwanjiada.net\/de\/wp-json\/wp\/v2\/product_tag?post=1064"}],"curies":[{"name":"wp","href":"https:\/\/api.w.org\/{rel}","templated":true}]}}