{"id":1053,"date":"2024-10-07T06:26:06","date_gmt":"2024-10-07T06:26:06","guid":{"rendered":"https:\/\/www.gdwanjiada.net\/?post_type=product&#038;p=1053"},"modified":"2025-01-16T02:26:22","modified_gmt":"2025-01-16T02:26:22","slug":"wholesale-bladeless-fans","status":"publish","type":"product","link":"https:\/\/www.gdwanjiada.net\/de\/produkt\/wholesale-bladeless-fans\/","title":{"rendered":"Gro\u00dfhandel blattlose Fans, Bulk batteriebetriebene Fans mit Luftzirkulation Funktion"},"content":{"rendered":"<h3 class=\"wp-block-heading has-text-align-center\">Spezifikationen von Gro\u00dfhandel blattlosen Fans<\/h3><figure class=\"wp-block-table\"><table class=\"has-fixed-layout\"><tbody><tr><td rowspan=\"2\">Modell<\/td><td rowspan=\"2\">Leistung\uff08W\uff09<\/td><td rowspan=\"2\">Spannung\uff08V\uff09<\/td><td rowspan=\"2\">Geschwindigkeit<\/td><td rowspan=\"2\">G.W.\uff08g\uff09<\/td><td rowspan=\"2\">Produktgr\u00f6\u00dfe\uff08mm\uff09<\/td><td rowspan=\"2\">Packungsgr\u00f6\u00dfe\uff08mm\uff09<\/td><td rowspan=\"2\">Kartongr\u00f6\u00dfe\uff08mm\uff09<\/td><td rowspan=\"2\">Verpackung Q'ty\uff08pc\uff09<\/td><td rowspan=\"2\">Karton G.W.\uff08kg\uff09<\/td><td rowspan=\"2\">Stromversorgung<\/td><td rowspan=\"2\">Kapazit\u00e4t der Batterie<\/td><td colspan=\"2\">Beladung Q'ty<\/td><\/tr><tr><td>20GP<\/td><td>40HQ<\/td><\/tr><tr><td>Y-3<\/td><td>9<\/td><td>5<\/td><td>3<\/td><td>800<\/td><td>205*185*290<\/td><td>205*185*290<\/td><td>790*450*630<\/td><td>16<\/td><td>14<\/td><td>Typ-C\/Akku<\/td><td>2400mh<\/td><td>2000<\/td><td>4864<\/td><\/tr><\/tbody><\/table><\/figure><div class=\"wp-block-columns is-layout-flex wp-container-core-columns-is-layout-9d6595d7 wp-block-columns-is-layout-flex\"><div class=\"wp-block-column is-layout-flow wp-block-column-is-layout-flow\" style=\"flex-basis:50%\"><h3 class=\"wp-block-heading has-text-align-left\">Vorteile des Gro\u00dfhandels mit blattlosen Ventilatoren<\/h3>\n\n<ul class=\"wp-block-list\"><li><strong>Einfach zu bedienen und bequem in der Anwendung: <\/strong>Unsere schaufellosen Gro\u00dfhandelsventilatoren sind mit einer One-Touch-Ein-\/Ausschaltfunktion ausgestattet, die es dem Benutzer erm\u00f6glicht, das Ger\u00e4t mit nur einer Ber\u00fchrung schnell ein- oder auszuschalten, was einfach zu bedienen ist.<\/li>\n\n<li><strong>Klingenloses Design, sicher und zuverl\u00e4ssig: <\/strong>Diese batteriebetriebenen Ventilatoren verwenden eine innovative Technologie zur Luftzufuhr ohne Fl\u00fcgel, um die Sicherheitsrisiken zu vermeiden, die bei herk\u00f6mmlichen Ventilatoren durch die Rotation der Fl\u00fcgel entstehen. Sie sind besonders f\u00fcr Familien mit Kindern oder Haustieren geeignet, da sie einen starken Luftstrom erzeugen und gleichzeitig die Sicherheit gew\u00e4hrleisten.<\/li>\n\n<li><strong>Mehrere Windgeschwindigkeiten f\u00fcr individuelle Bed\u00fcrfnisse: <\/strong>Unsere blattlosen Gro\u00dfhandelsventilatoren haben 3 Funktionen zur Einstellung der Windgeschwindigkeit, die es dem Benutzer erm\u00f6glichen, die geeignete Windgeschwindigkeit je nach Umgebung und pers\u00f6nlichen Bed\u00fcrfnissen zu w\u00e4hlen, von sanftem nat\u00fcrlichem Wind bis zu starker Luftzirkulation, und flexibel auf verschiedene Nutzungsszenarien zu reagieren.<\/li>\n\n<li><strong>Flexibler Luftauslass zur Verbesserung der Luftzirkulation: <\/strong>Der manuelle, nach oben und unten schwenkbare Luftauslass dieser batteriebetriebenen Ventilatoren erm\u00f6glicht es dem Benutzer, den Winkel des Luftauslasses frei einzustellen, einen gr\u00f6\u00dferen Bereich der Luftzirkulation zu erreichen, den Effekt der Raumluftzirkulation zu optimieren und eine komfortablere Nutzungserfahrung zu bieten.<\/li><\/ul><\/div>\n\n<div class=\"wp-block-column is-layout-flow wp-block-column-is-layout-flow\"><figure class=\"wp-block-image size-full\"><img decoding=\"async\" width=\"800\" height=\"800\" src=\"https:\/\/www.gdwanjiada.net\/wp-content\/uploads\/2024\/10\/Wholesale-Bladeless-Fans-Bulk-Battery-Operated-Fans-With-Air-Circulation-Function-6.webp\" alt=\"Gro\u00dfhandel Bladeless Fans, Bulk batteriebetriebene Fans mit Luftzirkulation Funktion-6\" class=\"wp-image-1059\" srcset=\"https:\/\/www.gdwanjiada.net\/wp-content\/uploads\/2024\/10\/Wholesale-Bladeless-Fans-Bulk-Battery-Operated-Fans-With-Air-Circulation-Function-6.webp 800w, https:\/\/www.gdwanjiada.net\/wp-content\/uploads\/2024\/10\/Wholesale-Bladeless-Fans-Bulk-Battery-Operated-Fans-With-Air-Circulation-Function-6-300x300.webp 300w, https:\/\/www.gdwanjiada.net\/wp-content\/uploads\/2024\/10\/Wholesale-Bladeless-Fans-Bulk-Battery-Operated-Fans-With-Air-Circulation-Function-6-150x150.webp 150w, https:\/\/www.gdwanjiada.net\/wp-content\/uploads\/2024\/10\/Wholesale-Bladeless-Fans-Bulk-Battery-Operated-Fans-With-Air-Circulation-Function-6-768x768.webp 768w, https:\/\/www.gdwanjiada.net\/wp-content\/uploads\/2024\/10\/Wholesale-Bladeless-Fans-Bulk-Battery-Operated-Fans-With-Air-Circulation-Function-6-12x12.webp 12w, https:\/\/www.gdwanjiada.net\/wp-content\/uploads\/2024\/10\/Wholesale-Bladeless-Fans-Bulk-Battery-Operated-Fans-With-Air-Circulation-Function-6-600x600.webp 600w, https:\/\/www.gdwanjiada.net\/wp-content\/uploads\/2024\/10\/Wholesale-Bladeless-Fans-Bulk-Battery-Operated-Fans-With-Air-Circulation-Function-6-100x100.webp 100w\" sizes=\"(max-width: 800px) 100vw, 800px\" \/><\/figure><\/div><\/div>","protected":false},"excerpt":{"rendered":"<p>Willkommen zu kaufen bulk batteriebetriebene Fans. Unsere Gro\u00dfhandel blattlosen Fans bieten eine bequeme Nutzung Erfahrung, w\u00e4hrend mit einem blattlosen Design, um die Sicherheit zu gew\u00e4hrleisten. Der Ventilator verf\u00fcgt \u00fcber eine 3-stufige Windgeschwindigkeits-Einstellfunktion, um sich an eine Vielzahl von Nutzungsanforderungen anzupassen. Die gro\u00dfe Kapazit\u00e4t Lithium-Batterie bietet eine lange Lebensdauer der Batterie, so dass es eine ideale Wahl f\u00fcr Haus und B\u00fcro.<\/p>\n<h2>Produktmerkmale\uff1a<\/h2>\n<ul>\n<li>Ein- und Ausschalten per Knopfdruck.<\/li>\n<li>Blattlos, um Wind zu liefern.<\/li>\n<li>3 Windgeschwindigkeiten einstellbar.<\/li>\n<li>Tabelle Typ oder vertikale Art f\u00fcr Ihre bevorzugte Wahl.<\/li>\n<li>Schwenken Sie den Luftauslass von Hand nach oben und unten.<\/li>\n<li>Gro\u00dfe Kapazit\u00e4t der Lithium-Batterie.<\/li>\n<\/ul>","protected":false},"featured_media":1056,"comment_status":"closed","ping_status":"closed","template":"","meta":{"_acf_changed":false},"product_brand":[],"product_cat":[23,24],"product_tag":[38],"class_list":{"0":"post-1053","1":"product","2":"type-product","3":"status-publish","4":"has-post-thumbnail","6":"product_cat-wholesale-portable-fans","7":"product_cat-air-circulation-fan-wholesale","8":"product_tag-wholesale-bladeless-fans","10":"first","11":"instock","12":"shipping-taxable","13":"product-type-simple"},"acf":[],"_links":{"self":[{"href":"https:\/\/www.gdwanjiada.net\/de\/wp-json\/wp\/v2\/product\/1053","targetHints":{"allow":["GET"]}}],"collection":[{"href":"https:\/\/www.gdwanjiada.net\/de\/wp-json\/wp\/v2\/product"}],"about":[{"href":"https:\/\/www.gdwanjiada.net\/de\/wp-json\/wp\/v2\/types\/product"}],"replies":[{"embeddable":true,"href":"https:\/\/www.gdwanjiada.net\/de\/wp-json\/wp\/v2\/comments?post=1053"}],"wp:featuredmedia":[{"embeddable":true,"href":"https:\/\/www.gdwanjiada.net\/de\/wp-json\/wp\/v2\/media\/1056"}],"wp:attachment":[{"href":"https:\/\/www.gdwanjiada.net\/de\/wp-json\/wp\/v2\/media?parent=1053"}],"wp:term":[{"taxonomy":"product_brand","embeddable":true,"href":"https:\/\/www.gdwanjiada.net\/de\/wp-json\/wp\/v2\/product_brand?post=1053"},{"taxonomy":"product_cat","embeddable":true,"href":"https:\/\/www.gdwanjiada.net\/de\/wp-json\/wp\/v2\/product_cat?post=1053"},{"taxonomy":"product_tag","embeddable":true,"href":"https:\/\/www.gdwanjiada.net\/de\/wp-json\/wp\/v2\/product_tag?post=1053"}],"curies":[{"name":"wp","href":"https:\/\/api.w.org\/{rel}","templated":true}]}}