{"id":1026,"date":"2024-10-06T08:48:08","date_gmt":"2024-10-06T08:48:08","guid":{"rendered":"https:\/\/www.gdwanjiada.net\/?post_type=product&#038;p=1026"},"modified":"2024-10-23T04:21:45","modified_gmt":"2024-10-23T04:21:45","slug":"electric-heaters-wholesale","status":"publish","type":"product","link":"https:\/\/www.gdwanjiada.net\/de\/produkt\/electric-heaters-wholesale\/","title":{"rendered":"Elektrische Heizungen Gro\u00dfhandel, Heizl\u00fcfter mit PTC-Heizung"},"content":{"rendered":"<h3 class=\"wp-block-heading has-text-align-center\">Spezifikationen f\u00fcr Elektroheizungen im Gro\u00dfhandel<\/h3><figure class=\"wp-block-table\"><table class=\"has-fixed-layout\"><tbody><tr><td>Modell<\/td><td>Heizmodus<\/td><td>Spannung\/Frequenz<\/td><td colspan=\"2\">Leistung(W)&nbsp;<\/td><td colspan=\"3\">Gr\u00f6\u00dfe des Produkts (mm)&nbsp;<\/td><td colspan=\"2\">Verpacken<\/td><td>Nettogewicht\/Gewicht (kg)&nbsp;<\/td><td>Packungsgr\u00f6\u00dfe (mm)&nbsp;<\/td><td colspan=\"2\">Beladung Menge (St\u00fcck)<\/td><\/tr><tr><td rowspan=\"2\">WJD1302R<\/td><td rowspan=\"2\">PTC<\/td><td rowspan=\"2\">220V\/50Hz<\/td><td>Kalter Wind<\/td><td>W\u00e4rme Wind<\/td><td>L\u00e4nge<\/td><td>Breite<\/td><td>H\u00f6he<\/td><td>Innerer Kasten<\/td><td>1 St\u00fcck<\/td><td>1.5\/1.7<\/td><td>210*170*310<\/td><td>20'GP<\/td><td>40'HQ<\/td><\/tr><tr><td>8<\/td><td>900\/<br>1300<\/td><td>205<\/td><td>165<\/td><td>305<\/td><td>Karton<\/td><td>6 St\u00fcck<\/td><td>10.2\/11.2<\/td><td>435*525*330<\/td><td>2238<\/td><td>5436<\/td><\/tr><\/tbody><\/table><\/figure><div class=\"wp-block-columns is-layout-flex wp-container-core-columns-is-layout-9d6595d7 wp-block-columns-is-layout-flex\"><div class=\"wp-block-column is-layout-flow wp-block-column-is-layout-flow\" style=\"flex-basis:50%\"><h3 class=\"wp-block-heading has-text-align-left\">Vorteile von Elektroheizungen im Gro\u00dfhandel<\/h3>\n\n<ul class=\"wp-block-list\"><li><strong>Dreistufige Temperatureinstellung: <\/strong>Diese tragbaren elektrischen Heizungen Gro\u00dfhandel sind mit nat\u00fcrlichen Wind, niedrige Temperatur und hohe Temperatur drei Geschwindigkeit Anpassung ausgestattet. Die Benutzer k\u00f6nnen frei nach der Innentemperatur w\u00e4hlen, die f\u00fcr eine Vielzahl von Einsatzszenarien das ganze Jahr \u00fcber geeignet ist. Ob es sich um eine leichte Erw\u00e4rmung oder eine schnelle Erw\u00e4rmung handelt, die flexible Einstellung erm\u00f6glicht es, die W\u00e4rme nach Bedarf zu nutzen.<\/li>\n\n<li><strong>Weitwinkliger Schwenkwind: <\/strong>Unsere Gro\u00dfhandel elektrische Heizungen unterst\u00fctzen Weitwinkel links und rechts automatische Schaukel Wind, die gleichm\u00e4\u00dfig verteilen kann hei\u00dfe Luft in jede Ecke des Raumes, vermeiden lokale \u00dcberhitzung oder ungleiche Temperaturunterschied, so dass Sie angenehme Temperatur in verschiedenen Positionen f\u00fchlen k\u00f6nnen.<\/li>\n\n<li><strong>Doppelter Sicherheitsschutz: <\/strong>Unsere elektrischen Heizger\u00e4te f\u00fcr den Gro\u00dfhandel verf\u00fcgen \u00fcber eingebaute \u00dcberhitzungs- und \u00dcberstromschutzfunktionen, die im Falle eines Unfalls automatisch die Stromzufuhr unterbrechen, Sicherheitsrisiken durch \u00dcberhitzung oder abnormalen Strom verhindern, die Sicherheit w\u00e4hrend des Gebrauchs gew\u00e4hrleisten und Ihnen ein gutes Gef\u00fchl geben.<\/li>\n\n<li><strong>Leiser Ventilator, angenehmer Schlaf<\/strong>: Unsere Gro\u00dfhandels-Elektroheizungen sind mit einem leisen Gebl\u00e4se ausgestattet, das w\u00e4hrend des Betriebs fast keine Ger\u00e4usche macht, besonders geeignet f\u00fcr den Einsatz in der Nacht, um sicherzustellen, dass es Ihren Schlaf oder Ihr t\u00e4gliches Leben nicht st\u00f6rt, so dass Sie ruhig und warm schlafen k\u00f6nnen.<\/li><\/ul><\/div>\n\n<div class=\"wp-block-column is-layout-flow wp-block-column-is-layout-flow\"><figure class=\"wp-block-image size-full\"><img decoding=\"async\" width=\"800\" height=\"800\" src=\"https:\/\/www.gdwanjiada.net\/wp-content\/uploads\/2024\/10\/Electric-Heaters-Wholesale-Fan-Heaters-With-PTC-Heating-8.webp\" alt=\"Elektrische Heizungen Gro\u00dfhandel, Heizl\u00fcfter mit PTC Heizung-8\" class=\"wp-image-1034\" srcset=\"https:\/\/www.gdwanjiada.net\/wp-content\/uploads\/2024\/10\/Electric-Heaters-Wholesale-Fan-Heaters-With-PTC-Heating-8.webp 800w, https:\/\/www.gdwanjiada.net\/wp-content\/uploads\/2024\/10\/Electric-Heaters-Wholesale-Fan-Heaters-With-PTC-Heating-8-300x300.webp 300w, https:\/\/www.gdwanjiada.net\/wp-content\/uploads\/2024\/10\/Electric-Heaters-Wholesale-Fan-Heaters-With-PTC-Heating-8-150x150.webp 150w, https:\/\/www.gdwanjiada.net\/wp-content\/uploads\/2024\/10\/Electric-Heaters-Wholesale-Fan-Heaters-With-PTC-Heating-8-768x768.webp 768w, https:\/\/www.gdwanjiada.net\/wp-content\/uploads\/2024\/10\/Electric-Heaters-Wholesale-Fan-Heaters-With-PTC-Heating-8-12x12.webp 12w, https:\/\/www.gdwanjiada.net\/wp-content\/uploads\/2024\/10\/Electric-Heaters-Wholesale-Fan-Heaters-With-PTC-Heating-8-600x600.webp 600w, https:\/\/www.gdwanjiada.net\/wp-content\/uploads\/2024\/10\/Electric-Heaters-Wholesale-Fan-Heaters-With-PTC-Heating-8-100x100.webp 100w\" sizes=\"(max-width: 800px) 100vw, 800px\" \/><\/figure><\/div><\/div>","protected":false},"excerpt":{"rendered":"<p>Willkommen zum Kauf tragbare elektrische Heizungen Gro\u00dfhandel. Dieser Gro\u00dfhandel Elektroheizl\u00fcfter hat drei Geschwindigkeitsstufen Temperaturregelung und Weitwinkel links und rechts Wind Swing-Funktion, die gleichm\u00e4\u00dfige und komfortable W\u00e4rme nach unterschiedlichen Bed\u00fcrfnissen bieten kann. Doppelte Sicherheit Schutz sorgt f\u00fcr eine sichere Nutzung.<\/p>\n<h2>Produktmerkmale\uff1a<\/h2>\n<ul>\n<li>PTC-Heizung, hoher thermischer Wirkungsgrad, lange Lebensdauer.<\/li>\n<li>Mikrocomputer-Steuerung, bequemer zu bedienen.<\/li>\n<li>Drei Betriebsarten: nat\u00fcrlicher Wind, niedrige Temperatur und hohe Temperatur.<\/li>\n<li>Links- und Rechtsschwung mit gro\u00dfem Windwinkel.<\/li>\n<li>1-7 Stunden Timer-Einstellung.<\/li>\n<li>Schutz vor Stromausfall.<\/li>\n<li>Mehrfacher \u00dcberhitzungs- und \u00dcberstromschutz.<\/li>\n<li>ABS flammhemmendes Material, sicherer im Gebrauch.<\/li>\n<li>Ger\u00e4uscharm, st\u00f6rt nicht den Schlaf.<\/li>\n<\/ul>","protected":false},"featured_media":1029,"comment_status":"closed","ping_status":"closed","template":"","meta":{"_acf_changed":false},"product_brand":[],"product_cat":[22],"product_tag":[],"class_list":{"0":"post-1026","1":"product","2":"type-product","3":"status-publish","4":"has-post-thumbnail","6":"product_cat-wholesale-fan-heaters","8":"first","9":"instock","10":"shipping-taxable","11":"product-type-simple"},"acf":[],"_links":{"self":[{"href":"https:\/\/www.gdwanjiada.net\/de\/wp-json\/wp\/v2\/product\/1026","targetHints":{"allow":["GET"]}}],"collection":[{"href":"https:\/\/www.gdwanjiada.net\/de\/wp-json\/wp\/v2\/product"}],"about":[{"href":"https:\/\/www.gdwanjiada.net\/de\/wp-json\/wp\/v2\/types\/product"}],"replies":[{"embeddable":true,"href":"https:\/\/www.gdwanjiada.net\/de\/wp-json\/wp\/v2\/comments?post=1026"}],"wp:featuredmedia":[{"embeddable":true,"href":"https:\/\/www.gdwanjiada.net\/de\/wp-json\/wp\/v2\/media\/1029"}],"wp:attachment":[{"href":"https:\/\/www.gdwanjiada.net\/de\/wp-json\/wp\/v2\/media?parent=1026"}],"wp:term":[{"taxonomy":"product_brand","embeddable":true,"href":"https:\/\/www.gdwanjiada.net\/de\/wp-json\/wp\/v2\/product_brand?post=1026"},{"taxonomy":"product_cat","embeddable":true,"href":"https:\/\/www.gdwanjiada.net\/de\/wp-json\/wp\/v2\/product_cat?post=1026"},{"taxonomy":"product_tag","embeddable":true,"href":"https:\/\/www.gdwanjiada.net\/de\/wp-json\/wp\/v2\/product_tag?post=1026"}],"curies":[{"name":"wp","href":"https:\/\/api.w.org\/{rel}","templated":true}]}}