{"id":1019,"date":"2024-10-06T08:23:25","date_gmt":"2024-10-06T08:23:25","guid":{"rendered":"https:\/\/www.gdwanjiada.net\/?post_type=product&#038;p=1019"},"modified":"2024-10-06T08:48:00","modified_gmt":"2024-10-06T08:48:00","slug":"wholesale-electric-heaters","status":"publish","type":"product","link":"https:\/\/www.gdwanjiada.net\/de\/produkt\/wholesale-electric-heaters\/","title":{"rendered":"Kleine quadratische Gro\u00dfhandels-Elektroheizungen, tragbare Heizl\u00fcfter"},"content":{"rendered":"<h3 class=\"wp-block-heading has-text-align-center\">Spezifikationen des Gro\u00dfhandels f\u00fcr elektrische Heizger\u00e4te<\/h3><figure class=\"wp-block-table\"><table class=\"has-fixed-layout\"><tbody><tr><td>Modell<\/td><td>Heizmodus<\/td><td>Spannung\/Frequenz<\/td><td colspan=\"2\">Leistung(W)&nbsp;<\/td><td colspan=\"3\">Gr\u00f6\u00dfe des Produkts (mm)&nbsp;<\/td><td colspan=\"2\">Verpacken<\/td><td>Nettogewicht\/Gewicht (kg)&nbsp;<\/td><td>Packungsgr\u00f6\u00dfe (mm)&nbsp;<\/td><td colspan=\"2\">Beladung Menge (St\u00fcck)<\/td><\/tr><tr><td rowspan=\"2\">WJD1301R<\/td><td rowspan=\"2\">PTC<\/td><td rowspan=\"2\">220V\/50Hz<\/td><td>Kalter Wind<\/td><td>W\u00e4rme Wind<\/td><td>L\u00e4nge<\/td><td>Breite<\/td><td>H\u00f6he<\/td><td>Innerer Kasten<\/td><td>1 St\u00fcck<\/td><td>1.5\/1.7<\/td><td>210*185*290<\/td><td>20'GP<\/td><td>40'HQ<\/td><\/tr><tr><td>8<\/td><td>900\/<br>1300<\/td><td>205<\/td><td>180<\/td><td>285<\/td><td>Karton<\/td><td>6 St\u00fcck<\/td><td>10.2\/11.2<\/td><td>435*570*310<\/td><td>2184<\/td><td>5298<\/td><\/tr><\/tbody><\/table><\/figure><div class=\"wp-block-columns is-layout-flex wp-container-core-columns-is-layout-9d6595d7 wp-block-columns-is-layout-flex\"><div class=\"wp-block-column is-layout-flow wp-block-column-is-layout-flow\" style=\"flex-basis:50%\"><h3 class=\"wp-block-heading has-text-align-left\">Vorteile des Gro\u00dfhandels mit elektrischen Heizger\u00e4ten<\/h3>\n\n<ul class=\"wp-block-list\"><li><strong>Kompaktes Design, platzsparend:<\/strong> Unsere kleinen quadratischen Gro\u00dfhandels-Elektroheizungen sind f\u00fcr kleine R\u00e4ume konzipiert. Ihr moderner und schlichter Stil l\u00e4sst sich auch gut in verschiedene Wohn- oder B\u00fcroumgebungen integrieren und spart Platz, ohne das Gesamtbild zu beeintr\u00e4chtigen.<\/li>\n\n<li><strong>Effizientes Heizen, schnelles Heizen: <\/strong>Unsere tragbaren elektrischen Heizungen Gro\u00dfhandel nimmt fortschrittliche schnelle Heizung Technologie, die schnell die Raumtemperatur in ein paar Minuten zu erh\u00f6hen, bietet angenehme W\u00e4rme auch in der kalten Winter. Ob es f\u00fcr lokale Heizung oder Erw\u00e4rmung des ganzen Raumes verwendet wird, kann es effizient arbeiten.<\/li>\n\n<li><strong>Tragbares Design, leicht zu transportieren: <\/strong>Unsere Gro\u00dfhandels-Elektroheizungen sind so konzipiert, dass sie leicht sind und mit bequemen Griffen ausgestattet, die jederzeit bequem zu bewegen sind. Es kann leicht getragen werden und halten die W\u00e4rme mit Ihnen zu allen Zeiten.<\/li>\n\n<li><strong>Sicherheitsschutz, sorgenfreie Nutzung: <\/strong>Diese tragbaren Elektroheizungen im Gro\u00dfhandel sind mit einer \u00dcberhitzungsschutzfunktion ausgestattet, die daf\u00fcr sorgt, dass die Stromzufuhr automatisch unterbrochen wird, wenn die Temperatur zu hoch ist, um Sicherheitsrisiken durch \u00dcberhitzung zu vermeiden.<\/li><\/ul><\/div>\n\n<div class=\"wp-block-column is-layout-flow wp-block-column-is-layout-flow\"><figure class=\"wp-block-image size-full\"><img decoding=\"async\" width=\"800\" height=\"800\" src=\"https:\/\/www.gdwanjiada.net\/wp-content\/uploads\/2024\/10\/Small-Square-Wholesale-Electric-Heaters-Portable-Fan-Heater-5.webp\" alt=\"Kleine quadratische Gro\u00dfhandels-Elektroheizungen, tragbare Heizl\u00fcfter-5\" class=\"wp-image-1024\" srcset=\"https:\/\/www.gdwanjiada.net\/wp-content\/uploads\/2024\/10\/Small-Square-Wholesale-Electric-Heaters-Portable-Fan-Heater-5.webp 800w, https:\/\/www.gdwanjiada.net\/wp-content\/uploads\/2024\/10\/Small-Square-Wholesale-Electric-Heaters-Portable-Fan-Heater-5-300x300.webp 300w, https:\/\/www.gdwanjiada.net\/wp-content\/uploads\/2024\/10\/Small-Square-Wholesale-Electric-Heaters-Portable-Fan-Heater-5-150x150.webp 150w, https:\/\/www.gdwanjiada.net\/wp-content\/uploads\/2024\/10\/Small-Square-Wholesale-Electric-Heaters-Portable-Fan-Heater-5-768x768.webp 768w, https:\/\/www.gdwanjiada.net\/wp-content\/uploads\/2024\/10\/Small-Square-Wholesale-Electric-Heaters-Portable-Fan-Heater-5-12x12.webp 12w, https:\/\/www.gdwanjiada.net\/wp-content\/uploads\/2024\/10\/Small-Square-Wholesale-Electric-Heaters-Portable-Fan-Heater-5-600x600.webp 600w, https:\/\/www.gdwanjiada.net\/wp-content\/uploads\/2024\/10\/Small-Square-Wholesale-Electric-Heaters-Portable-Fan-Heater-5-100x100.webp 100w\" sizes=\"(max-width: 800px) 100vw, 800px\" \/><\/figure><\/div><\/div>","protected":false},"excerpt":{"rendered":"<p>Willkommen zum Kauf tragbare Heizl\u00fcfter Gro\u00dfhandel. Diese kleinen quadratischen Gro\u00dfhandel elektrische Heizungen sind entworfen, um Platz zu sparen, mit effizienter Heiztechnik, und kann schnell in ein paar Minuten aufheizen. Mit seinem tragbaren Design und eingebauten \u00dcberhitzungsschutz-Funktion, ist es ein idealer Begleiter in kalten Jahreszeiten.<\/p>\n<h2>Produktmerkmale\uff1a<\/h2>\n<ul>\n<li>Heizung durch PTC, hohe W\u00e4rmeeffizienz, lange Lebensdauer.<\/li>\n<li>Mikrocomputer-Steuerung, mehr bequem.<\/li>\n<li>3 verschiedene Betriebsarten: Nat\u00fcrlicher Wind, niedriger<\/li>\n<li>und hohe Temperaturen.<\/li>\n<li>Weitwinkelwind des Links-Rechts-Schwungs.<\/li>\n<li>Zeiteinstellung von 1-7H.<\/li>\n<li>Schutz vor Stromausfall.<\/li>\n<li>Mehrfacher Schutz vor \u00dcberhitzung und \u00dcberstrom.<\/li>\n<li>ABS Flammenhemmendes Material f\u00fcr Sicherheit.<\/li>\n<li>Ger\u00e4uscharm, st\u00f6rt nicht den Schlaf.<\/li>\n<\/ul>","protected":false},"featured_media":1025,"comment_status":"closed","ping_status":"closed","template":"","meta":{"_acf_changed":false},"product_brand":[],"product_cat":[22],"product_tag":[],"class_list":{"0":"post-1019","1":"product","2":"type-product","3":"status-publish","4":"has-post-thumbnail","6":"product_cat-wholesale-fan-heaters","8":"first","9":"instock","10":"shipping-taxable","11":"product-type-simple"},"acf":[],"_links":{"self":[{"href":"https:\/\/www.gdwanjiada.net\/de\/wp-json\/wp\/v2\/product\/1019","targetHints":{"allow":["GET"]}}],"collection":[{"href":"https:\/\/www.gdwanjiada.net\/de\/wp-json\/wp\/v2\/product"}],"about":[{"href":"https:\/\/www.gdwanjiada.net\/de\/wp-json\/wp\/v2\/types\/product"}],"replies":[{"embeddable":true,"href":"https:\/\/www.gdwanjiada.net\/de\/wp-json\/wp\/v2\/comments?post=1019"}],"wp:featuredmedia":[{"embeddable":true,"href":"https:\/\/www.gdwanjiada.net\/de\/wp-json\/wp\/v2\/media\/1025"}],"wp:attachment":[{"href":"https:\/\/www.gdwanjiada.net\/de\/wp-json\/wp\/v2\/media?parent=1019"}],"wp:term":[{"taxonomy":"product_brand","embeddable":true,"href":"https:\/\/www.gdwanjiada.net\/de\/wp-json\/wp\/v2\/product_brand?post=1019"},{"taxonomy":"product_cat","embeddable":true,"href":"https:\/\/www.gdwanjiada.net\/de\/wp-json\/wp\/v2\/product_cat?post=1019"},{"taxonomy":"product_tag","embeddable":true,"href":"https:\/\/www.gdwanjiada.net\/de\/wp-json\/wp\/v2\/product_tag?post=1019"}],"curies":[{"name":"wp","href":"https:\/\/api.w.org\/{rel}","templated":true}]}}